{"id":1006,"date":"2020-07-21T16:22:27","date_gmt":"2020-07-21T16:22:27","guid":{"rendered":"http:\/\/ungulatecompendium.org\/?page_id=1006"},"modified":"2023-08-15T19:03:20","modified_gmt":"2023-08-15T19:03:20","slug":"sierra-madre-elk-project","status":"publish","type":"page","link":"https:\/\/monteithshop.org\/es\/finished-projects\/sierra-madre-elk-project\/","title":{"rendered":"Proyecto de wapit\u00ed de la Sierra Madre"},"content":{"rendered":"<div class=\"wpb-content-wrapper\"><div class=\"vc_row wpb_row vc_row-fluid\"><div class=\"wpb_column vc_column_container vc_col-sm-12\"><div class=\"vc_column-inner\"><div class=\"wpb_wrapper\">\n\t<div class=\"wpb_text_column wpb_content_element\" >\n\t\t<div class=\"wpb_wrapper\">\n\t\t\t\n\t\t<\/div>\n\t<\/div>\n<\/div><\/div><\/div><\/div><div class=\"vc_row wpb_row vc_row-fluid\"><div class=\"wpb_column vc_column_container vc_col-sm-12\"><div class=\"vc_column-inner\"><div class=\"wpb_wrapper\"><div class=\"vc_empty_space\"   style=\"height: 32px\"><span class=\"vc_empty_space_inner\"><\/span><\/div><\/div><\/div><\/div><\/div><div class=\"vc_row wpb_row vc_row-fluid\"><div class=\"wpb_column vc_column_container vc_col-sm-12\"><div class=\"vc_column-inner\"><div class=\"wpb_wrapper\">\n\t<div class=\"wpb_text_column wpb_content_element\" >\n\t\t<div class=\"wpb_wrapper\">\n\t\t\t\n\t\t<\/div>\n\t<\/div>\n<\/div><\/div><\/div><\/div><div class=\"vc_row wpb_row vc_row-fluid\"><div class=\"wpb_column vc_column_container vc_col-sm-12\"><div class=\"vc_column-inner\"><div class=\"wpb_wrapper\"><div class=\"vc_row wpb_row vc_inner vc_row-fluid\"><div class=\"no-padding wpb_column vc_column_container vc_col-sm-6\"><div class=\"vc_column-inner\"><div class=\"wpb_wrapper\">\n\t<div class=\"wpb_text_column wpb_content_element\" >\n\t\t<div class=\"wpb_wrapper\">\n\t\t\t<p>La mortalidad extensa de los pinos tras la epidemia de escarabajos puede cambiar la forma en que la vida silvestre y las personas interact\u00faan con los bosques. Los wapit\u00ed, por ejemplo, dependen de los bosques de con\u00edferas intactos como refugio t\u00e9rmico y para escapar de la depredaci\u00f3n (por ejemplo, depredadores naturales y cazadores humanos), pero a medida que caen los \u00e1rboles muertos, los cambios en la estructura del sbosque pueden alterar la abundancia de forraje, las condiciones t\u00e9rmicas, cobertura y gastos de locomotora para wapit\u00ed. Los cambios en el boseque y en el comportamiento de los wapit\u00ed, a su vez, cambia la forma en que manejamos esta especie tan valorada.<\/p>\n<p>Este proyecto investig\u00f3 c\u00f3mo se comportan los alces y los cazadores en un bosque con una intensa matanza de escarabajos. Este proyecto concluy\u00f3 en 2020.<\/p>\n\n\t\t<\/div>\n\t<\/div>\n<\/div><\/div><\/div><div class=\"wpb_column vc_column_container vc_col-sm-6\"><div class=\"vc_column-inner\"><div class=\"wpb_wrapper\">\n\t<div  class=\"wpb_single_image wpb_content_element vc_align_center\">\n\t\t\n\t\t<figure class=\"wpb_wrapper vc_figure\">\n\t\t\t<div class=\"vc_single_image-wrapper   vc_box_border_grey\"><img decoding=\"async\" class=\"vc_single_image-img\" src=\"https:\/\/monteithshop.org\/wp-content\/uploads\/2022\/05\/Elk-750x750.png\" width=\"750\" height=\"750\" alt=\"Three male elk with large antlers stand on a grassy hill, morning sun glancing off their coats.\" title=\"Uapit\u00ed\" loading=\"lazy\" \/><\/div><figcaption class=\"vc_figure-caption\">Foto: Tayler LaSharr<\/figcaption>\n\t\t<\/figure>\n\t<\/div>\n<\/div><\/div><\/div><\/div><\/div><\/div><\/div><\/div><div class=\"vc_row wpb_row vc_row-fluid\"><div class=\"wpb_column vc_column_container vc_col-sm-12\"><div class=\"vc_column-inner\"><div class=\"wpb_wrapper\">\n\t<div class=\"wpb_text_column wpb_content_element\" >\n\t\t<div class=\"wpb_wrapper\">\n\t\t\t\n\t\t<\/div>\n\t<\/div>\n<\/div><\/div><\/div><\/div><div class=\"vc_row wpb_row vc_row-fluid\"><div class=\"wpb_column vc_column_container vc_col-sm-12\"><div class=\"vc_column-inner\"><div class=\"wpb_wrapper\"><div class=\"vc_empty_space\"   style=\"height: 32px\"><span class=\"vc_empty_space_inner\"><\/span><\/div><\/div><\/div><\/div><\/div><div class=\"vc_row wpb_row vc_row-fluid\"><div class=\"wpb_column vc_column_container vc_col-sm-12\"><div class=\"vc_column-inner\"><div class=\"wpb_wrapper\">\n\t<div class=\"wpb_text_column wpb_content_element\" >\n\t\t<div class=\"wpb_wrapper\">\n\t\t\t\n\t\t<\/div>\n\t<\/div>\n<\/div><\/div><\/div><\/div><div class=\"vc_row wpb_row vc_row-fluid\"><div class=\"wpb_column vc_column_container vc_col-sm-12\"><div class=\"vc_column-inner\"><div class=\"wpb_wrapper\">\n\t<div class=\"wpb_text_column wpb_content_element\" >\n\t\t<div class=\"wpb_wrapper\">\n\t\t\t<h2 style=\"text-align: center;\">Hallazgos principales<\/h2>\n\n\t\t<\/div>\n\t<\/div>\n<div class=\"vc_row wpb_row vc_inner vc_row-fluid\"><div class=\"wpb_column vc_column_container vc_col-sm-6\"><div class=\"vc_column-inner\"><div class=\"wpb_wrapper\">\n\t<div  class=\"wpb_single_image wpb_content_element vc_align_center\">\n\t\t\n\t\t<figure class=\"wpb_wrapper vc_figure\">\n\t\t\t<div class=\"vc_single_image-wrapper   vc_box_border_grey\"><img decoding=\"async\" class=\"vc_single_image-img\" src=\"https:\/\/monteithshop.org\/wp-content\/uploads\/2023\/06\/BeetleKill-scaled-360x300.jpg\" width=\"360\" height=\"300\" alt=\"A forest of beetle-killed conifer trees is shown.\" title=\"BeetleKill\" loading=\"lazy\" \/><\/div><figcaption class=\"vc_figure-caption\">Foto: Rhiannon Jakopak<\/figcaption>\n\t\t<\/figure>\n\t<\/div>\n\n\t<div class=\"wpb_text_column wpb_content_element\" >\n\t\t<div class=\"wpb_wrapper\">\n\t\t\t<h4 style=\"text-align: center;\">Los escarabajos han cambiado como utilizan el paisaje los wapit\u00ed.<\/h4>\n<p>Cuando una plaga de escarabajos de la corteza arrasa un bosque, los \u00e1rboles muertos a menudo caen al suelo del bosque. Esto abre el dosel y, debido a que hay m\u00e1s espacio y luz solar, aumenta las oportunidades para que crezcan las plantas del sotobosque. Aunque este aumento en la comida puede resultar atractivo para un wapit\u00ed, cualquier animal que quiera llegar a esa comida tiene que trabajar mucho m\u00e1s para atravesar todos los troncos ca\u00eddos.<\/p>\n<p>Siguiendo a 47 alces con collares GPS, descubrimos que los escarabajos determinan c\u00f3mo los wapit\u00ed utilizan el paisaje. Los wapit\u00ed evitaron entrar en partes del bosque con matanza de escarabajos y, en cambio, prefirieron pasar el tiempo en bosques de con\u00edferas intactos y praderas cubiertas de hierba. A pesar de que los bosques destruidos por los escarabajos brindaban m\u00e1s oportunidades para alimentarse, los wapit\u00ed probablemente no quer\u00edan gastar la energ\u00eda adicional que se necesitaba para navegar a trav\u00e9s de los troncos ca\u00eddos.<\/p>\n<p>Este hallazgo indica que los tratamientos del h\u00e1bitat que eliminan los troncos ca\u00eddos u otros obst\u00e1culos podr\u00edan beneficiar a los wapit\u00ed al hacer que zonas de alimento que de otro modo ser\u00edan inaccesibles vuelvan a ser accesibles.<\/p>\n<div>\n<p>Esta investigaci\u00f3n fue publicada en el art\u00edculo \u201cMulti-scale habitat selection of elk in response to beetle-killed forest\u201d by Bryan Lamont, Kevin L. Monteith, Jerod A. Merkle, Tony W. Mong, Shannon E. Albeke, Matthew M. Hayes, and Matthew J. Kauffman en el Journal of Wildlife Management en 2019.<\/p>\n<\/div>\n\n\t\t<\/div>\n\t<\/div>\n<\/div><\/div><\/div><div class=\"wpb_column vc_column_container vc_col-sm-6\"><div class=\"vc_column-inner\"><div class=\"wpb_wrapper\">\n\t<div  class=\"wpb_single_image wpb_content_element vc_align_center\">\n\t\t\n\t\t<figure class=\"wpb_wrapper vc_figure\">\n\t\t\t<div class=\"vc_single_image-wrapper   vc_box_border_grey\"><img decoding=\"async\" class=\"vc_single_image-img\" src=\"https:\/\/monteithshop.org\/wp-content\/uploads\/2023\/06\/Hunting_Jakopak-scaled-360x300.jpg\" width=\"360\" height=\"300\" alt=\"An orange-and-camouflage clad figure looks through binoculars in a snowy forest of dead trees.\" title=\"Hunting_Jakopak\" loading=\"lazy\" \/><\/div><figcaption class=\"vc_figure-caption\">Foto: Rhiannon Jakopak<\/figcaption>\n\t\t<\/figure>\n\t<\/div>\n\n\t<div class=\"wpb_text_column wpb_content_element\" >\n\t\t<div class=\"wpb_wrapper\">\n\t\t\t<h4 style=\"text-align: center;\">Los bosques da\u00f1ados no cambian la caza de wapit\u00ed.<\/h4>\n<p>Cualquiera que haya intentado cazar alces sabe que los alces utilizan el paisaje a su favor: pueden trasladarse a tierras privadas o a bosques densos para buscar refugio de los cazadores. Dado que es tan dif\u00edcil moverse por los bosques destruidos por los escarabajos, especialmente en silencio y sin ser detectados, los wapit\u00ed podr\u00edan utilizar estas secciones del bosque como refugio durante la temporada de caza.<\/p>\n<p>Utilizando la ubicaci\u00f3n GPS de 50 mujeres wapit\u00ed y 374 cazadores, encontramos que los wapit\u00ed no utilizan \u00e1reas muertas por escarabajos como refugio durante la temporada de caza. Aunque los wapit\u00ed se trasladaron a \u00e1reas muertas por escarabajos durante la temporada de caza, tanto los cazadores con arco como con rifle los siguieron hasta estas \u00e1reas dif\u00edciles de navegar.<\/p>\n<p>Este trabajo sugiere que, aunque los escarabajos de la corteza podr\u00edan cambiar la estructura del bosque y la forma en que los wapit\u00ed usan el paisaje, este cambio en el bosque no impide la caza de wapit\u00ed y el potencial de utilizar la recolecci\u00f3n como herramienta de manejo para los wapit\u00ed.<\/p>\n<p>Esta investigaci\u00f3n fue publicada en el art\u00edculo \u201cBark beetle-affected forests provide elk only a marginal refuge from hunters\u201d by Bryan Lamont, Matthew J. Kauffman, Jerod A. Merkle, Tony W. Mong, Matthew M. Hays, and Kevin L. Monteith en el Journal of Wildlife Management en 2020.<\/p>\n\n\t\t<\/div>\n\t<\/div>\n<\/div><\/div><\/div><\/div><\/div><\/div><\/div><\/div><div class=\"vc_row wpb_row vc_row-fluid\"><div class=\"wpb_column vc_column_container vc_col-sm-12\"><div class=\"vc_column-inner\"><div class=\"wpb_wrapper\"><div class=\"vc_empty_space\"   style=\"height: 32px\"><span class=\"vc_empty_space_inner\"><\/span><\/div><\/div><\/div><\/div><\/div><div class=\"vc_row wpb_row vc_row-fluid\"><div class=\"wpb_column vc_column_container vc_col-sm-12\"><div class=\"vc_column-inner\"><div class=\"wpb_wrapper\">\n\t<div class=\"wpb_text_column wpb_content_element\" >\n\t\t<div class=\"wpb_wrapper\">\n\t\t\t\n\t\t<\/div>\n\t<\/div>\n<\/div><\/div><\/div><\/div><div class=\"vc_row wpb_row vc_row-fluid\"><div class=\"wpb_column vc_column_container vc_col-sm-6\"><div class=\"vc_column-inner\"><div class=\"wpb_wrapper\">\n\t<div class=\"wpb_text_column wpb_content_element\" >\n\t\t<div class=\"wpb_wrapper\">\n\t\t\t<h4 style=\"text-align: center;\">Lider del proyecto<\/h4>\n<p style=\"text-align: center;\">Bryan Lamont<\/p>\n\n\t\t<\/div>\n\t<\/div>\n\n\t<div  class=\"wpb_single_image wpb_content_element vc_align_center\">\n\t\t\n\t\t<figure class=\"wpb_wrapper vc_figure\">\n\t\t\t<div class=\"vc_single_image-wrapper   vc_box_border_grey\"><img decoding=\"async\" class=\"vc_single_image-img\" src=\"https:\/\/monteithshop.org\/wp-content\/uploads\/2020\/01\/Lamont-360x300.jpg\" width=\"360\" height=\"300\" alt=\"A man and a child, both wearing florescent orange, pose with a recently aharvested mule deer buck.\" title=\"Lamont\" loading=\"lazy\" \/><\/div>\n\t\t<\/figure>\n\t<\/div>\n<\/div><\/div><\/div><div class=\"wpb_column vc_column_container vc_col-sm-6\"><div class=\"vc_column-inner\"><div class=\"wpb_wrapper\">\n\t<div class=\"wpb_text_column wpb_content_element\" >\n\t\t<div class=\"wpb_wrapper\">\n\t\t\t<h4 style=\"text-align: center;\">Colaboradores, socios y financiadores<\/h4>\n<p style=\"text-align: left;\">Este proyecto fue apoyado por el Wyoming Game and Fish Department, Medicine Bow-Routt National Forest Advisory Council, Rocky Mountain Elk Foundation, Wyoming Governor\u2019s Big Game License Coalition, con contribuciones de los Saratoga, Encampment, Rawlins, and Little Snake River Conservation Districts.<\/p>\n\n\t\t<\/div>\n\t<\/div>\n<\/div><\/div><\/div><\/div><div class=\"vc_row wpb_row vc_row-fluid\"><div class=\"wpb_column vc_column_container vc_col-sm-12\"><div class=\"vc_column-inner\"><div class=\"wpb_wrapper\">\n\t<div class=\"wpb_text_column wpb_content_element\" >\n\t\t<div class=\"wpb_wrapper\">\n\t\t\t\n\t\t<\/div>\n\t<\/div>\n<\/div><\/div><\/div><\/div><div class=\"vc_row wpb_row vc_row-fluid\"><div class=\"wpb_column vc_column_container vc_col-sm-12\"><div class=\"vc_column-inner\"><div class=\"wpb_wrapper\"><div class=\"vc_empty_space\"   style=\"height: 32px\"><span class=\"vc_empty_space_inner\"><\/span><\/div><\/div><\/div><\/div><\/div><div class=\"vc_row wpb_row vc_row-fluid\"><div class=\"wpb_column vc_column_container vc_col-sm-12\"><div class=\"vc_column-inner\"><div class=\"wpb_wrapper\">\n\t<div class=\"wpb_text_column wpb_content_element\" >\n\t\t<div class=\"wpb_wrapper\">\n\t\t\t\n\t\t<\/div>\n\t<\/div>\n<\/div><\/div><\/div><\/div><\/div>","protected":false},"excerpt":{"rendered":"Widespread mortality of pine trees following the bark-beetle epidemic can change the ways wildlife and people interact with these formerly intact forest habitats. Elk, for example, rely on intact conifer forests for thermal refuge and escape from predation (e.g., natural predators and human hunters), but as beetle-killed trees fall, the subsequent changes to canopy cover &hellip; <p class=\"link-more\"><a href=\"https:\/\/monteithshop.org\/es\/finished-projects\/sierra-madre-elk-project\/\" class=\"more-link\">Read more<span class=\"screen-reader-text\"> \"Sierra Madre Elk Project\"<\/span><\/a><\/p>","protected":false},"author":1,"featured_media":2406,"parent":1647,"menu_order":38,"comment_status":"closed","ping_status":"closed","template":"","meta":{"footnotes":""},"class_list":["post-1006","page","type-page","status-publish","has-post-thumbnail","hentry"],"_links":{"self":[{"href":"https:\/\/monteithshop.org\/es\/wp-json\/wp\/v2\/pages\/1006","targetHints":{"allow":["GET"]}}],"collection":[{"href":"https:\/\/monteithshop.org\/es\/wp-json\/wp\/v2\/pages"}],"about":[{"href":"https:\/\/monteithshop.org\/es\/wp-json\/wp\/v2\/types\/page"}],"author":[{"embeddable":true,"href":"https:\/\/monteithshop.org\/es\/wp-json\/wp\/v2\/users\/1"}],"replies":[{"embeddable":true,"href":"https:\/\/monteithshop.org\/es\/wp-json\/wp\/v2\/comments?post=1006"}],"version-history":[{"count":23,"href":"https:\/\/monteithshop.org\/es\/wp-json\/wp\/v2\/pages\/1006\/revisions"}],"predecessor-version":[{"id":2402,"href":"https:\/\/monteithshop.org\/es\/wp-json\/wp\/v2\/pages\/1006\/revisions\/2402"}],"up":[{"embeddable":true,"href":"https:\/\/monteithshop.org\/es\/wp-json\/wp\/v2\/pages\/1647"}],"wp:featuredmedia":[{"embeddable":true,"href":"https:\/\/monteithshop.org\/es\/wp-json\/wp\/v2\/media\/2406"}],"wp:attachment":[{"href":"https:\/\/monteithshop.org\/es\/wp-json\/wp\/v2\/media?parent=1006"}],"curies":[{"name":"wp","href":"https:\/\/api.w.org\/{rel}","templated":true}]}}