{"id":1147,"date":"2021-11-22T18:26:11","date_gmt":"2021-11-22T18:26:11","guid":{"rendered":"https:\/\/monteithshop.org\/\/?page_id=1147"},"modified":"2024-11-27T20:45:10","modified_gmt":"2024-11-27T20:45:10","slug":"for-educators","status":"publish","type":"page","link":"https:\/\/monteithshop.org\/es\/for-educators\/","title":{"rendered":"Para los educadores"},"content":{"rendered":"<div class=\"wpb-content-wrapper\"><div class=\"vc_row wpb_row vc_row-fluid\"><div class=\"wpb_column vc_column_container vc_col-sm-12\"><div class=\"vc_column-inner\"><div class=\"wpb_wrapper\"><div class=\"vc_empty_space\"   style=\"height: 32px\"><span class=\"vc_empty_space_inner\"><\/span><\/div><\/div><\/div><\/div><\/div><div class=\"vc_row wpb_row vc_row-fluid\"><div class=\"wpb_column vc_column_container vc_col-sm-12\"><div class=\"vc_column-inner\"><div class=\"wpb_wrapper\">\n\t<div class=\"wpb_text_column wpb_content_element\" >\n\t\t<div class=\"wpb_wrapper\">\n\t\t\t<p>Los ungulados son f\u00e1ciles de observar, comunes en algunos lugares e incre\u00edblemente carism\u00e1ticos, lo que los hace excelentes casos de estudio para las lecciones de ciencias en las aulas de K-12. Aqu\u00ed hay algunos recursos para llevar estas especies especiales a las aulas.<\/p>\n<p>Si est\u00e1 interesado en que un miembro de nuestro equipo venga a hablar con su clase o trabajen juntos para desarrollar algunas actividades, comun\u00edquese con Taylor Wagstaff en tkennah1@uwyo.edu.<\/p>\n\n\t\t<\/div>\n\t<\/div>\n<\/div><\/div><\/div><\/div><div class=\"vc_row wpb_row vc_row-fluid\"><div class=\"wpb_column vc_column_container vc_col-sm-12\"><div class=\"vc_column-inner\"><div class=\"wpb_wrapper\">\n\t<div class=\"wpb_text_column wpb_content_element\" >\n\t\t<div class=\"wpb_wrapper\">\n\t\t\t<h1>Planes de lecciones y actividades para la escuela.<\/h1>\n\n\t\t<\/div>\n\t<\/div>\n<\/div><\/div><\/div><\/div><div class=\"vc_row wpb_row vc_row-fluid\"><div class=\"wpb_column vc_column_container vc_col-sm-4\"><div class=\"vc_column-inner\"><div class=\"wpb_wrapper\">\n\t<div  class=\"wpb_single_image wpb_content_element vc_align_left\">\n\t\t\n\t\t<figure class=\"wpb_wrapper vc_figure\">\n\t\t\t<div class=\"vc_single_image-wrapper   vc_box_border_grey\"><img loading=\"lazy\" decoding=\"async\" width=\"300\" height=\"199\" src=\"https:\/\/monteithshop.org\/wp-content\/uploads\/2022\/05\/Elk-300x199.png\" class=\"vc_single_image-img attachment-medium\" alt=\"Three male elk with large antlers stand on a grassy hill, morning sun glancing off their coats.\" title=\"Uapit\u00ed\" srcset=\"https:\/\/monteithshop.org\/wp-content\/uploads\/2022\/05\/Elk-300x199.png 300w, https:\/\/monteithshop.org\/wp-content\/uploads\/2022\/05\/Elk-600x398.png 600w, https:\/\/monteithshop.org\/wp-content\/uploads\/2022\/05\/Elk-1024x678.png 1024w, https:\/\/monteithshop.org\/wp-content\/uploads\/2022\/05\/Elk-768x509.png 768w, https:\/\/monteithshop.org\/wp-content\/uploads\/2022\/05\/Elk-18x12.png 18w, https:\/\/monteithshop.org\/wp-content\/uploads\/2022\/05\/Elk.png 1378w\" sizes=\"auto, 100vw\" \/><\/div>\n\t\t<\/figure>\n\t<\/div>\n\n\t<div class=\"wpb_text_column wpb_content_element\" >\n\t\t<div class=\"wpb_wrapper\">\n\t\t\t<p>\u00bfPor qu\u00e9 los ungulados viven donde lo hacen? Los estudiantes de 6-8 grado pueden explorar los tipos de h\u00e1bitat utilizando gVeg, una plataforma web interactiva, y aprender por qu\u00e9 los ungulados viven donde lo hacen. Puede ver el plan de la lecci\u00f3n <a href=\"https:\/\/gveg.wyobiodiversity.org\/index.php\/educator-resources-1\/middle-school\/ungulate-range-vegetation-habitat-and-climate\">aqu\u00ed<\/a>.<\/p>\n\n\t\t<\/div>\n\t<\/div>\n<\/div><\/div><\/div><div class=\"wpb_column vc_column_container vc_col-sm-4\"><div class=\"vc_column-inner\"><div class=\"wpb_wrapper\">\n\t<div  class=\"wpb_single_image wpb_content_element vc_align_left\">\n\t\t\n\t\t<figure class=\"wpb_wrapper vc_figure\">\n\t\t\t<div class=\"vc_single_image-wrapper   vc_box_border_grey\"><img loading=\"lazy\" decoding=\"async\" width=\"300\" height=\"210\" src=\"https:\/\/monteithshop.org\/wp-content\/uploads\/2024\/11\/deer-csi-300x210.png\" class=\"vc_single_image-img attachment-medium\" alt=\"A drawing of a mule deer who is lying dead by a juniper tree.\" title=\"deer csi\" srcset=\"https:\/\/monteithshop.org\/wp-content\/uploads\/2024\/11\/deer-csi-300x210.png 300w, https:\/\/monteithshop.org\/wp-content\/uploads\/2024\/11\/deer-csi-1024x715.png 1024w, https:\/\/monteithshop.org\/wp-content\/uploads\/2024\/11\/deer-csi-768x536.png 768w, https:\/\/monteithshop.org\/wp-content\/uploads\/2024\/11\/deer-csi-1536x1073.png 1536w, https:\/\/monteithshop.org\/wp-content\/uploads\/2024\/11\/deer-csi-18x12.png 18w, https:\/\/monteithshop.org\/wp-content\/uploads\/2024\/11\/deer-csi.png 1569w\" sizes=\"auto, 100vw\" \/><\/div>\n\t\t<\/figure>\n\t<\/div>\n\n\t<div class=\"wpb_text_column wpb_content_element\" >\n\t\t<div class=\"wpb_wrapper\">\n\t\t\t<p>Mule Deer CSI is an activity for 3rd &#8211; 7th grade students. Follow <a href=\"https:\/\/drive.google.com\/drive\/folders\/1R6DleYTQbYLVlv8lazCVFLBSPspUMP48\" target=\"_blank\" rel=\"noopener\">this link<\/a> to access &#8220;case files&#8221; and instructions for how to lead this activity!<\/p>\n\n\t\t<\/div>\n\t<\/div>\n<\/div><\/div><\/div><div class=\"wpb_column vc_column_container vc_col-sm-4\"><div class=\"vc_column-inner\"><div class=\"wpb_wrapper\">\n\t<div  class=\"wpb_single_image wpb_content_element vc_align_left\">\n\t\t\n\t\t<figure class=\"wpb_wrapper vc_figure\">\n\t\t\t<div class=\"vc_single_image-wrapper   vc_box_border_grey\"><img loading=\"lazy\" decoding=\"async\" width=\"950\" height=\"472\" src=\"https:\/\/monteithshop.org\/wp-content\/uploads\/2023\/01\/IMG_8194-scaled-e1674578029333-1024x509.jpg\" class=\"vc_single_image-img attachment-large\" alt=\"Children gather around a table, where Ben is showing them how to make casts of animal tracks.\" title=\"CastingDemo\" srcset=\"https:\/\/monteithshop.org\/wp-content\/uploads\/2023\/01\/IMG_8194-scaled-e1674578029333-1024x509.jpg 1024w, https:\/\/monteithshop.org\/wp-content\/uploads\/2023\/01\/IMG_8194-scaled-e1674578029333-300x149.jpg 300w, https:\/\/monteithshop.org\/wp-content\/uploads\/2023\/01\/IMG_8194-scaled-e1674578029333-768x382.jpg 768w, https:\/\/monteithshop.org\/wp-content\/uploads\/2023\/01\/IMG_8194-scaled-e1674578029333-1536x764.jpg 1536w, https:\/\/monteithshop.org\/wp-content\/uploads\/2023\/01\/IMG_8194-scaled-e1674578029333-2048x1018.jpg 2048w, https:\/\/monteithshop.org\/wp-content\/uploads\/2023\/01\/IMG_8194-scaled-e1674578029333-18x9.jpg 18w, https:\/\/monteithshop.org\/wp-content\/uploads\/2023\/01\/IMG_8194-scaled-e1674578029333-600x298.jpg 600w\" sizes=\"auto, 100vw\" \/><\/div>\n\t\t<\/figure>\n\t<\/div>\n\n\t<div class=\"wpb_text_column wpb_content_element\" >\n\t\t<div class=\"wpb_wrapper\">\n\t\t\t<p>\u00a1Haz moldes de huellas de animales para llevarlos a casa! Puedes encontrar las instrucciones <a href=\"https:\/\/monteithshop.org\/es\/for-educators\/casts-animal-tracks\/\">aqu\u00ed<\/a>.<\/p>\n\n\t\t<\/div>\n\t<\/div>\n<\/div><\/div><\/div><\/div><div class=\"vc_row wpb_row vc_row-fluid\"><div class=\"wpb_column vc_column_container vc_col-sm-12\"><div class=\"vc_column-inner\"><div class=\"wpb_wrapper\"><div class=\"vc_empty_space\"   style=\"height: 32px\"><span class=\"vc_empty_space_inner\"><\/span><\/div><\/div><\/div><\/div><\/div><div class=\"vc_row wpb_row vc_row-fluid\"><div class=\"wpb_column vc_column_container vc_col-sm-4\"><div class=\"vc_column-inner\"><div class=\"wpb_wrapper\">\n\t<div  class=\"wpb_single_image wpb_content_element vc_align_left\">\n\t\t\n\t\t<figure class=\"wpb_wrapper vc_figure\">\n\t\t\t<div class=\"vc_single_image-wrapper   vc_box_border_grey\"><img loading=\"lazy\" decoding=\"async\" width=\"300\" height=\"183\" src=\"https:\/\/monteithshop.org\/wp-content\/uploads\/2021\/12\/Screen-Shot-2021-12-21-at-9.59.43-AM-300x183.png\" class=\"vc_single_image-img attachment-medium\" alt=\"A female mule deer with 3 young fawns in the snow.\" title=\"DeerGroup\" srcset=\"https:\/\/monteithshop.org\/wp-content\/uploads\/2021\/12\/Screen-Shot-2021-12-21-at-9.59.43-AM-300x183.png 300w, https:\/\/monteithshop.org\/wp-content\/uploads\/2021\/12\/Screen-Shot-2021-12-21-at-9.59.43-AM-600x366.png 600w, https:\/\/monteithshop.org\/wp-content\/uploads\/2021\/12\/Screen-Shot-2021-12-21-at-9.59.43-AM-1024x624.png 1024w, https:\/\/monteithshop.org\/wp-content\/uploads\/2021\/12\/Screen-Shot-2021-12-21-at-9.59.43-AM-768x468.png 768w, https:\/\/monteithshop.org\/wp-content\/uploads\/2021\/12\/Screen-Shot-2021-12-21-at-9.59.43-AM-1536x937.png 1536w\" sizes=\"auto, 100vw\" \/><\/div>\n\t\t<\/figure>\n\t<\/div>\n\n\t<div class=\"wpb_text_column wpb_content_element\" >\n\t\t<div class=\"wpb_wrapper\">\n\t\t\t<p>Vuelva sobre los pasos de Deer 104 mientras migra entre sus \u00e1reas de distribuci\u00f3n de invierno y verano en el oeste de Wyoming. \u00a1Estudiantes de todas las edades pueden usar este mapa interactivo para experimentar la migraci\u00f3n de primera mano! Puedes comenzar tu aventura <a href=\"https:\/\/earth.google.com\/web\/data=MkEKPwo9CiExZVdiVDlUelQ3MlNMc2ZpMXd6QVhlZFRldjRQMHA0Tk4SFgoUMDY3NTQxMTlEMjEyQzU0RTcxOTQgAQ\">aqu\u00ed<\/a>.<\/p>\n\n\t\t<\/div>\n\t<\/div>\n<\/div><\/div><\/div><div class=\"wpb_column vc_column_container vc_col-sm-4\"><div class=\"vc_column-inner\"><div class=\"wpb_wrapper\">\n\t<div  class=\"wpb_single_image wpb_content_element vc_align_left\">\n\t\t\n\t\t<figure class=\"wpb_wrapper vc_figure\">\n\t\t\t<div class=\"vc_single_image-wrapper   vc_box_border_grey\"><img loading=\"lazy\" decoding=\"async\" width=\"300\" height=\"256\" src=\"https:\/\/monteithshop.org\/wp-content\/uploads\/2021\/12\/Board-300x256.png\" class=\"vc_single_image-img attachment-medium\" alt=\"Board for A Mule Deer Year\" title=\"Board\" srcset=\"https:\/\/monteithshop.org\/wp-content\/uploads\/2021\/12\/Board-300x256.png 300w, https:\/\/monteithshop.org\/wp-content\/uploads\/2021\/12\/Board-600x511.png 600w, https:\/\/monteithshop.org\/wp-content\/uploads\/2021\/12\/Board-768x654.png 768w, https:\/\/monteithshop.org\/wp-content\/uploads\/2021\/12\/Board.png 850w\" sizes=\"auto, 100vw\" \/><\/div>\n\t\t<\/figure>\n\t<\/div>\n\n\t<div class=\"wpb_text_column wpb_content_element\" >\n\t\t<div class=\"wpb_wrapper\">\n\t\t\t<p>\u00a1Ponte en los cascos de una mam\u00e1 ciervo mulo y sus cr\u00edas! <a href=\"https:\/\/monteithshop.org\/es\/for-educators\/instructions-for-a-mule-deer-year\/\">Juega una ronda<\/a> de <em>Un <\/em><em>A\u00f1o de Ciervo Mula\u00a0<\/em>a ver si puedes sobrevivir un a\u00f1o entero.<\/p>\n\n\t\t<\/div>\n\t<\/div>\n<\/div><\/div><\/div><div class=\"wpb_column vc_column_container vc_col-sm-4\"><div class=\"vc_column-inner\"><div class=\"wpb_wrapper\">\n\t<div  class=\"wpb_single_image wpb_content_element vc_align_left\">\n\t\t\n\t\t<figure class=\"wpb_wrapper vc_figure\">\n\t\t\t<div class=\"vc_single_image-wrapper   vc_box_border_grey\"><img loading=\"lazy\" decoding=\"async\" width=\"300\" height=\"271\" src=\"https:\/\/monteithshop.org\/wp-content\/uploads\/2020\/01\/Bighorn-sheep-skull_scaled-300x271.png\" class=\"vc_single_image-img attachment-medium\" alt=\"Schematic of force being applied and dissipating in bighorn sheep skull.\" title=\"Bighorn sheep skull_scaled\" srcset=\"https:\/\/monteithshop.org\/wp-content\/uploads\/2020\/01\/Bighorn-sheep-skull_scaled-300x271.png 300w, https:\/\/monteithshop.org\/wp-content\/uploads\/2020\/01\/Bighorn-sheep-skull_scaled-1024x925.png 1024w, https:\/\/monteithshop.org\/wp-content\/uploads\/2020\/01\/Bighorn-sheep-skull_scaled-768x694.png 768w, https:\/\/monteithshop.org\/wp-content\/uploads\/2020\/01\/Bighorn-sheep-skull_scaled.png 1508w\" sizes=\"auto, 100vw\" \/><\/div>\n\t\t<\/figure>\n\t<\/div>\n\n\t<div class=\"wpb_text_column wpb_content_element\" >\n\t\t<div class=\"wpb_wrapper\">\n\t\t\t<p>\u00bfCu\u00e1ntas veces al d\u00eda hacen caca los ciervos? \u00bfPor qu\u00e9 el borrego cimarr\u00f3n no sufre conmociones cerebrales cuando choca sus cabezas? Hemos reunido algunas de las mejores trivia sobre ungulados. <a href=\"https:\/\/monteithshop.org\/es\/for-educators\/trivia\/\">aqu\u00ed<\/a>!<\/p>\n\n\t\t<\/div>\n\t<\/div>\n<\/div><\/div><\/div><\/div><div class=\"vc_row wpb_row vc_row-fluid\"><div class=\"wpb_column vc_column_container vc_col-sm-12\"><div class=\"vc_column-inner\"><div class=\"wpb_wrapper\"><div class=\"vc_empty_space\"   style=\"height: 32px\"><span class=\"vc_empty_space_inner\"><\/span><\/div><\/div><\/div><\/div><\/div><div class=\"vc_row wpb_row vc_row-fluid\"><div class=\"wpb_column vc_column_container vc_col-sm-4\"><div class=\"vc_column-inner\"><div class=\"wpb_wrapper\">\n\t<div  class=\"wpb_single_image wpb_content_element vc_align_left\">\n\t\t\n\t\t<figure class=\"wpb_wrapper vc_figure\">\n\t\t\t<div class=\"vc_single_image-wrapper   vc_box_border_grey\"><img loading=\"lazy\" decoding=\"async\" width=\"300\" height=\"180\" src=\"https:\/\/monteithshop.org\/wp-content\/uploads\/2022\/01\/cropped-sheep3-300x180.png\" class=\"vc_single_image-img attachment-medium\" alt=\"A bighorn sheep ewe in her summer coat lies in front of a few-month-old lamb. They are in a bed of short, alpine plants with large, lichen-covered rocks.\" title=\"cropped-sheep3.png\" srcset=\"https:\/\/monteithshop.org\/wp-content\/uploads\/2022\/01\/cropped-sheep3-300x180.png 300w, https:\/\/monteithshop.org\/wp-content\/uploads\/2022\/01\/cropped-sheep3-1024x614.png 1024w, https:\/\/monteithshop.org\/wp-content\/uploads\/2022\/01\/cropped-sheep3-768x460.png 768w, https:\/\/monteithshop.org\/wp-content\/uploads\/2022\/01\/cropped-sheep3.png 2000w\" sizes=\"auto, 100vw\" \/><\/div>\n\t\t<\/figure>\n\t<\/div>\n\n\t<div class=\"wpb_text_column wpb_content_element\" >\n\t\t<div class=\"wpb_wrapper\">\n\t\t\t<p>Hemos recopilado hojas informativas sobre los ungulados que viven en Wyoming. Accede a ellos <a href=\"https:\/\/monteithshop.org\/es\/stats-facts\/\">aqu\u00ed<\/a>!<\/p>\n\n\t\t<\/div>\n\t<\/div>\n<\/div><\/div><\/div><div class=\"wpb_column vc_column_container vc_col-sm-4\"><div class=\"vc_column-inner\"><div class=\"wpb_wrapper\"><\/div><\/div><\/div><div class=\"wpb_column vc_column_container vc_col-sm-4\"><div class=\"vc_column-inner\"><div class=\"wpb_wrapper\"><\/div><\/div><\/div><\/div><div class=\"vc_row wpb_row vc_row-fluid\"><div class=\"wpb_column vc_column_container vc_col-sm-12\"><div class=\"vc_column-inner\"><div class=\"wpb_wrapper\"><div class=\"vc_empty_space\"   style=\"height: 32px\"><span class=\"vc_empty_space_inner\"><\/span><\/div><\/div><\/div><\/div><\/div><div class=\"vc_row wpb_row vc_row-fluid\"><div class=\"wpb_column vc_column_container vc_col-sm-12\"><div class=\"vc_column-inner\"><div class=\"wpb_wrapper\">\n\t<div class=\"wpb_text_column wpb_content_element\" >\n\t\t<div class=\"wpb_wrapper\">\n\t\t\t<h1>P\u00e1ginas para colorear<\/h1>\n<p>\u00a1Haga clic en las im\u00e1genes para descargar un PDF de alta calidad!<\/p>\n\n\t\t<\/div>\n\t<\/div>\n<div class=\"vc_row wpb_row vc_inner vc_row-fluid\"><div class=\"wpb_column vc_column_container vc_col-sm-6\"><div class=\"vc_column-inner\"><div class=\"wpb_wrapper\">\n\t<div  class=\"wpb_single_image wpb_content_element vc_align_center  vc_custom_1686948061102\">\n\t\t\n\t\t<figure class=\"wpb_wrapper vc_figure\">\n\t\t\t<a href=\"http:\/\/monteithshop.org\/wp-content\/uploads\/2023\/06\/fawnhiding.pdf\" target=\"_blank\" class=\"vc_single_image-wrapper vc_box_shadow  vc_box_border_grey\"><img loading=\"lazy\" decoding=\"async\" width=\"300\" height=\"232\" src=\"https:\/\/monteithshop.org\/wp-content\/uploads\/2023\/06\/FawnHiding-1-300x232.png\" class=\"vc_single_image-img attachment-medium\" alt=\"\" title=\"FawnHiding\" srcset=\"https:\/\/monteithshop.org\/wp-content\/uploads\/2023\/06\/FawnHiding-1-300x232.png 300w, https:\/\/monteithshop.org\/wp-content\/uploads\/2023\/06\/FawnHiding-1-1024x793.png 1024w, https:\/\/monteithshop.org\/wp-content\/uploads\/2023\/06\/FawnHiding-1-768x595.png 768w, https:\/\/monteithshop.org\/wp-content\/uploads\/2023\/06\/FawnHiding-1-1536x1190.png 1536w, https:\/\/monteithshop.org\/wp-content\/uploads\/2023\/06\/FawnHiding-1-2048x1587.png 2048w, https:\/\/monteithshop.org\/wp-content\/uploads\/2023\/06\/FawnHiding-1-15x12.png 15w, https:\/\/monteithshop.org\/wp-content\/uploads\/2023\/06\/FawnHiding-1-2000x1549.png 2000w, https:\/\/monteithshop.org\/wp-content\/uploads\/2023\/06\/FawnHiding-1-600x465.png 600w, https:\/\/monteithshop.org\/wp-content\/uploads\/2023\/06\/FawnHiding-1-1200x930.png 1200w\" sizes=\"auto, 100vw\" \/><\/a><figcaption class=\"vc_figure-caption\">Dise\u00f1o de Rhiannon Jakopak.<\/figcaption>\n\t\t<\/figure>\n\t<\/div>\n<\/div><\/div><\/div><div class=\"wpb_column vc_column_container vc_col-sm-6\"><div class=\"vc_column-inner\"><div class=\"wpb_wrapper\">\n\t<div  class=\"wpb_single_image wpb_content_element vc_align_center\">\n\t\t\n\t\t<figure class=\"wpb_wrapper vc_figure\">\n\t\t\t<a href=\"http:\/\/monteithshop.org\/wp-content\/uploads\/2023\/06\/elkantlers.pdf\" target=\"_blank\" class=\"vc_single_image-wrapper vc_box_shadow  vc_box_border_grey\"><img loading=\"lazy\" decoding=\"async\" width=\"230\" height=\"300\" src=\"https:\/\/monteithshop.org\/wp-content\/uploads\/2023\/06\/ElkAntlers-230x300.png\" class=\"vc_single_image-img attachment-medium\" alt=\"\" title=\"ElkAntlers\" srcset=\"https:\/\/monteithshop.org\/wp-content\/uploads\/2023\/06\/ElkAntlers-230x300.png 230w, https:\/\/monteithshop.org\/wp-content\/uploads\/2023\/06\/ElkAntlers-785x1024.png 785w, https:\/\/monteithshop.org\/wp-content\/uploads\/2023\/06\/ElkAntlers-768x1002.png 768w, https:\/\/monteithshop.org\/wp-content\/uploads\/2023\/06\/ElkAntlers-1177x1536.png 1177w, https:\/\/monteithshop.org\/wp-content\/uploads\/2023\/06\/ElkAntlers-9x12.png 9w, https:\/\/monteithshop.org\/wp-content\/uploads\/2023\/06\/ElkAntlers-600x783.png 600w, https:\/\/monteithshop.org\/wp-content\/uploads\/2023\/06\/ElkAntlers-1200x1566.png 1200w, https:\/\/monteithshop.org\/wp-content\/uploads\/2023\/06\/ElkAntlers.png 1453w\" sizes=\"auto, 100vw\" \/><\/a><figcaption class=\"vc_figure-caption\">Dise\u00f1o de Rhiannon Jakopak.<\/figcaption>\n\t\t<\/figure>\n\t<\/div>\n<\/div><\/div><\/div><\/div><div class=\"vc_row wpb_row vc_inner vc_row-fluid\"><div class=\"wpb_column vc_column_container vc_col-sm-6\"><div class=\"vc_column-inner\"><div class=\"wpb_wrapper\">\n\t<div  class=\"wpb_single_image wpb_content_element vc_align_center  vc_custom_1728341879101\">\n\t\t\n\t\t<figure class=\"wpb_wrapper vc_figure\">\n\t\t\t<a href=\"https:\/\/monteithshop.org\/wp-content\/uploads\/2020\/08\/coloringpage_lamb-1.pdf\" target=\"_blank\" class=\"vc_single_image-wrapper vc_box_shadow  vc_box_border_grey\"><img loading=\"lazy\" decoding=\"async\" width=\"300\" height=\"228\" src=\"https:\/\/monteithshop.org\/wp-content\/uploads\/2021\/11\/Lamb-300x228.png\" class=\"vc_single_image-img attachment-medium\" alt=\"\" title=\"Lamb\" srcset=\"https:\/\/monteithshop.org\/wp-content\/uploads\/2021\/11\/Lamb-300x228.png 300w, https:\/\/monteithshop.org\/wp-content\/uploads\/2021\/11\/Lamb-1024x777.png 1024w, https:\/\/monteithshop.org\/wp-content\/uploads\/2021\/11\/Lamb-768x582.png 768w, https:\/\/monteithshop.org\/wp-content\/uploads\/2021\/11\/Lamb.png 1126w\" sizes=\"auto, 100vw\" \/><\/a><figcaption class=\"vc_figure-caption\">Dise\u00f1o de Rachel Smiley.<\/figcaption>\n\t\t<\/figure>\n\t<\/div>\n<\/div><\/div><\/div><div class=\"wpb_column vc_column_container vc_col-sm-6\"><div class=\"vc_column-inner\"><div class=\"wpb_wrapper\">\n\t<div  class=\"wpb_single_image wpb_content_element vc_align_center\">\n\t\t\n\t\t<figure class=\"wpb_wrapper vc_figure\">\n\t\t\t<a href=\"http:\/\/monteithshop.org\/wp-content\/uploads\/2023\/06\/moose-pudu.pdf\" target=\"_blank\" class=\"vc_single_image-wrapper vc_box_shadow  vc_box_border_grey\"><img loading=\"lazy\" decoding=\"async\" width=\"300\" height=\"230\" src=\"https:\/\/monteithshop.org\/wp-content\/uploads\/2023\/06\/MoosePudu-300x230.png\" class=\"vc_single_image-img attachment-medium\" alt=\"\" title=\"MoosePudu\" srcset=\"https:\/\/monteithshop.org\/wp-content\/uploads\/2023\/06\/MoosePudu-300x230.png 300w, https:\/\/monteithshop.org\/wp-content\/uploads\/2023\/06\/MoosePudu-1024x786.png 1024w, https:\/\/monteithshop.org\/wp-content\/uploads\/2023\/06\/MoosePudu-768x590.png 768w, https:\/\/monteithshop.org\/wp-content\/uploads\/2023\/06\/MoosePudu-1536x1179.png 1536w, https:\/\/monteithshop.org\/wp-content\/uploads\/2023\/06\/MoosePudu-2048x1572.png 2048w, https:\/\/monteithshop.org\/wp-content\/uploads\/2023\/06\/MoosePudu-16x12.png 16w, https:\/\/monteithshop.org\/wp-content\/uploads\/2023\/06\/MoosePudu-2000x1535.png 2000w, https:\/\/monteithshop.org\/wp-content\/uploads\/2023\/06\/MoosePudu-600x461.png 600w, https:\/\/monteithshop.org\/wp-content\/uploads\/2023\/06\/MoosePudu-1200x921.png 1200w\" sizes=\"auto, 100vw\" \/><\/a><figcaption class=\"vc_figure-caption\">Dise\u00f1o de Rhiannon Jakopak.<\/figcaption>\n\t\t<\/figure>\n\t<\/div>\n<\/div><\/div><\/div><\/div><\/div><\/div><\/div><\/div><div class=\"vc_row wpb_row vc_row-fluid\"><div class=\"wpb_column vc_column_container vc_col-sm-12\"><div class=\"vc_column-inner\"><div class=\"wpb_wrapper\"><div class=\"vc_empty_space\"   style=\"height: 32px\"><span class=\"vc_empty_space_inner\"><\/span><\/div><\/div><\/div><\/div><\/div>\n<\/div>","protected":false},"excerpt":{"rendered":"Ungulates are easy-to-observe, common in some places, and incredibly charismatic, which make them great case studies for science lessons in K-12 classrooms! Here are some resources for bringing these special species into classrooms. If you're interested in having one of our team come to speak with your class, or working together to develop some classroom &hellip; <p class=\"link-more\"><a href=\"https:\/\/monteithshop.org\/es\/for-educators\/\" class=\"more-link\">Read more<span class=\"screen-reader-text\"> \"For Educators\"<\/span><\/a><\/p>","protected":false},"author":1,"featured_media":1642,"parent":0,"menu_order":36,"comment_status":"closed","ping_status":"closed","template":"","meta":{"footnotes":""},"class_list":["post-1147","page","type-page","status-publish","has-post-thumbnail","hentry"],"_links":{"self":[{"href":"https:\/\/monteithshop.org\/es\/wp-json\/wp\/v2\/pages\/1147","targetHints":{"allow":["GET"]}}],"collection":[{"href":"https:\/\/monteithshop.org\/es\/wp-json\/wp\/v2\/pages"}],"about":[{"href":"https:\/\/monteithshop.org\/es\/wp-json\/wp\/v2\/types\/page"}],"author":[{"embeddable":true,"href":"https:\/\/monteithshop.org\/es\/wp-json\/wp\/v2\/users\/1"}],"replies":[{"embeddable":true,"href":"https:\/\/monteithshop.org\/es\/wp-json\/wp\/v2\/comments?post=1147"}],"version-history":[{"count":27,"href":"https:\/\/monteithshop.org\/es\/wp-json\/wp\/v2\/pages\/1147\/revisions"}],"predecessor-version":[{"id":2597,"href":"https:\/\/monteithshop.org\/es\/wp-json\/wp\/v2\/pages\/1147\/revisions\/2597"}],"wp:featuredmedia":[{"embeddable":true,"href":"https:\/\/monteithshop.org\/es\/wp-json\/wp\/v2\/media\/1642"}],"wp:attachment":[{"href":"https:\/\/monteithshop.org\/es\/wp-json\/wp\/v2\/media?parent=1147"}],"curies":[{"name":"wp","href":"https:\/\/api.w.org\/{rel}","templated":true}]}}