{"id":1183,"date":"2021-11-23T19:39:09","date_gmt":"2021-11-23T19:39:09","guid":{"rendered":"https:\/\/monteithshop.org\/\/?page_id=1183"},"modified":"2021-11-23T20:23:25","modified_gmt":"2021-11-23T20:23:25","slug":"ram-bam-no-thank-you-maam","status":"publish","type":"page","link":"https:\/\/monteithshop.org\/es\/for-educators\/trivia\/ram-bam-no-thank-you-maam\/","title":{"rendered":"Ram! Bam! No thank you ma&#8217;am!"},"content":{"rendered":"<div class=\"wpb-content-wrapper\"><div class=\"vc_row wpb_row vc_row-fluid\"><div class=\"wpb_column vc_column_container vc_col-sm-12\"><div class=\"vc_column-inner\"><div class=\"wpb_wrapper\"><div class=\"vc_empty_space\"   style=\"height: 32px\"><span class=\"vc_empty_space_inner\"><\/span><\/div><\/div><\/div><\/div><\/div><div class=\"vc_row wpb_row vc_row-fluid\"><div class=\"wpb_column vc_column_container vc_col-sm-8\"><div class=\"vc_column-inner\"><div class=\"wpb_wrapper\">\n\t<div class=\"wpb_text_column wpb_content_element\" >\n\t\t<div class=\"wpb_wrapper\">\n\t\t\t<h1>Ram! Bam! No thank you ma&#8217;am!<\/h1>\n<p>Los cuernos del borrego cimarr\u00f3n son estructuras impresionantes: son suficientemente fuertes como para ganar peleas que duran muchas horas, pueden proteger el cerebro de colisiones donde un macho carga contra otro a una velocidad de 30 pies por segundo, y son suficientemente livianos como para navegar la vida diaria. La configuraci\u00f3n del cuerno y su material permite sostener impactos fuertes sin que causen da\u00f1o al cerebro y sin que se rompa el cuerno. Primero, el rizo del cuerno transmite la fuerza de los impactos de la colisi\u00f3n a lo largo del rizo en vez de irse directamente a da\u00f1ar el cerebro. Adem\u00e1s, el centro de hueso que forma la base de los cuernos esta hecho de una estructura como panal de abeja que puede doblarse ligeramente, lo cual ayuda a disipar la energ\u00eda de la colisi\u00f3n. Sabiendo como el borrego cimarr\u00f3n lidia con este desaf\u00edo complejo nos ayuda de varias maneras en el mundo humano, como por ejemplo al construir cascos que puedan resistir colisiones de manera segura. No recomendamos que usted use cascos y pretenda pelear como los machos borregos cimarrones, pero si lo hace, por favor m\u00e1ndenos fotos.<\/p>\n<p>&nbsp;<\/p>\n<p>Referencia:  Drake et al. 2016. Horn and horn core trabecular bone of bighorn sheep rams absorbs impact energy and reduces brain cavity accelerations during high impact ramming of the skull. Acta Biomaterialia 44:41-50.<\/p>\n<p>&nbsp;<\/p>\n<h5>Descripci\u00f3n e ilustraci\u00f3n de Rhiannon Jakopak.<\/h5>\n\n\t\t<\/div>\n\t<\/div>\n<\/div><\/div><\/div><div class=\"wpb_column vc_column_container vc_col-sm-4\"><div class=\"vc_column-inner\"><div class=\"wpb_wrapper\">\n\t<div  class=\"wpb_single_image wpb_content_element vc_align_left\">\n\t\t\n\t\t<figure class=\"wpb_wrapper vc_figure\">\n\t\t\t<div class=\"vc_single_image-wrapper vc_box_shadow  vc_box_border_grey\"><img loading=\"lazy\" decoding=\"async\" width=\"1508\" height=\"1362\" src=\"https:\/\/monteithshop.org\/wp-content\/uploads\/2020\/01\/Bighorn-sheep-skull_scaled.png\" class=\"vc_single_image-img attachment-full\" alt=\"Schematic of force being applied and dissipating in bighorn sheep skull.\" title=\"Bighorn sheep skull_scaled\" srcset=\"https:\/\/monteithshop.org\/wp-content\/uploads\/2020\/01\/Bighorn-sheep-skull_scaled.png 1508w, https:\/\/monteithshop.org\/wp-content\/uploads\/2020\/01\/Bighorn-sheep-skull_scaled-300x271.png 300w, https:\/\/monteithshop.org\/wp-content\/uploads\/2020\/01\/Bighorn-sheep-skull_scaled-1024x925.png 1024w, https:\/\/monteithshop.org\/wp-content\/uploads\/2020\/01\/Bighorn-sheep-skull_scaled-768x694.png 768w\" sizes=\"auto, 100vw\" \/><\/div><figcaption class=\"vc_figure-caption\">La flecha negra representa la fuerza de, digamos, otro carnero de borrego cimarr\u00f3n. \u00a1Debido a la estructura de los huesos en su cr\u00e1neo, la fuerza se disipa por todo su cr\u00e1neo!<\/figcaption>\n\t\t<\/figure>\n\t<\/div>\n<\/div><\/div><\/div><\/div><div class=\"vc_row wpb_row vc_row-fluid\"><div class=\"wpb_column vc_column_container vc_col-sm-12\"><div class=\"vc_column-inner\"><div class=\"wpb_wrapper\"><div class=\"vc_empty_space\"   style=\"height: 32px\"><span class=\"vc_empty_space_inner\"><\/span><\/div><\/div><\/div><\/div><\/div>\n<\/div>","protected":false},"excerpt":{"rendered":"Ram! Bam! No thank you ma'am! The horns of bighorn sheep rams are impressive structures: they must be strong enough to win fights that can last multiple hours, protect their brain during collisions where one male is hurling himself at another male at a rate of 30 feet per second, and be light enough to &hellip; <p class=\"link-more\"><a href=\"https:\/\/monteithshop.org\/es\/for-educators\/trivia\/ram-bam-no-thank-you-maam\/\" class=\"more-link\">Read more<span class=\"screen-reader-text\"> \"Ram! Bam! No thank you ma&#8217;am!\"<\/span><\/a><\/p>","protected":false},"author":1,"featured_media":0,"parent":1181,"menu_order":29,"comment_status":"closed","ping_status":"closed","template":"template-full-custom.php","meta":{"footnotes":""},"class_list":["post-1183","page","type-page","status-publish","hentry"],"_links":{"self":[{"href":"https:\/\/monteithshop.org\/es\/wp-json\/wp\/v2\/pages\/1183","targetHints":{"allow":["GET"]}}],"collection":[{"href":"https:\/\/monteithshop.org\/es\/wp-json\/wp\/v2\/pages"}],"about":[{"href":"https:\/\/monteithshop.org\/es\/wp-json\/wp\/v2\/types\/page"}],"author":[{"embeddable":true,"href":"https:\/\/monteithshop.org\/es\/wp-json\/wp\/v2\/users\/1"}],"replies":[{"embeddable":true,"href":"https:\/\/monteithshop.org\/es\/wp-json\/wp\/v2\/comments?post=1183"}],"version-history":[{"count":6,"href":"https:\/\/monteithshop.org\/es\/wp-json\/wp\/v2\/pages\/1183\/revisions"}],"predecessor-version":[{"id":1216,"href":"https:\/\/monteithshop.org\/es\/wp-json\/wp\/v2\/pages\/1183\/revisions\/1216"}],"up":[{"embeddable":true,"href":"https:\/\/monteithshop.org\/es\/wp-json\/wp\/v2\/pages\/1181"}],"wp:attachment":[{"href":"https:\/\/monteithshop.org\/es\/wp-json\/wp\/v2\/media?parent=1183"}],"curies":[{"name":"wp","href":"https:\/\/api.w.org\/{rel}","templated":true}]}}