{"id":1187,"date":"2021-11-23T19:55:41","date_gmt":"2021-11-23T19:55:41","guid":{"rendered":"https:\/\/monteithshop.org\/\/?page_id=1187"},"modified":"2021-11-23T20:17:12","modified_gmt":"2021-11-23T20:17:12","slug":"creature-features","status":"publish","type":"page","link":"https:\/\/monteithshop.org\/es\/for-educators\/trivia\/creature-features\/","title":{"rendered":"Todos hacen pop\u00f3, especialmente los ungulados"},"content":{"rendered":"<div class=\"wpb-content-wrapper\"><div class=\"vc_row wpb_row vc_row-fluid\"><div class=\"wpb_column vc_column_container vc_col-sm-12\"><div class=\"vc_column-inner\"><div class=\"wpb_wrapper\"><div class=\"vc_empty_space\"   style=\"height: 32px\"><span class=\"vc_empty_space_inner\"><\/span><\/div><\/div><\/div><\/div><\/div><div class=\"vc_row wpb_row vc_row-fluid\"><div class=\"wpb_column vc_column_container vc_col-sm-8\"><div class=\"vc_column-inner\"><div class=\"wpb_wrapper\">\n\t<div class=\"wpb_text_column wpb_content_element\" >\n\t\t<div class=\"wpb_wrapper\">\n\t\t\t<h1>Todos hacen pop\u00f3, especialmente los ungulados<\/h1>\n<p>Todos hacen pop\u00f3, y si estas caminando en un \u00e1rea donde han pasado ungulados, te dar\u00e1s cuenta que los ungulados hacen<em> mucho pop\u00f3.<\/em> Los ciervos mula, los venados de cola blanca, los alces, y los Uapitis defecan 12 veces al d\u00eda. Sorprendentemente, un estudio encontr\u00f3 que los ciervos mula pod\u00edan hacer pop\u00f3 23 veces al d\u00eda! La frecuencia, as\u00ed como la composici\u00f3n del pop\u00f3, dependen del animal individual, de la comida que ingieren, del h\u00e1bitat en donde viven, y del periodo del a\u00f1o.<\/p>\n<p>Aunque la mayor\u00eda de la gente considera al pop\u00f3 como un desperdicio, nos puede ense\u00f1ar mucho sobre los ungulados. Por ejemplo, podemos contar el numero de pilas de pop\u00f3 en un \u00e1rea para enterarnos de la densidad de su poblacion. Tambi\u00e9n podemos usar peque\u00f1os porciones de ADN que se encuentran en la bolita fecal para determinar la identificaci\u00f3n del animal, su sexo, y su relaci\u00f3n familiar con otros animales. Adicionalmente, debido a que algunas part\u00edculas de plantas persisten despu\u00e9s de la digesti\u00f3n, los cient\u00edficos pueden analizar el pop\u00f3 para deducir que est\u00e1 comiendo el animal. Por suerte para los cient\u00edficos, si hay ungulados por ah\u00ed, siempre habr\u00e1 gran riqueza de informaci\u00f3n escondida en el pop\u00f3!<\/p>\n<p>&nbsp;<\/p>\n<p>Referencia: Neff, D. J. 1968. The pellet-group count technique for big game trend, census, and distribution: a review. The Journal of Wildlife Management 32:597-614.<\/p>\n<div><\/div>\n<h5>Descripci\u00f3n e ilustraci\u00f3n de Rhiannon Jakopak.<\/h5>\n\n\t\t<\/div>\n\t<\/div>\n<\/div><\/div><\/div><div class=\"wpb_column vc_column_container vc_col-sm-4\"><div class=\"vc_column-inner\"><div class=\"wpb_wrapper\">\n\t<div  class=\"wpb_single_image wpb_content_element vc_align_right\">\n\t\t\n\t\t<figure class=\"wpb_wrapper vc_figure\">\n\t\t\t<div class=\"vc_single_image-wrapper vc_box_shadow  vc_box_border_grey\"><img loading=\"lazy\" decoding=\"async\" width=\"269\" height=\"432\" src=\"https:\/\/monteithshop.org\/wp-content\/uploads\/2019\/10\/Poop_Ovis.jpg\" class=\"vc_single_image-img attachment-large\" alt=\"Ovis the dog is not interested in deer poop.\" title=\"Poop_Ovis\" srcset=\"https:\/\/monteithshop.org\/wp-content\/uploads\/2019\/10\/Poop_Ovis.jpg 269w, https:\/\/monteithshop.org\/wp-content\/uploads\/2019\/10\/Poop_Ovis-187x300.jpg 187w\" sizes=\"auto, 100vw\" \/><\/div><figcaption class=\"vc_figure-caption\">\u00a1Puede ver que esto es pop\u00f3 de ciervo mula porque tiene forma de l\u00e1grima y tiene hoyuelos! Aunque estamos emocionados, el perro Ovis no parece impresionado.<\/figcaption>\n\t\t<\/figure>\n\t<\/div>\n<\/div><\/div><\/div><\/div><div class=\"vc_row wpb_row vc_row-fluid\"><div class=\"wpb_column vc_column_container vc_col-sm-12\"><div class=\"vc_column-inner\"><div class=\"wpb_wrapper\"><div class=\"vc_empty_space\"   style=\"height: 32px\"><span class=\"vc_empty_space_inner\"><\/span><\/div><\/div><\/div><\/div><\/div>\n<\/div>","protected":false},"excerpt":{"rendered":"Everybody poops\u2014especially ungulates! Everybody poops, and if you\u2019re walking through an area where ungulates have been, you realize that ungulates poop a lot. Mule deer, white-tailed deer, moose, and elk usually defecate around 12 times a day. Remarkably, one study found that mule deer could poop up to 23 times a day! The frequency, as &hellip; <p class=\"link-more\"><a href=\"https:\/\/monteithshop.org\/es\/for-educators\/trivia\/creature-features\/\" class=\"more-link\">Read more<span class=\"screen-reader-text\"> \"Everybody poops\u2014especially ungulates!\"<\/span><\/a><\/p>","protected":false},"author":1,"featured_media":0,"parent":1181,"menu_order":28,"comment_status":"closed","ping_status":"closed","template":"template-full-custom.php","meta":{"footnotes":""},"class_list":["post-1187","page","type-page","status-publish","hentry"],"_links":{"self":[{"href":"https:\/\/monteithshop.org\/es\/wp-json\/wp\/v2\/pages\/1187","targetHints":{"allow":["GET"]}}],"collection":[{"href":"https:\/\/monteithshop.org\/es\/wp-json\/wp\/v2\/pages"}],"about":[{"href":"https:\/\/monteithshop.org\/es\/wp-json\/wp\/v2\/types\/page"}],"author":[{"embeddable":true,"href":"https:\/\/monteithshop.org\/es\/wp-json\/wp\/v2\/users\/1"}],"replies":[{"embeddable":true,"href":"https:\/\/monteithshop.org\/es\/wp-json\/wp\/v2\/comments?post=1187"}],"version-history":[{"count":5,"href":"https:\/\/monteithshop.org\/es\/wp-json\/wp\/v2\/pages\/1187\/revisions"}],"predecessor-version":[{"id":1206,"href":"https:\/\/monteithshop.org\/es\/wp-json\/wp\/v2\/pages\/1187\/revisions\/1206"}],"up":[{"embeddable":true,"href":"https:\/\/monteithshop.org\/es\/wp-json\/wp\/v2\/pages\/1181"}],"wp:attachment":[{"href":"https:\/\/monteithshop.org\/es\/wp-json\/wp\/v2\/media?parent=1187"}],"curies":[{"name":"wp","href":"https:\/\/api.w.org\/{rel}","templated":true}]}}