{"id":1198,"date":"2021-11-23T20:08:57","date_gmt":"2021-11-23T20:08:57","guid":{"rendered":"https:\/\/monteithshop.org\/\/?page_id=1198"},"modified":"2021-11-24T01:15:34","modified_gmt":"2021-11-24T01:15:34","slug":"expert-babysitters","status":"publish","type":"page","link":"https:\/\/monteithshop.org\/es\/for-educators\/trivia\/expert-babysitters\/","title":{"rendered":"Ni\u00f1eras expertas"},"content":{"rendered":"<div class=\"wpb-content-wrapper\"><div class=\"vc_row wpb_row vc_row-fluid\"><div class=\"wpb_column vc_column_container vc_col-sm-12\"><div class=\"vc_column-inner\"><div class=\"wpb_wrapper\"><div class=\"vc_empty_space\"   style=\"height: 32px\"><span class=\"vc_empty_space_inner\"><\/span><\/div><\/div><\/div><\/div><\/div><div class=\"vc_row wpb_row vc_row-fluid\"><div class=\"wpb_column vc_column_container vc_col-sm-8\"><div class=\"vc_column-inner\"><div class=\"wpb_wrapper\">\n\t<div class=\"wpb_text_column wpb_content_element\" >\n\t\t<div class=\"wpb_wrapper\">\n\t\t\t<h1>Ni\u00f1eras expertas<\/h1>\n<p>Criar hijos es dif\u00edcil, pero el borrego cimarr\u00f3n y ant\u00edlope americano tienen una manera creativa de compartir este peso. Mientras la mayor\u00eda de la manada esta comiendo, una o unas pocas hembras cuidan al \u2018grupo de guarder\u00eda\u2019, el que puede tener unos 20 cr\u00edos.  Debido a que los corderos y cervatos son presa f\u00e1cil para los predadores, la hembra ni\u00f1era tienen la tarea envidiable de resguardar a todos aquellos j\u00f3venes inquietos y torpes pero sabrosos. Compartir la carga de cuidar cr\u00edos es uno de los muchos ejemplos de c\u00f3mo vivir en grupo beneficia a muchas especies de ungulados.<\/p>\n<p>&nbsp;<\/p>\n<h5>Descripci\u00f3n de Rhiannon Jakopak. Ilustraci\u00f3n de Tayler LaSharr.<\/h5>\n\n\t\t<\/div>\n\t<\/div>\n<\/div><\/div><\/div><div class=\"wpb_column vc_column_container vc_col-sm-4\"><div class=\"vc_column-inner\"><div class=\"wpb_wrapper\">\n\t<div  class=\"wpb_single_image wpb_content_element vc_align_left\">\n\t\t\n\t\t<figure class=\"wpb_wrapper vc_figure\">\n\t\t\t<div class=\"vc_single_image-wrapper vc_box_shadow  vc_box_border_grey\"><img loading=\"lazy\" decoding=\"async\" width=\"950\" height=\"534\" src=\"https:\/\/monteithshop.org\/wp-content\/uploads\/2020\/01\/Pronghorn_nurserygroup-1024x576.jpg\" class=\"vc_single_image-img attachment-large\" alt=\"A female pronghorn watches over a herd of young pronghorn.\" title=\"Pronghorn_nurserygroup\" srcset=\"https:\/\/monteithshop.org\/wp-content\/uploads\/2020\/01\/Pronghorn_nurserygroup-1024x576.jpg 1024w, https:\/\/monteithshop.org\/wp-content\/uploads\/2020\/01\/Pronghorn_nurserygroup-300x169.jpg 300w, https:\/\/monteithshop.org\/wp-content\/uploads\/2020\/01\/Pronghorn_nurserygroup-768x432.jpg 768w, https:\/\/monteithshop.org\/wp-content\/uploads\/2020\/01\/Pronghorn_nurserygroup.jpg 1280w\" sizes=\"auto, 100vw\" \/><\/div><figcaption class=\"vc_figure-caption\">Los ant\u00edlopes j\u00f3venes (\u00a1llamados cervatos!) son adorables, pero no tan cuidadosos como deber\u00edan ser. \u00a1Una hembra vigilante mantiene sus ojos abiertos ante cualquier se\u00f1a de peligro!<\/figcaption>\n\t\t<\/figure>\n\t<\/div>\n<\/div><\/div><\/div><\/div><div class=\"vc_row wpb_row vc_row-fluid\"><div class=\"wpb_column vc_column_container vc_col-sm-12\"><div class=\"vc_column-inner\"><div class=\"wpb_wrapper\"><div class=\"vc_empty_space\"   style=\"height: 32px\"><span class=\"vc_empty_space_inner\"><\/span><\/div><\/div><\/div><\/div><\/div>\n<\/div>","protected":false},"excerpt":{"rendered":"Expert babysitters Raising kids is a hard job, but bighorn sheep and pronghorn have a creative way of sharing the load. While most of the herd is off eating, one or a few females will watch over \u201cnursery groups\u201d that can have as many as 20 youngsters. Because lambs and fawns are an easy meal &hellip; <p class=\"link-more\"><a href=\"https:\/\/monteithshop.org\/es\/for-educators\/trivia\/expert-babysitters\/\" class=\"more-link\">Read more<span class=\"screen-reader-text\"> \"Expert babysitters\"<\/span><\/a><\/p>","protected":false},"author":1,"featured_media":0,"parent":1181,"menu_order":26,"comment_status":"closed","ping_status":"closed","template":"template-full-custom.php","meta":{"footnotes":""},"class_list":["post-1198","page","type-page","status-publish","hentry"],"_links":{"self":[{"href":"https:\/\/monteithshop.org\/es\/wp-json\/wp\/v2\/pages\/1198","targetHints":{"allow":["GET"]}}],"collection":[{"href":"https:\/\/monteithshop.org\/es\/wp-json\/wp\/v2\/pages"}],"about":[{"href":"https:\/\/monteithshop.org\/es\/wp-json\/wp\/v2\/types\/page"}],"author":[{"embeddable":true,"href":"https:\/\/monteithshop.org\/es\/wp-json\/wp\/v2\/users\/1"}],"replies":[{"embeddable":true,"href":"https:\/\/monteithshop.org\/es\/wp-json\/wp\/v2\/comments?post=1198"}],"version-history":[{"count":2,"href":"https:\/\/monteithshop.org\/es\/wp-json\/wp\/v2\/pages\/1198\/revisions"}],"predecessor-version":[{"id":1239,"href":"https:\/\/monteithshop.org\/es\/wp-json\/wp\/v2\/pages\/1198\/revisions\/1239"}],"up":[{"embeddable":true,"href":"https:\/\/monteithshop.org\/es\/wp-json\/wp\/v2\/pages\/1181"}],"wp:attachment":[{"href":"https:\/\/monteithshop.org\/es\/wp-json\/wp\/v2\/media?parent=1198"}],"curies":[{"name":"wp","href":"https:\/\/api.w.org\/{rel}","templated":true}]}}