{"id":1201,"date":"2021-11-23T20:15:44","date_gmt":"2021-11-23T20:15:44","guid":{"rendered":"https:\/\/monteithshop.org\/\/?page_id=1201"},"modified":"2021-11-23T20:15:44","modified_gmt":"2021-11-23T20:15:44","slug":"what-happens-when-ungulates-die","status":"publish","type":"page","link":"https:\/\/monteithshop.org\/es\/for-educators\/trivia\/what-happens-when-ungulates-die\/","title":{"rendered":"\u00bfQu\u00e9 ocurre cuando mueren los ungulados?\u00a0"},"content":{"rendered":"<div class=\"wpb-content-wrapper\"><div class=\"vc_row wpb_row vc_row-fluid\"><div class=\"wpb_column vc_column_container vc_col-sm-12\"><div class=\"vc_column-inner\"><div class=\"wpb_wrapper\"><div class=\"vc_empty_space\"   style=\"height: 32px\"><span class=\"vc_empty_space_inner\"><\/span><\/div><\/div><\/div><\/div><\/div><div class=\"vc_row wpb_row vc_row-fluid\"><div class=\"wpb_column vc_column_container vc_col-sm-8\"><div class=\"vc_column-inner\"><div class=\"wpb_wrapper\">\n\t<div class=\"wpb_text_column wpb_content_element\" >\n\t\t<div class=\"wpb_wrapper\">\n\t\t\t<h1>\u00bfQu\u00e9 ocurre cuando mueren los ungulados?<\/h1>\n<p>Los ungulados est\u00e1n hechos de muchas sustancias nutritivas, incluyendo nitr\u00f3geno, fosforo y sodio. Cuando un ungulado muere, su cad\u00e1ver se descompone y libera sustancias nutritivas al medioambiente. Estas sustancias son criticas para el crecimiento y desarrollo de otros organismos y, porque generalmente no son comunes de forma natural, el aporte de los cad\u00e1veres que se descomponen puede ser muy importante para el suelo y la vegetaci\u00f3n del \u00e1rea vecina. De hecho, el cad\u00e1ver en descomposici\u00f3n cambia la temperatura, el componente de agua, y la concentraci\u00f3n nutritiva del suelo alrededor del cad\u00e1ver en descomposici\u00f3n, y provee una peque\u00f1a ola de recursos a las plantas cercanas. Por\u1db6 ejemplo, las sustancias nutritivas que entran a la tierra ubicada alrededor de cad\u00e1veres de alces en descomposici\u00f3n estimula el crecimiento de plantas hasta en tres a\u00f1os posteriores al la muerte del alce! Los efectos que un cad\u00e1ver de animal en descomposici\u00f3n tiene en su medioambiente nos muestra que cada elemento de un ecosistema est\u00e1 conectado de alguna manera, aun si nosotros no vemos la conexi\u00f3n al principio.<\/p>\n<p>&nbsp;<\/p>\n<p>Bump, J. K., R. O. Peterson, and J. A. Vucetich. 2009. Wolves modulate soil nutrient heterogeneity and foliar nitrogen by configuring the distribution of ungulate carcasses. Ecology 90:3159-3167.<\/p>\n<p>Parmenter, R. and J. Macmahon. 2009. Carrion decomposition and nutrient cycling in a semiarid shrub-steppe ecosystem. Ecological Monographs 79:637-661.<\/p>\n<p>&nbsp;<\/p>\n<h5>Descripci\u00f3n e ilustraci\u00f3n de Rhiannon Jakopak.<\/h5>\n\n\t\t<\/div>\n\t<\/div>\n<\/div><\/div><\/div><div class=\"wpb_column vc_column_container vc_col-sm-4\"><div class=\"vc_column-inner\"><div class=\"wpb_wrapper\">\n\t<div  class=\"wpb_single_image wpb_content_element vc_align_left\">\n\t\t\n\t\t<figure class=\"wpb_wrapper vc_figure\">\n\t\t\t<div class=\"vc_single_image-wrapper vc_box_shadow  vc_box_border_grey\"><img loading=\"lazy\" decoding=\"async\" width=\"2732\" height=\"2048\" src=\"https:\/\/monteithshop.org\/wp-content\/uploads\/2020\/01\/Skullplants.png\" class=\"vc_single_image-img attachment-full\" alt=\"Heart-leafed arnica leaves growing around a moose skull.\" title=\"Skull+plants\" srcset=\"https:\/\/monteithshop.org\/wp-content\/uploads\/2020\/01\/Skullplants.png 2732w, https:\/\/monteithshop.org\/wp-content\/uploads\/2020\/01\/Skullplants-300x225.png 300w, https:\/\/monteithshop.org\/wp-content\/uploads\/2020\/01\/Skullplants-1024x768.png 1024w, https:\/\/monteithshop.org\/wp-content\/uploads\/2020\/01\/Skullplants-768x576.png 768w, https:\/\/monteithshop.org\/wp-content\/uploads\/2020\/01\/Skullplants-1536x1151.png 1536w, https:\/\/monteithshop.org\/wp-content\/uploads\/2020\/01\/Skullplants-2048x1535.png 2048w\" sizes=\"auto, 100vw\" \/><\/div><figcaption class=\"vc_figure-caption\">Aunque los m\u00fasculos y los tejidos se degradan con bastante rapidez, los cr\u00e1neos y otros huesos pueden permanecer intactos durante a\u00f1os, \u00a1o incluso d\u00e9cadas!<\/figcaption>\n\t\t<\/figure>\n\t<\/div>\n<\/div><\/div><\/div><\/div><div class=\"vc_row wpb_row vc_row-fluid\"><div class=\"wpb_column vc_column_container vc_col-sm-12\"><div class=\"vc_column-inner\"><div class=\"wpb_wrapper\"><div class=\"vc_empty_space\"   style=\"height: 32px\"><span class=\"vc_empty_space_inner\"><\/span><\/div><\/div><\/div><\/div><\/div>\n<\/div>","protected":false},"excerpt":{"rendered":"What happens when ungulates die? Ungulates are made up of multiple nutrients, including nitrogen, phosphorus, and sodium. When an ungulate dies, their carcass decomposes and releases nutrients into the environment. These nutrients are critical to the growth and development of plants and other organisms and, because they often are naturally uncommon, the input of nutrients &hellip; <p class=\"link-more\"><a href=\"https:\/\/monteithshop.org\/es\/for-educators\/trivia\/what-happens-when-ungulates-die\/\" class=\"more-link\">Read more<span class=\"screen-reader-text\"> \"What happens when ungulates die?\u00a0\"<\/span><\/a><\/p>","protected":false},"author":1,"featured_media":0,"parent":1181,"menu_order":25,"comment_status":"closed","ping_status":"closed","template":"template-full-custom.php","meta":{"footnotes":""},"class_list":["post-1201","page","type-page","status-publish","hentry"],"_links":{"self":[{"href":"https:\/\/monteithshop.org\/es\/wp-json\/wp\/v2\/pages\/1201","targetHints":{"allow":["GET"]}}],"collection":[{"href":"https:\/\/monteithshop.org\/es\/wp-json\/wp\/v2\/pages"}],"about":[{"href":"https:\/\/monteithshop.org\/es\/wp-json\/wp\/v2\/types\/page"}],"author":[{"embeddable":true,"href":"https:\/\/monteithshop.org\/es\/wp-json\/wp\/v2\/users\/1"}],"replies":[{"embeddable":true,"href":"https:\/\/monteithshop.org\/es\/wp-json\/wp\/v2\/comments?post=1201"}],"version-history":[{"count":3,"href":"https:\/\/monteithshop.org\/es\/wp-json\/wp\/v2\/pages\/1201\/revisions"}],"predecessor-version":[{"id":1204,"href":"https:\/\/monteithshop.org\/es\/wp-json\/wp\/v2\/pages\/1201\/revisions\/1204"}],"up":[{"embeddable":true,"href":"https:\/\/monteithshop.org\/es\/wp-json\/wp\/v2\/pages\/1181"}],"wp:attachment":[{"href":"https:\/\/monteithshop.org\/es\/wp-json\/wp\/v2\/media?parent=1201"}],"curies":[{"name":"wp","href":"https:\/\/api.w.org\/{rel}","templated":true}]}}