{"id":14,"date":"2019-10-07T18:00:52","date_gmt":"2019-10-07T18:00:52","guid":{"rendered":"http:\/\/ungulatecompendium.org\/?page_id=14"},"modified":"2023-08-15T20:37:20","modified_gmt":"2023-08-15T20:37:20","slug":"compendiums","status":"publish","type":"page","link":"https:\/\/monteithshop.org\/es\/compendiums\/","title":{"rendered":"Compendios"},"content":{"rendered":"<div class=\"wpb-content-wrapper\"><div class=\"vc_row wpb_row vc_row-fluid\"><div class=\"wpb_column vc_column_container vc_col-sm-12\"><div class=\"vc_column-inner\"><div class=\"wpb_wrapper\"><div class=\"vc_empty_space\"   style=\"height: 60px\"><span class=\"vc_empty_space_inner\"><\/span><\/div><\/div><\/div><\/div><div class=\"wpb_column vc_column_container vc_col-sm-12\"><div class=\"vc_column-inner\"><div class=\"wpb_wrapper\">\n\t<div class=\"wpb_text_column wpb_content_element\" >\n\t\t<div class=\"wpb_wrapper\">\n\t\t\t<p>Si tiene curiosidad sobre la ecolog\u00eda que subyace nuestro trabajo, \u00a1consulte los res\u00famenes de diferentes temas ecol\u00f3gicos a continuaci\u00f3n!<\/p>\n\n\t\t<\/div>\n\t<\/div>\n<\/div><\/div><\/div><\/div><div class=\"vc_row wpb_row vc_row-fluid\"><div class=\"wpb_column vc_column_container vc_col-sm-12\"><div class=\"vc_column-inner\"><div class=\"wpb_wrapper\"><div class=\"vc_empty_space\"   style=\"height: 32px\"><span class=\"vc_empty_space_inner\"><\/span><\/div><\/div><\/div><\/div><\/div><div class=\"vc_row wpb_row vc_row-fluid\"><div class=\"wpb_column vc_column_container vc_col-sm-4\"><div class=\"vc_column-inner\"><div class=\"wpb_wrapper\">\n\t<div  class=\"wpb_single_image wpb_content_element vc_align_center  vc_custom_1692129914674  border\">\n\t\t\n\t\t<figure class=\"wpb_wrapper vc_figure\">\n\t\t\t<div class=\"vc_single_image-wrapper   vc_box_border_grey\"><img loading=\"lazy\" decoding=\"async\" width=\"300\" height=\"192\" src=\"https:\/\/monteithshop.org\/wp-content\/uploads\/2023\/08\/lionbbrush-e1692129726859-300x192.png\" class=\"vc_single_image-img attachment-medium\" alt=\"\" title=\"lionbbrush\" srcset=\"https:\/\/monteithshop.org\/wp-content\/uploads\/2023\/08\/lionbbrush-e1692129726859-300x192.png 300w, https:\/\/monteithshop.org\/wp-content\/uploads\/2023\/08\/lionbbrush-e1692129726859-1024x657.png 1024w, https:\/\/monteithshop.org\/wp-content\/uploads\/2023\/08\/lionbbrush-e1692129726859-768x492.png 768w, https:\/\/monteithshop.org\/wp-content\/uploads\/2023\/08\/lionbbrush-e1692129726859-1536x985.png 1536w, https:\/\/monteithshop.org\/wp-content\/uploads\/2023\/08\/lionbbrush-e1692129726859-18x12.png 18w, https:\/\/monteithshop.org\/wp-content\/uploads\/2023\/08\/lionbbrush-e1692129726859.png 1806w\" sizes=\"auto, 100vw\" \/><\/div><figcaption class=\"vc_figure-caption\">Arte de Ben Regan<\/figcaption>\n\t\t<\/figure>\n\t<\/div>\n<\/div><\/div><\/div><div class=\"wpb_column vc_column_container vc_col-sm-8\"><div class=\"vc_column-inner\"><div class=\"wpb_wrapper\">\n\t<div class=\"wpb_text_column wpb_content_element\" >\n\t\t<div class=\"wpb_wrapper\">\n\t\t\t<h2><a href=\"https:\/\/monteithshop.org\/es\/compendiums\/predators-or-food\/\">\u00bfQu\u00e9 importa m\u00e1s\u2014depredadores o comida?\u00a0<\/a><\/h2>\n<p>\u00bfSi tu manada de venados, alces u ovejas est\u00e1 reduci\u00e9ndose, quieres que el problema toque fondo o quieres averiguar cu\u00e1l es la causa de la reducci\u00f3n de la poblaci\u00f3n? A menudo se supone que los depredadores est\u00e1n causando una reducci\u00f3n en las poblaciones de ungulados, pero en las \u00faltimas d\u00e9cadas los cient\u00edficos de todo el mundo han tratado de llegar a la medula de esta pregunta.<\/p>\n\n\t\t<\/div>\n\t<\/div>\n<\/div><\/div><\/div><\/div><div class=\"vc_row wpb_row vc_row-fluid\"><div class=\"wpb_column vc_column_container vc_col-sm-12\"><div class=\"vc_column-inner\"><div class=\"wpb_wrapper\"><div class=\"vc_empty_space\"   style=\"height: 32px\"><span class=\"vc_empty_space_inner\"><\/span><\/div><\/div><\/div><\/div><\/div><div class=\"vc_row wpb_row vc_row-fluid\"><div class=\"wpb_column vc_column_container vc_col-sm-4\"><div class=\"vc_column-inner\"><div class=\"wpb_wrapper\">\n\t<div  class=\"wpb_single_image wpb_content_element vc_align_center  vc_custom_1692131802760  border\">\n\t\t\n\t\t<figure class=\"wpb_wrapper vc_figure\">\n\t\t\t<div class=\"vc_single_image-wrapper   vc_box_border_grey\"><img loading=\"lazy\" decoding=\"async\" width=\"300\" height=\"183\" src=\"https:\/\/monteithshop.org\/wp-content\/uploads\/2021\/12\/Screen-Shot-2021-12-21-at-9.59.43-AM-300x183.png\" class=\"vc_single_image-img attachment-medium\" alt=\"A female mule deer with 3 young fawns in the snow.\" title=\"DeerGroup\" srcset=\"https:\/\/monteithshop.org\/wp-content\/uploads\/2021\/12\/Screen-Shot-2021-12-21-at-9.59.43-AM-300x183.png 300w, https:\/\/monteithshop.org\/wp-content\/uploads\/2021\/12\/Screen-Shot-2021-12-21-at-9.59.43-AM-600x366.png 600w, https:\/\/monteithshop.org\/wp-content\/uploads\/2021\/12\/Screen-Shot-2021-12-21-at-9.59.43-AM-1024x624.png 1024w, https:\/\/monteithshop.org\/wp-content\/uploads\/2021\/12\/Screen-Shot-2021-12-21-at-9.59.43-AM-768x468.png 768w, https:\/\/monteithshop.org\/wp-content\/uploads\/2021\/12\/Screen-Shot-2021-12-21-at-9.59.43-AM-1536x937.png 1536w\" sizes=\"auto, 100vw\" \/><\/div><figcaption class=\"vc_figure-caption\">Foto de Tayler LaSharr<\/figcaption>\n\t\t<\/figure>\n\t<\/div>\n<\/div><\/div><\/div><div class=\"wpb_column vc_column_container vc_col-sm-8\"><div class=\"vc_column-inner\"><div class=\"wpb_wrapper\">\n\t<div class=\"wpb_text_column wpb_content_element\" >\n\t\t<div class=\"wpb_wrapper\">\n\t\t\t<h2><a href=\"https:\/\/monteithshop.org\/es\/compendiums\/migration\/\">\u00bfPor qu\u00e9 tantos animales migran?\u00a0<\/a><\/h2>\n<p>La migraci\u00f3n\u2014el movimiento intr\u00e9pido, atrevido y audaz de individuos y poblaciones es hecho por distancias largas y cortas. Este fen\u00f3meno global puede ser visto en p\u00e1jaros y mariposas, a trav\u00e9s de los oc\u00e9anos en los salmones y ballenas jorobadas y en la tierra en los ant\u00edlopes del Serengueti y las salamandras. La migraci\u00f3n, permitida por la libertad de movimiento, ha sido adoptada y adaptada a trav\u00e9s del deseo innato de los animales de sobrevivir.<\/p>\n\n\t\t<\/div>\n\t<\/div>\n<\/div><\/div><\/div><\/div><div class=\"vc_row wpb_row vc_row-fluid\"><div class=\"wpb_column vc_column_container vc_col-sm-12\"><div class=\"vc_column-inner\"><div class=\"wpb_wrapper\"><div class=\"vc_empty_space\"   style=\"height: 32px\"><span class=\"vc_empty_space_inner\"><\/span><\/div><\/div><\/div><\/div><\/div><div class=\"vc_row wpb_row vc_row-fluid\"><div class=\"wpb_column vc_column_container vc_col-sm-4\"><div class=\"vc_column-inner\"><div class=\"wpb_wrapper\">\n\t<div  class=\"wpb_single_image wpb_content_element vc_align_center  vc_custom_1692128558501  border\">\n\t\t\n\t\t<figure class=\"wpb_wrapper vc_figure\">\n\t\t\t<div class=\"vc_single_image-wrapper   vc_box_border_grey\"><img loading=\"lazy\" decoding=\"async\" width=\"300\" height=\"149\" src=\"https:\/\/monteithshop.org\/wp-content\/uploads\/2023\/08\/poolmoose-e1692127607136-300x149.png\" class=\"vc_single_image-img attachment-medium\" alt=\"\" title=\"poolmoose\" srcset=\"https:\/\/monteithshop.org\/wp-content\/uploads\/2023\/08\/poolmoose-e1692127607136-300x149.png 300w, https:\/\/monteithshop.org\/wp-content\/uploads\/2023\/08\/poolmoose-e1692127607136-1024x509.png 1024w, https:\/\/monteithshop.org\/wp-content\/uploads\/2023\/08\/poolmoose-e1692127607136-768x381.png 768w, https:\/\/monteithshop.org\/wp-content\/uploads\/2023\/08\/poolmoose-e1692127607136-1536x763.png 1536w, https:\/\/monteithshop.org\/wp-content\/uploads\/2023\/08\/poolmoose-e1692127607136-2048x1017.png 2048w, https:\/\/monteithshop.org\/wp-content\/uploads\/2023\/08\/poolmoose-e1692127607136-18x9.png 18w, https:\/\/monteithshop.org\/wp-content\/uploads\/2023\/08\/poolmoose-e1692127607136-2000x993.png 2000w\" sizes=\"auto, 100vw\" \/><\/div><figcaption class=\"vc_figure-caption\">Arte de Ben Regan <\/figcaption>\n\t\t<\/figure>\n\t<\/div>\n<\/div><\/div><\/div><div class=\"wpb_column vc_column_container vc_col-sm-8\"><div class=\"vc_column-inner\"><div class=\"wpb_wrapper\">\n\t<div class=\"wpb_text_column wpb_content_element\" >\n\t\t<div class=\"wpb_wrapper\">\n\t\t\t<h2><a href=\"https:\/\/monteithshop.org\/es\/ecology-unmasked\/cool-ungulates-in-a-warming-world\/\">Ungulados frescos en un mundo en calentamiento<\/a><\/h2>\n<p>Los alces son grandes, tienen el pelo oscuro y no pueden sudar, lo que significa que pueden tener problemas para mantenerse fr\u00edos. Los alces se mantienen fr\u00edos utilizando su h\u00e1bitat de maneras espec\u00edficas.<\/p>\n\n\t\t<\/div>\n\t<\/div>\n<\/div><\/div><\/div><\/div><div class=\"vc_row wpb_row vc_row-fluid\"><div class=\"wpb_column vc_column_container vc_col-sm-12\"><div class=\"vc_column-inner\"><div class=\"wpb_wrapper\"><div class=\"vc_empty_space\"   style=\"height: 32px\"><span class=\"vc_empty_space_inner\"><\/span><\/div><\/div><\/div><\/div><\/div><div class=\"vc_row wpb_row vc_row-fluid\"><div class=\"wpb_column vc_column_container vc_col-sm-4\"><div class=\"vc_column-inner\"><div class=\"wpb_wrapper\">\n\t<div  class=\"wpb_single_image wpb_content_element vc_align_center  vc_custom_1692130796872  border\">\n\t\t\n\t\t<figure class=\"wpb_wrapper vc_figure\">\n\t\t\t<div class=\"vc_single_image-wrapper   vc_box_border_grey\"><img loading=\"lazy\" decoding=\"async\" width=\"300\" height=\"200\" src=\"https:\/\/monteithshop.org\/wp-content\/uploads\/2023\/08\/DSC07099-300x200.jpg\" class=\"vc_single_image-img attachment-medium\" alt=\"\" title=\"DSC07099\" sizes=\"auto, 100vw\" \/><\/div><figcaption class=\"vc_figure-caption\">Foto de Rhiannon Jakopak<\/figcaption>\n\t\t<\/figure>\n\t<\/div>\n<\/div><\/div><\/div><div class=\"wpb_column vc_column_container vc_col-sm-8\"><div class=\"vc_column-inner\"><div class=\"wpb_wrapper\">\n\t<div class=\"wpb_text_column wpb_content_element\" >\n\t\t<div class=\"wpb_wrapper\">\n\t\t\t<h2><a href=\"https:\/\/monteithshop.org\/es\/compendiums\/plant-growth-and-climate-change\/\">Crecimiento de plantas y cambio clim\u00e1tico.<\/a><\/h2>\n<p><span style=\"font-weight: 400;\">A menudo ni nos damos cuenta c\u00f3mo nuestros h\u00e1bitos alimenticios condicionan la manera en que viajamos y c\u00f3mo la manera en que viajamos determina nuestros h\u00e1bitos alimenticios; esta relaci\u00f3n afecta la hora de partida del viaje, la hora de llegada y la calidad de comida que ingerimos. No estamos solos en esto: el ciervo mula y muchos otros animales ungulados migratorios planifican su migraci\u00f3n de primavera dependiendo de cuando se vuelve disponible su comida. Pero nuestro mundo est\u00e1 cambiando y los paisajes por los que migran los ungulados y la comida que comen al pasar tambi\u00e9n est\u00e1n cambiando.<\/span><\/p>\n\n\t\t<\/div>\n\t<\/div>\n<\/div><\/div><\/div><\/div><div class=\"vc_row wpb_row vc_row-fluid\"><div class=\"wpb_column vc_column_container vc_col-sm-12\"><div class=\"vc_column-inner\"><div class=\"wpb_wrapper\"><div class=\"vc_empty_space\"   style=\"height: 32px\"><span class=\"vc_empty_space_inner\"><\/span><\/div><\/div><\/div><\/div><\/div><div class=\"vc_row wpb_row vc_row-fluid\"><div class=\"wpb_column vc_column_container vc_col-sm-4\"><div class=\"vc_column-inner\"><div class=\"wpb_wrapper\">\n\t<div  class=\"wpb_single_image wpb_content_element vc_align_center  vc_custom_1692130931799  border\">\n\t\t\n\t\t<figure class=\"wpb_wrapper vc_figure\">\n\t\t\t<div class=\"vc_single_image-wrapper   vc_box_border_grey\"><img loading=\"lazy\" decoding=\"async\" width=\"300\" height=\"300\" src=\"https:\/\/monteithshop.org\/wp-content\/uploads\/2022\/05\/Artist-Elk-300x300.png\" class=\"vc_single_image-img attachment-medium\" alt=\"An artistic elk, painting an image of elk in the trees.\" title=\"Artist elk. Original photo by J. Frys, alterations by R. Nielsen.\" srcset=\"https:\/\/monteithshop.org\/wp-content\/uploads\/2022\/05\/Artist-Elk-300x300.png 300w, https:\/\/monteithshop.org\/wp-content\/uploads\/2022\/05\/Artist-Elk-1024x1024.png 1024w, https:\/\/monteithshop.org\/wp-content\/uploads\/2022\/05\/Artist-Elk-150x150.png 150w, https:\/\/monteithshop.org\/wp-content\/uploads\/2022\/05\/Artist-Elk-768x768.png 768w, https:\/\/monteithshop.org\/wp-content\/uploads\/2022\/05\/Artist-Elk-12x12.png 12w, https:\/\/monteithshop.org\/wp-content\/uploads\/2022\/05\/Artist-Elk-600x600.png 600w, https:\/\/monteithshop.org\/wp-content\/uploads\/2022\/05\/Artist-Elk-100x100.png 100w, https:\/\/monteithshop.org\/wp-content\/uploads\/2022\/05\/Artist-Elk.png 1080w\" sizes=\"auto, 100vw\" \/><\/div>\n\t\t<\/figure>\n\t<\/div>\n<\/div><\/div><\/div><div class=\"wpb_column vc_column_container vc_col-sm-8\"><div class=\"vc_column-inner\"><div class=\"wpb_wrapper\">\n\t<div class=\"wpb_text_column wpb_content_element\" >\n\t\t<div class=\"wpb_wrapper\">\n\t\t\t<h2><a href=\"https:\/\/monteithshop.org\/es\/compendiums\/stubbornness-and-flexibility\/\">La obstinaci\u00f3n y la flexibilidad tienen sus ventajas.<\/a><\/h2>\n<p>A algunos de nosotros nos gusta seguir nuestros caminos, incluso si nos encontramos con un obst\u00e1culo, y algunos de nosotros somos m\u00e1s flexibles. \u00a1Lo mismo ocurre con los ungulados!<\/p>\n\n\t\t<\/div>\n\t<\/div>\n<\/div><\/div><\/div><\/div><div class=\"vc_row wpb_row vc_row-fluid\"><div class=\"wpb_column vc_column_container vc_col-sm-12\"><div class=\"vc_column-inner\"><div class=\"wpb_wrapper\"><div class=\"vc_empty_space\"   style=\"height: 32px\"><span class=\"vc_empty_space_inner\"><\/span><\/div><\/div><\/div><\/div><\/div><div class=\"vc_row wpb_row vc_row-fluid\"><div class=\"wpb_column vc_column_container vc_col-sm-4\"><div class=\"vc_column-inner\"><div class=\"wpb_wrapper\">\n\t<div  class=\"wpb_single_image wpb_content_element vc_align_center  vc_custom_1692128571849  border\">\n\t\t\n\t\t<figure class=\"wpb_wrapper vc_figure\">\n\t\t\t<div class=\"vc_single_image-wrapper   vc_box_border_grey\"><img loading=\"lazy\" decoding=\"async\" width=\"300\" height=\"139\" src=\"https:\/\/monteithshop.org\/wp-content\/uploads\/2020\/01\/selective-harvest-300x139.jpg\" class=\"vc_single_image-img attachment-medium\" alt=\"Selective harvest graphic showing spawning fish and harvested fish\" title=\"\" srcset=\"https:\/\/monteithshop.org\/wp-content\/uploads\/2020\/01\/selective-harvest-300x139.jpg 300w, https:\/\/monteithshop.org\/wp-content\/uploads\/2020\/01\/selective-harvest-1024x475.jpg 1024w, https:\/\/monteithshop.org\/wp-content\/uploads\/2020\/01\/selective-harvest-768x356.jpg 768w, https:\/\/monteithshop.org\/wp-content\/uploads\/2020\/01\/selective-harvest.jpg 1084w\" sizes=\"auto, 100vw\" \/><\/div>\n\t\t<\/figure>\n\t<\/div>\n<\/div><\/div><\/div><div class=\"wpb_column vc_column_container vc_col-sm-8\"><div class=\"vc_column-inner\"><div class=\"wpb_wrapper\">\n\t<div class=\"wpb_text_column wpb_content_element\" >\n\t\t<div class=\"wpb_wrapper\">\n\t\t\t<h2><a href=\"http:\/\/monteithshop.org\/es\/ecology-unmasked\/selectively-harvesting\/\">Cosecha selectiva: \u00bfla caza y la pesca cambian las poblaciones?<\/a><\/h2>\n<p>En todo el mundo la gente caza y pesca para sobrevivir, ganar utilidades y honrar su  patrimonio cultural. La caza de animales salvajes ocurre de muchas maneras, desde una persona a solas que persigue a un venado de cola blanca para guardar la carne en su congelador hasta el proceso comercial de cacer\u00eda de miles de peces a la vez en el oc\u00e9ano. A\u00fan  as\u00ed, la manera de cazar y pescar, tal como el m\u00e9todo o intensidad de la actividad, tienen el potencial de causar un cambio dram\u00e1tico en la poblaciones afectadas.<\/p>\n\n\t\t<\/div>\n\t<\/div>\n<\/div><\/div><\/div><\/div><div class=\"vc_row wpb_row vc_row-fluid\"><div class=\"wpb_column vc_column_container vc_col-sm-12\"><div class=\"vc_column-inner\"><div class=\"wpb_wrapper\"><div class=\"vc_empty_space\"   style=\"height: 32px\"><span class=\"vc_empty_space_inner\"><\/span><\/div><\/div><\/div><\/div><\/div><div class=\"vc_row wpb_row vc_row-fluid\"><div class=\"wpb_column vc_column_container vc_col-sm-4\"><div class=\"vc_column-inner\"><div class=\"wpb_wrapper\">\n\t<div  class=\"wpb_single_image wpb_content_element vc_align_center  vc_custom_1692128582868  border\">\n\t\t\n\t\t<figure class=\"wpb_wrapper vc_figure\">\n\t\t\t<div class=\"vc_single_image-wrapper   vc_box_border_grey\"><img loading=\"lazy\" decoding=\"async\" width=\"300\" height=\"225\" src=\"https:\/\/monteithshop.org\/wp-content\/uploads\/2020\/01\/wildlifelivestock_dis_fig-300x225.png\" class=\"vc_single_image-img attachment-medium\" alt=\"Ecology-Unmasked_directvectordisease\" title=\"wildlifelivestock_dis_fig\" srcset=\"https:\/\/monteithshop.org\/wp-content\/uploads\/2020\/01\/wildlifelivestock_dis_fig-300x225.png 300w, https:\/\/monteithshop.org\/wp-content\/uploads\/2020\/01\/wildlifelivestock_dis_fig-768x576.png 768w, https:\/\/monteithshop.org\/wp-content\/uploads\/2020\/01\/wildlifelivestock_dis_fig.png 1024w\" sizes=\"auto, 100vw\" \/><\/div>\n\t\t<\/figure>\n\t<\/div>\n<\/div><\/div><\/div><div class=\"wpb_column vc_column_container vc_col-sm-8\"><div class=\"vc_column-inner\"><div class=\"wpb_wrapper\">\n\t<div class=\"wpb_text_column wpb_content_element\" >\n\t\t<div class=\"wpb_wrapper\">\n\t\t\t<h2><a href=\"http:\/\/monteithshop.org\/es\/ecology-unmasked\/wildlife-livestock-interface\/\">Enfermedades y la interrelaci\u00f3n entre la fauna salvaje y el ganado: algunos animales no deber\u00edan tocarse<\/a><\/h2>\n<p>Una de las mayores preocupaciones con la interacci\u00f3n entre la vida silvestre y el ganado es la introducci\u00f3n de un pat\u00f3geno mortal en una manada ingenua. La forma en que se transmite una enfermedad influye en nuestras opciones de manejo de la enfermedad.<\/p>\n\n\t\t<\/div>\n\t<\/div>\n<\/div><\/div><\/div><\/div><div class=\"vc_row wpb_row vc_row-fluid\"><div class=\"wpb_column vc_column_container vc_col-sm-12\"><div class=\"vc_column-inner\"><div class=\"wpb_wrapper\"><div class=\"vc_empty_space\"   style=\"height: 32px\"><span class=\"vc_empty_space_inner\"><\/span><\/div><\/div><\/div><\/div><\/div><div class=\"vc_row wpb_row vc_row-fluid\"><div class=\"wpb_column vc_column_container vc_col-sm-4\"><div class=\"vc_column-inner\"><div class=\"wpb_wrapper\">\n\t<div  class=\"wpb_single_image wpb_content_element vc_align_center  vc_custom_1692128594607  border\">\n\t\t\n\t\t<figure class=\"wpb_wrapper vc_figure\">\n\t\t\t<div class=\"vc_single_image-wrapper   vc_box_border_grey\"><img loading=\"lazy\" decoding=\"async\" width=\"300\" height=\"79\" src=\"https:\/\/monteithshop.org\/wp-content\/uploads\/2020\/01\/BreedingStrategies-300x79.jpg\" class=\"vc_single_image-img attachment-medium\" alt=\"Ecology-Unmasked_breedingSpectrum\" title=\"BreedingStrategies\" srcset=\"https:\/\/monteithshop.org\/wp-content\/uploads\/2020\/01\/BreedingStrategies-300x79.jpg 300w, https:\/\/monteithshop.org\/wp-content\/uploads\/2020\/01\/BreedingStrategies-1024x269.jpg 1024w, https:\/\/monteithshop.org\/wp-content\/uploads\/2020\/01\/BreedingStrategies-768x201.jpg 768w, https:\/\/monteithshop.org\/wp-content\/uploads\/2020\/01\/BreedingStrategies-1536x403.jpg 1536w, https:\/\/monteithshop.org\/wp-content\/uploads\/2020\/01\/BreedingStrategies-2048x537.jpg 2048w\" sizes=\"auto, 100vw\" \/><\/div>\n\t\t<\/figure>\n\t<\/div>\n<\/div><\/div><\/div><div class=\"wpb_column vc_column_container vc_col-sm-8\"><div class=\"vc_column-inner\"><div class=\"wpb_wrapper\">\n\t<div class=\"wpb_text_column wpb_content_element\" >\n\t\t<div class=\"wpb_wrapper\">\n\t\t\t<h2><a href=\"http:\/\/monteithshop.org\/es\/ecology-unmasked\/breeding-strategies\/\">Los ni\u00f1os no son baratos: \u00bfC\u00f3mo financian los ungulados la reproducci\u00f3n?<\/a><\/h2>\n<p>La moneda de la que dependen muchos mam\u00edferos para financiar la reproducci\u00f3n es la energ\u00eda de los alimentos que comen. Aunque todas las mam\u00e1s unguladas necesitan comer por dos (o a veces por tres o cuatro), el momento en que deben obtener las calor\u00edas difiere seg\u00fan su estrategia.<\/p>\n\n\t\t<\/div>\n\t<\/div>\n<\/div><\/div><\/div><\/div><div class=\"vc_row wpb_row vc_row-fluid\"><div class=\"wpb_column vc_column_container vc_col-sm-12\"><div class=\"vc_column-inner\"><div class=\"wpb_wrapper\"><div class=\"vc_empty_space\"   style=\"height: 32px\"><span class=\"vc_empty_space_inner\"><\/span><\/div><\/div><\/div><\/div><\/div><div class=\"vc_row wpb_row vc_row-fluid\"><div class=\"wpb_column vc_column_container vc_col-sm-4\"><div class=\"vc_column-inner\"><div class=\"wpb_wrapper\">\n\t<div  class=\"wpb_single_image wpb_content_element vc_align_center  vc_custom_1692128608557  border\">\n\t\t\n\t\t<figure class=\"wpb_wrapper vc_figure\">\n\t\t\t<div class=\"vc_single_image-wrapper   vc_box_border_grey\"><img loading=\"lazy\" decoding=\"async\" width=\"300\" height=\"158\" src=\"https:\/\/monteithshop.org\/wp-content\/uploads\/2019\/12\/records-project-thumb-300x158.jpg\" class=\"vc_single_image-img attachment-medium\" alt=\"Illustrations of elk horns, skull, and bighorn sheep skull with measurements\" title=\"\" srcset=\"https:\/\/monteithshop.org\/wp-content\/uploads\/2019\/12\/records-project-thumb-300x158.jpg 300w, https:\/\/monteithshop.org\/wp-content\/uploads\/2019\/12\/records-project-thumb-1024x541.jpg 1024w, https:\/\/monteithshop.org\/wp-content\/uploads\/2019\/12\/records-project-thumb-768x406.jpg 768w, https:\/\/monteithshop.org\/wp-content\/uploads\/2019\/12\/records-project-thumb.jpg 1325w\" sizes=\"auto, 100vw\" \/><\/div>\n\t\t<\/figure>\n\t<\/div>\n<\/div><\/div><\/div><div class=\"wpb_column vc_column_container vc_col-sm-8\"><div class=\"vc_column-inner\"><div class=\"wpb_wrapper\">\n\t<div class=\"wpb_text_column wpb_content_element\" >\n\t\t<div class=\"wpb_wrapper\">\n\t\t\t<h2><a href=\"http:\/\/monteithshop.org\/es\/ecology-unmasked\/records-program-of-north-america\/\">Registro de los ungulados Norteamericanos<\/a><\/h2>\n<p>La caza es una parte importante del manejo de la vida silvestre, pero existe preocupaci\u00f3n sobre c\u00f3mo la cosecha podr\u00eda afectar el tama\u00f1o de los cuernos y las astas de las especies de ungulados con el tiempo. Este proyecto evalu\u00f3 c\u00f3mo cambi\u00f3 el tama\u00f1o de los cuernos del borrego cimarr\u00f3n cazado a lo largo del tiempo e identific\u00f3 los mecanismos que causaron el cambio.<\/p>\n\n\t\t<\/div>\n\t<\/div>\n<\/div><\/div><\/div><\/div><div class=\"vc_row wpb_row vc_row-fluid\"><div class=\"wpb_column vc_column_container vc_col-sm-12\"><div class=\"vc_column-inner\"><div class=\"wpb_wrapper\"><div class=\"vc_empty_space\"   style=\"height: 32px\"><span class=\"vc_empty_space_inner\"><\/span><\/div><\/div><\/div><\/div><\/div>\n<\/div>","protected":false},"excerpt":{"rendered":"If you're curious about the ecology that underlies much of our work, check out the short summaries of different ecological topics below! Art by Ben Regan. What matters more: predators or food?\u00a0 If your favorite deer, moose, or sheep herd is declining, you want to get to the bottom of it and figure out what &hellip; <p class=\"link-more\"><a href=\"https:\/\/monteithshop.org\/es\/compendiums\/\" class=\"more-link\">Read more<span class=\"screen-reader-text\"> \"Compendiums\"<\/span><\/a><\/p>","protected":false},"author":1,"featured_media":2113,"parent":0,"menu_order":69,"comment_status":"closed","ping_status":"closed","template":"","meta":{"footnotes":""},"class_list":["post-14","page","type-page","status-publish","has-post-thumbnail","hentry"],"_links":{"self":[{"href":"https:\/\/monteithshop.org\/es\/wp-json\/wp\/v2\/pages\/14","targetHints":{"allow":["GET"]}}],"collection":[{"href":"https:\/\/monteithshop.org\/es\/wp-json\/wp\/v2\/pages"}],"about":[{"href":"https:\/\/monteithshop.org\/es\/wp-json\/wp\/v2\/types\/page"}],"author":[{"embeddable":true,"href":"https:\/\/monteithshop.org\/es\/wp-json\/wp\/v2\/users\/1"}],"replies":[{"embeddable":true,"href":"https:\/\/monteithshop.org\/es\/wp-json\/wp\/v2\/comments?post=14"}],"version-history":[{"count":24,"href":"https:\/\/monteithshop.org\/es\/wp-json\/wp\/v2\/pages\/14\/revisions"}],"predecessor-version":[{"id":828,"href":"https:\/\/monteithshop.org\/es\/wp-json\/wp\/v2\/pages\/14\/revisions\/828"}],"wp:featuredmedia":[{"embeddable":true,"href":"https:\/\/monteithshop.org\/es\/wp-json\/wp\/v2\/media\/2113"}],"wp:attachment":[{"href":"https:\/\/monteithshop.org\/es\/wp-json\/wp\/v2\/media?parent=14"}],"curies":[{"name":"wp","href":"https:\/\/api.w.org\/{rel}","templated":true}]}}