{"id":1437,"date":"2022-01-26T22:01:27","date_gmt":"2022-01-26T22:01:27","guid":{"rendered":"https:\/\/monteithshop.org\/?page_id=1437"},"modified":"2023-06-08T18:50:20","modified_gmt":"2023-06-08T18:50:20","slug":"casper-mule-deer-project","status":"publish","type":"page","link":"https:\/\/monteithshop.org\/es\/ongoing-research\/casper-mule-deer-project\/","title":{"rendered":"Proyecto de ciervos mula de Casper"},"content":{"rendered":"<div class=\"wpb-content-wrapper\"><div class=\"vc_row wpb_row vc_row-fluid\"><div class=\"wpb_column vc_column_container vc_col-sm-12\"><div class=\"vc_column-inner\"><div class=\"wpb_wrapper\"><div class=\"vc_empty_space\"   style=\"height: 32px\"><span class=\"vc_empty_space_inner\"><\/span><\/div><\/div><\/div><\/div><\/div><div data-vc-full-width=\"true\" data-vc-full-width-init=\"false\" class=\"vc_row wpb_row vc_row-fluid vc_custom_1643233418797 vc_row-has-fill vc_row-o-full-height vc_row-o-columns-middle vc_row-o-equal-height vc_row-o-content-middle vc_row-flex\"><div class=\"wpb_column vc_column_container vc_col-sm-6\"><div class=\"vc_column-inner\"><div class=\"wpb_wrapper\">\n\t<div  class=\"wpb_single_image wpb_content_element vc_align_center\">\n\t\t\n\t\t<figure class=\"wpb_wrapper vc_figure\">\n\t\t\t<div class=\"vc_single_image-wrapper vc_box_shadow  vc_box_border_grey\"><img decoding=\"async\" class=\"vc_single_image-img\" src=\"https:\/\/monteithshop.org\/wp-content\/uploads\/2022\/01\/IMG_4657-2-750x750.jpg\" width=\"750\" height=\"750\" alt=\"A mule deer in her summer coat walks up a hill covered in red soil. There are a few juniper trees and patches of short shrubs, but otherwise the landscape is mostly soil. She is wearing a GPS collar, and appears to be glancing at the camera out of the side of her eye.\" title=\"Mule deer walking.\" loading=\"lazy\" \/><\/div><figcaption class=\"vc_figure-caption\">Foto: Rhiannon Jakopak<\/figcaption>\n\t\t<\/figure>\n\t<\/div>\n<\/div><\/div><\/div><div class=\"wpb_column vc_column_container vc_col-sm-6\"><div class=\"vc_column-inner\"><div class=\"wpb_wrapper\">\n\t<div class=\"wpb_text_column wpb_content_element\" >\n\t\t<div class=\"wpb_wrapper\">\n\t\t\t<p>La enfermedad de desgaste cr\u00f3nico (CWD) se est\u00e1 convirtiendo r\u00e1pidamente en un problema grave en el mundo de la vida silvestre. Esta enfermedad es siempre fatal, altamente transmisible y permanece en el medio ambiente, lo que la convierte en una enfermedad particularmente espinosa de aprender a manejar.<\/p>\n<p>Una cosa que podr\u00eda ayudar a los administradores, y a las manadas de ciervos, por extensi\u00f3n, es aprender m\u00e1s sobre c\u00f3mo se propaga la CWD.<\/p>\n\n\t\t<\/div>\n\t<\/div>\n<\/div><\/div><\/div><\/div><div class=\"vc_row-full-width vc_clearfix\"><\/div><div class=\"vc_row wpb_row vc_row-fluid vc_custom_1643233992682 vc_row-has-fill vc_row-o-content-middle vc_row-flex\"><div class=\"wpb_column vc_column_container vc_col-sm-6\"><div class=\"vc_column-inner\"><div class=\"wpb_wrapper\">\n\t<div class=\"wpb_text_column wpb_content_element\" >\n\t\t<div class=\"wpb_wrapper\">\n\t\t\t<p>Estamos tratando de comprender con qu\u00e9 frecuencia la CWD se transmite de madre a hijo y si esta transmisi\u00f3n tiene ramificaciones a nivel poblacional. Nuestro trabajo se basa en Casper, Wyoming, que es un \u00e1rea con alta prevalencia de CWD.<\/p>\n<p>Para ello, estamos monitoreando a las hembras de ciervo mula y a sus cr\u00edas. Estamos prestando atenci\u00f3n a su estado de CWD, sus movimientos y comportamientos, las causas de la mortalidad en ciervos mula adultos y j\u00f3venes, y caracter\u00edsticas como el sexo y el peso de los cervatillos al nacer. En conjunto, esta informaci\u00f3n nos ayudar\u00e1 a aprender m\u00e1s sobre c\u00f3mo esta enfermedad afecta a las poblaciones de ciervos.<\/p>\n\n\t\t<\/div>\n\t<\/div>\n<\/div><\/div><\/div><div class=\"wpb_column vc_column_container vc_col-sm-6\"><div class=\"vc_column-inner\"><div class=\"wpb_wrapper\">\n\t<div  class=\"wpb_single_image wpb_content_element vc_align_center\">\n\t\t\n\t\t<figure class=\"wpb_wrapper vc_figure\">\n\t\t\t<div class=\"vc_single_image-wrapper vc_box_shadow  vc_box_border_grey\"><img decoding=\"async\" class=\"vc_single_image-img\" src=\"https:\/\/monteithshop.org\/wp-content\/uploads\/2022\/01\/D026_a-scaled-750x750.jpg\" width=\"750\" height=\"750\" alt=\"A mule deer wearing a GPS collar lies dead in snow with her head turned towards her rump. She is emaciated, and she has no obvious signs of predation or scavenging. The landscape has patchy shrubs and dead grasses and is covered with a few inches of snow.\" title=\"CWD-positive deer lays dead in snow.\" loading=\"lazy\" \/><\/div><figcaption class=\"vc_figure-caption\">Foto: Rhiannon Jakopak<\/figcaption>\n\t\t<\/figure>\n\t<\/div>\n<\/div><\/div><\/div><\/div><div class=\"vc_row wpb_row vc_row-fluid\"><div class=\"wpb_column vc_column_container vc_col-sm-12\"><div class=\"vc_column-inner\"><div class=\"wpb_wrapper\"><div class=\"vc_empty_space\"   style=\"height: 32px\"><span class=\"vc_empty_space_inner\"><\/span><\/div><\/div><\/div><\/div><\/div><div class=\"vc_row wpb_row vc_row-fluid\"><div class=\"wpb_column vc_column_container vc_col-sm-12\"><div class=\"vc_column-inner\"><div class=\"wpb_wrapper\">\n\t<div class=\"wpb_text_column wpb_content_element\" >\n\t\t<div class=\"wpb_wrapper\">\n\t\t\t<h2 style=\"text-align: center;\">Preguntas principales<\/h2>\n\n\t\t<\/div>\n\t<\/div>\n<\/div><\/div><\/div><\/div><div class=\"vc_row wpb_row vc_row-fluid\"><div class=\"wpb_column vc_column_container vc_col-sm-4\"><div class=\"vc_column-inner\"><div class=\"wpb_wrapper\">\n\t<div  class=\"wpb_single_image wpb_content_element vc_align_center\">\n\t\t\n\t\t<figure class=\"wpb_wrapper vc_figure\">\n\t\t\t<div class=\"vc_single_image-wrapper vc_box_shadow  vc_box_border_grey\"><img decoding=\"async\" class=\"vc_single_image-img\" src=\"https:\/\/monteithshop.org\/wp-content\/uploads\/2022\/01\/IMG_3706-scaled-360x300.jpg\" width=\"360\" height=\"300\" alt=\"A mule deer fawn is curled into a ball, with its nose tucked into the crook of its back leg. It sits under a bare rose bush and among lush green flowers and grasses.\" title=\"Mule deer fawn curled up.\" loading=\"lazy\" \/><\/div><figcaption class=\"vc_figure-caption\">Foto: Rhiannon Jakopak<\/figcaption>\n\t\t<\/figure>\n\t<\/div>\n\n\t<div class=\"wpb_text_column wpb_content_element\" >\n\t\t<div class=\"wpb_wrapper\">\n\t\t\t<h4 style=\"text-align: center;\">\u00bfLa CWD se pasa de madre a hijo?<\/h4>\n<p>Al rastrear a las mam\u00e1s y sus cervatos desde el d\u00eda en que nacieron, esperamos saber si las mam\u00e1s con CWD siempre cr\u00edan cervatillos con CWD, as\u00ed como si las mam\u00e1s sin caquexia cr\u00f3nica alguna vez cr\u00edan cervatillos con CWD.<\/p>\n\n\t\t<\/div>\n\t<\/div>\n<\/div><\/div><\/div><div class=\"wpb_column vc_column_container vc_col-sm-4\"><div class=\"vc_column-inner\"><div class=\"wpb_wrapper\">\n\t<div  class=\"wpb_single_image wpb_content_element vc_align_center\">\n\t\t\n\t\t<figure class=\"wpb_wrapper vc_figure\">\n\t\t\t<div class=\"vc_single_image-wrapper vc_box_shadow  vc_box_border_grey\"><img decoding=\"async\" class=\"vc_single_image-img\" src=\"https:\/\/monteithshop.org\/wp-content\/uploads\/2022\/01\/20210601_114118-scaled-360x300.jpg\" width=\"360\" height=\"300\" alt=\"A scientist wears latex gloves while measuring the hoof of a mule deer fawn. The scientist and fawn are in thick vegetation that looks damp.\" title=\"Measuring a mule deer fawn.\" loading=\"lazy\" \/><\/div><figcaption class=\"vc_figure-caption\">Foto: Rhiannon Jakopak<\/figcaption>\n\t\t<\/figure>\n\t<\/div>\n\n\t<div class=\"wpb_text_column wpb_content_element\" >\n\t\t<div class=\"wpb_wrapper\">\n\t\t\t<h4 style=\"text-align: center;\">\u00bfC\u00f3mo influye la CWD en el nacimiento y la supervivencia de las cr\u00edas?<\/h4>\n<p>Si una madre ciervo mula tiene CWD, es posible que no tenga suficientes recursos para criar cervatillos con \u00e9xito, o si puede criar cervatillos, esos cervatillos podr\u00edan verse afectados por la enfermedad. Estamos trabajando para comprender si el estado de caquexia cr\u00f3nica de la madre influye en si sus cr\u00edas tienen una supervivencia diferente, son m\u00e1s peque\u00f1as o tienen diferentes proporciones de sexos, en comparaci\u00f3n con los cervatillos nacidos de madres sin CWD.<\/p>\n\n\t\t<\/div>\n\t<\/div>\n<\/div><\/div><\/div><div class=\"wpb_column vc_column_container vc_col-sm-4\"><div class=\"vc_column-inner\"><div class=\"wpb_wrapper\">\n\t<div  class=\"wpb_single_image wpb_content_element vc_align_center\">\n\t\t\n\t\t<figure class=\"wpb_wrapper vc_figure\">\n\t\t\t<div class=\"vc_single_image-wrapper vc_box_shadow  vc_box_border_grey\"><img decoding=\"async\" class=\"vc_single_image-img\" src=\"https:\/\/monteithshop.org\/wp-content\/uploads\/2022\/01\/Deer-cached-by-mountain-lion-1-360x300.png\" width=\"360\" height=\"300\" alt=\"The remains of a mule deer stick out from under a sagebrush bush. The remains include a few legs, some hair, and what looks like a small amount of muscle. The remains are covered by dead sagebrush branches and other dried vegetation.\" title=\"Mule deer cached by mountain lion\" loading=\"lazy\" \/><\/div><figcaption class=\"vc_figure-caption\">Foto: Rhiannon Jakopak<\/figcaption>\n\t\t<\/figure>\n\t<\/div>\n\n\t<div class=\"wpb_text_column wpb_content_element\" >\n\t\t<div class=\"wpb_wrapper\">\n\t\t\t<h4 style=\"text-align: center;\">\u00bfLa CWD afecta el riesgo de depredaci\u00f3n por pumas?<\/h4>\n<p>A medida que la CWD se afianza, los ciervos cambian su comportamiento, se vuelven lentos y pierden conciencia de su entorno. Los depredadores pueden darse cuenta de este comportamiento y pensar en estos animales como una comida f\u00e1cil. Si los depredadores matan con frecuencia a los ciervos con caquexia cr\u00f3nica positiva, pueden servir como herramienta para controlar esta enfermedad.<\/p>\n\n\t\t<\/div>\n\t<\/div>\n<\/div><\/div><\/div><\/div><div class=\"vc_row wpb_row vc_row-fluid\"><div class=\"wpb_column vc_column_container vc_col-sm-12\"><div class=\"vc_column-inner\"><div class=\"wpb_wrapper\"><div class=\"vc_empty_space\"   style=\"height: 32px\"><span class=\"vc_empty_space_inner\"><\/span><\/div><\/div><\/div><\/div><\/div><div class=\"vc_row wpb_row vc_row-fluid\"><div class=\"wpb_column vc_column_container vc_col-sm-12\"><div class=\"vc_column-inner\"><div class=\"wpb_wrapper\">\n\t<div  class=\"wpb_single_image wpb_content_element vc_align_center\">\n\t\t\n\t\t<figure class=\"wpb_wrapper vc_figure\">\n\t\t\t<div class=\"vc_single_image-wrapper vc_box_shadow  vc_box_border_grey\"><img loading=\"lazy\" decoding=\"async\" width=\"1354\" height=\"421\" src=\"https:\/\/monteithshop.org\/wp-content\/uploads\/2022\/01\/casper_wide.png\" class=\"vc_single_image-img attachment-full\" alt=\"A landscape near Casper, Wyoming is shown. Several scrubby trees cling on, but the habitat is largely grasses and sagebrush interspersed with red dirt and ridges.\" title=\"casper_wide\" srcset=\"https:\/\/monteithshop.org\/wp-content\/uploads\/2022\/01\/casper_wide.png 1354w, https:\/\/monteithshop.org\/wp-content\/uploads\/2022\/01\/casper_wide-600x187.png 600w, https:\/\/monteithshop.org\/wp-content\/uploads\/2022\/01\/casper_wide-300x93.png 300w, https:\/\/monteithshop.org\/wp-content\/uploads\/2022\/01\/casper_wide-1024x318.png 1024w, https:\/\/monteithshop.org\/wp-content\/uploads\/2022\/01\/casper_wide-768x239.png 768w\" sizes=\"auto, 100vw\" \/><\/div><figcaption class=\"vc_figure-caption\">Foto: Rhiannon Jakopak<\/figcaption>\n\t\t<\/figure>\n\t<\/div>\n<\/div><\/div><\/div><\/div><div class=\"vc_row wpb_row vc_row-fluid\"><div class=\"wpb_column vc_column_container vc_col-sm-12\"><div class=\"vc_column-inner\"><div class=\"wpb_wrapper\"><div class=\"vc_empty_space\"   style=\"height: 32px\"><span class=\"vc_empty_space_inner\"><\/span><\/div><\/div><\/div><\/div><\/div><div class=\"vc_row wpb_row vc_row-fluid\"><div class=\"wpb_column vc_column_container vc_col-sm-6\"><div class=\"vc_column-inner\"><div class=\"wpb_wrapper\">\n\t<div class=\"wpb_text_column wpb_content_element\" >\n\t\t<div class=\"wpb_wrapper\">\n\t\t\t<h4 style=\"text-align: center;\">Lider del proyecto<\/h4>\n\n\t\t<\/div>\n\t<\/div>\n\n\t<div class=\"wpb_text_column wpb_content_element\" >\n\t\t<div class=\"wpb_wrapper\">\n\t\t\t<p style=\"text-align: center;\">Rhiannon Jakopak<\/p>\n\n\t\t<\/div>\n\t<\/div>\n\n\t<div  class=\"wpb_single_image wpb_content_element vc_align_center\">\n\t\t\n\t\t<figure class=\"wpb_wrapper vc_figure\">\n\t\t\t<div class=\"vc_single_image-wrapper vc_box_shadow  vc_box_border_grey\"><img loading=\"lazy\" decoding=\"async\" width=\"300\" height=\"225\" src=\"https:\/\/monteithshop.org\/wp-content\/uploads\/2020\/01\/Jakopak-300x225.jpg\" class=\"vc_single_image-img attachment-medium\" alt=\"Rhiannon Jakopak sits on a giant saddled jackalope, staring majesticly into the distance.\" title=\"Jakopak\" srcset=\"https:\/\/monteithshop.org\/wp-content\/uploads\/2020\/01\/Jakopak-300x225.jpg 300w, https:\/\/monteithshop.org\/wp-content\/uploads\/2020\/01\/Jakopak-1024x768.jpg 1024w, https:\/\/monteithshop.org\/wp-content\/uploads\/2020\/01\/Jakopak-768x576.jpg 768w, https:\/\/monteithshop.org\/wp-content\/uploads\/2020\/01\/Jakopak-1536x1152.jpg 1536w, https:\/\/monteithshop.org\/wp-content\/uploads\/2020\/01\/Jakopak-2048x1536.jpg 2048w\" sizes=\"auto, 100vw\" \/><\/div>\n\t\t<\/figure>\n\t<\/div>\n<\/div><\/div><\/div><div class=\"wpb_column vc_column_container vc_col-sm-6\"><div class=\"vc_column-inner\"><div class=\"wpb_wrapper\">\n\t<div class=\"wpb_text_column wpb_content_element\" >\n\t\t<div class=\"wpb_wrapper\">\n\t\t\t<h4 style=\"text-align: center;\">Colaboradores, socios y financiadores<\/h4>\n<p>Este proyecto se lleva a cabo en estrecha colaboraci\u00f3n con el equipo Holbrook de la Universidad de Wyoming, the Wyoming Game and Fish Department, y the Wyoming State Veterinary Laboratory. Este proyecto cuenta con el apoyo del USGS, la Coalici\u00f3n de Licencias de Caza Wyoming Governor\u2019s Big Game License Coalition. T. Lin, D. Gordon, A. Wood, C. Cundy y B. Regan han brindado una valiosa asistencia sobre el terreno.<\/p>\n\n\t\t<\/div>\n\t<\/div>\n<\/div><\/div><\/div><\/div><div class=\"vc_row wpb_row vc_row-fluid\"><div class=\"wpb_column vc_column_container vc_col-sm-12\"><div class=\"vc_column-inner\"><div class=\"wpb_wrapper\"><\/div><\/div><\/div><\/div>\n<\/div>","protected":false},"excerpt":{"rendered":"Photo credit: Rhiannon Jakopak Chronic wasting disease (CWD) is rapidly becoming a serious issue in the wildlife world. This disease is always fatal, highly transmissible, and remains in the environment, making it a particularly thorny disease to learn how to manage. One thing that might help managers, and deer herds by extension, is to learn &hellip; <p class=\"link-more\"><a href=\"https:\/\/monteithshop.org\/es\/ongoing-research\/casper-mule-deer-project\/\" class=\"more-link\">Read more<span class=\"screen-reader-text\"> \"Casper Mule Deer Project\"<\/span><\/a><\/p>","protected":false},"author":1,"featured_media":1585,"parent":1521,"menu_order":0,"comment_status":"closed","ping_status":"closed","template":"","meta":{"footnotes":""},"class_list":["post-1437","page","type-page","status-publish","has-post-thumbnail","hentry"],"_links":{"self":[{"href":"https:\/\/monteithshop.org\/es\/wp-json\/wp\/v2\/pages\/1437","targetHints":{"allow":["GET"]}}],"collection":[{"href":"https:\/\/monteithshop.org\/es\/wp-json\/wp\/v2\/pages"}],"about":[{"href":"https:\/\/monteithshop.org\/es\/wp-json\/wp\/v2\/types\/page"}],"author":[{"embeddable":true,"href":"https:\/\/monteithshop.org\/es\/wp-json\/wp\/v2\/users\/1"}],"replies":[{"embeddable":true,"href":"https:\/\/monteithshop.org\/es\/wp-json\/wp\/v2\/comments?post=1437"}],"version-history":[{"count":26,"href":"https:\/\/monteithshop.org\/es\/wp-json\/wp\/v2\/pages\/1437\/revisions"}],"predecessor-version":[{"id":2135,"href":"https:\/\/monteithshop.org\/es\/wp-json\/wp\/v2\/pages\/1437\/revisions\/2135"}],"up":[{"embeddable":true,"href":"https:\/\/monteithshop.org\/es\/wp-json\/wp\/v2\/pages\/1521"}],"wp:featuredmedia":[{"embeddable":true,"href":"https:\/\/monteithshop.org\/es\/wp-json\/wp\/v2\/media\/1585"}],"wp:attachment":[{"href":"https:\/\/monteithshop.org\/es\/wp-json\/wp\/v2\/media?parent=1437"}],"curies":[{"name":"wp","href":"https:\/\/api.w.org\/{rel}","templated":true}]}}