{"id":1461,"date":"2022-01-27T17:16:19","date_gmt":"2022-01-27T17:16:19","guid":{"rendered":"https:\/\/monteithshop.org\/?page_id=1461"},"modified":"2024-01-09T23:17:08","modified_gmt":"2024-01-09T23:17:08","slug":"pronghorn-harvest-project","status":"publish","type":"page","link":"https:\/\/monteithshop.org\/es\/finished-projects\/pronghorn-harvest-project\/","title":{"rendered":"El proyecto de caza de ant\u00edlope"},"content":{"rendered":"<div class=\"wpb-content-wrapper\"><div class=\"vc_row wpb_row vc_row-fluid\"><div class=\"wpb_column vc_column_container vc_col-sm-12\"><div class=\"vc_column-inner\"><div class=\"wpb_wrapper\"><div class=\"vc_empty_space\"   style=\"height: 32px\"><span class=\"vc_empty_space_inner\"><\/span><\/div><\/div><\/div><\/div><\/div><div data-vc-full-width=\"true\" data-vc-full-width-init=\"false\" class=\"vc_row wpb_row vc_row-fluid vc_custom_1643233418797 vc_row-has-fill vc_row-o-full-height vc_row-o-columns-middle vc_row-o-equal-height vc_row-o-content-middle vc_row-flex\"><div class=\"wpb_column vc_column_container vc_col-sm-6\"><div class=\"vc_column-inner\"><div class=\"wpb_wrapper\">\n\t<div  class=\"wpb_single_image wpb_content_element vc_align_center\">\n\t\t\n\t\t<figure class=\"wpb_wrapper vc_figure\">\n\t\t\t<div class=\"vc_single_image-wrapper   vc_box_border_grey\"><img decoding=\"async\" class=\"vc_single_image-img\" src=\"https:\/\/monteithshop.org\/wp-content\/uploads\/2022\/01\/pronghornwalking.png\" width=\"750\" height=\"750\" alt=\"Pronghorn walking.\" title=\"pronghornwalking\" loading=\"lazy\" \/><\/div><figcaption class=\"vc_figure-caption\">Foto: Tayler LaSharr<\/figcaption>\n\t\t<\/figure>\n\t<\/div>\n<\/div><\/div><\/div><div class=\"wpb_column vc_column_container vc_col-sm-6\"><div class=\"vc_column-inner\"><div class=\"wpb_wrapper\">\n\t<div class=\"wpb_text_column wpb_content_element\" >\n\t\t<div class=\"wpb_wrapper\">\n\t\t\t<p>Los ant\u00edlopes son una especie apreciada de caza mayor y una parte ic\u00f3nica de Wyoming y el Oeste. Aunque muchos pueden verlos como un lugar com\u00fan en Wyoming, son una especie ecol\u00f3gicamente notable con un conjunto de rasgos que difieren dr\u00e1sticamente de cualquier otra especie de caza salvaje en Am\u00e9rica del Norte. En Wyoming, los berrendos son una parte fundamental del paisaje y representan una importante especie de caza que genera millones de d\u00f3lares anuales para la conservaci\u00f3n y el manejo de la vida silvestre a trav\u00e9s de la caza.<\/p>\n\n\t\t<\/div>\n\t<\/div>\n<\/div><\/div><\/div><\/div><div class=\"vc_row-full-width vc_clearfix\"><\/div><div class=\"vc_row wpb_row vc_row-fluid vc_custom_1643233992682 vc_row-has-fill vc_row-o-content-middle vc_row-flex\"><div class=\"wpb_column vc_column_container vc_col-sm-6\"><div class=\"vc_column-inner\"><div class=\"wpb_wrapper\">\n\t<div class=\"wpb_text_column wpb_content_element\" >\n\t\t<div class=\"wpb_wrapper\">\n\t\t\t<p>Tomamos muestras de ant\u00edlopes cazados en el centro y centro-sur de Wyoming para aprender sobre el tama\u00f1o del cuerno, la estructura de edad y la oportunidad potencial de cazador. Intentamos comprender c\u00f3mo los ant\u00edlopes desarrollan cuernos a medida que envejecen y si el crecimiento se ve afectado por el h\u00e1bitat y el clima o las condiciones clim\u00e1ticas. Esta informaci\u00f3n puede permitir a los administradores de la vida silvestre ajustar las temporadas de caza para mejorar las oportunidades de los cazadores.<\/p>\n<p>Este proyecto concluy\u00f3 en el verano de 2023 y los hallazgos est\u00e1n en proceso de publicaci\u00f3n.<\/p>\n\n\t\t<\/div>\n\t<\/div>\n<\/div><\/div><\/div><div class=\"wpb_column vc_column_container vc_col-sm-6\"><div class=\"vc_column-inner\"><div class=\"wpb_wrapper\">\n\t<div  class=\"wpb_single_image wpb_content_element vc_align_center\">\n\t\t\n\t\t<figure class=\"wpb_wrapper vc_figure\">\n\t\t\t<div class=\"vc_single_image-wrapper   vc_box_border_grey\"><img decoding=\"async\" class=\"vc_single_image-img\" src=\"https:\/\/monteithshop.org\/wp-content\/uploads\/2022\/01\/UW-researcher-and-Greg-Hiatt-measuring-pronghorn-horns-for-the-research-project-1-2.jpg\" width=\"750\" height=\"750\" alt=\"Measuring pronghorn\" title=\"UW researcher and Greg Hiatt measuring pronghorn horns for the research project (1) (2)\" loading=\"lazy\" \/><\/div>\n\t\t<\/figure>\n\t<\/div>\n<\/div><\/div><\/div><\/div><div class=\"vc_row wpb_row vc_row-fluid\"><div class=\"wpb_column vc_column_container vc_col-sm-12\"><div class=\"vc_column-inner\"><div class=\"wpb_wrapper\"><div class=\"vc_empty_space\"   style=\"height: 32px\"><span class=\"vc_empty_space_inner\"><\/span><\/div><\/div><\/div><\/div><\/div><div class=\"vc_row wpb_row vc_row-fluid\"><div class=\"wpb_column vc_column_container vc_col-sm-12\"><div class=\"vc_column-inner\"><div class=\"wpb_wrapper\">\n\t<div class=\"wpb_text_column wpb_content_element\" >\n\t\t<div class=\"wpb_wrapper\">\n\t\t\t<h2 style=\"text-align: center;\">Hallazgos principales<\/h2>\n\n\t\t<\/div>\n\t<\/div>\n<\/div><\/div><\/div><\/div><div class=\"vc_row wpb_row vc_row-fluid\"><div class=\"wpb_column vc_column_container vc_col-sm-4\"><div class=\"vc_column-inner\"><div class=\"wpb_wrapper\">\n\t<div  class=\"wpb_single_image wpb_content_element vc_align_center\">\n\t\t\n\t\t<figure class=\"wpb_wrapper vc_figure\">\n\t\t\t<div class=\"vc_single_image-wrapper   vc_box_border_grey\"><img decoding=\"async\" class=\"vc_single_image-img\" src=\"https:\/\/monteithshop.org\/wp-content\/uploads\/2022\/01\/Untitled-design.png\" width=\"360\" height=\"300\" alt=\"Pronghorn growth figure\" title=\"Untitled design\" loading=\"lazy\" \/><\/div>\n\t\t<\/figure>\n\t<\/div>\n\n\t<div class=\"wpb_text_column wpb_content_element\" >\n\t\t<div class=\"wpb_wrapper\">\n\t\t\t<h4 style=\"text-align: center;\">Hallazgo 1: A los ant\u00edlopes les crecen cuernos grandes a una edad temprana.<\/h4>\n<p><span class=\"OYPEnA text-decoration-none text-strikethrough-none\">El ant\u00edlope berrendo alcanza tama\u00f1os impresionantes en los primeros a\u00f1os de vida. A los 3 a\u00f1os de edad, los machos han alcanzado m\u00e1s del 95% del tama\u00f1o m\u00e1ximo de los cuernos, superando el crecimiento de los cuernos de todas las dem\u00e1s especies de caza de Am\u00e9rica del Norte.<\/span><\/p>\n\n\t\t<\/div>\n\t<\/div>\n<\/div><\/div><\/div><div class=\"wpb_column vc_column_container vc_col-sm-4\"><div class=\"vc_column-inner\"><div class=\"wpb_wrapper\">\n\t<div  class=\"wpb_single_image wpb_content_element vc_align_center\">\n\t\t\n\t\t<figure class=\"wpb_wrapper vc_figure\">\n\t\t\t<div class=\"vc_single_image-wrapper   vc_box_border_grey\"><img decoding=\"async\" class=\"vc_single_image-img\" src=\"https:\/\/monteithshop.org\/wp-content\/uploads\/2022\/02\/MeasuringPronghorn_Bucholz-scaled-360x300.jpg\" width=\"360\" height=\"300\" alt=\"A scientist using the tailgate of a pickup truck as a makeshift table while out in the field, with a small yellow tape measure wrapped around the base of a pronghorn. Hunting tags, envelopes for teeth, and a pronghorn sheath litter the tailgate.\" title=\"Lee measuring a pronghorn skull.\" loading=\"lazy\" \/><\/div>\n\t\t<\/figure>\n\t<\/div>\n\n\t<div class=\"wpb_text_column wpb_content_element\" >\n\t\t<div class=\"wpb_wrapper\">\n\t\t\t<h4 style=\"text-align: center;\"><span class=\"OYPEnA text-decoration-none text-strikethrough-none\">Conclusi\u00f3n 2: Las experiencias tempranas dan forma al crecimiento del cuerno del ant\u00edlope.<\/span><\/h4>\n<p><span class=\"OYPEnA text-decoration-none text-strikethrough-none\">Cuando los cazadores salen en el oto\u00f1o, lo que encuentran durante su caza puede depender de las condiciones ambientales de a\u00f1os anteriores. En el a\u00f1o en que naci\u00f3 un macho, la profundidad de la nieve y la humedad de ese invierno influyeron positivamente en el tama\u00f1o de sus cuernos durante el resto de su vida. Con una mayor humedad, las madres pueden tener acceso a m\u00e1s o mejores alimentos y brindarles a sus hijos un buen comienzo en la vida, un buen comienzo que sigue siendo evidente en los cuernos que les crecen durante toda su vida.<\/span><\/p>\n\n\t\t<\/div>\n\t<\/div>\n<\/div><\/div><\/div><div class=\"wpb_column vc_column_container vc_col-sm-4\"><div class=\"vc_column-inner\"><div class=\"wpb_wrapper\">\n\t<div  class=\"wpb_single_image wpb_content_element vc_align_center\">\n\t\t\n\t\t<figure class=\"wpb_wrapper vc_figure\">\n\t\t\t<div class=\"vc_single_image-wrapper   vc_box_border_grey\"><img decoding=\"async\" class=\"vc_single_image-img\" src=\"https:\/\/monteithshop.org\/wp-content\/uploads\/2022\/01\/hunting-360x300.png\" width=\"360\" height=\"300\" alt=\"Pronghorn hunting\" title=\"hunting\" loading=\"lazy\" \/><\/div><figcaption class=\"vc_figure-caption\">Foto: Tayler LaSharr<\/figcaption>\n\t\t<\/figure>\n\t<\/div>\n\n\t<div class=\"wpb_text_column wpb_content_element\" >\n\t\t<div class=\"wpb_wrapper\">\n\t\t\t<h4 style=\"text-align: center;\"><span class=\"OYPEnA text-decoration-none text-strikethrough-none\">Hallazgo 3: El tama\u00f1o de los cuernos y la edad de los berrendos no se tradujeron en la proporci\u00f3n de sexos de la poblaci\u00f3n.<\/span><\/h4>\n<p><span class=\"OYPEnA text-decoration-none text-strikethrough-none\">Para la mayor\u00eda de los animales de caza, la cantidad de presi\u00f3n de caza es un acto de equilibrio que los administradores de vida silvestre enfrentan anualmente: demasiados cazadores pueden significar menos animales de cuernos grandes en el paisaje. Para los berrendos, sin embargo, su r\u00e1pido ritmo de vida atenu\u00f3 el equilibrio t\u00edpico entre la presi\u00f3n de la cosecha y el tama\u00f1o de los cuernos. La proporci\u00f3n de sexos de las poblaciones, que puede indicar la estructura de edad de los machos, no tuvo influencia ni en la edad ni en el tama\u00f1o de los cuernos de los machos berrendos, lo que indica que es posible un aumento en la caza de berrendos.<\/span><\/p>\n\n\t\t<\/div>\n\t<\/div>\n<\/div><\/div><\/div><\/div><div class=\"vc_row wpb_row vc_row-fluid\"><div class=\"wpb_column vc_column_container vc_col-sm-12\"><div class=\"vc_column-inner\"><div class=\"wpb_wrapper\"><div class=\"vc_empty_space\"   style=\"height: 32px\"><span class=\"vc_empty_space_inner\"><\/span><\/div><\/div><\/div><\/div><\/div><div class=\"vc_row wpb_row vc_row-fluid\"><div class=\"wpb_column vc_column_container vc_col-sm-6\"><div class=\"vc_column-inner\"><div class=\"wpb_wrapper\">\n\t<div class=\"wpb_text_column wpb_content_element\" >\n\t\t<div class=\"wpb_wrapper\">\n\t\t\t<h4 style=\"text-align: center;\">Lider del proyecto<\/h4>\n<p style=\"text-align: center;\">Lee Tafelmeyer<\/p>\n\n\t\t<\/div>\n\t<\/div>\n\n\t<div  class=\"wpb_single_image wpb_content_element vc_align_center\">\n\t\t\n\t\t<figure class=\"wpb_wrapper vc_figure\">\n\t\t\t<div class=\"vc_single_image-wrapper   vc_box_border_grey\"><img decoding=\"async\" class=\"vc_single_image-img\" src=\"https:\/\/monteithshop.org\/wp-content\/uploads\/2022\/01\/LT_Buffalo-scaled-200x200.jpg\" width=\"200\" height=\"200\" alt=\"A man wearing a ball cap sits in the driver&#039;s seat of a vehicle, and is taking a selfie with a bison walking along a paved road.\" title=\"Lee in a car next to a bison.\" loading=\"lazy\" \/><\/div>\n\t\t<\/figure>\n\t<\/div>\n<\/div><\/div><\/div><div class=\"wpb_column vc_column_container vc_col-sm-6\"><div class=\"vc_column-inner\"><div class=\"wpb_wrapper\">\n\t<div class=\"wpb_text_column wpb_content_element\" >\n\t\t<div class=\"wpb_wrapper\">\n\t\t\t<h4 style=\"text-align: center;\">Colaboradores, socios y financiadores<\/h4>\n<p>Este proyecto se produce en colaboraci\u00f3n con el Wyoming Game and Fish Department. El proyecto es apoyado por el Wyoming Game and Fish Department y el Wyoming Governor\u2019s Big Game License Coalition.<\/p>\n\n\t\t<\/div>\n\t<\/div>\n<\/div><\/div><\/div><\/div><div class=\"vc_row wpb_row vc_row-fluid\"><div class=\"wpb_column vc_column_container vc_col-sm-12\"><div class=\"vc_column-inner\"><div class=\"wpb_wrapper\"><\/div><\/div><\/div><\/div>\n<\/div>","protected":false},"excerpt":{"rendered":"Photo credit: Tayler LaSharr Pronghorn are a cherished species of big game and an iconic part of Wyoming and the West. Although many may view them as commonplace in Wyoming, they are an ecologically remarkable species with a suite of traits that differ drastically from any other species of wild game in North America. In &hellip; <p class=\"link-more\"><a href=\"https:\/\/monteithshop.org\/es\/finished-projects\/pronghorn-harvest-project\/\" class=\"more-link\">Read more<span class=\"screen-reader-text\"> \"Pronghorn Harvest Project\"<\/span><\/a><\/p>","protected":false},"author":1,"featured_media":1466,"parent":1647,"menu_order":0,"comment_status":"closed","ping_status":"closed","template":"","meta":{"footnotes":""},"class_list":["post-1461","page","type-page","status-publish","has-post-thumbnail","hentry"],"_links":{"self":[{"href":"https:\/\/monteithshop.org\/es\/wp-json\/wp\/v2\/pages\/1461","targetHints":{"allow":["GET"]}}],"collection":[{"href":"https:\/\/monteithshop.org\/es\/wp-json\/wp\/v2\/pages"}],"about":[{"href":"https:\/\/monteithshop.org\/es\/wp-json\/wp\/v2\/types\/page"}],"author":[{"embeddable":true,"href":"https:\/\/monteithshop.org\/es\/wp-json\/wp\/v2\/users\/1"}],"replies":[{"embeddable":true,"href":"https:\/\/monteithshop.org\/es\/wp-json\/wp\/v2\/comments?post=1461"}],"version-history":[{"count":25,"href":"https:\/\/monteithshop.org\/es\/wp-json\/wp\/v2\/pages\/1461\/revisions"}],"predecessor-version":[{"id":2491,"href":"https:\/\/monteithshop.org\/es\/wp-json\/wp\/v2\/pages\/1461\/revisions\/2491"}],"up":[{"embeddable":true,"href":"https:\/\/monteithshop.org\/es\/wp-json\/wp\/v2\/pages\/1647"}],"wp:featuredmedia":[{"embeddable":true,"href":"https:\/\/monteithshop.org\/es\/wp-json\/wp\/v2\/media\/1466"}],"wp:attachment":[{"href":"https:\/\/monteithshop.org\/es\/wp-json\/wp\/v2\/media?parent=1461"}],"curies":[{"name":"wp","href":"https:\/\/api.w.org\/{rel}","templated":true}]}}