{"id":1489,"date":"2022-01-27T18:29:37","date_gmt":"2022-01-27T18:29:37","guid":{"rendered":"https:\/\/monteithshop.org\/?page_id=1489"},"modified":"2023-08-22T21:47:04","modified_gmt":"2023-08-22T21:47:04","slug":"bighorn-sheep-nutrition-disease","status":"publish","type":"page","link":"https:\/\/monteithshop.org\/es\/ongoing-research\/bighorn-sheep-nutrition-disease\/","title":{"rendered":"El proyecto de nutrici\u00f3n y enfermedad en el borrego cimarr\u00f3n"},"content":{"rendered":"<div class=\"wpb-content-wrapper\"><div class=\"vc_row wpb_row vc_row-fluid\"><div class=\"wpb_column vc_column_container vc_col-sm-12\"><div class=\"vc_column-inner\"><div class=\"wpb_wrapper\"><div class=\"vc_empty_space\"   style=\"height: 32px\"><span class=\"vc_empty_space_inner\"><\/span><\/div><\/div><\/div><\/div><\/div><div data-vc-full-width=\"true\" data-vc-full-width-init=\"false\" class=\"vc_row wpb_row vc_row-fluid vc_custom_1643233418797 vc_row-has-fill vc_row-o-full-height vc_row-o-columns-middle vc_row-o-equal-height vc_row-o-content-middle vc_row-flex\"><div class=\"wpb_column vc_column_container vc_col-sm-6\"><div class=\"vc_column-inner\"><div class=\"wpb_wrapper\">\n\t<div  class=\"wpb_single_image wpb_content_element vc_align_center\">\n\t\t\n\t\t<figure class=\"wpb_wrapper vc_figure\">\n\t\t\t<div class=\"vc_single_image-wrapper   vc_box_border_grey\"><img decoding=\"async\" class=\"vc_single_image-img\" src=\"https:\/\/monteithshop.org\/wp-content\/uploads\/2022\/01\/sheep3-750x740.png\" width=\"750\" height=\"740\" alt=\"A bighorn sheep ewe in her summer coat lies in front of a few-month-old lamb. They are in a bed of short, alpine plants with large, lichen-covered rocks.\" title=\"Ewe and lamb.\" loading=\"lazy\" \/><\/div><figcaption class=\"vc_figure-caption\">Foto: Tayler LaSharr<\/figcaption>\n\t\t<\/figure>\n\t<\/div>\n<\/div><\/div><\/div><div class=\"wpb_column vc_column_container vc_col-sm-6\"><div class=\"vc_column-inner\"><div class=\"wpb_wrapper\">\n\t<div class=\"wpb_text_column wpb_content_element\" >\n\t\t<div class=\"wpb_wrapper\">\n\t\t\t<p>Los brotes de neumon\u00eda en el borrego cimarr\u00f3n se han convertido en un <a href=\"https:\/\/monteithshop.org\/es\/compendiums\/wildlife-livestock-interface\/\">problema de conservaci\u00f3n y manejo<\/a> para ovejas salvajes en toda Am\u00e9rica del Norte. Sin embargo, no todos los brotes de neumon\u00eda afectan de la misma manera a las poblaciones de ovejas y no todas las poblaciones con pat\u00f3genos tienen epidemias de neumon\u00eda.<\/p>\n\n\t\t<\/div>\n\t<\/div>\n<\/div><\/div><\/div><\/div><div class=\"vc_row-full-width vc_clearfix\"><\/div><div class=\"vc_row wpb_row vc_row-fluid vc_custom_1643233992682 vc_row-has-fill vc_row-o-content-middle vc_row-flex\"><div class=\"wpb_column vc_column_container vc_col-sm-6\"><div class=\"vc_column-inner\"><div class=\"wpb_wrapper\">\n\t<div class=\"wpb_text_column wpb_content_element\" >\n\t\t<div class=\"wpb_wrapper\">\n\t\t\t<p>Sospechamos que la susceptibilidad de una poblaci\u00f3n de borrego cimarr\u00f3n a una epidemia de neumon\u00eda puede depender de la calidad nutricional de su paisaje y, por tanto, de la condici\u00f3n nutricional de las ovejas en ese paisaje. Estamos estudiando c\u00f3mo interact\u00faan las enfermedades, el h\u00e1bitat y muchos otros factores para influir en los adultos y <a href=\"http:\/\/monteithshop.org\/wp-content\/uploads\/2022\/04\/MonteithEtAl2013_FatDynamics.pdf\">supervivencia de corderos<\/a>.<\/p>\n\n\t\t<\/div>\n\t<\/div>\n<\/div><\/div><\/div><div class=\"wpb_column vc_column_container vc_col-sm-6\"><div class=\"vc_column-inner\"><div class=\"wpb_wrapper\">\n\t<div  class=\"wpb_single_image wpb_content_element vc_align_center\">\n\t\t\n\t\t<figure class=\"wpb_wrapper vc_figure\">\n\t\t\t<div class=\"vc_single_image-wrapper   vc_box_border_grey\"><img decoding=\"async\" class=\"vc_single_image-img\" src=\"https:\/\/monteithshop.org\/wp-content\/uploads\/2022\/01\/cutelamb-8-1.jpg\" width=\"750\" height=\"750\" alt=\"A close up of a bighorn sheep lamb, just hours after being born. The lamb has a short snout, huge eyes, and tufts of hair sticking out everywhere. The lamb is laying in slushy snow.\" title=\"Cute lamb\" loading=\"lazy\" \/><\/div><figcaption class=\"vc_figure-caption\">Foto: Rachel Smiley<\/figcaption>\n\t\t<\/figure>\n\t<\/div>\n<\/div><\/div><\/div><\/div><div class=\"vc_row wpb_row vc_row-fluid\"><div class=\"wpb_column vc_column_container vc_col-sm-12\"><div class=\"vc_column-inner\"><div class=\"wpb_wrapper\"><div class=\"vc_empty_space\"   style=\"height: 32px\"><span class=\"vc_empty_space_inner\"><\/span><\/div><\/div><\/div><\/div><\/div><div class=\"vc_row wpb_row vc_row-fluid\"><div class=\"wpb_column vc_column_container vc_col-sm-12\"><div class=\"vc_column-inner\"><div class=\"wpb_wrapper\">\n\t<div class=\"wpb_text_column wpb_content_element\" >\n\t\t<div class=\"wpb_wrapper\">\n\t\t\t<h2 style=\"text-align: center;\">Preguntas principales<\/h2>\n\n\t\t<\/div>\n\t<\/div>\n<\/div><\/div><\/div><\/div><div class=\"vc_row wpb_row vc_row-fluid\"><div class=\"wpb_column vc_column_container vc_col-sm-12\"><div class=\"vc_column-inner\"><div class=\"wpb_wrapper\"><\/div><\/div><\/div><\/div><div class=\"vc_row wpb_row vc_row-fluid\"><div class=\"wpb_column vc_column_container vc_col-sm-4\"><div class=\"vc_column-inner\"><div class=\"wpb_wrapper\">\n\t<div  class=\"wpb_single_image wpb_content_element vc_align_center\">\n\t\t\n\t\t<figure class=\"wpb_wrapper vc_figure\">\n\t\t\t<div class=\"vc_single_image-wrapper   vc_box_border_grey\"><img decoding=\"async\" class=\"vc_single_image-img\" src=\"https:\/\/monteithshop.org\/wp-content\/uploads\/2022\/01\/Untitled-design-2.png\" width=\"360\" height=\"300\" alt=\"A schematic showing the relationship between fat, immune function, survival, and reproductive success in bighorn sheep. In the top part of the schematic, a large arrow points from a fat sheep and connects increased immune function. This then ricochets to increased survival and reproductive success. In the bottom, a narrow arrow emerges from a skinny sheep, connecting to decreased immune function, lower probability of survival, and lower reproductive success.\" title=\"Schematic of disease, fat, and survival.\" loading=\"lazy\" \/><\/div><figcaption class=\"vc_figure-caption\">Gr\u00e1fico: Rachel Smiley<\/figcaption>\n\t\t<\/figure>\n\t<\/div>\n\n\t<div class=\"wpb_text_column wpb_content_element\" >\n\t\t<div class=\"wpb_wrapper\">\n\t\t\t<h4 style=\"text-align: center;\">\u00bfC\u00f3mo afectan la nutrici\u00f3n y las enfermedades a la supervivencia de los hijos?<\/h4>\n<p>Para investigar la influencia de <a href=\"https:\/\/monteithshop.org\/es\/compendiums\/breeding-strategies\/\">condici\u00f3n materna<\/a> y el estado de la enfermedad en la supervivencia y la crianza de las cr\u00edas, combinamos informaci\u00f3n sobre la condici\u00f3n nutricional y el estado de la enfermedad de la madre con saber cu\u00e1nto tiempo sobreviven los corderos despu\u00e9s del nacimiento.<\/p>\n\n\t\t<\/div>\n\t<\/div>\n<\/div><\/div><\/div><div class=\"wpb_column vc_column_container vc_col-sm-4\"><div class=\"vc_column-inner\"><div class=\"wpb_wrapper\">\n\t<div  class=\"wpb_single_image wpb_content_element vc_align_center\">\n\t\t\n\t\t<figure class=\"wpb_wrapper vc_figure\">\n\t\t\t<div class=\"vc_single_image-wrapper   vc_box_border_grey\"><img decoding=\"async\" class=\"vc_single_image-img\" src=\"https:\/\/monteithshop.org\/wp-content\/uploads\/2022\/01\/IMG_3468_BW-1-1.jpg\" width=\"360\" height=\"300\" alt=\"A bighorn sheep lamb stands on a cliff&#039;s edge and looks over a canyon. It looks like their first winter coat is starting to come in.\" title=\"Lamb\" loading=\"lazy\" \/><\/div><figcaption class=\"vc_figure-caption\">Foto: Brittany Wagler<\/figcaption>\n\t\t<\/figure>\n\t<\/div>\n\n\t<div class=\"wpb_text_column wpb_content_element\" >\n\t\t<div class=\"wpb_wrapper\">\n\t\t\t<h4 style=\"text-align: center;\">\u00bfLas mam\u00e1s transmiten inmunidad a los corderos al nacer?<\/h4>\n<p>El reclutamiento de corderos puede ser un factor limitante en el crecimiento de la poblaci\u00f3n, especialmente despu\u00e9s de un brote de neumon\u00eda. Las inmunidades obtenidas de la madre podr\u00edan aumentar sus posibilidades de supervivencia, pero se desconoce si la madre puede transmitir dichas inmunidades a su descendencia. Estamos comparando anticuerpos (una forma de medir la inmunidad) entre madres y corderos reci\u00e9n nacidos.<\/p>\n\n\t\t<\/div>\n\t<\/div>\n<\/div><\/div><\/div><div class=\"wpb_column vc_column_container vc_col-sm-4\"><div class=\"vc_column-inner\"><div class=\"wpb_wrapper\">\n\t<div  class=\"wpb_single_image wpb_content_element vc_align_center\">\n\t\t\n\t\t<figure class=\"wpb_wrapper vc_figure\">\n\t\t\t<div class=\"vc_single_image-wrapper   vc_box_border_grey\"><img decoding=\"async\" class=\"vc_single_image-img\" src=\"https:\/\/monteithshop.org\/wp-content\/uploads\/2022\/01\/landscape-360x300.png\" width=\"360\" height=\"300\" alt=\"Short vegetation in the alpine. There are small rocks and short plants in the foreground, with miles and miles of mountains out onto the horizon. There are no trails, roads, or other obvious signs of humans. The sky is a bright blue with popcorn clouds.\" title=\"Wind River landscape\" loading=\"lazy\" \/><\/div><figcaption class=\"vc_figure-caption\">Foto: Rhiannon Jakopak<\/figcaption>\n\t\t<\/figure>\n\t<\/div>\n\n\t<div class=\"wpb_text_column wpb_content_element\" >\n\t\t<div class=\"wpb_wrapper\">\n\t\t\t<h4 style=\"text-align: center;\">\u00bfC\u00f3mo afecta la calidad del h\u00e1bitat a la condici\u00f3n nutricional y la inmunidad?<\/h4>\n<p>Los pat\u00f3genos que causan neumon\u00eda est\u00e1n presentes en la mayor\u00eda de las poblaciones de borrego cimarr\u00f3n en Wyoming, pero algunas poblaciones son m\u00e1s resistentes a los brotes que otras. Las ovejas con acceso a forraje de alta calidad tienden a estar en mejores condiciones nutricionales y pueden estar mejor protegidas de los efectos de los pat\u00f3genos que causan neumon\u00eda, en comparaci\u00f3n con las ovejas con acceso limitado a forraje de alta calidad.<\/p>\n\n\t\t<\/div>\n\t<\/div>\n<\/div><\/div><\/div><\/div><div class=\"vc_row wpb_row vc_row-fluid\"><div class=\"wpb_column vc_column_container vc_col-sm-12\"><div class=\"vc_column-inner\"><div class=\"wpb_wrapper\"><div class=\"vc_empty_space\"   style=\"height: 32px\"><span class=\"vc_empty_space_inner\"><\/span><\/div><\/div><\/div><\/div><\/div><div class=\"vc_row wpb_row vc_row-fluid\"><div class=\"wpb_column vc_column_container vc_col-sm-12\"><div class=\"vc_column-inner\"><div class=\"wpb_wrapper\">\n\t<div  class=\"wpb_single_image wpb_content_element vc_align_center\">\n\t\t\n\t\t<figure class=\"wpb_wrapper vc_figure\">\n\t\t\t<div class=\"vc_single_image-wrapper   vc_box_border_grey\"><img decoding=\"async\" class=\"vc_single_image-img\" src=\"https:\/\/monteithshop.org\/wp-content\/uploads\/2022\/01\/hiking.png\" width=\"1350\" height=\"420\" alt=\"Field ecologists hike on a trail along a snowy plane. They hike along a forest, with mountains in the background.\" title=\"Hiking in the winds.\" loading=\"lazy\" \/><\/div>\n\t\t<\/figure>\n\t<\/div>\n<\/div><\/div><\/div><\/div><div class=\"vc_row wpb_row vc_row-fluid\"><div class=\"wpb_column vc_column_container vc_col-sm-12\"><div class=\"vc_column-inner\"><div class=\"wpb_wrapper\"><div class=\"vc_empty_space\"   style=\"height: 32px\"><span class=\"vc_empty_space_inner\"><\/span><\/div><\/div><\/div><\/div><\/div><div class=\"vc_row wpb_row vc_row-fluid\"><div class=\"wpb_column vc_column_container vc_col-sm-12\"><div class=\"vc_column-inner\"><div class=\"wpb_wrapper\">\n\t<div class=\"wpb_text_column wpb_content_element\" >\n\t\t<div class=\"wpb_wrapper\">\n\t\t\t<h2 style=\"text-align: center;\">Comunicaciones<\/h2>\n\n\t\t<\/div>\n\t<\/div>\n<div class=\"vc_row wpb_row vc_inner vc_row-fluid\"><div class=\"wpb_column vc_column_container vc_col-sm-4\"><div class=\"vc_column-inner\"><div class=\"wpb_wrapper\">\n\t<div  class=\"wpb_single_image wpb_content_element vc_align_center\">\n\t\t\n\t\t<figure class=\"wpb_wrapper vc_figure\">\n\t\t\t<div class=\"vc_single_image-wrapper   vc_box_border_grey\"><img decoding=\"async\" class=\"vc_single_image-img\" src=\"https:\/\/monteithshop.org\/wp-content\/uploads\/2022\/01\/EwesHorizon-3-360x300.jpg\" width=\"360\" height=\"300\" alt=\"A bighorn sheep ewe wearing a GPS collar struts among short alpine vegetation and small granite rocks.\" title=\"Ewe on the horizon.\" loading=\"lazy\" \/><\/div><figcaption class=\"vc_figure-caption\">Foto: Brittany Wagler<\/figcaption>\n\t\t<\/figure>\n\t<\/div>\n\n\t<div class=\"wpb_text_column wpb_content_element\" >\n\t\t<div class=\"wpb_wrapper\">\n\t\t\t<h4 style=\"text-align: center;\">Articulos cientificos<\/h4>\n<p>\u201cEffects of helicopter net-gunning on survival of bighorn sheep\u201d by Brittany L Wagler, Rachel A Smiley, Alyson B Courtemanch, Gregory Anderson, Daryl Lutz, Doug McWhirter, Doug Brimeyer, Patrick Hnilicka, Cody P Massing, David W German, Thomas R Stephenson, Kevin L Monteith. Publicado en 2022 en el Journal of Wildlife Management.<\/p>\n<p>\u201cHeterogeneity in risk\u2010sensitive allocation of somatic reserves in a long\u2010lived mammal\u201d by\u00a0Rachel A Smiley, Brittany L Wagler, Tayler N LaSharr, Kristin A Denryter, Thomas R Stephenson, Alyson B Courtemanch, Tony W Mong, Daryl Lutz, Doug McWhirter, Doug Brimeyer, Patrick Hnilicka, Blake Lowrey, Kevin L Monteith. Publicado en 2022 en Ecosphere.<\/p>\n<p>Para ver los otros art\u00edculos cient\u00edficos que surgieron de esta investigaci\u00f3n, visite nuestra lista de publicaciones revisadas por pares.<\/p>\n\n\t\t<\/div>\n\t<\/div>\n<\/div><\/div><\/div><div class=\"wpb_column vc_column_container vc_col-sm-4\"><div class=\"vc_column-inner\"><div class=\"wpb_wrapper\">\n\t<div  class=\"wpb_single_image wpb_content_element vc_align_center\">\n\t\t\n\t\t<figure class=\"wpb_wrapper vc_figure\">\n\t\t\t<div class=\"vc_single_image-wrapper   vc_box_border_grey\"><img decoding=\"async\" class=\"vc_single_image-img\" src=\"https:\/\/monteithshop.org\/wp-content\/uploads\/2022\/01\/DSC03842-360x300.jpg\" width=\"360\" height=\"300\" alt=\"A scientist looks through binoculars at an unknown object. She is smiling. She is standing in a snowy forest, with burned trees covered in snow in the background.\" title=\"Rachel searching.\" loading=\"lazy\" \/><\/div><figcaption class=\"vc_figure-caption\">Foto: Tayler LaSharr<\/figcaption>\n\t\t<\/figure>\n\t<\/div>\n\n\t<div class=\"wpb_text_column wpb_content_element\" >\n\t\t<div class=\"wpb_wrapper\">\n\t\t\t<h4 style=\"text-align: center;\">Prensa<\/h4>\n<p>\u201cFacing a \u2018die off,\u2019 bighorn sheep get airlifted for a health checkup,\u201d by Hannah Merzbach for Wyoming Public Media, 2023.\u00a0<a href=\"https:\/\/www.wyomingpublicmedia.org\/open-spaces\/2023-01-13\/facing-a-die-off-bighorn-sheep-get-airlifted-for-a-health-checkup\">Enlace<\/a>.<\/p>\n<p>\u201cBighorns in the Upper Green captured for research,\u201d by Mark Gocke for Wyoming Game and Fish Department, 2023.\u00a0<a href=\"https:\/\/docs.google.com\/document\/d\/1eMM0Wb-2kLPKLeP0286G5SR6a7CUXwCpPdmyRhjAz0E\/edit\">Enlace<\/a>.<\/p>\n<p>\u201cBiologists worry about die-off after ewe hunt failed to substantially cull pneumonia-prone bighorn herd,\u201d by Billy Arnold for Jackson Hole News &amp; Guide, 2023.\u00a0<a href=\"https:\/\/trib.com\/news\/state-and-regional\/biologists-worry-about-die-off-after-ewe-hunt-failed-to-substantially-cull-pneumonia-prone-bighorn\/article_d4f50718-8d3a-11ed-ba5c-e320a7d8b86e.html\">Enlace<\/a>.<\/p>\n<p>\u201cAmidst the rocky crags,\u201d by Emily Reed for Modern Huntsman, 2021.\u00a0<a href=\"https:\/\/modernhuntsman.com\/amidst-the-rocky-crags\/\">Enlace<\/a>.<\/p>\n\n\t\t<\/div>\n\t<\/div>\n<\/div><\/div><\/div><div class=\"wpb_column vc_column_container vc_col-sm-4\"><div class=\"vc_column-inner\"><div class=\"wpb_wrapper\">\n\t<div  class=\"wpb_single_image wpb_content_element vc_align_center\">\n\t\t\n\t\t<figure class=\"wpb_wrapper vc_figure\">\n\t\t\t<div class=\"vc_single_image-wrapper   vc_box_border_grey\"><img decoding=\"async\" class=\"vc_single_image-img\" src=\"https:\/\/monteithshop.org\/wp-content\/uploads\/2023\/06\/DSC05723-scaled-360x300.jpg\" width=\"360\" height=\"300\" alt=\"People gather around a table, where a man is trying to count the number of rings on a sheep&#039;s horns to age him.\" title=\"SheepShow\" loading=\"lazy\" \/><\/div><figcaption class=\"vc_figure-caption\">Foto: Rhiannon Jakopak<\/figcaption>\n\t\t<\/figure>\n\t<\/div>\n\n\t<div class=\"wpb_text_column wpb_content_element\" >\n\t\t<div class=\"wpb_wrapper\">\n\t\t\t<h4 style=\"text-align: center;\">Comunicaciones<\/h4>\n<p>Cada a\u00f1o, viajamos a Reno, Nevada, para compartir nuestro trabajo y hablar con entusiastas de las ovejas en el Sheep Show. Tambi\u00e9n compartimos nuestro trabajo con estudiantes K-12, ya sea en campamentos con el <a href=\"https:\/\/bighorn.org\/\">National Bighorn Sheep Center<\/a> o en escuelas de todo el estado, cuando sea posible.<\/p>\n\n\t\t<\/div>\n\t<\/div>\n<\/div><\/div><\/div><\/div><\/div><\/div><\/div><\/div><div class=\"vc_row wpb_row vc_row-fluid\"><div class=\"wpb_column vc_column_container vc_col-sm-12\"><div class=\"vc_column-inner\"><div class=\"wpb_wrapper\"><div class=\"vc_empty_space\"   style=\"height: 32px\"><span class=\"vc_empty_space_inner\"><\/span><\/div><\/div><\/div><\/div><\/div><div class=\"vc_row wpb_row vc_row-fluid\"><div class=\"wpb_column vc_column_container vc_col-sm-12\"><div class=\"vc_column-inner\"><div class=\"wpb_wrapper\">\n\t<div class=\"wpb_text_column wpb_content_element\" >\n\t\t<div class=\"wpb_wrapper\">\n\t\t\t<h4 style=\"text-align: center;\">L\u00edderes del proyecto<\/h4>\n\n\t\t<\/div>\n\t<\/div>\n<div class=\"vc_row wpb_row vc_inner vc_row-fluid\"><div class=\"wpb_column vc_column_container vc_col-sm-4\"><div class=\"vc_column-inner\"><div class=\"wpb_wrapper\">\n\t<div class=\"wpb_text_column wpb_content_element\" >\n\t\t<div class=\"wpb_wrapper\">\n\t\t\t<p style=\"text-align: center;\">Jack Gavin<\/p>\n\n\t\t<\/div>\n\t<\/div>\n\n\t<div  class=\"wpb_single_image wpb_content_element vc_align_center\">\n\t\t\n\t\t<figure class=\"wpb_wrapper vc_figure\">\n\t\t\t<div class=\"vc_single_image-wrapper   vc_box_border_grey\"><img decoding=\"async\" class=\"vc_single_image-img\" src=\"https:\/\/monteithshop.org\/wp-content\/uploads\/2023\/01\/thumbnail_IMG-1487-1-200x200.jpg\" width=\"200\" height=\"200\" alt=\"Jack marvels at a small frog.\" title=\"Jack\" loading=\"lazy\" \/><\/div>\n\t\t<\/figure>\n\t<\/div>\n<\/div><\/div><\/div><div class=\"wpb_column vc_column_container vc_col-sm-4\"><div class=\"vc_column-inner\"><div class=\"wpb_wrapper\">\n\t<div class=\"wpb_text_column wpb_content_element\" >\n\t\t<div class=\"wpb_wrapper\">\n\t\t\t<p style=\"text-align: center;\">Rachel Smiley<\/p>\n\n\t\t<\/div>\n\t<\/div>\n\n\t<div  class=\"wpb_single_image wpb_content_element vc_align_center\">\n\t\t\n\t\t<figure class=\"wpb_wrapper vc_figure\">\n\t\t\t<div class=\"vc_single_image-wrapper   vc_box_border_grey\"><img decoding=\"async\" class=\"vc_single_image-img\" src=\"https:\/\/monteithshop.org\/wp-content\/uploads\/2022\/01\/rachel-200x200.jpg\" width=\"200\" height=\"200\" alt=\"A scientist with a dirty face, a ball cap, and a puffy jacket stands far away from a female bighorn sheep, who is in the background. The bighorn sheep is looking off into the distance, and seems to not notice the scientist.\" title=\"rachel\" loading=\"lazy\" \/><\/div>\n\t\t<\/figure>\n\t<\/div>\n<\/div><\/div><\/div><div class=\"wpb_column vc_column_container vc_col-sm-4\"><div class=\"vc_column-inner\"><div class=\"wpb_wrapper\">\n\t<div class=\"wpb_text_column wpb_content_element\" >\n\t\t<div class=\"wpb_wrapper\">\n\t\t\t<p style=\"text-align: center;\">Brittany Wagler<\/p>\n\n\t\t<\/div>\n\t<\/div>\n\n\t<div  class=\"wpb_single_image wpb_content_element vc_align_center\">\n\t\t\n\t\t<figure class=\"wpb_wrapper vc_figure\">\n\t\t\t<div class=\"vc_single_image-wrapper   vc_box_border_grey\"><img decoding=\"async\" class=\"vc_single_image-img\" src=\"https:\/\/monteithshop.org\/wp-content\/uploads\/2020\/01\/Wagler_2-200x200.jpeg\" width=\"200\" height=\"200\" alt=\"Brittany smiles at the camera, gleefully showing off a cylinder of ungulate poop.\" title=\"Wagler_2\" loading=\"lazy\" \/><\/div>\n\t\t<\/figure>\n\t<\/div>\n<\/div><\/div><\/div><\/div><\/div><\/div><\/div><\/div><div class=\"vc_row wpb_row vc_row-fluid\"><div class=\"wpb_column vc_column_container vc_col-sm-12\"><div class=\"vc_column-inner\"><div class=\"wpb_wrapper\">\n\t<div class=\"wpb_text_column wpb_content_element\" >\n\t\t<div class=\"wpb_wrapper\">\n\t\t\t<h4 style=\"text-align: center;\">Colaboradores, socios y financiadores<\/h4>\n<p>Este proyecto se produce en colaboraci\u00f3n con el Wyoming Game and Fish Department y el Wyoming State Veterinary Laboratory. Es apoyado por el Wyoming Governor\u2019s Big Game License Coalition, Wild Sheep Foundation, Wyoming Wild Sheep Foundation, Bowhunters of Wyoming, Wyoming Wildlife Livestock Disease Research Partnership, Wyoming Wildlife and Natural Resource Trust, Bureau of Land Management, Wyoming Animal Damage Management Board, United States Forest Service, Teton Conservation District, United States Fish and Wildlife Service, y Mountain View Resort, Lodging, and RV Park.<\/p>\n\n\t\t<\/div>\n\t<\/div>\n<\/div><\/div><\/div><\/div><div class=\"vc_row wpb_row vc_row-fluid\"><div class=\"wpb_column vc_column_container vc_col-sm-12\"><div class=\"vc_column-inner\"><div class=\"wpb_wrapper\"><div class=\"vc_empty_space\"   style=\"height: 32px\"><span class=\"vc_empty_space_inner\"><\/span><\/div><\/div><\/div><\/div><\/div>\n<\/div>","protected":false},"excerpt":{"rendered":"Photo credit: Tayler LaSharr Pneumonia outbreaks in bighorn sheep have become a conservation and management issue for wild sheep herds across North America. However, not all pneumonia outbreaks effect sheep populations the same and not all populations carrying pneumonia related pathogens have outbreaks. We suspect that the susceptibility of a bighorn sheep population to a &hellip; <p class=\"link-more\"><a href=\"https:\/\/monteithshop.org\/es\/ongoing-research\/bighorn-sheep-nutrition-disease\/\" class=\"more-link\">Read more<span class=\"screen-reader-text\"> \"Bighorn Sheep Nutrition Disease\"<\/span><\/a><\/p>","protected":false},"author":1,"featured_media":2059,"parent":1521,"menu_order":0,"comment_status":"closed","ping_status":"closed","template":"","meta":{"footnotes":""},"class_list":["post-1489","page","type-page","status-publish","has-post-thumbnail","hentry"],"_links":{"self":[{"href":"https:\/\/monteithshop.org\/es\/wp-json\/wp\/v2\/pages\/1489","targetHints":{"allow":["GET"]}}],"collection":[{"href":"https:\/\/monteithshop.org\/es\/wp-json\/wp\/v2\/pages"}],"about":[{"href":"https:\/\/monteithshop.org\/es\/wp-json\/wp\/v2\/types\/page"}],"author":[{"embeddable":true,"href":"https:\/\/monteithshop.org\/es\/wp-json\/wp\/v2\/users\/1"}],"replies":[{"embeddable":true,"href":"https:\/\/monteithshop.org\/es\/wp-json\/wp\/v2\/comments?post=1489"}],"version-history":[{"count":29,"href":"https:\/\/monteithshop.org\/es\/wp-json\/wp\/v2\/pages\/1489\/revisions"}],"predecessor-version":[{"id":2450,"href":"https:\/\/monteithshop.org\/es\/wp-json\/wp\/v2\/pages\/1489\/revisions\/2450"}],"up":[{"embeddable":true,"href":"https:\/\/monteithshop.org\/es\/wp-json\/wp\/v2\/pages\/1521"}],"wp:featuredmedia":[{"embeddable":true,"href":"https:\/\/monteithshop.org\/es\/wp-json\/wp\/v2\/media\/2059"}],"wp:attachment":[{"href":"https:\/\/monteithshop.org\/es\/wp-json\/wp\/v2\/media?parent=1489"}],"curies":[{"name":"wp","href":"https:\/\/api.w.org\/{rel}","templated":true}]}}