{"id":1521,"date":"2022-01-27T19:11:35","date_gmt":"2022-01-27T19:11:35","guid":{"rendered":"https:\/\/monteithshop.org\/?page_id=1521"},"modified":"2025-08-16T20:11:38","modified_gmt":"2025-08-16T20:11:38","slug":"ongoing-research","status":"publish","type":"page","link":"https:\/\/monteithshop.org\/es\/ongoing-research\/","title":{"rendered":"Investigaciones en curso"},"content":{"rendered":"<div class=\"wpb-content-wrapper\"><div class=\"vc_row wpb_row vc_row-fluid\"><div class=\"wpb_column vc_column_container vc_col-sm-12\"><div class=\"vc_column-inner\"><div class=\"wpb_wrapper\"><div class=\"vc_empty_space\"   style=\"height: 32px\"><span class=\"vc_empty_space_inner\"><\/span><\/div><\/div><\/div><\/div><\/div><div class=\"vc_row wpb_row vc_row-fluid\"><div class=\"wpb_column vc_column_container vc_col-sm-12\"><div class=\"vc_column-inner\"><div class=\"wpb_wrapper\">\n\t<div class=\"wpb_text_column wpb_content_element\" >\n\t\t<div class=\"wpb_wrapper\">\n\t\t\t<p>From bighorn sheep in the Sierras of California to mule deer in central Wyoming, we study what makes ungulates and their populations tick.<\/p>\n<p>Cada uno de nuestros proyectos es un poco diferente, pero tendemos a tener temas comunes en la mayor\u00eda de nuestros proyectos: ecolog\u00eda nutricional, un enfoque individual y datos a largo plazo. Al estudiar la ecolog\u00eda nutricional, podemos aprender c\u00f3mo el h\u00e1bitat y otros factores ambientales influyen en los individuos y luego comprender c\u00f3mo los individuos se unen para formar una poblaci\u00f3n completa. Al observar a los individuos y las poblaciones durante muchos a\u00f1os, comenzamos a tener una mejor idea de lo que impulsa a las poblaciones.<\/p>\n<p>\u00a1Mira algunos de nuestros proyectos para ver lo que estamos haciendo!<\/p>\n\n\t\t<\/div>\n\t<\/div>\n<\/div><\/div><\/div><\/div><div class=\"vc_row wpb_row vc_row-fluid\"><div class=\"wpb_column vc_column_container vc_col-sm-12\"><div class=\"vc_column-inner\"><div class=\"wpb_wrapper\"><div class=\"vc_row wpb_row vc_inner vc_row-fluid vc_custom_1643393512207 vc_row-has-fill\"><div class=\"wpb_column vc_column_container vc_col-sm-4\"><div class=\"vc_column-inner\"><div class=\"wpb_wrapper\">\n\t<div  class=\"wpb_single_image wpb_content_element vc_align_center  vc_custom_1732739662201\">\n\t\t\n\t\t<figure class=\"wpb_wrapper vc_figure\">\n\t\t\t<a href=\"https:\/\/monteithshop.org\/es\/ourwork\/bighorn-sheep-nutrition-disease\/\" target=\"_self\" class=\"vc_single_image-wrapper vc_box_shadow  vc_box_border_grey\"><img decoding=\"async\" class=\"vc_single_image-img\" src=\"https:\/\/monteithshop.org\/wp-content\/uploads\/2022\/01\/EweLamb6_LaSharr-1-1.jpg\" width=\"350\" height=\"300\" alt=\"A bighorn sheep ewe is laying down in short alpine plants. She has closed her eyes just slightly and is leaning against a lamb. The lamb is facing away from the camera, with a hesitant look on its face.\" title=\"Ewe lamb\" loading=\"lazy\" \/><\/a>\n\t\t<\/figure>\n\t<\/div>\n\n\t<div class=\"wpb_text_column wpb_content_element  vc_custom_1732740068123\" >\n\t\t<div class=\"wpb_wrapper\">\n\t\t\t<h3 style=\"text-align: center;\">El proyecto de nutrici\u00f3n y enfermedad en el borrego cimarr\u00f3n<\/h3>\n\n\t\t<\/div>\n\t<\/div>\n<\/div><\/div><\/div><div class=\"wpb_column vc_column_container vc_col-sm-4\"><div class=\"vc_column-inner\"><div class=\"wpb_wrapper\">\n\t<div  class=\"wpb_single_image wpb_content_element vc_align_center\">\n\t\t\n\t\t<figure class=\"wpb_wrapper vc_figure\">\n\t\t\t<a href=\"https:\/\/monteithshop.org\/es\/ongoing-research\/sierra-sheep-project\/\" target=\"_self\" class=\"vc_single_image-wrapper vc_box_shadow  vc_box_border_grey\"><img decoding=\"async\" class=\"vc_single_image-img\" src=\"https:\/\/monteithshop.org\/wp-content\/uploads\/2023\/06\/IMG_8855-scaled-360x300.jpg\" width=\"360\" height=\"300\" alt=\"A person sits, wearing a backpack and looking through binoculars from the top of a rocky mountain: below, rocky slopes, forest, and a lake are shown.\" title=\"IMG_8855\" loading=\"lazy\" \/><\/a>\n\t\t<\/figure>\n\t<\/div>\n\n\t<div class=\"wpb_text_column wpb_content_element  vc_custom_1732740081160\" >\n\t\t<div class=\"wpb_wrapper\">\n\t\t\t<h3 style=\"text-align: center;\">Proyecto de la recuperaci\u00f3n del borrego cimarr\u00f3n de la Sierra Nevada<\/h3>\n\n\t\t<\/div>\n\t<\/div>\n<\/div><\/div><\/div><div class=\"wpb_column vc_column_container vc_col-sm-4\"><div class=\"vc_column-inner\"><div class=\"wpb_wrapper\">\n\t<div  class=\"wpb_single_image wpb_content_element vc_align_center\">\n\t\t\n\t\t<figure class=\"wpb_wrapper vc_figure\">\n\t\t\t<a href=\"https:\/\/monteithshop.org\/es\/ourwork\/ongoing-research\/wyoming-range-mule-deer-project\/\" target=\"_self\" class=\"vc_single_image-wrapper vc_box_shadow  vc_box_border_grey\"><img decoding=\"async\" class=\"vc_single_image-img\" src=\"https:\/\/monteithshop.org\/wp-content\/uploads\/2022\/01\/CollaredBuck_Regan-scaled-360x300.jpg\" width=\"360\" height=\"300\" alt=\"A mule deer buck with large antlers (4 points on each side) and a thick neck stands in chest-high sagebrush, looking directly at the camera. The buck is wearing a GPS collar around his neck. The buck\u2019s coat matches the colors of the sagebrush.\" title=\"Collared mule deer buck.\" loading=\"lazy\" \/><\/a>\n\t\t<\/figure>\n\t<\/div>\n\n\t<div class=\"wpb_text_column wpb_content_element  vc_custom_1732740088954\" >\n\t\t<div class=\"wpb_wrapper\">\n\t\t\t<h3 style=\"text-align: center;\">Proyecto de ciervos mula de la cordillera de Wyoming<\/h3>\n\n\t\t<\/div>\n\t<\/div>\n<\/div><\/div><\/div><\/div><\/div><\/div><\/div><\/div><div class=\"vc_row wpb_row vc_row-fluid\"><div class=\"wpb_column vc_column_container vc_col-sm-12\"><div class=\"vc_column-inner\"><div class=\"wpb_wrapper\"><div class=\"vc_empty_space\"   style=\"height: 32px\"><span class=\"vc_empty_space_inner\"><\/span><\/div><\/div><\/div><\/div><\/div><div class=\"vc_row wpb_row vc_row-fluid\"><div class=\"wpb_column vc_column_container vc_col-sm-4\"><div class=\"vc_column-inner\"><div class=\"wpb_wrapper\">\n\t<div  class=\"wpb_single_image wpb_content_element vc_align_center\">\n\t\t\n\t\t<figure class=\"wpb_wrapper vc_figure\">\n\t\t\t<a href=\"https:\/\/monteithshop.org\/es\/ourwork\/ongoing-research\/casper-mule-deer-project\/\" target=\"_self\" class=\"vc_single_image-wrapper vc_box_shadow  vc_box_border_grey\"><img decoding=\"async\" class=\"vc_single_image-img\" src=\"https:\/\/monteithshop.org\/wp-content\/uploads\/2022\/01\/IMG_4657-2-360x300.jpg\" width=\"360\" height=\"300\" alt=\"A mule deer in her summer coat walks up a hill covered in red soil. There are a few juniper trees and patches of short shrubs, but otherwise the landscape is mostly soil. She is wearing a GPS collar, and appears to be glancing at the camera out of the side of her eye.\" title=\"Mule deer walking.\" loading=\"lazy\" \/><\/a>\n\t\t<\/figure>\n\t<\/div>\n\n\t<div class=\"wpb_text_column wpb_content_element  vc_custom_1732740104447\" >\n\t\t<div class=\"wpb_wrapper\">\n\t\t\t<h3 style=\"text-align: center;\">Proyecto de ciervos mula de Casper<\/h3>\n\n\t\t<\/div>\n\t<\/div>\n<\/div><\/div><\/div><div class=\"wpb_column vc_column_container vc_col-sm-4\"><div class=\"vc_column-inner\"><div class=\"wpb_wrapper\">\n\t<div  class=\"wpb_single_image wpb_content_element vc_align_center\">\n\t\t\n\t\t<figure class=\"wpb_wrapper vc_figure\">\n\t\t\t<a href=\"https:\/\/monteithshop.org\/es\/ongoing-research\/beaver-ungulate-interaction-project\/\" target=\"_self\" class=\"vc_single_image-wrapper vc_box_shadow  vc_box_border_grey\"><img decoding=\"async\" class=\"vc_single_image-img\" src=\"https:\/\/monteithshop.org\/wp-content\/uploads\/2024\/11\/beavswimming_resized-scaled-e1732740338506-360x300.jpg\" width=\"360\" height=\"300\" alt=\"beavswimming_resized\" title=\"beavswimming_resized\" loading=\"lazy\" \/><\/a>\n\t\t<\/figure>\n\t<\/div>\n\n\t<div class=\"wpb_text_column wpb_content_element  vc_custom_1755372787161\" >\n\t\t<div class=\"wpb_wrapper\">\n\t\t\t<h3 style=\"text-align: center;\">Beaver-Ungulate Research Project<\/h3>\n\n\t\t<\/div>\n\t<\/div>\n<\/div><\/div><\/div><div class=\"wpb_column vc_column_container vc_col-sm-4\"><div class=\"vc_column-inner\"><div class=\"wpb_wrapper\">\n\t<div  class=\"wpb_single_image wpb_content_element vc_align_center\">\n\t\t\n\t\t<figure class=\"wpb_wrapper vc_figure\">\n\t\t\t<a href=\"https:\/\/monteithshop.org\/es\/ongoing-research\/moose-habitat-treatment-project\/\" target=\"_self\" class=\"vc_single_image-wrapper vc_box_shadow  vc_box_border_grey\"><img decoding=\"async\" class=\"vc_single_image-img\" src=\"https:\/\/monteithshop.org\/wp-content\/uploads\/2023\/06\/moose_LaSharr-scaled-360x300.jpg\" width=\"360\" height=\"300\" alt=\"A female moose peers through sparse branches.\" title=\"moose_LaSharr\" loading=\"lazy\" \/><\/a>\n\t\t<\/figure>\n\t<\/div>\n\n\t<div class=\"wpb_text_column wpb_content_element  vc_custom_1755375054284\" >\n\t\t<div class=\"wpb_wrapper\">\n\t\t\t<h3 style=\"text-align: center;\">Moose Habitat Research Project<\/h3>\n\n\t\t<\/div>\n\t<\/div>\n<\/div><\/div><\/div><\/div><div class=\"vc_row wpb_row vc_row-fluid\"><div class=\"wpb_column vc_column_container vc_col-sm-12\"><div class=\"vc_column-inner\"><div class=\"wpb_wrapper\"><div class=\"vc_empty_space\"   style=\"height: 32px\"><span class=\"vc_empty_space_inner\"><\/span><\/div><\/div><\/div><\/div><\/div>\n<\/div>","protected":false},"excerpt":{"rendered":"From bighorn sheep in the Sierras of California to mule deer in central Wyoming, we study what makes ungulates and their populations tick. Each one of our projects is a little different, but we tend to have common themes throughout most of our projects: nutritional ecology, an individual focus, and long-term data. By studying nutritional &hellip; <p class=\"link-more\"><a href=\"https:\/\/monteithshop.org\/es\/ongoing-research\/\" class=\"more-link\">Read more<span class=\"screen-reader-text\"> \"Ongoing research\"<\/span><\/a><\/p>","protected":false},"author":1,"featured_media":1548,"parent":0,"menu_order":0,"comment_status":"closed","ping_status":"closed","template":"","meta":{"footnotes":""},"class_list":["post-1521","page","type-page","status-publish","has-post-thumbnail","hentry"],"_links":{"self":[{"href":"https:\/\/monteithshop.org\/es\/wp-json\/wp\/v2\/pages\/1521","targetHints":{"allow":["GET"]}}],"collection":[{"href":"https:\/\/monteithshop.org\/es\/wp-json\/wp\/v2\/pages"}],"about":[{"href":"https:\/\/monteithshop.org\/es\/wp-json\/wp\/v2\/types\/page"}],"author":[{"embeddable":true,"href":"https:\/\/monteithshop.org\/es\/wp-json\/wp\/v2\/users\/1"}],"replies":[{"embeddable":true,"href":"https:\/\/monteithshop.org\/es\/wp-json\/wp\/v2\/comments?post=1521"}],"version-history":[{"count":40,"href":"https:\/\/monteithshop.org\/es\/wp-json\/wp\/v2\/pages\/1521\/revisions"}],"predecessor-version":[{"id":2728,"href":"https:\/\/monteithshop.org\/es\/wp-json\/wp\/v2\/pages\/1521\/revisions\/2728"}],"wp:featuredmedia":[{"embeddable":true,"href":"https:\/\/monteithshop.org\/es\/wp-json\/wp\/v2\/media\/1548"}],"wp:attachment":[{"href":"https:\/\/monteithshop.org\/es\/wp-json\/wp\/v2\/media?parent=1521"}],"curies":[{"name":"wp","href":"https:\/\/api.w.org\/{rel}","templated":true}]}}