{"id":1604,"date":"2022-01-28T18:49:15","date_gmt":"2022-01-28T18:49:15","guid":{"rendered":"https:\/\/monteithshop.org\/?page_id=1604"},"modified":"2023-08-22T21:45:29","modified_gmt":"2023-08-22T21:45:29","slug":"wyoming-range-mule-deer-project","status":"publish","type":"page","link":"https:\/\/monteithshop.org\/es\/ongoing-research\/wyoming-range-mule-deer-project\/","title":{"rendered":"Proyecto de ciervos mula de la cordillera de Wyoming"},"content":{"rendered":"<div class=\"wpb-content-wrapper\"><div class=\"vc_row wpb_row vc_row-fluid\"><div class=\"wpb_column vc_column_container vc_col-sm-12\"><div class=\"vc_column-inner\"><div class=\"wpb_wrapper\"><div class=\"vc_empty_space\"   style=\"height: 32px\"><span class=\"vc_empty_space_inner\"><\/span><\/div><\/div><\/div><\/div><\/div><div data-vc-full-width=\"true\" data-vc-full-width-init=\"false\" class=\"vc_row wpb_row vc_row-fluid vc_custom_1643233418797 vc_row-has-fill vc_row-o-full-height vc_row-o-columns-middle vc_row-o-equal-height vc_row-o-content-middle vc_row-flex\"><div class=\"wpb_column vc_column_container vc_col-sm-6\"><div class=\"vc_column-inner\"><div class=\"wpb_wrapper\">\n\t<div class=\"wpb_text_column wpb_content_element\" >\n\t\t<div class=\"wpb_wrapper\">\n\t\t\t<p>La cordillera de Wyoming ofrece paisajes impresionantes, abundante vida silvestre, exuberantes flores silvestres y amplias oportunidades de recreaci\u00f3n. Tambi\u00e9n es el hogar de una manada de ciervos mula muy apreciada en Wyoming y m\u00e1s all\u00e1. Garantizar que la manada de ciervos mula de la cordillera de Wyoming sea robusta y que lo siga siendo durante las generaciones venideras requiere una comprensi\u00f3n s\u00f3lida de los factores que hacen que esta manada especial funcione.<\/p>\n\n\t\t<\/div>\n\t<\/div>\n<\/div><\/div><\/div><div class=\"wpb_column vc_column_container vc_col-sm-6\"><div class=\"vc_column-inner\"><div class=\"wpb_wrapper\">\n\t<div  class=\"wpb_single_image wpb_content_element vc_align_center\">\n\t\t\n\t\t<figure class=\"wpb_wrapper vc_figure\">\n\t\t\t<div class=\"vc_single_image-wrapper vc_box_shadow  vc_box_border_grey\"><img decoding=\"async\" class=\"vc_single_image-img\" src=\"https:\/\/monteithshop.org\/wp-content\/uploads\/2022\/01\/CollaredBuck_Regan-scaled-750x750.jpg\" width=\"750\" height=\"750\" alt=\"A mule deer buck with large antlers (4 points on each side) and a thick neck stands in chest-high sagebrush, looking directly at the camera. The buck is wearing a GPS collar around his neck. The buck\u2019s coat matches the colors of the sagebrush.\" title=\"Collared mule deer buck.\" loading=\"lazy\" \/><\/div><figcaption class=\"vc_figure-caption\">Foto: Ben Regan<\/figcaption>\n\t\t<\/figure>\n\t<\/div>\n<\/div><\/div><\/div><\/div><div class=\"vc_row-full-width vc_clearfix\"><\/div><div class=\"vc_row wpb_row vc_row-fluid vc_custom_1643233992682 vc_row-has-fill vc_row-o-content-middle vc_row-flex\"><div class=\"wpb_column vc_column_container vc_col-sm-6\"><div class=\"vc_column-inner\"><div class=\"wpb_wrapper\">\n\t<div  class=\"wpb_single_image wpb_content_element vc_align_center\">\n\t\t\n\t\t<figure class=\"wpb_wrapper vc_figure\">\n\t\t\t<div class=\"vc_single_image-wrapper vc_box_shadow  vc_box_border_grey\"><img decoding=\"async\" class=\"vc_single_image-img\" src=\"https:\/\/monteithshop.org\/wp-content\/uploads\/2022\/01\/DoeSummer_LaSharr-scaled-750x750.jpg\" width=\"750\" height=\"750\" alt=\"A female mule deer looks through trees with burn scars. The overstory is only dead, charred trees. The understory is full of lush, green fireweed that is as tall as the deer in some places.\" title=\"Mule deer looking through burn.\" loading=\"lazy\" \/><\/div><figcaption class=\"vc_figure-caption\">Foto: Tayler LaSharr<\/figcaption>\n\t\t<\/figure>\n\t<\/div>\n<\/div><\/div><\/div><div class=\"wpb_column vc_column_container vc_col-sm-6\"><div class=\"vc_column-inner\"><div class=\"wpb_wrapper\">\n\t<div class=\"wpb_text_column wpb_content_element\" >\n\t\t<div class=\"wpb_wrapper\">\n\t\t\t<p>Desde 2013, hemos estado analizando longitudinalmente a largo plazo los factores que influyen en la manada de ciervos mula de la cordillera de Wyoming. Con un marco centrado en la ecolog\u00eda nutricional, evaluamos c\u00f3mo recursos como <a href=\"https:\/\/monteithshop.org\/es\/compendiums\/breeding-strategies\/\">los alimientos<\/a> y el espacio afectan <a href=\"http:\/\/monteithshop.org\/wp-content\/uploads\/2022\/04\/MonteithEtAl2013_FatDynamics.pdf\">a los individuos y, m\u00e1s ampliamente, a las poblaciones<\/a>. We study adult females, their offspring, and adult males over years and throughout their lives. This helps us paint a holistic picture of the factors affecting this and other mule deer herds.<\/p>\n\n\t\t<\/div>\n\t<\/div>\n<\/div><\/div><\/div><\/div><div class=\"vc_row wpb_row vc_row-fluid\"><div class=\"wpb_column vc_column_container vc_col-sm-12\"><div class=\"vc_column-inner\"><div class=\"wpb_wrapper\"><div class=\"vc_empty_space\"   style=\"height: 32px\"><span class=\"vc_empty_space_inner\"><\/span><\/div><\/div><\/div><\/div><\/div><div class=\"vc_row wpb_row vc_row-fluid\"><div class=\"wpb_column vc_column_container vc_col-sm-12\"><div class=\"vc_column-inner\"><div class=\"wpb_wrapper\">\n\t<div class=\"wpb_text_column wpb_content_element\" >\n\t\t<div class=\"wpb_wrapper\">\n\t\t\t<h2 style=\"text-align: center;\">Preguntas principales<\/h2>\n\n\t\t<\/div>\n\t<\/div>\n<\/div><\/div><\/div><\/div><div class=\"vc_row wpb_row vc_row-fluid\"><div class=\"wpb_column vc_column_container vc_col-sm-4\"><div class=\"vc_column-inner\"><div class=\"wpb_wrapper\">\n\t<div  class=\"wpb_single_image wpb_content_element vc_align_center\">\n\t\t\n\t\t<figure class=\"wpb_wrapper vc_figure\">\n\t\t\t<div class=\"vc_single_image-wrapper vc_box_shadow  vc_box_border_grey\"><img decoding=\"async\" class=\"vc_single_image-img\" src=\"https:\/\/monteithshop.org\/wp-content\/uploads\/2022\/01\/D026_a-scaled-360x300.jpg\" width=\"360\" height=\"300\" alt=\"A mule deer wearing a GPS collar lies dead in snow with her head turned towards her rump. She is emaciated, and she has no obvious signs of predation or scavenging. The landscape has patchy shrubs and dead grasses and is covered with a few inches of snow.\" title=\"CWD-positive deer lays dead in snow.\" loading=\"lazy\" \/><\/div><figcaption class=\"vc_figure-caption\">Foto: Rhiannon Jakopak<\/figcaption>\n\t\t<\/figure>\n\t<\/div>\n\n\t<div class=\"wpb_text_column wpb_content_element\" >\n\t\t<div class=\"wpb_wrapper\">\n\t\t\t<h4 style=\"text-align: center;\">\u00bfC\u00f3mo se recupera el ciervo de los inviernos duros?<\/h4>\n<div id=\"1578507521015-423fbcca-357d\" class=\"vc_tta-panel vc_active\" data-vc-content=\".vc_tta-panel-body\">\n<div class=\"vc_tta-panel-body\">\n<div class=\"vc_toggle vc_toggle_default vc_toggle_color_default vc_toggle_size_md vc_toggle_active\">\n<div class=\"vc_toggle_content\">\n<p>Los inviernos en la cordillera de Wyoming pueden ser extremadamente duros, lo que puede provocar ca\u00eddas dram\u00e1ticas en la supervivencia durante el invierno. El cambio clim\u00e1tico ha resultado en un clima cada vez m\u00e1s variable en todo el mundo, con condiciones extremas que ocurren con mayor frecuencia; Los animales deben encontrar una manera de<a href=\"http:\/\/monteithshop.org\/wp-content\/uploads\/2022\/05\/AikensEtAl2021_Drought.pdf\"> de sobrevivir a ese cambio<\/a>. Comprender c\u00f3mo responden los animales a <a href=\"https:\/\/monteithshop.org\/es\/compendiums\/plant-growth-and-climate-change\/\">los entornos cambiantes<\/a> y c\u00f3mo afrontan condiciones clim\u00e1ticas cada vez m\u00e1s severas tiene implicaciones importantes sobre c\u00f3mo y si esta manada persistir\u00e1 en el futuro.<\/p>\n<\/div>\n<\/div>\n<div class=\"vc_toggle vc_toggle_default vc_toggle_color_default vc_toggle_size_md\">\n<div class=\"vc_toggle_title\"><\/div>\n<\/div>\n<\/div>\n<\/div>\n<div id=\"1578507521032-08d90da2-1f84\" class=\"vc_tta-panel\" data-vc-content=\".vc_tta-panel-body\">\n<div class=\"vc_tta-panel-heading\">\n<h4 class=\"vc_tta-panel-title vc_tta-controls-icon-position-left\"><\/h4>\n<\/div>\n<\/div>\n\n\t\t<\/div>\n\t<\/div>\n<\/div><\/div><\/div><div class=\"wpb_column vc_column_container vc_col-sm-4\"><div class=\"vc_column-inner\"><div class=\"wpb_wrapper\">\n\t<div  class=\"wpb_single_image wpb_content_element vc_align_center\">\n\t\t\n\t\t<figure class=\"wpb_wrapper vc_figure\">\n\t\t\t<div class=\"vc_single_image-wrapper vc_box_shadow  vc_box_border_grey\"><img decoding=\"async\" class=\"vc_single_image-img\" src=\"https:\/\/monteithshop.org\/wp-content\/uploads\/2022\/01\/buck-360x300.png\" width=\"360\" height=\"300\" alt=\"A mule deer buck walks through shrubs, with eyes on an unseen target. He has large antlers, and they are asymmetrical. There are 6 tines on his left antler and 5 tines on his right antler. He is wearing a GPS collar. There are a few inches of snow on the ground.\" title=\"Collared mule deer buck.\" loading=\"lazy\" \/><\/div><figcaption class=\"vc_figure-caption\">Foto: Rebekah Rafferty<\/figcaption>\n\t\t<\/figure>\n\t<\/div>\n\n\t<div class=\"wpb_text_column wpb_content_element\" >\n\t\t<div class=\"wpb_wrapper\">\n\t\t\t<h4 style=\"text-align: center;\">\u00bfEn qu\u00e9 se diferencia la ecolog\u00eda del ciervo mula macho y hembra?<\/h4>\n<p>La producci\u00f3n de machos de alta calidad suele ser el objetivo principal de las agencias de manejo y es valorada entre los cazadores y el p\u00fablico. Sorprendentemente, sabemos relativamente poco sobre la ecolog\u00eda de los machos, incluidos sus comportamientos migratorios, dispersi\u00f3n y vulnerabilidad a la caza. Estamos explorando la ecolog\u00eda del ciervo mula macho para lograr una mayor comprensi\u00f3n de su presencia y manejo.<\/p>\n\n\t\t<\/div>\n\t<\/div>\n<\/div><\/div><\/div><div class=\"wpb_column vc_column_container vc_col-sm-4\"><div class=\"vc_column-inner\"><div class=\"wpb_wrapper\">\n\t<div  class=\"wpb_single_image wpb_content_element vc_align_center\">\n\t\t\n\t\t<figure class=\"wpb_wrapper vc_figure\">\n\t\t\t<div class=\"vc_single_image-wrapper vc_box_shadow  vc_box_border_grey\"><img decoding=\"async\" class=\"vc_single_image-img\" src=\"https:\/\/monteithshop.org\/wp-content\/uploads\/2022\/01\/Mule-deer-fawn-bedded-down.-1-1-360x300.png\" width=\"360\" height=\"300\" alt=\"A mule deer fawn lies curled up, with its head tucked under its back legs. It is resting next to a fallen branch, and surrounded by green, dense, lush vegetation.\" title=\"Mule deer fawn bedded down.\" loading=\"lazy\" \/><\/div><figcaption class=\"vc_figure-caption\">Foto: Tayler LaSharr<\/figcaption>\n\t\t<\/figure>\n\t<\/div>\n\n\t<div class=\"wpb_text_column wpb_content_element\" >\n\t\t<div class=\"wpb_wrapper\">\n\t\t\t<h4 style=\"text-align: center;\">\u00bfQu\u00e9 afecta la supervivencia de los cervatillos?<\/h4>\n<p>Hacer que los cervatillos lleguen a la edad adulta es necesario para mantener y aumentar las poblaciones de ciervos mula. Desde que comenzamos a estudiar cervatillos en 2015, hemos colocado collares a casi 500 cervatillos y hemos estado monitoreando continuamente su supervivencia. La supervivencia de los cervatillos var\u00eda de un a\u00f1o a otro, y los principales factores que causan la mortalidad tambi\u00e9n cambian de un a\u00f1o a otro. Las enfermedades, la depredaci\u00f3n y los mortinatos han sido la causa principal de mortalidad de cervatillos en diferentes a\u00f1os del estudio.<\/p>\n\n\t\t<\/div>\n\t<\/div>\n<\/div><\/div><\/div><\/div><div class=\"vc_row wpb_row vc_row-fluid\"><div class=\"wpb_column vc_column_container vc_col-sm-12\"><div class=\"vc_column-inner\"><div class=\"wpb_wrapper\"><div class=\"vc_empty_space\"   style=\"height: 32px\"><span class=\"vc_empty_space_inner\"><\/span><\/div><\/div><\/div><\/div><\/div><div class=\"vc_row wpb_row vc_row-fluid\"><div class=\"wpb_column vc_column_container vc_col-sm-12\"><div class=\"vc_column-inner\"><div class=\"wpb_wrapper\">\n\t<div  class=\"wpb_single_image wpb_content_element vc_align_center\">\n\t\t\n\t\t<figure class=\"wpb_wrapper vc_figure\">\n\t\t\t<div class=\"vc_single_image-wrapper vc_box_shadow  vc_box_border_grey\"><img decoding=\"async\" class=\"vc_single_image-img\" src=\"https:\/\/monteithshop.org\/wp-content\/uploads\/2022\/01\/wyomingrangesouth16-scaled-1350x420.jpg\" width=\"1350\" height=\"420\" alt=\"Flowers with green leaves and flowers that are purple-blue and have bell-shaped flowers that hang towards the ground. Flowers are intermixed with grasses and shrubs. There are rolling hills with patchy vegetation in the background.\" title=\"Wyoming Range landscape.\" loading=\"lazy\" \/><\/div><figcaption class=\"vc_figure-caption\">Foto: Rhiannon Jakopak<\/figcaption>\n\t\t<\/figure>\n\t<\/div>\n<\/div><\/div><\/div><\/div><div class=\"vc_row wpb_row vc_row-fluid\"><div class=\"wpb_column vc_column_container vc_col-sm-12\"><div class=\"vc_column-inner\"><div class=\"wpb_wrapper\">\n\t<div class=\"wpb_text_column wpb_content_element\" >\n\t\t<div class=\"wpb_wrapper\">\n\t\t\t<h2 style=\"text-align: center;\">Comunicaciones<\/h2>\n\n\t\t<\/div>\n\t<\/div>\n<\/div><\/div><\/div><\/div><div class=\"vc_row wpb_row vc_row-fluid\"><div class=\"wpb_column vc_column_container vc_col-sm-4\"><div class=\"vc_column-inner\"><div class=\"wpb_wrapper\">\n\t<div  class=\"wpb_single_image wpb_content_element vc_align_center\">\n\t\t\n\t\t<figure class=\"wpb_wrapper vc_figure\">\n\t\t\t<div class=\"vc_single_image-wrapper vc_box_shadow  vc_box_border_grey\"><img decoding=\"async\" class=\"vc_single_image-img\" src=\"https:\/\/monteithshop.org\/wp-content\/uploads\/2022\/01\/20210601_114118-scaled-360x300.jpg\" width=\"360\" height=\"300\" alt=\"A scientist wears latex gloves while measuring the hoof of a mule deer fawn. The scientist and fawn are in thick vegetation that looks damp.\" title=\"Measuring a mule deer fawn.\" loading=\"lazy\" \/><\/div><figcaption class=\"vc_figure-caption\">Foto: Rhiannon Jakopak<\/figcaption>\n\t\t<\/figure>\n\t<\/div>\n\n\t<div class=\"wpb_text_column wpb_content_element\" >\n\t\t<div class=\"wpb_wrapper\">\n\t\t\t<h4 style=\"text-align: center;\">Articulos cientificos<\/h4>\n<div id=\"1578507521015-423fbcca-357d\" class=\"vc_tta-panel vc_active\" data-vc-content=\".vc_tta-panel-body\">\n<div class=\"vc_tta-panel-body\">\n<div class=\"vc_toggle vc_toggle_default vc_toggle_color_default vc_toggle_size_md vc_toggle_active\">\n<div>\n<p>\u201cMaternal effects and the legacy of extreme environmental events for wild mammals\u201d by Tayler N LaSharr, Rhiannon P Jakopak, Samantha PH Dwinnell, Rebekah T Rafferty, Mark Thonhoff, Rusty C Kaiser, Gary L Fralick, Kevin L Monteith. Publicado en 2022 en Ecology.<\/p>\n<p>\u201cMigration distance and maternal resource allocation determine timing of birth in a large herbivore\u201d by Ellen O Aikens, Samantha PH Dwinnell, Tayler N LaSharr, Rhiannon P Jakopak, Gary L Fralick, Jill Randall, Rusty Kaiser, Mark Thonhoff, Matthew J Kauffman, Kevin L Monteith. Publicado en 2021 en Ecology.<\/p>\n<p>Para ver los otros art\u00edculos cient\u00edficos que surgieron de esta investigaci\u00f3n, visite nuestra lista de publicaciones revisadas por pares.<\/p>\n<\/div>\n<\/div>\n<\/div>\n<\/div>\n\n\t\t<\/div>\n\t<\/div>\n<\/div><\/div><\/div><div class=\"wpb_column vc_column_container vc_col-sm-4\"><div class=\"vc_column-inner\"><div class=\"wpb_wrapper\">\n\t<div  class=\"wpb_single_image wpb_content_element vc_align_center\">\n\t\t\n\t\t<figure class=\"wpb_wrapper vc_figure\">\n\t\t\t<div class=\"vc_single_image-wrapper vc_box_shadow  vc_box_border_grey\"><img decoding=\"async\" class=\"vc_single_image-img\" src=\"https:\/\/monteithshop.org\/wp-content\/uploads\/2022\/01\/collar-360x300.png\" width=\"360\" height=\"300\" alt=\"A hand positions a GPS collar on a mule deer neck. The mule deer is laying on a yellow mat, and her collar has a tag that is blue and inscribed with the numbers &quot;74.&quot;\" title=\"Deer collar\" loading=\"lazy\" \/><\/div><figcaption class=\"vc_figure-caption\">Foto: Tayler LaSharr<\/figcaption>\n\t\t<\/figure>\n\t<\/div>\n\n\t<div class=\"wpb_text_column wpb_content_element\" >\n\t\t<div class=\"wpb_wrapper\">\n\t\t\t<h4 style=\"text-align: center;\">Prensa<\/h4>\n<p>\u201cAfter harsh winter, wildlife managers will likely adjust hunting regulations,\u201d by Caroline Chapman for Buckrail, 2023.\u00a0<a href=\"https:\/\/buckrail.com\/after-harsh-winter-wildlife-managers-will-likely-adjust-hunting-regulations\/\">Enlace<\/a>.<\/p>\n<p>\u201cStudy: deer\u2019s lifelong fate is affected by mother\u2019s health at birth,\u201d de Christine Peterson for WyoFile, 2023.\u00a0<a href=\"https:\/\/wyofile.com\/study-deers-lifelong-fate-is-affected-by-mothers-health-at-birth\/?utm_source=WyoFile&amp;utm_campaign=5afe634948-EMAIL_CAMPAIGN_2_25_2022_12_31_COPY_01&amp;utm_medium=email&amp;utm_term=0_611470c970-5afe634948-417379700&amp;mc_cid=5afe634948&amp;mc_eid=487021fb8a\">Enlace<\/a>.<\/p>\n\n\t\t<\/div>\n\t<\/div>\n<\/div><\/div><\/div><div class=\"wpb_column vc_column_container vc_col-sm-4\"><div class=\"vc_column-inner\"><div class=\"wpb_wrapper\">\n\t<div  class=\"wpb_single_image wpb_content_element vc_align_center\">\n\t\t\n\t\t<figure class=\"wpb_wrapper vc_figure\">\n\t\t\t<div class=\"vc_single_image-wrapper vc_box_shadow  vc_box_border_grey\"><img decoding=\"async\" class=\"vc_single_image-img\" src=\"https:\/\/monteithshop.org\/wp-content\/uploads\/2023\/06\/DSC05906-1-scaled-360x300.jpg\" width=\"360\" height=\"300\" alt=\"A speaker stands at the front of a crowded room.\" title=\"DSC05906\" loading=\"lazy\" \/><\/div><figcaption class=\"vc_figure-caption\">Foto: Rhiannon Jakopak<\/figcaption>\n\t\t<\/figure>\n\t<\/div>\n\n\t<div class=\"wpb_text_column wpb_content_element\" >\n\t\t<div class=\"wpb_wrapper\">\n\t\t\t<h4 style=\"text-align: center;\">Comunicaciones<\/h4>\n<p>Asistimos con frecuencia a banquetes y reuniones de deportistas, como Mule Deer Days, para compartir nuestros hallazgos sobre el venado bura.<\/p>\n\n\t\t<\/div>\n\t<\/div>\n<\/div><\/div><\/div><\/div><div class=\"vc_row wpb_row vc_row-fluid\"><div class=\"wpb_column vc_column_container vc_col-sm-12\"><div class=\"vc_column-inner\"><div class=\"wpb_wrapper\"><div class=\"vc_empty_space\"   style=\"height: 32px\"><span class=\"vc_empty_space_inner\"><\/span><\/div><\/div><\/div><\/div><\/div><div class=\"vc_row wpb_row vc_row-fluid\"><div class=\"wpb_column vc_column_container vc_col-sm-6\"><div class=\"vc_column-inner\"><div class=\"wpb_wrapper\">\n\t<div class=\"wpb_text_column wpb_content_element\" >\n\t\t<div class=\"wpb_wrapper\">\n\t\t\t<h4 style=\"text-align: center;\">L\u00edderes del proyecto<\/h4>\n\n\t\t<\/div>\n\t<\/div>\n<div class=\"vc_row wpb_row vc_inner vc_row-fluid\"><div class=\"wpb_column vc_column_container vc_col-sm-6\"><div class=\"vc_column-inner\"><div class=\"wpb_wrapper\">\n\t<div class=\"wpb_text_column wpb_content_element\" >\n\t\t<div class=\"wpb_wrapper\">\n\t\t\t<p style=\"text-align: center;\">Rebekah Rafferty<\/p>\n\n\t\t<\/div>\n\t<\/div>\n\n\t<div  class=\"wpb_single_image wpb_content_element vc_align_center\">\n\t\t\n\t\t<figure class=\"wpb_wrapper vc_figure\">\n\t\t\t<div class=\"vc_single_image-wrapper vc_box_shadow  vc_box_border_grey\"><img loading=\"lazy\" decoding=\"async\" width=\"300\" height=\"225\" src=\"https:\/\/monteithshop.org\/wp-content\/uploads\/2022\/01\/Rebekah-300x225.jpg\" class=\"vc_single_image-img attachment-medium\" alt=\"Rebekah doing field work alongside her pup.\" title=\"Rebekah\" srcset=\"https:\/\/monteithshop.org\/wp-content\/uploads\/2022\/01\/Rebekah-300x225.jpg 300w, https:\/\/monteithshop.org\/wp-content\/uploads\/2022\/01\/Rebekah-600x450.jpg 600w, https:\/\/monteithshop.org\/wp-content\/uploads\/2022\/01\/Rebekah-1024x768.jpg 1024w, https:\/\/monteithshop.org\/wp-content\/uploads\/2022\/01\/Rebekah-768x576.jpg 768w, https:\/\/monteithshop.org\/wp-content\/uploads\/2022\/01\/Rebekah-1536x1153.jpg 1536w, https:\/\/monteithshop.org\/wp-content\/uploads\/2022\/01\/Rebekah-2048x1537.jpg 2048w\" sizes=\"auto, 100vw\" \/><\/div>\n\t\t<\/figure>\n\t<\/div>\n<\/div><\/div><\/div><div class=\"wpb_column vc_column_container vc_col-sm-6\"><div class=\"vc_column-inner\"><div class=\"wpb_wrapper\">\n\t<div class=\"wpb_text_column wpb_content_element\" >\n\t\t<div class=\"wpb_wrapper\">\n\t\t\t<p style=\"text-align: center;\">Tayler LaSharr<\/p>\n\n\t\t<\/div>\n\t<\/div>\n\n\t<div  class=\"wpb_single_image wpb_content_element vc_align_center\">\n\t\t\n\t\t<figure class=\"wpb_wrapper vc_figure\">\n\t\t\t<div class=\"vc_single_image-wrapper vc_box_shadow  vc_box_border_grey\"><img loading=\"lazy\" decoding=\"async\" width=\"300\" height=\"225\" src=\"https:\/\/monteithshop.org\/wp-content\/uploads\/2020\/01\/LaSharr-300x225.jpg\" class=\"vc_single_image-img attachment-medium\" alt=\"Tayler LaSharr smiles at the camera, turned to show that her puppy Ovis is sitting inside her pink backpack.\" title=\"LaSharr\" srcset=\"https:\/\/monteithshop.org\/wp-content\/uploads\/2020\/01\/LaSharr-300x225.jpg 300w, https:\/\/monteithshop.org\/wp-content\/uploads\/2020\/01\/LaSharr-1024x768.jpg 1024w, https:\/\/monteithshop.org\/wp-content\/uploads\/2020\/01\/LaSharr-768x576.jpg 768w, https:\/\/monteithshop.org\/wp-content\/uploads\/2020\/01\/LaSharr-1536x1152.jpg 1536w, https:\/\/monteithshop.org\/wp-content\/uploads\/2020\/01\/LaSharr-2048x1536.jpg 2048w\" sizes=\"auto, 100vw\" \/><\/div>\n\t\t<\/figure>\n\t<\/div>\n<\/div><\/div><\/div><\/div><\/div><\/div><\/div><div class=\"wpb_column vc_column_container vc_col-sm-6\"><div class=\"vc_column-inner\"><div class=\"wpb_wrapper\">\n\t<div class=\"wpb_text_column wpb_content_element\" >\n\t\t<div class=\"wpb_wrapper\">\n\t\t\t<h4 style=\"text-align: center;\">Colaboradores, socios y financiadores<\/h4>\n<p>El proyecto Wyoming Range Mule Deer cuenta con el apoyo del Wyoming Game and Fish Department, Wyoming Game and Fish Commission, Bureau of Land Management, Muley Fanatic Foundation (including Southwest, Kemmerer, Upper Green, and Blue Ridge Chapters), Boone and Crockett Club, Wyoming Wildlife and Natural Resources Trust, Knobloch Family Foundation, Wyoming Animal Damage Management Board, Wyoming Governor\u2019s Big Game License Coalition, Bowhunters of Wyoming, Wyoming Outfitters and Guides Association, Pope and Young Club, U.S. Forest Service, y U.S. Fish and Wildlife Service. Agradecemos a los m\u00faltiples propietarios que amablemente ofrecieron acceso a su propiedad para esta investigaci\u00f3n.<\/p>\n\n\t\t<\/div>\n\t<\/div>\n<\/div><\/div><\/div><\/div><div class=\"vc_row wpb_row vc_row-fluid\"><div class=\"wpb_column vc_column_container vc_col-sm-12\"><div class=\"vc_column-inner\"><div class=\"wpb_wrapper\"><\/div><\/div><\/div><\/div>\n<\/div>","protected":false},"excerpt":{"rendered":"The Wyoming Range holds breathtaking landscapes, abundant wildlife, lush wildflowers, and ample recreation opportunities. It is also home to a mule deer herd that is prized in Wyoming and beyond. Ensuring that the Wyoming Range mule deer herd is robust, and that it remains so for generations to come, requires a solid understanding of the &hellip; <p class=\"link-more\"><a href=\"https:\/\/monteithshop.org\/es\/ongoing-research\/wyoming-range-mule-deer-project\/\" class=\"more-link\">Read more<span class=\"screen-reader-text\"> \"Wyoming Range Mule Deer Project\"<\/span><\/a><\/p>","protected":false},"author":1,"featured_media":1552,"parent":1521,"menu_order":0,"comment_status":"closed","ping_status":"closed","template":"","meta":{"footnotes":""},"class_list":["post-1604","page","type-page","status-publish","has-post-thumbnail","hentry"],"_links":{"self":[{"href":"https:\/\/monteithshop.org\/es\/wp-json\/wp\/v2\/pages\/1604","targetHints":{"allow":["GET"]}}],"collection":[{"href":"https:\/\/monteithshop.org\/es\/wp-json\/wp\/v2\/pages"}],"about":[{"href":"https:\/\/monteithshop.org\/es\/wp-json\/wp\/v2\/types\/page"}],"author":[{"embeddable":true,"href":"https:\/\/monteithshop.org\/es\/wp-json\/wp\/v2\/users\/1"}],"replies":[{"embeddable":true,"href":"https:\/\/monteithshop.org\/es\/wp-json\/wp\/v2\/comments?post=1604"}],"version-history":[{"count":16,"href":"https:\/\/monteithshop.org\/es\/wp-json\/wp\/v2\/pages\/1604\/revisions"}],"predecessor-version":[{"id":2449,"href":"https:\/\/monteithshop.org\/es\/wp-json\/wp\/v2\/pages\/1604\/revisions\/2449"}],"up":[{"embeddable":true,"href":"https:\/\/monteithshop.org\/es\/wp-json\/wp\/v2\/pages\/1521"}],"wp:featuredmedia":[{"embeddable":true,"href":"https:\/\/monteithshop.org\/es\/wp-json\/wp\/v2\/media\/1552"}],"wp:attachment":[{"href":"https:\/\/monteithshop.org\/es\/wp-json\/wp\/v2\/media?parent=1604"}],"curies":[{"name":"wp","href":"https:\/\/api.w.org\/{rel}","templated":true}]}}