{"id":1621,"date":"2022-01-28T23:56:02","date_gmt":"2022-01-28T23:56:02","guid":{"rendered":"https:\/\/monteithshop.org\/?page_id=1621"},"modified":"2022-01-28T23:58:36","modified_gmt":"2022-01-28T23:58:36","slug":"flehmen-dudes","status":"publish","type":"page","link":"https:\/\/monteithshop.org\/es\/for-educators\/trivia\/flehmen-dudes\/","title":{"rendered":"Los tipos Flehmen"},"content":{"rendered":"<div class=\"wpb-content-wrapper\"><div class=\"vc_row wpb_row vc_row-fluid\"><div class=\"wpb_column vc_column_container vc_col-sm-12\"><div class=\"vc_column-inner\"><div class=\"wpb_wrapper\"><div class=\"vc_empty_space\"   style=\"height: 32px\"><span class=\"vc_empty_space_inner\"><\/span><\/div><\/div><\/div><\/div><\/div><div class=\"vc_row wpb_row vc_row-fluid\"><div class=\"wpb_column vc_column_container vc_col-sm-6\"><div class=\"vc_column-inner\"><div class=\"wpb_wrapper\">\n\t<div  class=\"wpb_single_image wpb_content_element vc_align_left\">\n\t\t\n\t\t<figure class=\"wpb_wrapper vc_figure\">\n\t\t\t<div class=\"vc_single_image-wrapper vc_box_shadow  vc_box_border_grey\"><img loading=\"lazy\" decoding=\"async\" width=\"950\" height=\"634\" src=\"https:\/\/monteithshop.org\/wp-content\/uploads\/2022\/01\/Ram2_LaSharr-1024x683.jpg\" class=\"vc_single_image-img attachment-large\" alt=\"A bighorn ram with a full horn curl lifts his upper lip to scoop pheromones in the air into his nostrils. Light snow is falling, and the area around him is covered in snow.\" title=\"Bighorn ram flehmen response.\" srcset=\"https:\/\/monteithshop.org\/wp-content\/uploads\/2022\/01\/Ram2_LaSharr-1024x683.jpg 1024w, https:\/\/monteithshop.org\/wp-content\/uploads\/2022\/01\/Ram2_LaSharr-scaled-600x400.jpg 600w, https:\/\/monteithshop.org\/wp-content\/uploads\/2022\/01\/Ram2_LaSharr-300x200.jpg 300w, https:\/\/monteithshop.org\/wp-content\/uploads\/2022\/01\/Ram2_LaSharr-768x512.jpg 768w, https:\/\/monteithshop.org\/wp-content\/uploads\/2022\/01\/Ram2_LaSharr-1536x1024.jpg 1536w, https:\/\/monteithshop.org\/wp-content\/uploads\/2022\/01\/Ram2_LaSharr-2048x1365.jpg 2048w\" sizes=\"auto, 100vw\" \/><\/div>\n\t\t<\/figure>\n\t<\/div>\n<\/div><\/div><\/div><div class=\"wpb_column vc_column_container vc_col-sm-6\"><div class=\"vc_column-inner\"><div class=\"wpb_wrapper\">\n\t<div class=\"wpb_text_column wpb_content_element\" >\n\t\t<div class=\"wpb_wrapper\">\n\t\t\t<p>\u00bfHa estado usted en una situaci\u00f3n en que ve a alguien que le gusta y le viene una sonrisa incontrolable a la cara? No es el \u00fanico\u2014a los animales ungulados les pasa lo mismo con sus enamorados. Los machos hacen una mueca levantando su labio superior y mostrando sus enc\u00edas; a esto se le llama la respuesta flehmen. Esta mueca divertida ayuda a que las feromonas emitidas por las hembras al aire entren al \u00f3rgano vomeronasal del macho, el que es un \u00f3rgano muy sensible que olfatea y est\u00e1 localizado en un ducto arriba del techo de la boca. La mueca del labio superior le ayuda a los machos ungulados a determinar el estado reproductivo de las hembras durante el celo. La pr\u00f3xima vez que vea a alguien sonri\u00e9ndole tontamente, al\u00e9grese de no estar frente a alguien en plena respuesta flehmen.<\/p>\n\n\t\t<\/div>\n\t<\/div>\n<\/div><\/div><\/div><\/div><div class=\"vc_row wpb_row vc_row-fluid\"><div class=\"wpb_column vc_column_container vc_col-sm-12\"><div class=\"vc_column-inner\"><div class=\"wpb_wrapper\">\n\t<div class=\"wpb_text_column wpb_content_element\" >\n\t\t<div class=\"wpb_wrapper\">\n\t\t\t<h5>Descripci\u00f3n por Brittany Wagler. Imagen de Tayler LaSharr.<\/h5>\n\n\t\t<\/div>\n\t<\/div>\n<\/div><\/div><\/div><\/div><div class=\"vc_row wpb_row vc_row-fluid\"><div class=\"wpb_column vc_column_container vc_col-sm-12\"><div class=\"vc_column-inner\"><div class=\"wpb_wrapper\"><div class=\"vc_empty_space\"   style=\"height: 32px\"><span class=\"vc_empty_space_inner\"><\/span><\/div><\/div><\/div><\/div><\/div>\n<\/div>","protected":false},"excerpt":{"rendered":"Have you ever caught a glimpse of your crush and had an uncontrollable smirk come across your face? You\u2019re not alone\u2014ungulates smirk around their crushes too. Males curl up their upper lip and expose their front gum line; this is known as the flehmen response. This goofy smirk allows pheromones that the female emits in &hellip; <p class=\"link-more\"><a href=\"https:\/\/monteithshop.org\/es\/for-educators\/trivia\/flehmen-dudes\/\" class=\"more-link\">Read more<span class=\"screen-reader-text\"> \"Flehmen Dudes\"<\/span><\/a><\/p>","protected":false},"author":1,"featured_media":0,"parent":1181,"menu_order":6,"comment_status":"closed","ping_status":"closed","template":"template-full-custom.php","meta":{"footnotes":""},"class_list":["post-1621","page","type-page","status-publish","hentry"],"_links":{"self":[{"href":"https:\/\/monteithshop.org\/es\/wp-json\/wp\/v2\/pages\/1621","targetHints":{"allow":["GET"]}}],"collection":[{"href":"https:\/\/monteithshop.org\/es\/wp-json\/wp\/v2\/pages"}],"about":[{"href":"https:\/\/monteithshop.org\/es\/wp-json\/wp\/v2\/types\/page"}],"author":[{"embeddable":true,"href":"https:\/\/monteithshop.org\/es\/wp-json\/wp\/v2\/users\/1"}],"replies":[{"embeddable":true,"href":"https:\/\/monteithshop.org\/es\/wp-json\/wp\/v2\/comments?post=1621"}],"version-history":[{"count":3,"href":"https:\/\/monteithshop.org\/es\/wp-json\/wp\/v2\/pages\/1621\/revisions"}],"predecessor-version":[{"id":1626,"href":"https:\/\/monteithshop.org\/es\/wp-json\/wp\/v2\/pages\/1621\/revisions\/1626"}],"up":[{"embeddable":true,"href":"https:\/\/monteithshop.org\/es\/wp-json\/wp\/v2\/pages\/1181"}],"wp:attachment":[{"href":"https:\/\/monteithshop.org\/es\/wp-json\/wp\/v2\/media?parent=1621"}],"curies":[{"name":"wp","href":"https:\/\/api.w.org\/{rel}","templated":true}]}}