{"id":1647,"date":"2022-01-31T17:42:08","date_gmt":"2022-01-31T17:42:08","guid":{"rendered":"https:\/\/monteithshop.org\/?page_id=1647"},"modified":"2024-01-10T16:38:45","modified_gmt":"2024-01-10T16:38:45","slug":"finished-projects","status":"publish","type":"page","link":"https:\/\/monteithshop.org\/es\/finished-projects\/","title":{"rendered":"Proyectos realizados"},"content":{"rendered":"<div class=\"wpb-content-wrapper\"><div class=\"vc_row wpb_row vc_row-fluid\"><div class=\"wpb_column vc_column_container vc_col-sm-12\"><div class=\"vc_column-inner\"><div class=\"wpb_wrapper\"><div class=\"vc_empty_space\"   style=\"height: 32px\"><span class=\"vc_empty_space_inner\"><\/span><\/div><\/div><\/div><\/div><\/div><div class=\"vc_row wpb_row vc_row-fluid\"><div class=\"wpb_column vc_column_container vc_col-sm-4\"><div class=\"vc_column-inner\"><div class=\"wpb_wrapper\">\n\t<div  class=\"wpb_single_image wpb_content_element vc_align_center  vc_custom_1704904723401\">\n\t\t\n\t\t<figure class=\"wpb_wrapper vc_figure\">\n\t\t\t<a href=\"https:\/\/monteithshop.org\/es\/finished-projects\/harvest-records-project\/\" target=\"_self\" class=\"vc_single_image-wrapper vc_box_shadow  vc_box_border_grey\"><img decoding=\"async\" class=\"vc_single_image-img\" src=\"https:\/\/monteithshop.org\/wp-content\/uploads\/2024\/01\/bullmooseinsage_levine_resized-500x500.jpg\" width=\"500\" height=\"500\" alt=\"Photo credit: Rebecca Levine\" title=\"bullmooseinsage_levine_resized\" loading=\"lazy\" \/><\/a><figcaption class=\"vc_figure-caption\">Foto: Rebecca Levine<\/figcaption>\n\t\t<\/figure>\n\t<\/div>\n<\/div><\/div><\/div><div class=\"wpb_column vc_column_container vc_col-sm-8\"><div class=\"vc_column-inner\"><div class=\"wpb_wrapper\">\n\t<div class=\"wpb_text_column wpb_content_element\" >\n\t\t<div class=\"wpb_wrapper\">\n\t\t\t<h3><a href=\"https:\/\/monteithshop.org\/es\/finished-projects\/meeteetse-moose-ecology-project\/\">Proyecto de alces de Meeteetse<\/a><\/h3>\n<p><span class=\"OYPEnA text-decoration-none text-strikethrough-none\">Durante las \u00faltimas dos d\u00e9cadas, casi la mitad de las poblaciones de alces en su extensi\u00f3n sur han disminuido. A pesar del inter\u00e9s generalizado en la conservaci\u00f3n de los alces, las complejidades de c\u00f3mo los alces se ven influenciados por su entorno dificultan la evaluaci\u00f3n de los esfuerzos necesarios para reforzar las poblaciones de alces.\u00a0<\/span><\/p>\n<p>Descubrimos que los alces necesitan un h\u00e1bitat fresco y h\u00famedo para amortiguar los efectos del aumento de las temperaturas, pero que los alces machos y hembras eligen h\u00e1bitats de enfriamiento diferentes. Tambi\u00e9n descubrimos que las temperaturas oto\u00f1ales, as\u00ed como la edad, trabajan juntas para impulsar el comportamiento reproductivo en los alces machos. Comprender mejor la ecolog\u00eda de ambos sexos de alces ayudar\u00e1 a garantizar acciones de gesti\u00f3n adecuadas.<\/p>\n\n\t\t<\/div>\n\t<\/div>\n<\/div><\/div><\/div><\/div><div class=\"vc_row wpb_row vc_row-fluid\"><div class=\"wpb_column vc_column_container vc_col-sm-12\"><div class=\"vc_column-inner\"><div class=\"wpb_wrapper\"><div class=\"vc_empty_space\"   style=\"height: 32px\"><span class=\"vc_empty_space_inner\"><\/span><\/div><\/div><\/div><\/div><\/div><div class=\"vc_row wpb_row vc_row-fluid\"><div class=\"wpb_column vc_column_container vc_col-sm-4\"><div class=\"vc_column-inner\"><div class=\"wpb_wrapper\">\n\t<div  class=\"wpb_single_image wpb_content_element vc_align_center  vc_custom_1704842734297\">\n\t\t\n\t\t<figure class=\"wpb_wrapper vc_figure\">\n\t\t\t<a href=\"https:\/\/monteithshop.org\/es\/finished-projects\/harvest-records-project\/\" target=\"_self\" class=\"vc_single_image-wrapper vc_box_shadow  vc_box_border_grey\"><img decoding=\"async\" class=\"vc_single_image-img\" src=\"https:\/\/monteithshop.org\/wp-content\/uploads\/2022\/01\/doe_LaSharr-scaled-500x500.jpg\" width=\"500\" height=\"500\" alt=\"Photo credit: Tayler LaSharr\" title=\"doe_LaSharr\" loading=\"lazy\" \/><\/a><figcaption class=\"vc_figure-caption\">Foto: Tayler LaSharr<\/figcaption>\n\t\t<\/figure>\n\t<\/div>\n<\/div><\/div><\/div><div class=\"wpb_column vc_column_container vc_col-sm-8\"><div class=\"vc_column-inner\"><div class=\"wpb_wrapper\">\n\t<div class=\"wpb_text_column wpb_content_element\" >\n\t\t<div class=\"wpb_wrapper\">\n\t\t\t<h3><a href=\"https:\/\/monteithshop.org\/es\/finished-projects\/deerp\/\">Proyecto de la ecolog\u00eda de los venados y wapit\u00ed<\/a><\/h3>\n<p><span class=\"OYPEnA text-decoration-none text-strikethrough-none\">Cuando el ciervo mula y el wapit\u00ed coexisten, los wapit\u00ed suelen salir victorioso por muchas razones, incluidas las diferencias en la forma en que se mueven, el tama\u00f1o de su cuerpo y los tipos de plantas que comen. En las \u00faltimas d\u00e9cadas, la poblaci\u00f3n de ciervo mula en el \u00e1rea de Greater Little Mountain se ha mantenido relativamente estancada, mientras que la poblaci\u00f3n de wapit\u00ed permanece estable o en aumento; estas trayectorias opuestas son las que impulsaron el este proyecto.<\/span><\/p>\n<p>Descubrimos que los wapit\u00ed y los ciervos mula compiten por el espacio y los recursos; Cuando el ciervo mula y el wapit\u00ed se superponen, el ciervo mula gana menos grasa, lo que afecta su supervivencia. Tambi\u00e9n descubrimos que el ciervo mula ten\u00eda que equilibrar m\u00faltiples fuentes de riesgo de otros ungulados, as\u00ed como de sus depredadores, y que los cervatillos que se esconden tienen m\u00e1s probabilidades de sobrevivir a una edad temprana. En conjunto, estos hallazgos nos ayudan a comprender c\u00f3mo pueden coexistir m\u00faltiples ungulados y depredadores en un ecosistema.<\/p>\n\n\t\t<\/div>\n\t<\/div>\n<\/div><\/div><\/div><\/div><div class=\"vc_row wpb_row vc_row-fluid\"><div class=\"wpb_column vc_column_container vc_col-sm-12\"><div class=\"vc_column-inner\"><div class=\"wpb_wrapper\"><div class=\"vc_empty_space\"   style=\"height: 32px\"><span class=\"vc_empty_space_inner\"><\/span><\/div><\/div><\/div><\/div><\/div><div class=\"vc_row wpb_row vc_row-fluid\"><div class=\"wpb_column vc_column_container vc_col-sm-4\"><div class=\"vc_column-inner\"><div class=\"wpb_wrapper\">\n\t<div  class=\"wpb_single_image wpb_content_element vc_align_center  vc_custom_1704841889945\">\n\t\t\n\t\t<figure class=\"wpb_wrapper vc_figure\">\n\t\t\t<a href=\"https:\/\/monteithshop.org\/es\/finished-projects\/harvest-records-project\/\" target=\"_self\" class=\"vc_single_image-wrapper vc_box_shadow  vc_box_border_grey\"><img decoding=\"async\" class=\"vc_single_image-img\" src=\"https:\/\/monteithshop.org\/wp-content\/uploads\/2022\/01\/pronghornwalking-500x500.png\" width=\"500\" height=\"500\" alt=\"Pronghorn walking.\" title=\"pronghornwalking\" loading=\"lazy\" \/><\/a><figcaption class=\"vc_figure-caption\">Foto: Tayler LaSharr<\/figcaption>\n\t\t<\/figure>\n\t<\/div>\n<\/div><\/div><\/div><div class=\"wpb_column vc_column_container vc_col-sm-8\"><div class=\"vc_column-inner\"><div class=\"wpb_wrapper\">\n\t<div class=\"wpb_text_column wpb_content_element\" >\n\t\t<div class=\"wpb_wrapper\">\n\t\t\t<h3><a href=\"https:\/\/monteithshop.org\/es\/finished-projects\/pronghorn-harvest-project\/\">El proyecto de caza de ant\u00edlope<\/a><\/h3>\n<p>Los ant\u00edlopes son una especie apreciada de caza mayor y una parte ic\u00f3nica de Wyoming y el Oeste. Aunque muchos pueden verlos como un lugar com\u00fan en Wyoming, son una especie ecol\u00f3gicamente notable con un conjunto de rasgos que difieren dr\u00e1sticamente de cualquier otra especie de caza salvaje en Am\u00e9rica del Norte. <span class=\"OYPEnA text-decoration-none text-strikethrough-none\">En Wyoming, los ant\u00edlopes son una parte fundamental del paisaje y representan una importante especie de caza que genera millones de d\u00f3lares anuales para la conservaci\u00f3n y el manejo de la vida silvestre a trav\u00e9s de la caza.<\/span><\/p>\n<p>Descubrimos que a los ant\u00edlopes les crecen los cuernos de maneras \u00fanicas, y que los machos alcanzan m\u00e1s del 95% del tama\u00f1o m\u00e1ximo de los cuernos a los 3 a\u00f1os de edad, y alcanzan el tama\u00f1o m\u00e1ximo de los cuernos a los 6 a\u00f1os. Tambi\u00e9n encontramos que <span class=\"OYPEnA text-decoration-none text-strikethrough-none\">la profundidad de la nieve en el invierno cuando un ciervo crece dentro del \u00fatero de su madre determina el tama\u00f1o de sus cuernos por el resto de su vida; La nieve m\u00e1s profunda genera m\u00e1s humedad y alimento para la madre y una vida de cuernos m\u00e1s grandes para su hijo. <\/span><\/p>\n\n\t\t<\/div>\n\t<\/div>\n<\/div><\/div><\/div><\/div><div class=\"vc_row wpb_row vc_row-fluid\"><div class=\"wpb_column vc_column_container vc_col-sm-12\"><div class=\"vc_column-inner\"><div class=\"wpb_wrapper\"><div class=\"vc_empty_space\"   style=\"height: 32px\"><span class=\"vc_empty_space_inner\"><\/span><\/div><\/div><\/div><\/div><\/div><div class=\"vc_row wpb_row vc_row-fluid\"><div class=\"wpb_column vc_column_container vc_col-sm-4\"><div class=\"vc_column-inner\"><div class=\"wpb_wrapper\">\n\t<div  class=\"wpb_single_image wpb_content_element vc_align_center  vc_custom_1687359892270\">\n\t\t\n\t\t<figure class=\"wpb_wrapper vc_figure\">\n\t\t\t<a href=\"https:\/\/monteithshop.org\/es\/finished-projects\/harvest-records-project\/\" target=\"_self\" class=\"vc_single_image-wrapper vc_box_shadow  vc_box_border_grey\"><img decoding=\"async\" class=\"vc_single_image-img\" src=\"https:\/\/monteithshop.org\/wp-content\/uploads\/2020\/01\/Ram3_LaSharr-500x500.jpeg\" width=\"500\" height=\"500\" alt=\"Bighorn sheep ram with a curled lip.\" title=\"Bighorn sheep ram.\" loading=\"lazy\" \/><\/a><figcaption class=\"vc_figure-caption\">Foto: Tayler LaSharr<\/figcaption>\n\t\t<\/figure>\n\t<\/div>\n<\/div><\/div><\/div><div class=\"wpb_column vc_column_container vc_col-sm-8\"><div class=\"vc_column-inner\"><div class=\"wpb_wrapper\">\n\t<div class=\"wpb_text_column wpb_content_element\" >\n\t\t<div class=\"wpb_wrapper\">\n\t\t\t<h3><a href=\"https:\/\/monteithshop.org\/es\/finished-projects\/harvest-records-project\/\">Proyecto de los archivos de la caza<\/a><\/h3>\n<p>La caza es una parte importante del manejo de la vida silvestre, pero existe preocupaci\u00f3n sobre c\u00f3mo la cosecha podr\u00eda afectar el tama\u00f1o de los cuernos y las astas de las especies de ungulados con el tiempo. Este proyecto evalu\u00f3 c\u00f3mo cambi\u00f3 el tama\u00f1o de los cuernos del borrego cimarr\u00f3n cazado a lo largo del tiempo e identific\u00f3 los mecanismos que causaron el cambio.<\/p>\n<p>Entre las 72 \u00e1reas de caza que estudiamos, el tama\u00f1o de los cuernos se mantuvo sin cambios en 44, disminuy\u00f3 en 19 y de hecho aument\u00f3 en 9. Los investigadores encontraron evidencia de que los tres mecanismos causaron cambios en el tama\u00f1o de los cuernos, seg\u00fan el \u00e1rea de caza en cuesti\u00f3n. En menos de la mitad de las \u00e1reas de caza donde disminuy\u00f3 el tama\u00f1o de los cuernos, la evidencia apuntaba a la caza como la causa del cambio evolutivo. En los otros, la nutrici\u00f3n y la estructura de edad cambiante parec\u00edan estar reduciendo el tama\u00f1o de los cuernos. En general, los reg\u00edmenes de cosecha actuales en la mayor\u00eda de las \u00e1reas de caza no parecen estar reduciendo el tama\u00f1o de los cuernos en el borrego cimarr\u00f3n.<\/p>\n\n\t\t<\/div>\n\t<\/div>\n<\/div><\/div><\/div><\/div><div class=\"vc_row wpb_row vc_row-fluid\"><div class=\"wpb_column vc_column_container vc_col-sm-12\"><div class=\"vc_column-inner\"><div class=\"wpb_wrapper\"><div class=\"vc_empty_space\"   style=\"height: 32px\"><span class=\"vc_empty_space_inner\"><\/span><\/div><\/div><\/div><\/div><\/div><div class=\"vc_row wpb_row vc_row-fluid\"><div class=\"wpb_column vc_column_container vc_col-sm-4\"><div class=\"vc_column-inner\"><div class=\"wpb_wrapper\">\n\t<div  class=\"wpb_single_image wpb_content_element vc_align_center  vc_custom_1692127155157\">\n\t\t\n\t\t<figure class=\"wpb_wrapper vc_figure\">\n\t\t\t<a href=\"https:\/\/monteithshop.org\/es\/finished-projects\/snowy-moose-project\/\" target=\"_self\" class=\"vc_single_image-wrapper vc_box_shadow  vc_box_border_grey\"><img decoding=\"async\" class=\"vc_single_image-img\" src=\"https:\/\/monteithshop.org\/wp-content\/uploads\/2020\/03\/SnowyMoose-scaled-500x500.jpg\" width=\"500\" height=\"500\" alt=\"A large female moose stands in the open sagebrush, looking directly at the camera. Her coat is thick and healthy, and the sky behind her is a clear blue.\" title=\"Female moose.\" loading=\"lazy\" \/><\/a><figcaption class=\"vc_figure-caption\">Foto: Alex May<\/figcaption>\n\t\t<\/figure>\n\t<\/div>\n<\/div><\/div><\/div><div class=\"wpb_column vc_column_container vc_col-sm-8\"><div class=\"vc_column-inner\"><div class=\"wpb_wrapper\">\n\t<div class=\"wpb_text_column wpb_content_element\" >\n\t\t<div class=\"wpb_wrapper\">\n\t\t\t<h3><a href=\"https:\/\/monteithshop.org\/es\/finished-projects\/snowy-moose-project\/\">Proyecto de alces de la cordillera Snowy<\/a><\/h3>\n<p>Los alces han evolucionado para prosperar en los ambientes frios de latitudes del norte, pero a medida que su distribuci\u00f3n se ha expandido hacia el sur en el \u00faltimo siglo, las temperaturas m\u00e1s c\u00e1lidas de estas regiones pueden estar desafiando su capacidad para manejar el sobrecaliento. El proyecto de alces de la cordillera Snowy, completado en 2019, se centr\u00f3 en c\u00f3mo satisfacen las necesidades t\u00e9rmicas de los alces en el extremo sur de su \u00e1rea de distribuci\u00f3n y c\u00f3mo pueden combatir el aumento de las temperaturas.<\/p>\n<p>Descubrimos que los alces seleccionan sitios para dormir que tienen temperaturas fr\u00edas y tierra h\u00fameda o mojada. Estos sitios disminuyen el riesgo de sobrecalentamiento durante el d\u00eda. A medida que los d\u00edas se hac\u00edan m\u00e1s calurosos, los alces aumentaron el uso de agua estancada y camas con tierra h\u00fameda. Este proyecto concluye que los alces est\u00e1n mitigando su riesgo de sobrecalentamiento al buscar camas de d\u00eda que les permitan perder calor al suelo o al agua con la que est\u00e1n en contacto.<\/p>\n\n\t\t<\/div>\n\t<\/div>\n<\/div><\/div><\/div><\/div><div class=\"vc_row wpb_row vc_row-fluid\"><div class=\"wpb_column vc_column_container vc_col-sm-12\"><div class=\"vc_column-inner\"><div class=\"wpb_wrapper\"><div class=\"vc_empty_space\"   style=\"height: 32px\"><span class=\"vc_empty_space_inner\"><\/span><\/div><\/div><\/div><\/div><\/div><div class=\"vc_row wpb_row vc_row-fluid\"><div class=\"wpb_column vc_column_container vc_col-sm-4\"><div class=\"vc_column-inner\"><div class=\"wpb_wrapper\">\n\t<div  class=\"wpb_single_image wpb_content_element vc_align_center  vc_custom_1692126295564\">\n\t\t\n\t\t<figure class=\"wpb_wrapper vc_figure\">\n\t\t\t<a href=\"https:\/\/monteithshop.org\/es\/finished-projects\/sierra-madre-elk-project\/\" target=\"_self\" class=\"vc_single_image-wrapper vc_box_shadow  vc_box_border_grey\"><img decoding=\"async\" class=\"vc_single_image-img\" src=\"https:\/\/monteithshop.org\/wp-content\/uploads\/2022\/05\/Elk-500x500.png\" width=\"500\" height=\"500\" alt=\"Three male elk with large antlers stand on a grassy hill, morning sun glancing off their coats.\" title=\"Uapit\u00ed\" loading=\"lazy\" \/><\/a><figcaption class=\"vc_figure-caption\">Foto: Tayler LaSharr<\/figcaption>\n\t\t<\/figure>\n\t<\/div>\n<\/div><\/div><\/div><div class=\"wpb_column vc_column_container vc_col-sm-8\"><div class=\"vc_column-inner\"><div class=\"wpb_wrapper\">\n\t<div class=\"wpb_text_column wpb_content_element\" >\n\t\t<div class=\"wpb_wrapper\">\n\t\t\t<h3><a href=\"https:\/\/monteithshop.org\/es\/finished-projects\/sierra-madre-elk-project\/\">Proyecto de wapit\u00ed de la Sierra Madre<\/a><\/h3>\n<p>La mortalidad extensa de los pinos tras la epidemia de escarabajos puede cambiar la forma en que la vida silvestre y las personas interact\u00faan con los bosques. Los wapit\u00ed, por ejemplo, dependen de los bosques de con\u00edferas intactos como refugio t\u00e9rmico y para escapar de la depredaci\u00f3n (por ejemplo, depredadores naturales y cazadores humanos), pero a medida que caen los \u00e1rboles muertos, los cambios en la estructura del sbosque pueden alterar la abundancia de forraje, las condiciones t\u00e9rmicas, cobertura y gastos de locomotora para wapit\u00ed. Los cambios en el boseque y en el comportamiento de los wapit\u00ed, a su vez, cambia la forma en que manejamos esta especie tan valorada.<\/p>\n<p>Descubrimos que los wapit\u00ed normalmente evitan areas con con\u00edferas muertas por los escarabajos y prefieren pasar su tiempo en bosques de con\u00edferas intactos y en praderas cubiertas de hierba. Sin embargo, durante la temporada de caza de oto\u00f1o, los alces seleccionaban bosques muertos, tal vez como una t\u00e1ctica de escape. Cazadores humanos tambi\u00e9n estaban dispuestos a seguir a los wapit\u00ed y utilizar \u00e1reas muertas por escarabajos para cazar, particularmente cuando hab\u00eda m\u00e1s wapit\u00ed all\u00ed.<\/p>\n\n\t\t<\/div>\n\t<\/div>\n<\/div><\/div><\/div><\/div><div class=\"vc_row wpb_row vc_row-fluid\"><div class=\"wpb_column vc_column_container vc_col-sm-12\"><div class=\"vc_column-inner\"><div class=\"wpb_wrapper\"><div class=\"vc_empty_space\"   style=\"height: 32px\"><span class=\"vc_empty_space_inner\"><\/span><\/div><\/div><\/div><\/div><\/div>\n<\/div>","protected":false},"excerpt":{"rendered":"Photo credit: Rebecca Levine Meeteetse Moose Project Over the last two decades, nearly half of the moose populations in their southern extent have declined. Despite widespread interest in moose conservation, the complexities of how moose are influenced by their environment makes for a challenging assessment of efforts needed to bolster moose populations.\u00a0 We found that &hellip; <p class=\"link-more\"><a href=\"https:\/\/monteithshop.org\/es\/finished-projects\/\" class=\"more-link\">Read more<span class=\"screen-reader-text\"> \"Finished projects\"<\/span><\/a><\/p>","protected":false},"author":1,"featured_media":1642,"parent":0,"menu_order":0,"comment_status":"closed","ping_status":"closed","template":"","meta":{"footnotes":""},"class_list":["post-1647","page","type-page","status-publish","has-post-thumbnail","hentry"],"_links":{"self":[{"href":"https:\/\/monteithshop.org\/es\/wp-json\/wp\/v2\/pages\/1647","targetHints":{"allow":["GET"]}}],"collection":[{"href":"https:\/\/monteithshop.org\/es\/wp-json\/wp\/v2\/pages"}],"about":[{"href":"https:\/\/monteithshop.org\/es\/wp-json\/wp\/v2\/types\/page"}],"author":[{"embeddable":true,"href":"https:\/\/monteithshop.org\/es\/wp-json\/wp\/v2\/users\/1"}],"replies":[{"embeddable":true,"href":"https:\/\/monteithshop.org\/es\/wp-json\/wp\/v2\/comments?post=1647"}],"version-history":[{"count":14,"href":"https:\/\/monteithshop.org\/es\/wp-json\/wp\/v2\/pages\/1647\/revisions"}],"predecessor-version":[{"id":2504,"href":"https:\/\/monteithshop.org\/es\/wp-json\/wp\/v2\/pages\/1647\/revisions\/2504"}],"wp:featuredmedia":[{"embeddable":true,"href":"https:\/\/monteithshop.org\/es\/wp-json\/wp\/v2\/media\/1642"}],"wp:attachment":[{"href":"https:\/\/monteithshop.org\/es\/wp-json\/wp\/v2\/media?parent=1647"}],"curies":[{"name":"wp","href":"https:\/\/api.w.org\/{rel}","templated":true}]}}