{"id":1726,"date":"2022-05-03T17:26:17","date_gmt":"2022-05-03T17:26:17","guid":{"rendered":"https:\/\/monteithshop.org\/?page_id=1726"},"modified":"2023-08-15T19:59:26","modified_gmt":"2023-08-15T19:59:26","slug":"stubbornness-and-flexibility","status":"publish","type":"page","link":"https:\/\/monteithshop.org\/es\/compendiums\/stubbornness-and-flexibility\/","title":{"rendered":"La obstinaci\u00f3n y la flexibilidad tienen sus ventajas."},"content":{"rendered":"<div class=\"wpb-content-wrapper\"><div class=\"vc_row wpb_row vc_row-fluid\"><div class=\"wpb_column vc_column_container vc_col-sm-12\"><div class=\"vc_column-inner\"><div class=\"wpb_wrapper\"><div class=\"vc_empty_space\"   style=\"height: 32px\"><span class=\"vc_empty_space_inner\"><\/span><\/div><\/div><\/div><\/div><\/div><div class=\"vc_row wpb_row vc_row-fluid\"><div class=\"wpb_column vc_column_container vc_col-sm-12\"><div class=\"vc_column-inner\"><div class=\"wpb_wrapper\">\n\t<div class=\"wpb_text_column wpb_content_element\" >\n\t\t<div class=\"wpb_wrapper\">\n\t\t\t<p>Imag\u00ednate que est\u00e1s conduciendo a tu casa y te encuentras en un gran atasco. \u00bfEres el tipo de persona que se queda en la carretera y avanzas poco a poco hasta que se pasa el atasco? O eres del tipo que se va de la carretera lo antes posible y trata de llegar a casa por rutas alternativas complicadas y que desconoces?<\/p>\n<p>Si eres el tipo de persona que se queda en la carretera hasta que se regularice el trafico, probablemente te encuentras siguiendo la misma ruta diaria al trabajo, a tu casa, o incluso al supermercado. El seguir estas rutas conocidas no es algo que haces conscientemente sino que las sigues porque has pasado suficiente tiempo en el \u00e1rea como para haber aprendido cual es el mejor camino y simplemente lo sigues. Esta dedicaci\u00f3n a una ruta cierta d\u00eda tras d\u00eda sin desviarse es un ejemplo de alta fidelidad al terreno.<\/p>\n<p>Si eres el tipo de persona que se sali\u00f3 de la carretera lo antes posible al ver el atasco, eres probablemente alguien que odia seguir el mismo camino d\u00eda a d\u00eda y prefieres pasear por la jungla urbana sin tener idea de donde vas. Esta falta de compromiso con una ruta en vez de otra es un ejemplo de baja fidelidad al terreno.<\/p>\n<p>Tal como los humanos, los ungulados demuestran patrones de alta y baja fidelidad al terreno. Muchas especies de ungulados demuestran alta fidelidad al terreno donde hacen sus hogares en el verano y en el invierno y a sus rutas migratorias que los llevan de uno a otro lugar, mientras otras especies demuestran poco respeto a la rutina diaria t\u00edpica. Pensar en este contexto es importante porque la variabilidad en la fidelidad al terreno de una poblaci\u00f3n animal puede determinar cuan sensible son los animales a los cambios en el terreno y pueden predecir cuan r\u00e1pido son capaces de adaptarse a cambios y desaf\u00edos en sus caminos.<\/p>\n\n\t\t<\/div>\n\t<\/div>\n<\/div><\/div><\/div><\/div><div class=\"vc_row wpb_row vc_row-fluid\"><div class=\"wpb_column vc_column_container vc_col-sm-12\"><div class=\"vc_column-inner\"><div class=\"wpb_wrapper\"><div class=\"vc_empty_space\"   style=\"height: 32px\"><span class=\"vc_empty_space_inner\"><\/span><\/div><\/div><\/div><\/div><\/div><div class=\"vc_row wpb_row vc_row-fluid\"><div class=\"wpb_column vc_column_container vc_col-sm-6\"><div class=\"vc_column-inner\"><div class=\"wpb_wrapper\">\n\t<div class=\"wpb_text_column wpb_content_element\" >\n\t\t<div class=\"wpb_wrapper\">\n\t\t\t<h4 style=\"text-align: center;\">El trabajador de 9 a 5 (ciervos mula)<\/h4>\n\n\t\t<\/div>\n\t<\/div>\n\n\t<div  class=\"wpb_single_image wpb_content_element vc_align_center\">\n\t\t\n\t\t<figure class=\"wpb_wrapper vc_figure\">\n\t\t\t<div class=\"vc_single_image-wrapper   vc_box_border_grey\"><img decoding=\"async\" class=\"vc_single_image-img\" src=\"https:\/\/monteithshop.org\/wp-content\/uploads\/2022\/05\/Business-Lady-Mule-Deer-300x228.png\" width=\"300\" height=\"228\" alt=\"A female mule deer wearing a business suit.\" title=\"Business lady. Original photo J. Nelson, alterations by R. Nielsen.\" loading=\"lazy\" \/><\/div>\n\t\t<\/figure>\n\t<\/div>\n\n\t<div class=\"wpb_text_column wpb_content_element\" >\n\t\t<div class=\"wpb_wrapper\">\n\t\t\t<p>Los ciervos mula son los trabajadores de 9 a 5 en t\u00e9rminos de fidelidad al terreno. Ellos son incre\u00edblemente leales a sus rutas migratorias y los datos de GPS nos permiten ver que a menudo ellos siguen las mismas rutas, casi exacta paso a paso, a\u00f1o a a\u00f1o. Una vez que eligen un lugar de pastoreo de invierno o verano, usualmente vuelven a la misma \u00e1rea a\u00f1o tras a\u00f1o, a\u00fan si esas rutas se vuelven desventajosas.<\/p>\n<p>\u00bfPero por qu\u00e9 se mantienen tan fieles a sus \u00e1reas de pastoreo? Los ciervos mula le sacan m\u00e1ximo partido al \u00e1rea donde viven al conocer bien sus recursos y sus rutas de escape, tal como un trabajador de oficina con un salario parejo y horas de trabajo definidas. Sin embargo, tambi\u00e9n deben lidiar con las desventajas que esto trae, tal como la invasi\u00f3n del desarrollo humano, la perdida de h\u00e1bitats, las barreras al movimiento, igual que el oficinista que tiene que lidiar con los cambios de jefes, despedidas, o una cultura negativa en la oficina. Los ciervos mula se quedan por el sueldo predecible pero pueden terminar sufriendo en el largo plazo a medida que se acumulan factores estresantes en su medioambiente.<\/p>\n\n\t\t<\/div>\n\t<\/div>\n<\/div><\/div><\/div><div class=\"wpb_column vc_column_container vc_col-sm-6\"><div class=\"vc_column-inner\"><div class=\"wpb_wrapper\">\n\t<div class=\"wpb_text_column wpb_content_element\" >\n\t\t<div class=\"wpb_wrapper\">\n\t\t\t<h4 style=\"text-align: center;\">El trabajador independiente (wapit\u00edes)<\/h4>\n\n\t\t<\/div>\n\t<\/div>\n\n\t<div  class=\"wpb_single_image wpb_content_element vc_align_center\">\n\t\t\n\t\t<figure class=\"wpb_wrapper vc_figure\">\n\t\t\t<div class=\"vc_single_image-wrapper   vc_box_border_grey\"><img decoding=\"async\" class=\"vc_single_image-img\" src=\"https:\/\/monteithshop.org\/wp-content\/uploads\/2022\/05\/Artist-Elk-300x300.png\" width=\"300\" height=\"300\" alt=\"An artistic elk, painting an image of elk in the trees.\" title=\"Artist elk. Original photo by J. Frys, alterations by R. Nielsen.\" loading=\"lazy\" \/><\/div>\n\t\t<\/figure>\n\t<\/div>\n\n\t<div class=\"wpb_text_column wpb_content_element\" >\n\t\t<div class=\"wpb_wrapper\">\n\t\t\t<p>Al contrario de la ciervo mula, los uapit\u00edes tienden a ser m\u00e1s como trabajadores independientes que como de oficina. Los uapit\u00edes han demostrado cierto grado de flexibilidad en su fidelidad al terreno. Tal como un artista o un conductor de DoorDash, los uapit\u00edes se pueden adaptar a condiciones cambiantes en su medioambiente. Por ejemplo, si a un artista le garantizan una posici\u00f3n en una galer\u00eda por un a\u00f1o, el artista se quedar\u00e1 en el \u00e1rea y enfocar\u00e1 su energ\u00eda en mostrar sus mejores obras en esa galer\u00eda en vez de buscar otra. Cuando la posici\u00f3n en la galer\u00eda acabe, y con ello el sueldo seguro, entonces el artista volver\u00e1 a buscar otras galer\u00edas para mostrar sus obras, o lo har\u00e1 en l\u00ednea, o quiz\u00e1s encontrar\u00e1 una tienda donde exponer su trabajo en forma temporal. Los uapit\u00edes muestran una estrategia similar. Si las condiciones en un \u00e1rea son buenas, los uapit\u00edes se quedan y siguen la misma ruta migratoria. Si las condiciones en el \u00e1rea son malas, entonces los uapit\u00edes se van a otra \u00e1rea o cambian su ruta migratoria para evitar las condiciones estresantes que han enfrentado.<\/p>\n\n\t\t<\/div>\n\t<\/div>\n<\/div><\/div><\/div><\/div><div class=\"vc_row wpb_row vc_row-fluid\"><div class=\"wpb_column vc_column_container vc_col-sm-12\"><div class=\"vc_column-inner\"><div class=\"wpb_wrapper\">\n\t<div class=\"wpb_text_column wpb_content_element\" >\n\t\t<div class=\"wpb_wrapper\">\n\t\t\t\n\t\t<\/div>\n\t<\/div>\n\n\t<div class=\"wpb_text_column wpb_content_element\" >\n\t\t<div class=\"wpb_wrapper\">\n\t\t\t<h4><strong>\u00bfPor qu\u00e9 importa esto?<\/strong><\/h4>\n<p>La alta fidelidad al terreno que han desplegado los animales ungulados ha sido una ventaja en el pasado, pero esto se esta transformando en una desventaja como resultado de los cambios clim\u00e1ticos y el desarrollo humano creciente. Los ciervos mula son especialmente vulnerables porque no son capaces de cambiar a un h\u00e1bitat nuevo, a\u00fan si su h\u00e1bitat actual no tiene suficientes recursos como para mantenerlos. Mientras que algunas poblaciones de uapit\u00edes han desplegado m\u00e1s flexibilidad en t\u00e9rminos de fidelidad a su terreno, esto s\u00f3lo ocurren en una minor\u00eda de su poblaci\u00f3n. Esto deja a la mayor\u00eda de los uapit\u00edes tan vulnerables como los ciervos mula a los cambios en su medioambiente. Al contrario de los humanos, a los animales ungulados les toma m\u00e1s tiempo acumular el conocimiento de su medioambiente y cambiar sus rutinas diarias. Esto significa que podemos esperar que los ungulados como los ciervos mula y los uapit\u00edes sean vulnerables a la extinci\u00f3n potencial ya que el cambio clim\u00e1tico y el desarrollo humano contin\u00faan deformando y fragmentando sus \u00e1reas de pastoreo.<\/p>\n<p>&nbsp;<\/p>\n<h5>Compendio de Ryen Nielsen.<\/h5>\n\n\t\t<\/div>\n\t<\/div>\n<\/div><\/div><\/div><\/div><div class=\"vc_row wpb_row vc_row-fluid\"><div class=\"wpb_column vc_column_container vc_col-sm-12\"><div class=\"vc_column-inner\"><div class=\"wpb_wrapper\"><div class=\"vc_empty_space\"   style=\"height: 32px\"><span class=\"vc_empty_space_inner\"><\/span><\/div><\/div><\/div><\/div><\/div><div class=\"vc_row wpb_row vc_row-fluid\"><div class=\"wpb_column vc_column_container vc_col-sm-12\"><div class=\"vc_column-inner\"><div class=\"wpb_wrapper\"><div class=\"vc_empty_space\"   style=\"height: 32px\"><span class=\"vc_empty_space_inner\"><\/span><\/div><\/div><\/div><\/div><\/div>\n<\/div>","protected":false},"excerpt":{"rendered":"Imagine you\u2019re driving home and suddenly find yourself in a traffic jam. Are you the kind of person who stays on the highway and inches along until the jam clears? Or are you the kind of person who exits the highway as soon as possible and tries to find your way home through a maze &hellip; <p class=\"link-more\"><a href=\"https:\/\/monteithshop.org\/es\/compendiums\/stubbornness-and-flexibility\/\" class=\"more-link\">Read more<span class=\"screen-reader-text\"> \"Stubbornness and flexibility both have their perks\"<\/span><\/a><\/p>","protected":false},"author":1,"featured_media":1456,"parent":14,"menu_order":0,"comment_status":"closed","ping_status":"closed","template":"","meta":{"footnotes":""},"class_list":["post-1726","page","type-page","status-publish","has-post-thumbnail","hentry"],"_links":{"self":[{"href":"https:\/\/monteithshop.org\/es\/wp-json\/wp\/v2\/pages\/1726","targetHints":{"allow":["GET"]}}],"collection":[{"href":"https:\/\/monteithshop.org\/es\/wp-json\/wp\/v2\/pages"}],"about":[{"href":"https:\/\/monteithshop.org\/es\/wp-json\/wp\/v2\/types\/page"}],"author":[{"embeddable":true,"href":"https:\/\/monteithshop.org\/es\/wp-json\/wp\/v2\/users\/1"}],"replies":[{"embeddable":true,"href":"https:\/\/monteithshop.org\/es\/wp-json\/wp\/v2\/comments?post=1726"}],"version-history":[{"count":12,"href":"https:\/\/monteithshop.org\/es\/wp-json\/wp\/v2\/pages\/1726\/revisions"}],"predecessor-version":[{"id":2423,"href":"https:\/\/monteithshop.org\/es\/wp-json\/wp\/v2\/pages\/1726\/revisions\/2423"}],"up":[{"embeddable":true,"href":"https:\/\/monteithshop.org\/es\/wp-json\/wp\/v2\/pages\/14"}],"wp:featuredmedia":[{"embeddable":true,"href":"https:\/\/monteithshop.org\/es\/wp-json\/wp\/v2\/media\/1456"}],"wp:attachment":[{"href":"https:\/\/monteithshop.org\/es\/wp-json\/wp\/v2\/media?parent=1726"}],"curies":[{"name":"wp","href":"https:\/\/api.w.org\/{rel}","templated":true}]}}