{"id":1742,"date":"2022-05-12T21:16:56","date_gmt":"2022-05-12T21:16:56","guid":{"rendered":"https:\/\/monteithshop.org\/?page_id=1742"},"modified":"2023-08-15T19:34:57","modified_gmt":"2023-08-15T19:34:57","slug":"cool-ungulates-in-a-warming-world","status":"publish","type":"page","link":"https:\/\/monteithshop.org\/es\/compendiums\/cool-ungulates-in-a-warming-world\/","title":{"rendered":"Ungulados frescos en un mundo en calentamiento"},"content":{"rendered":"<div class=\"wpb-content-wrapper\"><div class=\"vc_row wpb_row vc_row-fluid\"><div class=\"wpb_column vc_column_container vc_col-sm-12\"><div class=\"vc_column-inner\"><div class=\"wpb_wrapper\"><div class=\"vc_empty_space\"   style=\"height: 32px\"><span class=\"vc_empty_space_inner\"><\/span><\/div><\/div><\/div><\/div><\/div><div class=\"vc_row wpb_row vc_row-fluid\"><div class=\"wpb_column vc_column_container vc_col-sm-12\"><div class=\"vc_column-inner\"><div class=\"wpb_wrapper\">\n\t<div class=\"wpb_text_column wpb_content_element\" >\n\t\t<div class=\"wpb_wrapper\">\n\t\t\t<div class=\"Page-container\">\n<div id=\"page-0\" class=\"Page PageComponent\" tabindex=\"-1\">\n<div class=\"Draw Draw--not-drawing Draw--selection\">\n<div class=\"TextLayer-container\">\n<div>\n<p>Imag\u00ednate que vives en Key West, en Florida, donde las temperaturas de verano pueden llegar a los 95 grados Fahrenheit y la humedad puede estar cerca del 80 por ciento. Imag\u00ednate que est\u00e1s sentado en una playa disfrutando de la vista al mar, pero empiezas a sudar a medida que el sol sube. Si contin\u00faas sudando y tienes mucho calor \u00bfque har\u00edas para refrescarte? Podr\u00edas meterte al agua de mar o podr\u00edas irte a un lugar con aire acondicionado.<\/p>\n<\/div>\n<div class=\"textLayer\">Sudar, ir a nadar o escaparse del calor del sol son lo que los cient\u00edficos llaman termorregulaci\u00f3n. La termorregulaci\u00f3n es lo que hace tu cuerpo para mantener su temperatura interna independientemente de la condici\u00f3n ambiental a tu alrededor. De forma similar a los amantes de la playa que sudan o se van a un lugar m\u00e1s frio, los animales salvajes tambi\u00e9n tienen adaptaciones fisiol\u00f3gicas y de comportamiento para ayudar a termo-regularse.<\/div>\n<div class=\"textLayer\">\n<p>Ahora imag\u00ednate que est\u00e1s en el Parque Nacional de Yellowstone, en Wyoming, donde est\u00e1s observando feliz una hembra alce y su cr\u00edo acostados felices en la base de una agrupaci\u00f3n de pinos. Es un d\u00eda de verano hermoso y se te ocurre que es raro que los animales no est\u00e9n comiendo la hierba verde exuberante y los sauces reci\u00e9n salidos que est\u00e1n a su alrededor.<\/p>\n<p>Los alces probablemente est\u00e1n haciendo lo mejor que pueden hacer para mantenerse frescos.<\/p>\n<figure id=\"attachment_2413\" aria-describedby=\"caption-attachment-2413\" style=\"width: 950px\" class=\"wp-caption alignright\"><img loading=\"lazy\" decoding=\"async\" class=\"wp-image-2413 size-large\" src=\"http:\/\/monteithshop.org\/wp-content\/uploads\/2023\/08\/poolmoose-e1692127607136-1024x509.png\" alt=\"\" width=\"950\" height=\"472\" srcset=\"https:\/\/monteithshop.org\/wp-content\/uploads\/2023\/08\/poolmoose-e1692127607136-1024x509.png 1024w, https:\/\/monteithshop.org\/wp-content\/uploads\/2023\/08\/poolmoose-e1692127607136-300x149.png 300w, https:\/\/monteithshop.org\/wp-content\/uploads\/2023\/08\/poolmoose-e1692127607136-768x381.png 768w, https:\/\/monteithshop.org\/wp-content\/uploads\/2023\/08\/poolmoose-e1692127607136-1536x763.png 1536w, https:\/\/monteithshop.org\/wp-content\/uploads\/2023\/08\/poolmoose-e1692127607136-2048x1017.png 2048w, https:\/\/monteithshop.org\/wp-content\/uploads\/2023\/08\/poolmoose-e1692127607136-18x9.png 18w, https:\/\/monteithshop.org\/wp-content\/uploads\/2023\/08\/poolmoose-e1692127607136-2000x993.png 2000w\" sizes=\"auto, (max-width: 950px) 100vw, 950px\" \/><figcaption id=\"caption-attachment-2413\" class=\"wp-caption-text\">Arte de Ben Regan<\/figcaption><\/figure>\n<p>Los alces son grandes, oscuros, y no pueden sudar\u2014esto significa que son muy sensibles al sobrecalentamiento. Sin mecanismos fisiol\u00f3gicos para enfriarse, los alces deben alterar su comportamiento cuando tienen calor.<\/p>\n<div class=\"Page-container\">\n<div id=\"page-0\" class=\"Page PageComponent\" tabindex=\"-1\">\n<div class=\"Draw Draw--not-drawing Draw--selection\">\n<div class=\"TextLayer-container\">\n<div class=\"textLayer\">\n<p>Los alces se termo-regulan y cambian su comportamiento en los meses de verano para enfrentar los cambios de temperatura durante el d\u00eda. A menudo los alces seleccionan h\u00e1bitats que est\u00e1n cerca del agua o aquellos que tienen mucha sombra, especialmente cuando la temperatura alcanza su m\u00e1xima durante los d\u00edas calurosos. Aquellos lugares que ofrecen un respiro del calor del sol se les llama refugios termales. En d\u00edas muy calurosos los alces pasan entre 3 y 16 horas en estos refugios termales. Aunque este comportamiento les ayuda a refrescarse, les hace imposible buscar la comida necesaria para llegar a las incre\u00edbles 40 a 60 libras de vegetaci\u00f3n diarias que deben consumir para alimentar sus enormes cuerpos.<\/p>\n<p>Aunque acalorarse es algo m\u00e1s bien inevitable, algunos ungulados toman medidas extras para asegurarse, en primer lugar, de no recalentarse. El pecar\u00ed de labios blancos es un ungulado peque\u00f1o que se parece a un puerco y vive en muchos h\u00e1bitats alrededor del mundo. Aunque est\u00e1n mejor acondicionados para climas calurosos que los alces, los pecar\u00eds de labios blancos reducen sus niveles de actividad de forma substancial cuando las temperaturas sobrepasan los 86 grados Fahrenheit. Al mantener un bajo perfil los pecar\u00eds evitan recalentarse. El orix de Arabia que vive en el calent\u00edsimo desierto de Arabia Saudita cambia de ser s\u00faper activo en el d\u00eda a hacer sus actividades en la noche durante la parte m\u00e1s calurosa del a\u00f1o. Los ejemplos de termorregulaci\u00f3n pueden ser diferentes y se manifiestan en animales en todo el mundo.<\/p>\n<p>Desafortunadamente el clima est\u00e1 cambiando y los alces y otros animales con mucha sensibilidad al calor est\u00e1n sufriendo del sobrecalentamiento de manera creciente. Hay algunos pasos para minimizar el estr\u00e9s de sobrecalentamiento que podemos tomar quienes amamos la vida salvaje. Primero, al visitar un parque o al encontrarse con un alce, mant\u00e9n tu distancia. Un alce tendido a la sombra est\u00e1 probablemente tratando de limitar su exposici\u00f3n al calor del sol. Si te acercas, el animal probablemente se va a levantar y va a buscar otro lugar para tenderse. Al moverse, se expondr\u00e1 al sol y su cuerpo se calentar\u00e1\u2014algo que est\u00e1 tratando de evitar. De forma adicional, al no moverse mucho durante la parte m\u00e1s calurosa del d\u00eda, el animal est\u00e1 conservando calor\u00edas que no puede reemplazar f\u00e1cilmente debido al tiempo limitado que tiene para alimentarse.<\/p>\n<figure id=\"attachment_2415\" aria-describedby=\"caption-attachment-2415\" style=\"width: 461px\" class=\"wp-caption alignright\"><img loading=\"lazy\" decoding=\"async\" class=\"wp-image-2415\" src=\"http:\/\/monteithshop.org\/wp-content\/uploads\/2023\/08\/mooseshaded-e1692127785618-296x300.png\" alt=\"\" width=\"461\" height=\"467\" srcset=\"https:\/\/monteithshop.org\/wp-content\/uploads\/2023\/08\/mooseshaded-e1692127785618-296x300.png 296w, https:\/\/monteithshop.org\/wp-content\/uploads\/2023\/08\/mooseshaded-e1692127785618-1011x1024.png 1011w, https:\/\/monteithshop.org\/wp-content\/uploads\/2023\/08\/mooseshaded-e1692127785618-768x778.png 768w, https:\/\/monteithshop.org\/wp-content\/uploads\/2023\/08\/mooseshaded-e1692127785618-1516x1536.png 1516w, https:\/\/monteithshop.org\/wp-content\/uploads\/2023\/08\/mooseshaded-e1692127785618-12x12.png 12w, https:\/\/monteithshop.org\/wp-content\/uploads\/2023\/08\/mooseshaded-e1692127785618.png 1610w\" sizes=\"auto, (max-width: 461px) 100vw, 461px\" \/><figcaption id=\"caption-attachment-2415\" class=\"wp-caption-text\">Arte de Ben Regan<\/figcaption><\/figure>\n<p>Otra cosa que nosotros los humanos podemos hacer es minimizar las barreras que construimos, como las vallas y caminos, especialmente en \u00e1reas al borde de arroyos, lagunas y \u00e1reas boscosas que tienen todas las condiciones para ser buenos h\u00e1bitats para los alces. Esta idea se conoce cient\u00edficamente como conectividad del paisaje y describe cuan f\u00e1cilmente los animales pueden navegar de un h\u00e1bitat adecuado a otro. Aunque los alces pueden navegar estructuras hechas por el hombre, el hacerlo les agrega demandas de energ\u00eda que les son apenas suficientes al estar tratando de mantenerse frescos. A medida que los humanos contin\u00faan tratando de llegar a lugares agrestes y aislados que son terrenos de alces, sus h\u00e1bitats se vuelven muy fragmentados. En la cima del verano, esta fragmentaci\u00f3n puede drenar m\u00e1s y m\u00e1s energ\u00edas de los alces e imponer a\u00fan m\u00e1s estr\u00e9s de sobrecalentamiento del que ya sobrellevan.<\/p>\n<p>La termorregulaci\u00f3n a trav\u00e9s de comportamiento es algo que los humanos tienen en com\u00fan con todos los animales del mundo. Sin embargo, la habilidad para adaptar el comportamiento al calentamiento del clima est\u00e1 transform\u00e1ndose en algo muy importante para los animales que son sensibles al calor y no pueden escaparse meti\u00e9ndose en un lugar con aire acondicionado. Por lo tanto, recuerda que debes mantener distancia con los animales y dejarlos que contin\u00faen su estad\u00eda en un lugar sombreado para que as\u00ed ellos conserven las energ\u00edas que han logrado recolectar.<\/p>\n<\/div>\n<\/div>\n<\/div>\n<\/div>\n<\/div>\n<p>&nbsp;<\/p>\n<h5>Compendio by Katie Bearden.<\/h5>\n<\/div>\n<\/div>\n<\/div>\n<\/div>\n<\/div>\n\n\t\t<\/div>\n\t<\/div>\n<\/div><\/div><\/div><\/div>\n<\/div>","protected":false},"excerpt":{"rendered":"Imagine you live in Key West, Florida, where summer temperatures can climb as high as 95 degrees Fahrenheit and the humidity index can be near 80 percent. Picture yourself sitting on the beach enjoying an ocean view, but you begin to sweat as the sun rises overhead. If you continue to sweat and get too &hellip; <p class=\"link-more\"><a href=\"https:\/\/monteithshop.org\/es\/compendiums\/cool-ungulates-in-a-warming-world\/\" class=\"more-link\">Read more<span class=\"screen-reader-text\"> \"Cool ungulates in a warming world\"<\/span><\/a><\/p>","protected":false},"author":1,"featured_media":2416,"parent":14,"menu_order":0,"comment_status":"closed","ping_status":"closed","template":"","meta":{"footnotes":""},"class_list":["post-1742","page","type-page","status-publish","has-post-thumbnail","hentry"],"_links":{"self":[{"href":"https:\/\/monteithshop.org\/es\/wp-json\/wp\/v2\/pages\/1742","targetHints":{"allow":["GET"]}}],"collection":[{"href":"https:\/\/monteithshop.org\/es\/wp-json\/wp\/v2\/pages"}],"about":[{"href":"https:\/\/monteithshop.org\/es\/wp-json\/wp\/v2\/types\/page"}],"author":[{"embeddable":true,"href":"https:\/\/monteithshop.org\/es\/wp-json\/wp\/v2\/users\/1"}],"replies":[{"embeddable":true,"href":"https:\/\/monteithshop.org\/es\/wp-json\/wp\/v2\/comments?post=1742"}],"version-history":[{"count":7,"href":"https:\/\/monteithshop.org\/es\/wp-json\/wp\/v2\/pages\/1742\/revisions"}],"predecessor-version":[{"id":2418,"href":"https:\/\/monteithshop.org\/es\/wp-json\/wp\/v2\/pages\/1742\/revisions\/2418"}],"up":[{"embeddable":true,"href":"https:\/\/monteithshop.org\/es\/wp-json\/wp\/v2\/pages\/14"}],"wp:featuredmedia":[{"embeddable":true,"href":"https:\/\/monteithshop.org\/es\/wp-json\/wp\/v2\/media\/2416"}],"wp:attachment":[{"href":"https:\/\/monteithshop.org\/es\/wp-json\/wp\/v2\/media?parent=1742"}],"curies":[{"name":"wp","href":"https:\/\/api.w.org\/{rel}","templated":true}]}}