{"id":1753,"date":"2022-05-16T14:38:27","date_gmt":"2022-05-16T14:38:27","guid":{"rendered":"https:\/\/monteithshop.org\/?page_id=1753"},"modified":"2023-08-15T20:07:04","modified_gmt":"2023-08-15T20:07:04","slug":"predators-or-food","status":"publish","type":"page","link":"https:\/\/monteithshop.org\/es\/compendiums\/predators-or-food\/","title":{"rendered":"\u00bfQu\u00e9 importa m\u00e1s\u2014depredadores o comida?"},"content":{"rendered":"<div class=\"wpb-content-wrapper\"><div class=\"vc_row wpb_row vc_row-fluid\"><div class=\"wpb_column vc_column_container vc_col-sm-12\"><div class=\"vc_column-inner\"><div class=\"wpb_wrapper\"><div class=\"vc_empty_space\"   style=\"height: 32px\"><span class=\"vc_empty_space_inner\"><\/span><\/div><\/div><\/div><\/div><\/div><div class=\"vc_row wpb_row vc_row-fluid\"><div class=\"wpb_column vc_column_container vc_col-sm-12\"><div class=\"vc_column-inner\"><div class=\"wpb_wrapper\">\n\t<div class=\"wpb_text_column wpb_content_element\" >\n\t\t<div class=\"wpb_wrapper\">\n\t\t\t<p>\u00bfSi tu manada de venados, alces u ovejas est\u00e1 reduci\u00e9ndose, quieres que el problema toque fondo o quieres averiguar cu\u00e1l es la causa de la reducci\u00f3n de la poblaci\u00f3n? A menudo se supone que los depredadores est\u00e1n causando una reducci\u00f3n en las poblaciones de ungulados, pero en las \u00faltimas d\u00e9cadas los cient\u00edficos de todo el mundo han tratado de llegar a la medula de esta pregunta.<\/p>\n<figure style=\"width: 449px\" class=\"wp-caption alignright\"><img loading=\"lazy\" decoding=\"async\" class=\"img-frame\" src=\"http:\/\/monteithshop.org\/wp-content\/uploads\/2022\/05\/DSC02313.jpg\" alt=\"\" width=\"449\" height=\"299\" \/><figcaption class=\"wp-caption-text\">Foto de Rhiannon Jakopak<\/figcaption><\/figure>\n<p>Sin embargo, tanto en el caso de uapit\u00edes, ciervos mula o \u00f1us, nos estamos dando cuenta una y otra vez que la respuesta a qu\u00e9 esta causando la disminuci\u00f3n de una cierta poblaci\u00f3n de ungulados es incre\u00edblemente complicada.<\/p>\n<p>Parte de la raz\u00f3n por la que esta pregunta es tan complicada es porque la regulaci\u00f3n de las poblaciones depende del contexto. Por ejemplo, si eres un alce en una poblaci\u00f3n que est\u00e1 que revienta, tanto as\u00ed que cada alce no tiene suficiente comida, la cantidad de alces que se pierden al ser atacados por una manada de lobos no afecta mucho a la poblaci\u00f3n total de alces. Sin embargo, si hay otra manada de alces en el valle siguiente que es m\u00e1s peque\u00f1a de lo que nos gustar\u00eda, perder siquiera un alce a un predador importa m\u00e1s. Este es el proceso al que los cient\u00edficos llaman dependencia de la densidad: los efectos en una poblaci\u00f3n pueden ser m\u00e1s fuertes o m\u00e1s d\u00e9biles dependiendo de cuan grande es la poblaci\u00f3n.<\/p>\n<p>Otra pieza del puzle es el terreno mismo, a trav\u00e9s de un concepto que llamamos capacidad de carga. La capacidad de carga es el numero de animales que un h\u00e1bitat puede sustentar. Si no hay suficiente alimentaci\u00f3n para una gran cantidad de ungulados, no puede haber una gran cantidad de ungulados. Por otro lado, si hay mucha alimentaci\u00f3n disponible, el h\u00e1bitat puede sustentar una cantidad mayor de animales.<\/p>\n<p>Pi\u00e9nsalo de esta manera: si te invitan a una fiesta anual y al entrar te das cuenta que todos han tra\u00eddo algo parar comer, te quedar\u00e1s en la fiesta por una gran rato, probando bocadillos, intercambiando recetas, y asegur\u00e1ndote de disfrutar la experiencia completa. Sin embargo, si llegas a la misma fiesta y s\u00f3lo hay un paquete de chips en la mesa, no todos comer\u00e1n tanto como quisieran: tu podr\u00e1s querer ir a casa a cocinar para ti mismo. Algunos a\u00f1os, la fiesta podr\u00e1 tener mejor comida, algunos a\u00f1os tu pasar\u00e1s por el supermercado a comprar un plato con quesos y galletas, y algunos a\u00f1os se te olvidar\u00e1 del todo llevar comida a la fiesta. La situaci\u00f3n de comida cambia de a\u00f1o a a\u00f1o si est\u00e1s asistiendo a una fiesta anual o si eres un ungulado en las monta\u00f1as. Tambi\u00e9n depende de cuanta gente ha llegado a la fiesta: si s\u00f3lo una o dos personas llegan, la bolsa de chips podr\u00eda estar perfecta, pero si llega un grupo grande, no habr\u00e1 lo suficiente. La cantidad de gente que puede ser alimentada en la fiesta est\u00e1 sujeta a cambios a trav\u00e9s del tiempo dependiendo de la situaci\u00f3n de comida y la necesidad de compartirla.<\/p>\n<p>Parecido al caso de la comida en una fiesta, la cantidad y calidad de comida a la que los ungulados pueden acceder influye directamente en cuan grande puede llegar a ser una poblaci\u00f3n. Un ejemplo es el caso de los \u00f1us en Serengueti. Cuando hay mucha vegetaci\u00f3n la poblaci\u00f3n de \u00f1us crece hasta que se estabiliza en un numero m\u00e1ximo: esa es la capacidad de carga. Datos hist\u00f3ricos de vegetaci\u00f3n y poblaciones muestran que cuando las poblaciones de \u00f1us son altas es porque hay comida abundante y cuando no hay suficientes alimentos para mantener a una poblaci\u00f3n creciente, la poblaci\u00f3n de \u00f1us disminuye su tama\u00f1o. Esto es un forzamiento de abajo hacia arriba, lo que b\u00e1sicamente significa que lo que los animales est\u00e1n comiendo, lo de abajo en la cadena alimenticia, se transforma en el factor m\u00e1s importante en determinar el tama\u00f1o de la poblaci\u00f3n de ungulados.<\/p>\n<p>Entonces, el forzamiento de abajo hacia arriba parece ser la respuesta clara a la pregunta de por qu\u00e9 disminuyen las poblaciones de ungulados, no? Si fuera as\u00ed de f\u00e1cil: tambi\u00e9n hay instancias en las que los depredadores, m\u00e1s que el alimento, puede determinar el tama\u00f1o de la poblaci\u00f3n de ungulados, la idea se llama forzamiento de arriba hacia abajo.<\/p>\n<figure id=\"attachment_2425\" aria-describedby=\"caption-attachment-2425\" style=\"width: 457px\" class=\"wp-caption aligncenter\"><img loading=\"lazy\" decoding=\"async\" class=\"wp-image-2425\" src=\"http:\/\/monteithshop.org\/wp-content\/uploads\/2023\/08\/lionbbrush-e1692129726859-300x192.png\" alt=\"\" width=\"457\" height=\"293\" srcset=\"https:\/\/monteithshop.org\/wp-content\/uploads\/2023\/08\/lionbbrush-e1692129726859-300x192.png 300w, https:\/\/monteithshop.org\/wp-content\/uploads\/2023\/08\/lionbbrush-e1692129726859-1024x657.png 1024w, https:\/\/monteithshop.org\/wp-content\/uploads\/2023\/08\/lionbbrush-e1692129726859-768x492.png 768w, https:\/\/monteithshop.org\/wp-content\/uploads\/2023\/08\/lionbbrush-e1692129726859-1536x985.png 1536w, https:\/\/monteithshop.org\/wp-content\/uploads\/2023\/08\/lionbbrush-e1692129726859-18x12.png 18w, https:\/\/monteithshop.org\/wp-content\/uploads\/2023\/08\/lionbbrush-e1692129726859.png 1806w\" sizes=\"auto, (max-width: 457px) 100vw, 457px\" \/><figcaption id=\"caption-attachment-2425\" class=\"wp-caption-text\">Arte de Ben Regan<\/figcaption><\/figure>\n<p>Hemos visto este fen\u00f3meno en un estudio de ciervos mula y pumas en California, donde los depredadores (pumas en este caso) terminan reduciendo el numero de ungulados, especialmente cuando la poblaci\u00f3n de ciervos es menor a la capacidad de carga. En este punto, los ciervos no mueren por falta de alimentaci\u00f3n, sino que los depredadores comen suficientes ciervos como para reducir la poblaci\u00f3n, o evitar que crezca.<\/p>\n<p>Es importante notar que estos conceptos no son mutuamente excluyentes: las dos fuerzas pueden estar en juego, y una puede tener m\u00e1s influencia que la otra en cierto periodo y al rev\u00e9s. Reexaminemos la poblaci\u00f3n de alces que mencionamos antes: la poblaci\u00f3n de un valle puede haber tenido un invierno muy duro en el que murieron muchos animales, y en el verano siguiente hay menos animales y bastante comida para cada uno. En otro valle puede haber una poblaci\u00f3n de alces peque\u00f1a pero creciendo hacia su capacidad de carga, y por lo tanto los depredadores tienen un efecto mayor sobre esta poblaci\u00f3n. En los a\u00f1os siguientes, podr\u00eda incluso haber un cambio entre estas dos poblaciones. El h\u00e1bitat de los ungulados no es est\u00e1tico porque los valles var\u00edan a trav\u00e9s del tiempo con los cambios de estaciones: as\u00ed tambi\u00e9n cambian los factores que influyen en las poblaciones de ungulados.<\/p>\n<p>El hecho es que los ungulados y el tama\u00f1o de la poblaci\u00f3n son influidos por m\u00e1s factores que plantas y depredadores. No s\u00f3lo son estas ideas no excluyentes, sino que tambi\u00e9n pueden estar las dos presentes y operar una con otra. Sabemos que las plantas son extremadamente importantes parea las poblaciones de ungulados. Sabemos que los depredadores pueden ser importantes, y sobretodo sabemos que el problema es m\u00e1s complicados de lo que pens\u00e1bamos originalmente.<\/p>\n<p>&nbsp;<\/p>\n<h5>Compendio de Taylor Kennah.<\/h5>\n\n\t\t<\/div>\n\t<\/div>\n<\/div><\/div><\/div><\/div><div class=\"vc_row wpb_row vc_row-fluid\"><div class=\"wpb_column vc_column_container vc_col-sm-12\"><div class=\"vc_column-inner\"><div class=\"wpb_wrapper\"><div class=\"vc_empty_space\"   style=\"height: 32px\"><span class=\"vc_empty_space_inner\"><\/span><\/div><\/div><\/div><\/div><\/div><div class=\"vc_row wpb_row vc_row-fluid vc_custom_1652712766616 vc_row-has-fill\"><div class=\"wpb_column vc_column_container vc_col-sm-12\"><div class=\"vc_column-inner\"><div class=\"wpb_wrapper\">\n\t<div class=\"wpb_text_column wpb_content_element\" >\n\t\t<div class=\"wpb_wrapper\">\n\t\t\t<p>\u00bfQuiere leer mas? Mire aqu\u00ed:<\/p>\n<ol>\n<li>Bowyer, R. T., D. K. Person, and B. Pierce. 2005. Detecting top-down versus bottom-up regulation of ungulates by large carnivores: implications for conservation of biodiversity. Book chapter in <em>Large Carnivores and the Conservation of Biodiversity.<\/em><\/li>\n<li>Skogland, T. 1991. What are the effects of predators on large ungulate populations? Oikos 61:401.<\/li>\n<li>Pierce, B. M., V. C. Bleich, K. L. Monteith, R. T. Bowyer, R. T. 2012. Top-down versus bottom-up forcing: evidence from mountain lions and mule deer. Journal of Mammalogy\u00a093:977\u2013988.<\/li>\n<\/ol>\n\n\t\t<\/div>\n\t<\/div>\n<\/div><\/div><\/div><\/div><div class=\"vc_row wpb_row vc_row-fluid\"><div class=\"wpb_column vc_column_container vc_col-sm-12\"><div class=\"vc_column-inner\"><div class=\"wpb_wrapper\"><div class=\"vc_empty_space\"   style=\"height: 32px\"><span class=\"vc_empty_space_inner\"><\/span><\/div><\/div><\/div><\/div><\/div>\n<\/div>","protected":false},"excerpt":{"rendered":"If your favorite deer, moose, or sheep herd is declining, you want to get to the bottom of it and figure out what is causing the population to decline, right? Often predators are assumed to be causing declines to ungulate populations, but scientists over the past few decades and across the globe have attempted to &hellip; <p class=\"link-more\"><a href=\"https:\/\/monteithshop.org\/es\/compendiums\/predators-or-food\/\" class=\"more-link\">Read more<span class=\"screen-reader-text\"> \"What matters more: predators or food?\"<\/span><\/a><\/p>","protected":false},"author":1,"featured_media":1585,"parent":14,"menu_order":0,"comment_status":"closed","ping_status":"closed","template":"","meta":{"footnotes":""},"class_list":["post-1753","page","type-page","status-publish","has-post-thumbnail","hentry"],"_links":{"self":[{"href":"https:\/\/monteithshop.org\/es\/wp-json\/wp\/v2\/pages\/1753","targetHints":{"allow":["GET"]}}],"collection":[{"href":"https:\/\/monteithshop.org\/es\/wp-json\/wp\/v2\/pages"}],"about":[{"href":"https:\/\/monteithshop.org\/es\/wp-json\/wp\/v2\/types\/page"}],"author":[{"embeddable":true,"href":"https:\/\/monteithshop.org\/es\/wp-json\/wp\/v2\/users\/1"}],"replies":[{"embeddable":true,"href":"https:\/\/monteithshop.org\/es\/wp-json\/wp\/v2\/comments?post=1753"}],"version-history":[{"count":6,"href":"https:\/\/monteithshop.org\/es\/wp-json\/wp\/v2\/pages\/1753\/revisions"}],"predecessor-version":[{"id":2426,"href":"https:\/\/monteithshop.org\/es\/wp-json\/wp\/v2\/pages\/1753\/revisions\/2426"}],"up":[{"embeddable":true,"href":"https:\/\/monteithshop.org\/es\/wp-json\/wp\/v2\/pages\/14"}],"wp:featuredmedia":[{"embeddable":true,"href":"https:\/\/monteithshop.org\/es\/wp-json\/wp\/v2\/media\/1585"}],"wp:attachment":[{"href":"https:\/\/monteithshop.org\/es\/wp-json\/wp\/v2\/media?parent=1753"}],"curies":[{"name":"wp","href":"https:\/\/api.w.org\/{rel}","templated":true}]}}