{"id":1802,"date":"2022-05-17T20:35:56","date_gmt":"2022-05-17T20:35:56","guid":{"rendered":"https:\/\/monteithshop.org\/?page_id=1802"},"modified":"2023-08-15T20:20:22","modified_gmt":"2023-08-15T20:20:22","slug":"plant-growth-and-climate-change","status":"publish","type":"page","link":"https:\/\/monteithshop.org\/es\/compendiums\/plant-growth-and-climate-change\/","title":{"rendered":"Crecimiento de plantas y cambio clim\u00e1tico."},"content":{"rendered":"<div class=\"wpb-content-wrapper\"><div class=\"vc_row wpb_row vc_row-fluid\"><div class=\"wpb_column vc_column_container vc_col-sm-12\"><div class=\"vc_column-inner\"><div class=\"wpb_wrapper\"><div class=\"vc_empty_space\"   style=\"height: 32px\"><span class=\"vc_empty_space_inner\"><\/span><\/div><\/div><\/div><\/div><\/div><div class=\"vc_row wpb_row vc_row-fluid\"><div class=\"wpb_column vc_column_container vc_col-sm-12\"><div class=\"vc_column-inner\"><div class=\"wpb_wrapper\">\n\t<div class=\"wpb_text_column wpb_content_element\" >\n\t\t<div class=\"wpb_wrapper\">\n\t\t\t<p><span style=\"font-weight: 400;\">Al organizar un viaje largo en auto hay dos tipos de personas conflictivas: aquellos que quieren llegar ya al destino final y aquellos que quieren hacer el viaje con calma. Algunos de nosotros llevamos algo para comer y tratamos de limitar las paradas lo m\u00e1s posible para llegar r\u00e1pido al destino. Por otro lado, hay gente que planifica parar en un restor\u00e1n del camino y prefieren que los atiendan sentados y con calma.\u00a0<\/span><\/p>\n<p><span style=\"font-weight: 400;\">A menudo ni nos damos cuenta c\u00f3mo nuestros h\u00e1bitos alimenticios condicionan la manera en que viajamos y c\u00f3mo la manera en que viajamos determina nuestros h\u00e1bitos alimenticios; esta relaci\u00f3n afecta la hora de partida del viaje, la hora de llegada y la calidad de comida que ingerimos. No estamos solos en esto: el ciervo mula y muchos otros animales ungulados migratorios planifican su migraci\u00f3n de primavera dependiendo de cuando se vuelve disponible su comida. Pero nuestro mundo est\u00e1 cambiando y los paisajes por los que migran los ungulados y la comida que comen al pasar tambi\u00e9n est\u00e1n cambiando. <\/span><\/p>\n\n\t\t<\/div>\n\t<\/div>\n<\/div><\/div><\/div><\/div><div class=\"vc_row wpb_row vc_row-fluid\"><div class=\"wpb_column vc_column_container vc_col-sm-6\"><div class=\"vc_column-inner\"><div class=\"wpb_wrapper\">\n\t<div  class=\"wpb_single_image wpb_content_element vc_align_center\">\n\t\t\n\t\t<figure class=\"wpb_wrapper vc_figure\">\n\t\t\t<div class=\"vc_single_image-wrapper   vc_box_border_grey\"><img decoding=\"async\" class=\"vc_single_image-img\" src=\"https:\/\/monteithshop.org\/wp-content\/uploads\/2022\/01\/wyomingrangesouth16-scaled-500x500.jpg\" width=\"500\" height=\"500\" alt=\"Flowers with green leaves and flowers that are purple-blue and have bell-shaped flowers that hang towards the ground. Flowers are intermixed with grasses and shrubs. There are rolling hills with patchy vegetation in the background.\" title=\"Wyoming Range landscape.\" loading=\"lazy\" \/><\/div><figcaption class=\"vc_figure-caption\">Foto: Rhiannon Jakopak<\/figcaption>\n\t\t<\/figure>\n\t<\/div>\n\n\t<div  class=\"wpb_single_image wpb_content_element vc_align_center\">\n\t\t\n\t\t<figure class=\"wpb_wrapper vc_figure\">\n\t\t\t<div class=\"vc_single_image-wrapper   vc_box_border_grey\"><img decoding=\"async\" class=\"vc_single_image-img\" src=\"https:\/\/monteithshop.org\/wp-content\/uploads\/2023\/08\/DSC07099-scaled-500x500.jpg\" width=\"500\" height=\"500\" alt=\"Photo by Rhiannon Jakopak.\" title=\"DSC07099\" loading=\"lazy\" \/><\/div><figcaption class=\"vc_figure-caption\">Foto de Rhiannon Jakopak<\/figcaption>\n\t\t<\/figure>\n\t<\/div>\n<\/div><\/div><\/div><div class=\"wpb_column vc_column_container vc_col-sm-6\"><div class=\"vc_column-inner\"><div class=\"wpb_wrapper\">\n\t<div class=\"wpb_text_column wpb_content_element\" >\n\t\t<div class=\"wpb_wrapper\">\n\t\t\t<h3>Haciendo surf en la ola verde<\/h3>\n<p><span style=\"font-weight: 400;\">Tal como nuestros h\u00e1bitos alimenticios son importantes para nuestra salud, la disponibilidad de alimentos nutritivos y ricos en prote\u00edna son esenciales para la salud de los ciervos mula. La falta de plantas ricas en prote\u00edna durante la primavera--junto a otros factores\u2014afecta la sobrevivencia de los animales en el invierno siguiente, tanto como la salud de sus cr\u00edos. Tal como en el caso de las verduras verdes que son mejores para nosotros que la corteza de arboles, las plantas verdes llenas de prote\u00edna son tambi\u00e9n mejores para los ungulados, comparadas con las plantas marrones secas. Los ciervos mula cronometran los eventos de sus vidas y su migraci\u00f3n dependiendo del destello de plantas nutritivas que brotan en sus paisajes; los cient\u00edficos han llamado a este comportamiento navegar o <\/span><i><span style=\"font-weight: 400;\">hacer surf en la ola verde<\/span><\/i><span style=\"font-weight: 400;\">y este tipo de movimiento ayuda a los herb\u00edvoros a tener m\u00e1s oportunidades para comer plantas nutritivas mientras hacen su migraci\u00f3n.<\/span><\/p>\n<p>&nbsp;<\/p>\n<h3>Fenolog\u00eda<\/h3>\n<p><span style=\"font-weight: 400;\">El destello de verde en un paisaje es posibilitado por la existencia de plantas que tienen su propia sincronizaci\u00f3n, algo llamado fenolog\u00eda. Esto varia de especie en especie, pero las plantas comienzan a crecer cuando el medioambiente les se\u00f1ala que la cantidad de luz de d\u00eda y las temperaturas est\u00e1n aumentando. Las plantas m\u00e1s j\u00f3venes son especialmente nutritivas, ya que est\u00e1n llenas de prote\u00edna y a\u00fan no han empezado a degradarse como les ocurre m\u00e1s adelante en el verano. Las plantas de alta calidad, verdes y muy nutritivas, est\u00e1n disponibles por un corto tiempo en lugares espec\u00edficos. La migraci\u00f3n de los ciervos mula les permite beneficiarse de este recurso en lugares definidos, al ir haciendo un seguimiento de la vegetaci\u00f3n joven y nutritiva mientras navegan o hacen surf en el terreno.<\/span><i><span style=\"font-weight: 400;\">.<\/span><\/i><span style=\"font-weight: 400;\"> Al alargar su contacto con alimentos de alta calidad los animales logran aumentar su consumo de energ\u00eda y mejorar su estado f\u00edsico.<\/span><\/p>\n\n\t\t<\/div>\n\t<\/div>\n<\/div><\/div><\/div><\/div><div class=\"vc_row wpb_row vc_row-fluid\"><div class=\"wpb_column vc_column_container vc_col-sm-12\"><div class=\"vc_column-inner\"><div class=\"wpb_wrapper\">\n\t<div class=\"wpb_text_column wpb_content_element\" >\n\t\t<div class=\"wpb_wrapper\">\n\t\t\t<h3>Efecto de las sequ\u00eda y fenolog\u00eda<\/h3>\n<p><span style=\"font-weight: 400;\">Las sequ\u00edas resultan en menor exposici\u00f3n a las plantas verdes de primavera cuando los ciervos mulas migran a sus pastoreos de verano. Los cambios clim\u00e1ticos pueden resultar en una reducci\u00f3n de la humedad del suelo, en el aumento del crecimiento de las plantas y pueden causar un enverdecimiento del paisaje fuera de temporada. Al alterarse el patr\u00f3n y los tiempos de los brotes de plantas primaverales, se les hace m\u00e1s dif\u00edcil a los ungulados comer alimentos nutritivos y de alta calidad mientras migran. Los cambios en el crecimiento de las plantas est\u00e1n ocurriendo r\u00e1pidamente, pero los ungulados no son capaces de responder tan r\u00e1pidamente. Estos efectos se han visto en otras especies de ungulados. Por ejemplo, la reducci\u00f3n de embarazos y reclutamiento de uapit\u00edes han sido ligados a la mayor intensidad de las sequ\u00eda y al acortamiento de los periodos de brote de plantas verdes.\u00a0<\/span><\/p>\n<p><span style=\"font-weight: 400;\">Losa cambios en la fenolog\u00eda de las plantas son un ejemplo importante de c\u00f3mo el cambio clim\u00e1tico afecta a las especies migratorias al reducir la disponibilidad de sus fuentes alimenticias claves. Aunque es muy posible que las sequ\u00edas contin\u00faen perturbando los patrones de brote de plantas, los esfuerzos que se hacen para conservar el medioambiente y para eliminar barreras al movimiento de animales y prevenir la fragmentaci\u00f3n de sus h\u00e1bitats pueden ayudar a asegurar que los ungulados migratorios puedan acceder al alimento que necesitan en sus rutas migratorias.\u00a0<\/span><\/p>\n<p>&nbsp;<\/p>\n<h5>Compendio de Elsa Freise.<\/h5>\n\n\t\t<\/div>\n\t<\/div>\n<\/div><\/div><\/div><\/div><div class=\"vc_row wpb_row vc_row-fluid vc_custom_1652819447252 vc_row-has-fill\"><div class=\"wpb_column vc_column_container vc_col-sm-12\"><div class=\"vc_column-inner\"><div class=\"wpb_wrapper\">\n\t<div class=\"wpb_text_column wpb_content_element\" >\n\t\t<div class=\"wpb_wrapper\">\n\t\t\t<p>\u00bfQuiere leer mas? Mire aqu\u00ed:<\/p>\n<ol>\n<li>Aikens, E. O., K. L. Monteith, J. A. Merkle, S. P. Dwinnell, G. L. Fralick, and M. J. Kauffman. 2020. Drought reshuffles plant phenology and reduces the foraging benefit of green-wave surfing for a migratory ungulate. Global Change Biology 26:4215-4225.<\/li>\n<li>Middleton, A. D., M. J. Kauffman, D. E. McWhirter, J. G. Cook, R. C. Cook, A. A. Nelson, M. D. Jimenez, and R. W. Klaver. 2013. Animal migration amid shifting patterns of phenology and predation: lessons from a Yellowstone elk herd. Ecology 94:1245-1256.<\/li>\n<\/ol>\n\n\t\t<\/div>\n\t<\/div>\n<\/div><\/div><\/div><\/div><div class=\"vc_row wpb_row vc_row-fluid\"><div class=\"wpb_column vc_column_container vc_col-sm-12\"><div class=\"vc_column-inner\"><div class=\"wpb_wrapper\"><div class=\"vc_empty_space\"   style=\"height: 32px\"><span class=\"vc_empty_space_inner\"><\/span><\/div><\/div><\/div><\/div><\/div>\n<\/div>","protected":false},"excerpt":{"rendered":"When organizing a long car drive, there are two conflicting people: those who just want to get to our destination, and those who will take it a bit slower. Some of us grab something to go and often try to limit as many stops as possible to get to our destination faster. If we have &hellip; <p class=\"link-more\"><a href=\"https:\/\/monteithshop.org\/es\/compendiums\/plant-growth-and-climate-change\/\" class=\"more-link\">Read more<span class=\"screen-reader-text\"> \"Plant growth and climate change\"<\/span><\/a><\/p>","protected":false},"author":1,"featured_media":1808,"parent":14,"menu_order":0,"comment_status":"closed","ping_status":"closed","template":"","meta":{"footnotes":""},"class_list":["post-1802","page","type-page","status-publish","has-post-thumbnail","hentry"],"_links":{"self":[{"href":"https:\/\/monteithshop.org\/es\/wp-json\/wp\/v2\/pages\/1802","targetHints":{"allow":["GET"]}}],"collection":[{"href":"https:\/\/monteithshop.org\/es\/wp-json\/wp\/v2\/pages"}],"about":[{"href":"https:\/\/monteithshop.org\/es\/wp-json\/wp\/v2\/types\/page"}],"author":[{"embeddable":true,"href":"https:\/\/monteithshop.org\/es\/wp-json\/wp\/v2\/users\/1"}],"replies":[{"embeddable":true,"href":"https:\/\/monteithshop.org\/es\/wp-json\/wp\/v2\/comments?post=1802"}],"version-history":[{"count":12,"href":"https:\/\/monteithshop.org\/es\/wp-json\/wp\/v2\/pages\/1802\/revisions"}],"predecessor-version":[{"id":2434,"href":"https:\/\/monteithshop.org\/es\/wp-json\/wp\/v2\/pages\/1802\/revisions\/2434"}],"up":[{"embeddable":true,"href":"https:\/\/monteithshop.org\/es\/wp-json\/wp\/v2\/pages\/14"}],"wp:featuredmedia":[{"embeddable":true,"href":"https:\/\/monteithshop.org\/es\/wp-json\/wp\/v2\/media\/1808"}],"wp:attachment":[{"href":"https:\/\/monteithshop.org\/es\/wp-json\/wp\/v2\/media?parent=1802"}],"curies":[{"name":"wp","href":"https:\/\/api.w.org\/{rel}","templated":true}]}}