{"id":184,"date":"2019-10-09T00:59:16","date_gmt":"2019-10-09T00:59:16","guid":{"rendered":"http:\/\/ungulatecompendium.org\/?page_id=184"},"modified":"2023-08-22T21:41:41","modified_gmt":"2023-08-22T21:41:41","slug":"harvest-records-project","status":"publish","type":"page","link":"https:\/\/monteithshop.org\/es\/finished-projects\/harvest-records-project\/","title":{"rendered":"Proyecto de los archivos de la caza"},"content":{"rendered":"<div class=\"wpb-content-wrapper\"><div class=\"vc_row wpb_row vc_row-fluid\"><div class=\"wpb_column vc_column_container vc_col-sm-12\"><div class=\"vc_column-inner\"><div class=\"wpb_wrapper\"><div class=\"vc_empty_space\"   style=\"height: 32px\"><span class=\"vc_empty_space_inner\"><\/span><\/div><\/div><\/div><\/div><\/div><div class=\"vc_row wpb_row vc_row-fluid\"><div class=\"wpb_column vc_column_container vc_col-sm-12\"><div class=\"vc_column-inner\"><div class=\"wpb_wrapper\"><div class=\"vc_row wpb_row vc_inner vc_row-fluid\"><div class=\"no-padding wpb_column vc_column_container vc_col-sm-6\"><div class=\"vc_column-inner\"><div class=\"wpb_wrapper\">\n\t<div class=\"wpb_text_column wpb_content_element\" >\n\t\t<div class=\"wpb_wrapper\">\n\t\t\t<p>El proyecto de los archivos de la caza se centr\u00f3 en identificar los efectos de la cosecha sobre el tama\u00f1o de los cuernos de las ovejas montesas. La caza es una parte importante del manejo de la vida silvestre, pero hay <a href=\"https:\/\/monteithshop.org\/es\/compendiums\/selectively-harvesting\/\">preocupaci\u00f3n sobre c\u00f3mo podr\u00eda afectar<\/a> el tama\u00f1o de los cuernos y astas de las especies de ungulados a lo largo del tiempo. Este proyecto evalu\u00f3 c\u00f3mo el tama\u00f1o de los cuernos del borrego cimarr\u00f3n cazado cambi\u00f3 a trav\u00e9s del tiempo e identific\u00f3 los mecanismos que causaron el cambio.<\/p>\n<p>Este trabajo concluy\u00f3 en 2019, cuando la estudiante de maestr\u00eda Tayler LaSharr complet\u00f3 su posgrado y termin\u00f3 de publicar los art\u00edculos asociados con su t\u00edtulo.<\/p>\n\n\t\t<\/div>\n\t<\/div>\n<\/div><\/div><\/div><div class=\"wpb_column vc_column_container vc_col-sm-6\"><div class=\"vc_column-inner\"><div class=\"wpb_wrapper\">\n\t<div  class=\"wpb_single_image wpb_content_element vc_align_center   border\">\n\t\t\n\t\t<figure class=\"wpb_wrapper vc_figure\">\n\t\t\t<div class=\"vc_single_image-wrapper   vc_box_border_grey\"><img decoding=\"async\" class=\"vc_single_image-img\" src=\"https:\/\/monteithshop.org\/wp-content\/uploads\/2022\/01\/Ram2_LaSharr-scaled-750x750.jpg\" width=\"750\" height=\"750\" alt=\"A bighorn ram with a full horn curl lifts his upper lip to scoop pheromones in the air into his nostrils. Light snow is falling, and the area around him is covered in snow.\" title=\"Bighorn ram flehmen response.\" loading=\"lazy\" \/><\/div><figcaption class=\"vc_figure-caption\">Foto: Tayler LaSharr<\/figcaption>\n\t\t<\/figure>\n\t<\/div>\n<\/div><\/div><\/div><\/div><\/div><\/div><\/div><\/div><div class=\"vc_row wpb_row vc_row-fluid\"><div class=\"wpb_column vc_column_container vc_col-sm-12\"><div class=\"vc_column-inner\"><div class=\"wpb_wrapper\"><div class=\"vc_empty_space\"   style=\"height: 30px\"><span class=\"vc_empty_space_inner\"><\/span><\/div>\n\t<div class=\"wpb_text_column wpb_content_element\" >\n\t\t<div class=\"wpb_wrapper\">\n\t\t\t<h2 style=\"text-align: center;\">Hallazgos principales<\/h2>\n\n\t\t<\/div>\n\t<\/div>\n<\/div><\/div><\/div><\/div><div class=\"vc_row wpb_row vc_row-fluid\"><div class=\"wpb_column vc_column_container vc_col-sm-6\"><div class=\"vc_column-inner\"><div class=\"wpb_wrapper\">\n\t<div  class=\"wpb_single_image wpb_content_element vc_align_center\">\n\t\t\n\t\t<figure class=\"wpb_wrapper vc_figure\">\n\t\t\t<div class=\"vc_single_image-wrapper   vc_box_border_grey\"><img decoding=\"async\" class=\"vc_single_image-img\" src=\"https:\/\/monteithshop.org\/wp-content\/uploads\/2023\/06\/AntlerSpreadMeasurement3_LaSharr-360x300.jpg\" width=\"360\" height=\"300\" alt=\"A mule deer buck&#039;s antlers are shown. Hands run a measuring tape between them.\" title=\"AntlerSpreadMeasurement3_LaSharr\" loading=\"lazy\" \/><\/div><figcaption class=\"vc_figure-caption\">Foto: Tayler LaSharr<\/figcaption>\n\t\t<\/figure>\n\t<\/div>\n\n\t<div class=\"wpb_text_column wpb_content_element\" >\n\t\t<div class=\"wpb_wrapper\">\n\t\t\t<h4 style=\"text-align: center;\">Los programas de archivos de cosecha brindan informaci\u00f3n valiosa sobre los cambios en los cuernos y astas de los ungulados.<\/h4>\n<p>El Boone and Crockett Club, el primer programa de archivos en Am\u00e9rica del Norte, fue creado hace m\u00e1s de un siglo para promover la conservaci\u00f3n y el manejo \u00e9tico y sustentable de la vida silvestre. Hasta el d\u00eda de hoy, ese objetivo sigue siendo la base de numerosos <a href=\"https:\/\/monteithshop.org\/es\/compendiums\/records-program-of-north-america\/\">programas de archivos<\/a> en Am\u00e9rica del Norte, y gracias a la diligencia y el entusiasmo de las personas que crearon los programas de registros, existen d\u00e9cadas de datos de medici\u00f3n para la mayor\u00eda de las especies de caza mayor que se capturan en Am\u00e9rica del Norte. En consecuencia, las mediciones de los animales trofeo mantenidas por los programas de registros pueden ser una de las herramientas m\u00e1s s\u00f3lidas y valiosas disponibles para comprender c\u00f3mo la cosecha influye en el tama\u00f1o de los cuernos y las astas. Sin embargo, comprender el alcance de estos registros es fundamental para su uso eficaz en el manejo de la vida silvestre.<\/p>\n<p>Cuando comparamos las tendencias en el tama\u00f1o de los cuernos y astas de tres libros de registros diferentes (Boone and Crockett Record Book, Pope and Young Record Book y Safari Club International Record Book), encontramos que ocho de las diecisiete categor\u00edas difer\u00edan en la direcci\u00f3n y magnitud de tendencias temporales. Adem\u00e1s, aunque observamos una divergencia en algunas categor\u00edas, m\u00e1s de la mitad de las categor\u00edas de trofeos que probamos no mostraron diferencias significativas en las tendencias entre los libros de registro, lo que sugiere que las tendencias evidentes en los libros de registro de trofeos pueden representar con precisi\u00f3n las tendencias que est\u00e1n ocurriendo en el tama\u00f1o de los machos trofeo a trav\u00e9s del tiempo. Sin embargo, se debe tener cuidado al interpretar cualquier patr\u00f3n observado en esos datos, ya que no cuentan la historia de lo que est\u00e1 sucediendo en una poblaci\u00f3n.<\/p>\n<p>Esta investigaci\u00f3n fue publicada en el art\u00edculo \u201cBiological relevance of antler, horn, and pronghorn size in records programs,\u201d by Tayler N. LaSharr, Ryan A. Long, James R. Hefflefinger, Vernon C. Bleich, Paul R. Krausman, R. Terry Bowyer, Justin M. Shannon, Eric M. Rominger, Chadwick P. Lehman, Mike Cox, and Kevin L. Monteith en el <em>Journal of Mammalogy<\/em> en 2019.<\/p>\n\n\t\t<\/div>\n\t<\/div>\n<\/div><\/div><\/div><div class=\"wpb_column vc_column_container vc_col-sm-6\"><div class=\"vc_column-inner\"><div class=\"wpb_wrapper\">\n\t<div  class=\"wpb_single_image wpb_content_element vc_align_center\">\n\t\t\n\t\t<figure class=\"wpb_wrapper vc_figure\">\n\t\t\t<div class=\"vc_single_image-wrapper   vc_box_border_grey\"><img decoding=\"async\" class=\"vc_single_image-img\" src=\"https:\/\/monteithshop.org\/wp-content\/uploads\/2020\/01\/Ram3_LaSharr-360x300.jpeg\" width=\"360\" height=\"300\" alt=\"Bighorn sheep ram with a curled lip.\" title=\"Bighorn sheep ram.\" loading=\"lazy\" \/><\/div><figcaption class=\"vc_figure-caption\">Foto: Tayler LaSharr<\/figcaption>\n\t\t<\/figure>\n\t<\/div>\n\n\t<div class=\"wpb_text_column wpb_content_element\" >\n\t\t<div class=\"wpb_wrapper\">\n\t\t\t<h4 style=\"text-align: center;\">Las pr\u00e1cticas actuales de caza del borrego cimarr\u00f3n no afectan el tama\u00f1o de los cuernos de los machos capturados.<\/h4>\n<p>Los cuernos y astas de los ungulados desempe\u00f1an un rol biol\u00f3gico importante y tienen importancia social. Desde la se\u00f1al de fuerza a rivales y parejas potenciales, hasta ser atractivo a los cazadores que buscan colgar impresionantes trofeos en las paredes de sus salas. El inter\u00e9s en cazar animales bas\u00e1ndose en el tama\u00f1o de sus cuernos y astas ha generado recientemente preocupaci\u00f3n sobre los efectos potenciales que la caza puede tener en el tama\u00f1o de esas estructuras con el tiempo.<\/p>\n<p>Entre las 72 \u00e1reas de caza que estudiamos, el tama\u00f1o de los cuernos se mantuvo sin cambios en 44, disminuy\u00f3 en 19 y de hecho aument\u00f3 en 9. Los investigadores encontraron evidencia de que los tres mecanismos causaron cambios en el tama\u00f1o de los cuernos, seg\u00fan el \u00e1rea de caza en cuesti\u00f3n. En menos de la mitad de las \u00e1reas de caza donde disminuy\u00f3 el tama\u00f1o de los cuernos, la evidencia apuntaba a la caza como la causa del cambio evolutivo. En los otros, la nutrici\u00f3n y la estructura de edad cambiante parec\u00edan estar reduciendo el tama\u00f1o de los cuernos. En general, los reg\u00edmenes de cosecha actuales en la mayor\u00eda de las \u00e1reas de caza no parecen estar reduciendo el tama\u00f1o de los cuernos en el borrego cimarr\u00f3n.<\/p>\n<p>Esta investigaci\u00f3n fue publicada en el art\u00edculo \u201cHunting and mountain sheep: do current harvest practices affect horn growth\u201d by Tayler N. LaSharr, Ryan A. Long, James R. Heffelfinger, Vernon C. Bleich, Paul R. Krausman, R. Terry Bowyer, Justin M. Shannon, Robert W. Klaver, Clay E. Brewer, Mike Cox, A. Andrew Holland, Anne Hubbs, Chadwick P. Lehman, Jonathan D. Muir, Bruce Sterling, and Kevin L. Monteith en <em>Evolutionary Applications<\/em> en 2019.<\/p>\n\n\t\t<\/div>\n\t<\/div>\n<\/div><\/div><\/div><\/div><div class=\"vc_row wpb_row vc_row-fluid\"><div class=\"wpb_column vc_column_container vc_col-sm-12\"><div class=\"vc_column-inner\"><div class=\"wpb_wrapper\"><div class=\"vc_empty_space\"   style=\"height: 60px\"><span class=\"vc_empty_space_inner\"><\/span><\/div><\/div><\/div><\/div><\/div><div class=\"vc_row wpb_row vc_row-fluid\"><div class=\"wpb_column vc_column_container vc_col-sm-6\"><div class=\"vc_column-inner\"><div class=\"wpb_wrapper\">\n\t<div class=\"wpb_text_column wpb_content_element\" >\n\t\t<div class=\"wpb_wrapper\">\n\t\t\t<h4 style=\"text-align: center;\">Lider del proyecto<\/h4>\n<p style=\"text-align: center;\">Tayler LaSharr<\/p>\n\n\t\t<\/div>\n\t<\/div>\n\n\t<div  class=\"wpb_single_image wpb_content_element vc_align_center\">\n\t\t\n\t\t<figure class=\"wpb_wrapper vc_figure\">\n\t\t\t<div class=\"vc_single_image-wrapper   vc_box_border_grey\"><img decoding=\"async\" class=\"vc_single_image-img\" src=\"https:\/\/monteithshop.org\/wp-content\/uploads\/2020\/01\/LaSharr-scaled-360x300.jpg\" width=\"360\" height=\"300\" alt=\"Tayler LaSharr smiles at the camera, turned to show that her puppy Ovis is sitting inside her pink backpack.\" title=\"LaSharr\" loading=\"lazy\" \/><\/div>\n\t\t<\/figure>\n\t<\/div>\n<\/div><\/div><\/div><div class=\"wpb_column vc_column_container vc_col-sm-6\"><div class=\"vc_column-inner\"><div class=\"wpb_wrapper\">\n\t<div class=\"wpb_text_column wpb_content_element\" >\n\t\t<div class=\"wpb_wrapper\">\n\t\t\t<h4 style=\"text-align: center;\">Colaboradores, socios y financiadores<\/h4>\n<p>This work was supported by Utah Division of Wildlife Resources, the National Wild Sheep Foundation (WSF), Wyoming Wild Sheep Foundation, Alberta Wild Sheep Foundation, California Wild Sheep Foundation, Arizona Desert Bighorn Sheep Society, Wyoming Governor\u2019s Big Game License Coalition, Iowa Foundation for North American Wild Sheep, Utah Foundation for North American Wild Sheep, and the Pope and Young Club. Ryan Long, James Heffelfinger, Vernon Bleich, Paul Krausman, R. Terry Bowyer, Justin Shannon, Robert Klaver, Clay Brewer, Mike Cox, A. Andrew Holland, Anne Hubbs, Chadwick Lehman, Jonathan Muir, Hollie Miyasaki, and Bruce Sterling all provided valuable insight and collaboration throughout the project.<\/p>\n\n\t\t<\/div>\n\t<\/div>\n<\/div><\/div><\/div><\/div>\n<\/div>","protected":false},"excerpt":{"rendered":"The Harvest Records Project focused on identifying the effects of harvest on horn size of mountain sheep. Hunting is an important part of wildlife management, but there is concern over how harvest might affect the size of horns and antlers of ungulate species over time. This project evaluated how the size of horns of hunted &hellip; <p class=\"link-more\"><a href=\"https:\/\/monteithshop.org\/es\/finished-projects\/harvest-records-project\/\" class=\"more-link\">Read more<span class=\"screen-reader-text\"> \"Harvest Records Project\"<\/span><\/a><\/p>","protected":false},"author":1,"featured_media":97,"parent":1647,"menu_order":63,"comment_status":"closed","ping_status":"closed","template":"","meta":{"footnotes":""},"class_list":["post-184","page","type-page","status-publish","has-post-thumbnail","hentry"],"_links":{"self":[{"href":"https:\/\/monteithshop.org\/es\/wp-json\/wp\/v2\/pages\/184","targetHints":{"allow":["GET"]}}],"collection":[{"href":"https:\/\/monteithshop.org\/es\/wp-json\/wp\/v2\/pages"}],"about":[{"href":"https:\/\/monteithshop.org\/es\/wp-json\/wp\/v2\/types\/page"}],"author":[{"embeddable":true,"href":"https:\/\/monteithshop.org\/es\/wp-json\/wp\/v2\/users\/1"}],"replies":[{"embeddable":true,"href":"https:\/\/monteithshop.org\/es\/wp-json\/wp\/v2\/comments?post=184"}],"version-history":[{"count":50,"href":"https:\/\/monteithshop.org\/es\/wp-json\/wp\/v2\/pages\/184\/revisions"}],"predecessor-version":[{"id":2448,"href":"https:\/\/monteithshop.org\/es\/wp-json\/wp\/v2\/pages\/184\/revisions\/2448"}],"up":[{"embeddable":true,"href":"https:\/\/monteithshop.org\/es\/wp-json\/wp\/v2\/pages\/1647"}],"wp:featuredmedia":[{"embeddable":true,"href":"https:\/\/monteithshop.org\/es\/wp-json\/wp\/v2\/media\/97"}],"wp:attachment":[{"href":"https:\/\/monteithshop.org\/es\/wp-json\/wp\/v2\/media?parent=184"}],"curies":[{"name":"wp","href":"https:\/\/api.w.org\/{rel}","templated":true}]}}