{"id":2104,"date":"2023-06-08T17:51:17","date_gmt":"2023-06-08T17:51:17","guid":{"rendered":"https:\/\/monteithshop.org\/?page_id=2104"},"modified":"2023-06-08T18:30:50","modified_gmt":"2023-06-08T18:30:50","slug":"sierra-sheep-project","status":"publish","type":"page","link":"https:\/\/monteithshop.org\/es\/ongoing-research\/sierra-sheep-project\/","title":{"rendered":"Proyecto de la recuperaci\u00f3n del borrego cimarr\u00f3n de la Sierra Nevada"},"content":{"rendered":"<div class=\"wpb-content-wrapper\"><div class=\"vc_row wpb_row vc_row-fluid\"><div class=\"wpb_column vc_column_container vc_col-sm-12\"><div class=\"vc_column-inner\"><div class=\"wpb_wrapper\"><div class=\"vc_empty_space\"   style=\"height: 32px\"><span class=\"vc_empty_space_inner\"><\/span><\/div><\/div><\/div><\/div><\/div><div data-vc-full-width=\"true\" data-vc-full-width-init=\"false\" class=\"vc_row wpb_row vc_row-fluid vc_custom_1643233418797 vc_row-has-fill vc_row-o-full-height vc_row-o-columns-middle vc_row-o-equal-height vc_row-o-content-middle vc_row-flex\"><div class=\"wpb_column vc_column_container vc_col-sm-6\"><div class=\"vc_column-inner\"><div class=\"wpb_wrapper\">\n\t<div  class=\"wpb_single_image wpb_content_element vc_align_center\">\n\t\t\n\t\t<figure class=\"wpb_wrapper vc_figure\">\n\t\t\t<div class=\"vc_single_image-wrapper   vc_box_border_grey\"><img decoding=\"async\" class=\"vc_single_image-img\" src=\"https:\/\/monteithshop.org\/wp-content\/uploads\/2023\/06\/California_Department_of_Fish_andWildlife-750x750.jpg\" width=\"750\" height=\"750\" alt=\"A female Sierra Nevada bighorn sheep stands on a rocky surface.\" title=\"California_Department_of_Fish_andWildlife\" loading=\"lazy\" \/><\/div><figcaption class=\"vc_figure-caption\">Photo credit: California Department of Fish and Wildlife<\/figcaption>\n\t\t<\/figure>\n\t<\/div>\n<\/div><\/div><\/div><div class=\"wpb_column vc_column_container vc_col-sm-6\"><div class=\"vc_column-inner\"><div class=\"wpb_wrapper\">\n\t<div class=\"wpb_text_column wpb_content_element\" >\n\t\t<div class=\"wpb_wrapper\">\n\t\t\t<p>El borrego cimarr\u00f3n de Sierra Nevada, una subespecie de borrego cimarr\u00f3n que se encuentra \u00fanicamente en las monta\u00f1as de Sierra Nevada de California, es uno de los ungulados m\u00e1s raros del mundo. Al igual que muchos ungulados en Am\u00e9rica del Norte, las poblaciones de cimarrones de la Sierra disminuyeron dram\u00e1ticamente como resultado de la colonizaci\u00f3n europea, alcanzando un peligroso m\u00ednimo de aproximadamente 100 ovejas en la d\u00e9cada de 1990. Desde que fue catalogado como en peligro de extinci\u00f3n, los esfuerzos de recuperaci\u00f3n liderados por el Departamento de California del Department of Fish and Wildlife (CDFW) han aumentado la poblaci\u00f3n a m\u00e1s de 700 animales en 14 reba\u00f1os diferentes a partir de 2020. A pesar del \u00e9xito reciente, la recuperaci\u00f3n y exclusi\u00f3n de la lista del cimarr\u00f3n de Sierra sigue amenazada por altos niveles de depredaci\u00f3n por pumas, cambios en la vegetaci\u00f3n y el clima, eventos clim\u00e1ticos severos y aumento de la perturbaci\u00f3n humana.<\/p>\n\n\t\t<\/div>\n\t<\/div>\n<\/div><\/div><\/div><\/div><div class=\"vc_row-full-width vc_clearfix\"><\/div><div class=\"vc_row wpb_row vc_row-fluid vc_custom_1643233992682 vc_row-has-fill vc_row-o-content-middle vc_row-flex\"><div class=\"wpb_column vc_column_container vc_col-sm-6\"><div class=\"vc_column-inner\"><div class=\"wpb_wrapper\">\n\t<div class=\"wpb_text_column wpb_content_element\" >\n\t\t<div class=\"wpb_wrapper\">\n\t\t\t<p>Nos estamos asociando con CDFW para ayudar a crear una base cient\u00edfica para el manejo continuo y la recuperaci\u00f3n del cimarr\u00f3n de Sierra. Esto implicar\u00e1 analizar los datos recopilados por CDFW durante los \u00faltimos 20 a\u00f1os, en combinaci\u00f3n con datos del trabajo de campo en curso, para proporcionar informaci\u00f3n sobre la ecolog\u00eda de estas ovejas. Actualmente estamos investigando las interacciones entre el cimarr\u00f3n de Sierra, los pumas y el ciervo mula, los impactos de la creciente popularidad de la recreaci\u00f3n al aire libre en el h\u00e1bitat de las ovejas durante etapas cr\u00edticas de la vida, as\u00ed como la din\u00e1mica de grupo y la ecolog\u00eda de alimentaci\u00f3n del cimarr\u00f3n de Sierra. Al centrar nuestros esfuerzos en preguntas de por qu\u00e9, en vez de c\u00f3mo, los hallazgos de nuestra investigaci\u00f3n ser\u00e1n aplicables a las poblaciones de ungulados de monta\u00f1a en todo el oeste de Am\u00e9rica del Norte y en todo el mundo.<\/p>\n\n\t\t<\/div>\n\t<\/div>\n<\/div><\/div><\/div><div class=\"wpb_column vc_column_container vc_col-sm-6\"><div class=\"vc_column-inner\"><div class=\"wpb_wrapper\">\n\t<div  class=\"wpb_single_image wpb_content_element vc_align_center\">\n\t\t\n\t\t<figure class=\"wpb_wrapper vc_figure\">\n\t\t\t<div class=\"vc_single_image-wrapper   vc_box_border_grey\"><img decoding=\"async\" class=\"vc_single_image-img\" src=\"https:\/\/monteithshop.org\/wp-content\/uploads\/2023\/06\/MBL_0576-1-750x576.jpg\" width=\"750\" height=\"576\" alt=\"A game camera image shows two mountain lions under a tree: one is laying near the camera, the other sitting and looking at the camera.\" title=\"MBL_0576\" loading=\"lazy\" \/><\/div><figcaption class=\"vc_figure-caption\">Photo credit: California Department of Fish and Wildlife<\/figcaption>\n\t\t<\/figure>\n\t<\/div>\n<\/div><\/div><\/div><\/div><div class=\"vc_row wpb_row vc_row-fluid\"><div class=\"wpb_column vc_column_container vc_col-sm-12\"><div class=\"vc_column-inner\"><div class=\"wpb_wrapper\"><div class=\"vc_empty_space\"   style=\"height: 32px\"><span class=\"vc_empty_space_inner\"><\/span><\/div><\/div><\/div><\/div><\/div><div class=\"vc_row wpb_row vc_row-fluid\"><div class=\"wpb_column vc_column_container vc_col-sm-12\"><div class=\"vc_column-inner\"><div class=\"wpb_wrapper\">\n\t<div class=\"wpb_text_column wpb_content_element\" >\n\t\t<div class=\"wpb_wrapper\">\n\t\t\t<h2 style=\"text-align: center;\">Preguntas principales<\/h2>\n\n\t\t<\/div>\n\t<\/div>\n<\/div><\/div><\/div><\/div><div class=\"vc_row wpb_row vc_row-fluid\"><div class=\"wpb_column vc_column_container vc_col-sm-4\"><div class=\"vc_column-inner\"><div class=\"wpb_wrapper\">\n\t<div  class=\"wpb_single_image wpb_content_element vc_align_center\">\n\t\t\n\t\t<figure class=\"wpb_wrapper vc_figure\">\n\t\t\t<div class=\"vc_single_image-wrapper   vc_box_border_grey\"><img decoding=\"async\" class=\"vc_single_image-img\" src=\"https:\/\/monteithshop.org\/wp-content\/uploads\/2023\/06\/IMG_8855-scaled-360x300.jpg\" width=\"360\" height=\"300\" alt=\"A person sits, wearing a backpack and looking through binoculars from the top of a rocky mountain: below, rocky slopes, forest, and a lake are shown.\" title=\"IMG_8855\" loading=\"lazy\" \/><\/div><figcaption class=\"vc_figure-caption\">Foto: Jaron Kolek<\/figcaption>\n\t\t<\/figure>\n\t<\/div>\n\n\t<div class=\"wpb_text_column wpb_content_element\" >\n\t\t<div class=\"wpb_wrapper\">\n\t\t\t<h4 style=\"text-align: center;\">\u00bfQu\u00e9 forma el h\u00e1bitat utilizable para el cimarr\u00f3n de la Sierra?<\/h4>\n<p>Aunque los cimarrones de Sierra suelen pasar tiempo en terrenos rocosos y escarpados, a veces los vemos en grandes grupos pastando en prados alpinos. Comprender c\u00f3mo los cambios en el tama\u00f1o de la poblaci\u00f3n afectan lo que el borrego cimarr\u00f3n percibe como h\u00e1bitat utilizable permitir\u00e1 a los administradores predecir con mayor precisi\u00f3n la cantidad de animales que una cadena monta\u00f1osa puede sustentar de manera sostenible.<\/p>\n\n\t\t<\/div>\n\t<\/div>\n<\/div><\/div><\/div><div class=\"wpb_column vc_column_container vc_col-sm-4\"><div class=\"vc_column-inner\"><div class=\"wpb_wrapper\">\n\t<div  class=\"wpb_single_image wpb_content_element vc_align_center\">\n\t\t\n\t\t<figure class=\"wpb_wrapper vc_figure\">\n\t\t\t<div class=\"vc_single_image-wrapper   vc_box_border_grey\"><img decoding=\"async\" class=\"vc_single_image-img\" src=\"https:\/\/monteithshop.org\/wp-content\/uploads\/2023\/06\/IMG_8720-scaled-360x300.jpg\" width=\"360\" height=\"300\" alt=\"A parking lot full of cars in the center of a green forest is shown.\" title=\"IMG_8720\" loading=\"lazy\" \/><\/div><figcaption class=\"vc_figure-caption\">Foto: Jaron Kolek<\/figcaption>\n\t\t<\/figure>\n\t<\/div>\n\n\t<div class=\"wpb_text_column wpb_content_element\" >\n\t\t<div class=\"wpb_wrapper\">\n\t\t\t<h4 style=\"text-align: center;\">\u00bfCu\u00e1l es el rol de la recreaci\u00f3n en la recuperaci\u00f3n del cimarr\u00f3n de la Sierra?<\/h4>\n<p>La escalada en roca, el esqu\u00ed de traves\u00eda y otras formas de recreaci\u00f3n est\u00e1n aumentando en muchos lugares donde viven las ovejas de la Sierra, y estamos investigando el rol que juega la recreaci\u00f3n en el uso del espacio y el comportamiento de las ovejas. En el verano, la superposici\u00f3n entre trepadoras y ovejas pre\u00f1adas puede provocar cambios en las \u00e1reas utilizadas para dar a luz, comprometiendo potencialmente su capacidad de criar cr\u00edas. En el invierno, las ovejas pueden verse obligadas a utilizar h\u00e1bitats de peor calidad o a amontonar animales en las \u00e1reas restantes que no est\u00e1n perturbadas por la recreaci\u00f3n, alterando el acceso a los recursos alimentarios y, en \u00faltima instancia, aumentando hasta impactar la din\u00e1mica de la poblaci\u00f3n.<\/p>\n\n\t\t<\/div>\n\t<\/div>\n<\/div><\/div><\/div><div class=\"wpb_column vc_column_container vc_col-sm-4\"><div class=\"vc_column-inner\"><div class=\"wpb_wrapper\">\n\t<div  class=\"wpb_single_image wpb_content_element vc_align_center\">\n\t\t\n\t\t<figure class=\"wpb_wrapper vc_figure\">\n\t\t\t<div class=\"vc_single_image-wrapper   vc_box_border_grey\"><img decoding=\"async\" class=\"vc_single_image-img\" src=\"https:\/\/monteithshop.org\/wp-content\/uploads\/2023\/06\/IMG_2781-scaled-360x300.jpg\" width=\"360\" height=\"300\" alt=\"A spotted mountain lion kitten lays under fallen logs and on top of dead leaves.\" title=\"IMG_2781\" loading=\"lazy\" \/><\/div><figcaption class=\"vc_figure-caption\">Foto: Yasaman Shakeri<\/figcaption>\n\t\t<\/figure>\n\t<\/div>\n\n\t<div class=\"wpb_text_column wpb_content_element\" >\n\t\t<div class=\"wpb_wrapper\">\n\t\t\t<h4 style=\"text-align: center;\">\u00bfC\u00f3mo afectan los pumas al borrego cimarr\u00f3n de la Sierra?<\/h4>\n<p>El puma es un depredador de emboscada sigiloso que se alimenta principalmente de ciervo mula en la Sierra; sin embargo, los cimarrones de Sierra son cada vez m\u00e1s el objetivo de ayudar a subsidiar las crecientes poblaciones de pumas. Para comprender mejor la poblaci\u00f3n de pumas, visitamos guaridas para contar el n\u00famero de gatitos nacidos y estimar la supervivencia y dispersi\u00f3n de los juveniles. Saber cu\u00e1ntos gatitos sobreviven hasta la edad adulta proporciona informaci\u00f3n sobre la trayectoria de la poblaci\u00f3n y c\u00f3mo puede afectar la recuperaci\u00f3n del cimarr\u00f3n de Sierra.<\/p>\n\n\t\t<\/div>\n\t<\/div>\n<\/div><\/div><\/div><\/div><div class=\"vc_row wpb_row vc_row-fluid\"><div class=\"wpb_column vc_column_container vc_col-sm-12\"><div class=\"vc_column-inner\"><div class=\"wpb_wrapper\"><div class=\"vc_empty_space\"   style=\"height: 32px\"><span class=\"vc_empty_space_inner\"><\/span><\/div><\/div><\/div><\/div><\/div><div class=\"vc_row wpb_row vc_row-fluid\"><div class=\"wpb_column vc_column_container vc_col-sm-12\"><div class=\"vc_column-inner\"><div class=\"wpb_wrapper\"><div class=\"vc_row wpb_row vc_inner vc_row-fluid\"><div class=\"wpb_column vc_column_container vc_col-sm-12\"><div class=\"vc_column-inner\"><div class=\"wpb_wrapper\">\n\t<div  class=\"wpb_single_image wpb_content_element vc_align_center\">\n\t\t\n\t\t<figure class=\"wpb_wrapper vc_figure\">\n\t\t\t<div class=\"vc_single_image-wrapper   vc_box_border_grey\"><img decoding=\"async\" class=\"vc_single_image-img\" src=\"https:\/\/monteithshop.org\/wp-content\/uploads\/2023\/06\/IMG_0111-scaled-1350x420.jpg\" width=\"1350\" height=\"420\" alt=\"A mountain lake shown from the top of a rocky ridge surrounding it.\" title=\"IMG_0111\" loading=\"lazy\" \/><\/div><figcaption class=\"vc_figure-caption\">Foto: Jaron Kolek<\/figcaption>\n\t\t<\/figure>\n\t<\/div>\n<\/div><\/div><\/div><\/div><\/div><\/div><\/div><\/div><div class=\"vc_row wpb_row vc_row-fluid\"><div class=\"wpb_column vc_column_container vc_col-sm-12\"><div class=\"vc_column-inner\"><div class=\"wpb_wrapper\"><div class=\"vc_empty_space\"   style=\"height: 32px\"><span class=\"vc_empty_space_inner\"><\/span><\/div><\/div><\/div><\/div><\/div><div class=\"vc_row wpb_row vc_row-fluid\"><div class=\"wpb_column vc_column_container vc_col-sm-8\"><div class=\"vc_column-inner\"><div class=\"wpb_wrapper\">\n\t<div class=\"wpb_text_column wpb_content_element\" >\n\t\t<div class=\"wpb_wrapper\">\n\t\t\t<h4 style=\"text-align: center;\">L\u00edderes del proyecto<\/h4>\n\n\t\t<\/div>\n\t<\/div>\n<div class=\"vc_row wpb_row vc_inner vc_row-fluid\"><div class=\"wpb_column vc_column_container vc_col-sm-4\"><div class=\"vc_column-inner\"><div class=\"wpb_wrapper\">\n\t<div class=\"wpb_text_column wpb_content_element\" >\n\t\t<div class=\"wpb_wrapper\">\n\t\t\t<p style=\"text-align: center;\">Jaron Kolek<\/p>\n\n\t\t<\/div>\n\t<\/div>\n\n\t<div  class=\"wpb_single_image wpb_content_element vc_align_center\">\n\t\t\n\t\t<figure class=\"wpb_wrapper vc_figure\">\n\t\t\t<div class=\"vc_single_image-wrapper   vc_box_border_grey\"><img decoding=\"async\" class=\"vc_single_image-img\" src=\"https:\/\/monteithshop.org\/wp-content\/uploads\/2021\/11\/Kolek-200x200.jpg\" width=\"200\" height=\"200\" alt=\"Jaron Kolek on the river.\" title=\"Kolek\" loading=\"lazy\" \/><\/div>\n\t\t<\/figure>\n\t<\/div>\n<\/div><\/div><\/div><div class=\"wpb_column vc_column_container vc_col-sm-4\"><div class=\"vc_column-inner\"><div class=\"wpb_wrapper\">\n\t<div class=\"wpb_text_column wpb_content_element\" >\n\t\t<div class=\"wpb_wrapper\">\n\t\t\t<p style=\"text-align: center;\">Seth Rankins<\/p>\n\n\t\t<\/div>\n\t<\/div>\n\n\t<div  class=\"wpb_single_image wpb_content_element vc_align_center\">\n\t\t\n\t\t<figure class=\"wpb_wrapper vc_figure\">\n\t\t\t<div class=\"vc_single_image-wrapper   vc_box_border_grey\"><img decoding=\"async\" class=\"vc_single_image-img\" src=\"https:\/\/monteithshop.org\/wp-content\/uploads\/2021\/11\/RankinsSeth-scaled-e1643647762700-200x200.jpeg\" width=\"200\" height=\"200\" alt=\"Seth holding a bird during field work.\" title=\"RankinsSeth\" loading=\"lazy\" \/><\/div>\n\t\t<\/figure>\n\t<\/div>\n<\/div><\/div><\/div><div class=\"wpb_column vc_column_container vc_col-sm-4\"><div class=\"vc_column-inner\"><div class=\"wpb_wrapper\">\n\t<div class=\"wpb_text_column wpb_content_element\" >\n\t\t<div class=\"wpb_wrapper\">\n\t\t\t<p style=\"text-align: center;\">Yasaman Shakeri<\/p>\n\n\t\t<\/div>\n\t<\/div>\n\n\t<div  class=\"wpb_single_image wpb_content_element vc_align_center\">\n\t\t\n\t\t<figure class=\"wpb_wrapper vc_figure\">\n\t\t\t<div class=\"vc_single_image-wrapper   vc_box_border_grey\"><img decoding=\"async\" class=\"vc_single_image-img\" src=\"https:\/\/monteithshop.org\/wp-content\/uploads\/2021\/11\/Yasaman-200x200.png\" width=\"200\" height=\"200\" alt=\"Yasaman Shakeri holding mule deer antlers up to her head.\" title=\"Yasaman\" loading=\"lazy\" \/><\/div>\n\t\t<\/figure>\n\t<\/div>\n<\/div><\/div><\/div><\/div><\/div><\/div><\/div><div class=\"wpb_column vc_column_container vc_col-sm-4\"><div class=\"vc_column-inner\"><div class=\"wpb_wrapper\">\n\t<div class=\"wpb_text_column wpb_content_element\" >\n\t\t<div class=\"wpb_wrapper\">\n\t\t\t<h4 style=\"text-align: center;\">Colaboradores, socios y financiadores<\/h4>\n<p>Este proyecto est\u00e1 financiado y realizado en colaboraci\u00f3n con el California Department of Fish and Wildlife y el Biodiversity Institute en la University of Wyoming.<\/p>\n\n\t\t<\/div>\n\t<\/div>\n<\/div><\/div><\/div><\/div><div class=\"vc_row wpb_row vc_row-fluid\"><div class=\"wpb_column vc_column_container vc_col-sm-12\"><div class=\"vc_column-inner\"><div class=\"wpb_wrapper\"><div class=\"vc_empty_space\"   style=\"height: 32px\"><span class=\"vc_empty_space_inner\"><\/span><\/div><\/div><\/div><\/div><\/div>\n<\/div>","protected":false},"excerpt":{"rendered":"Photo credit: California Department of Fish and Wildlife The Sierra Nevada bighorn sheep\u2014a subspecies of bighorn sheep found only in the Sierra Nevada Mountains of California\u2014is one of the rarest ungulates in the world. Similar to many ungulates in North America, Sierra bighorn populations declined dramatically as a result of European colonization, hitting a dangerous &hellip; <p class=\"link-more\"><a href=\"https:\/\/monteithshop.org\/es\/ongoing-research\/sierra-sheep-project\/\" class=\"more-link\">Read more<span class=\"screen-reader-text\"> \"Sierra Nevada Bighorn Sheep Recovery Program Research Project\"<\/span><\/a><\/p>","protected":false},"author":1,"featured_media":1371,"parent":1521,"menu_order":0,"comment_status":"closed","ping_status":"closed","template":"","meta":{"footnotes":""},"class_list":["post-2104","page","type-page","status-publish","has-post-thumbnail","hentry"],"_links":{"self":[{"href":"https:\/\/monteithshop.org\/es\/wp-json\/wp\/v2\/pages\/2104","targetHints":{"allow":["GET"]}}],"collection":[{"href":"https:\/\/monteithshop.org\/es\/wp-json\/wp\/v2\/pages"}],"about":[{"href":"https:\/\/monteithshop.org\/es\/wp-json\/wp\/v2\/types\/page"}],"author":[{"embeddable":true,"href":"https:\/\/monteithshop.org\/es\/wp-json\/wp\/v2\/users\/1"}],"replies":[{"embeddable":true,"href":"https:\/\/monteithshop.org\/es\/wp-json\/wp\/v2\/comments?post=2104"}],"version-history":[{"count":9,"href":"https:\/\/monteithshop.org\/es\/wp-json\/wp\/v2\/pages\/2104\/revisions"}],"predecessor-version":[{"id":2123,"href":"https:\/\/monteithshop.org\/es\/wp-json\/wp\/v2\/pages\/2104\/revisions\/2123"}],"up":[{"embeddable":true,"href":"https:\/\/monteithshop.org\/es\/wp-json\/wp\/v2\/pages\/1521"}],"wp:featuredmedia":[{"embeddable":true,"href":"https:\/\/monteithshop.org\/es\/wp-json\/wp\/v2\/media\/1371"}],"wp:attachment":[{"href":"https:\/\/monteithshop.org\/es\/wp-json\/wp\/v2\/media?parent=2104"}],"curies":[{"name":"wp","href":"https:\/\/api.w.org\/{rel}","templated":true}]}}