{"id":22,"date":"2019-10-07T18:02:26","date_gmt":"2019-10-07T18:02:26","guid":{"rendered":"http:\/\/ungulatecompendium.org\/?page_id=22"},"modified":"2026-02-03T17:36:18","modified_gmt":"2026-02-03T17:36:18","slug":"support","status":"publish","type":"page","link":"https:\/\/monteithshop.org\/es\/support\/","title":{"rendered":"Apoyar nuestra misi\u00f3n"},"content":{"rendered":"<div class=\"wpb-content-wrapper\"><div class=\"vc_row wpb_row vc_row-fluid\"><div class=\"wpb_column vc_column_container vc_col-sm-12\"><div class=\"vc_column-inner\"><div class=\"wpb_wrapper\"><div class=\"vc_empty_space\"   style=\"height: 60px\"><span class=\"vc_empty_space_inner\"><\/span><\/div><\/div><\/div><\/div><\/div><div class=\"vc_row wpb_row vc_row-fluid\"><div class=\"wpb_column vc_column_container vc_col-sm-12\"><div class=\"vc_column-inner\"><div class=\"wpb_wrapper\">\n\t<div class=\"wpb_text_column wpb_content_element\" >\n\t\t<div class=\"wpb_wrapper\">\n\t\t\t<p class=\"page-title\"><span style=\"font-size: 16px;\">Gracias por su apoyo; \u00a1Su apoyo nos ayuda a hacer nuestro trabajo!<\/span><\/p>\n<div class=\"region region-content\">\n<div id=\"block-system-main\" class=\"block block-system\">\n<div class=\"content\">\n<div class=\"content\">\n<div class=\"field field-name-body field-type-text-with-summary field-label-hidden\">\n<div class=\"field-items\">\n<div class=\"field-item even\">\n<p>Hay tres maneras de hacer una contribuci\u00f3n a Monteith Shop, a trav\u00e9s de la Fundaci\u00f3n de la Universidad de Wyoming:<\/p>\n<h2>Por telefono<\/h2>\n<p>Llame a la Fundaci\u00f3n UW durante el horario comercial habitual al (307) 766-6300 o (888) 831-7795.<\/p>\n<h2>En l\u00ednea<\/h2>\n<p>Puede donar utilizando la plataforma segura de donaciones de la UW Foundation <a href=\"https:\/\/www.givecampus.com\/campaigns\/32032\/donations\/new\">aqu\u00ed<\/a>.<\/p>\n<h2>Por correo<\/h2>\n<p>Puede enviar una contribuci\u00f3n a:<\/p>\n<p>University of Wyoming Foundation<br \/>\n1200 E Ivinson St<br \/>\nLaramie, WY 82070<\/p>\n<p>Agregue una nota que especifique que su obsequio est\u00e1 designado para el Monteith Shop.<\/p>\n<p>Nuevamente, \u00a1gracias por su apoyo!<\/p>\n<\/div>\n<\/div>\n<\/div>\n<\/div>\n<\/div>\n<\/div>\n<\/div>\n\n\t\t<\/div>\n\t<\/div>\n<\/div><\/div><\/div><\/div><div class=\"vc_row wpb_row vc_row-fluid\"><div class=\"wpb_column vc_column_container vc_col-sm-12\"><div class=\"vc_column-inner\"><div class=\"wpb_wrapper\"><div class=\"vc_empty_space\"   style=\"height: 60px\"><span class=\"vc_empty_space_inner\"><\/span><\/div><\/div><\/div><\/div><\/div>\n<\/div>","protected":false},"excerpt":{"rendered":"Thank you for your support; your support helps us to do our work! There are three ways to make a contribution toward the Monteith Shop, through the University of Wyoming Foundation: By phone Call the UW Foundation during regular business hours at (307) 766-6300 or (888) 831-7795. Online You can donate using UW Foundation's secure &hellip; <p class=\"link-more\"><a href=\"https:\/\/monteithshop.org\/es\/support\/\" class=\"more-link\">Read more<span class=\"screen-reader-text\"> \"Support our mission\"<\/span><\/a><\/p>","protected":false},"author":1,"featured_media":1773,"parent":0,"menu_order":66,"comment_status":"closed","ping_status":"closed","template":"","meta":{"footnotes":""},"class_list":["post-22","page","type-page","status-publish","has-post-thumbnail","hentry"],"_links":{"self":[{"href":"https:\/\/monteithshop.org\/es\/wp-json\/wp\/v2\/pages\/22","targetHints":{"allow":["GET"]}}],"collection":[{"href":"https:\/\/monteithshop.org\/es\/wp-json\/wp\/v2\/pages"}],"about":[{"href":"https:\/\/monteithshop.org\/es\/wp-json\/wp\/v2\/types\/page"}],"author":[{"embeddable":true,"href":"https:\/\/monteithshop.org\/es\/wp-json\/wp\/v2\/users\/1"}],"replies":[{"embeddable":true,"href":"https:\/\/monteithshop.org\/es\/wp-json\/wp\/v2\/comments?post=22"}],"version-history":[{"count":15,"href":"https:\/\/monteithshop.org\/es\/wp-json\/wp\/v2\/pages\/22\/revisions"}],"predecessor-version":[{"id":2771,"href":"https:\/\/monteithshop.org\/es\/wp-json\/wp\/v2\/pages\/22\/revisions\/2771"}],"wp:featuredmedia":[{"embeddable":true,"href":"https:\/\/monteithshop.org\/es\/wp-json\/wp\/v2\/media\/1773"}],"wp:attachment":[{"href":"https:\/\/monteithshop.org\/es\/wp-json\/wp\/v2\/media?parent=22"}],"curies":[{"name":"wp","href":"https:\/\/api.w.org\/{rel}","templated":true}]}}