{"id":371,"date":"2019-12-05T12:18:08","date_gmt":"2019-12-05T12:18:08","guid":{"rendered":"http:\/\/ungulatecompendium.org\/?page_id=371"},"modified":"2021-11-22T01:29:24","modified_gmt":"2021-11-22T01:29:24","slug":"records-program-of-north-america","status":"publish","type":"page","link":"https:\/\/monteithshop.org\/es\/compendiums\/records-program-of-north-america\/","title":{"rendered":"Registro de los ungulados Norteamericanos"},"content":{"rendered":"<div class=\"wpb-content-wrapper\"><div class=\"vc_row wpb_row vc_row-fluid\"><div class=\"wpb_column vc_column_container vc_col-sm-12\"><div class=\"vc_column-inner\"><div class=\"wpb_wrapper\"><div class=\"vc_empty_space\"   style=\"height: 60px\"><span class=\"vc_empty_space_inner\"><\/span><\/div><\/div><\/div><\/div><\/div><div class=\"vc_row wpb_row vc_row-fluid\"><div class=\"wpb_column vc_column_container vc_col-sm-9\"><div class=\"vc_column-inner\"><div class=\"wpb_wrapper\">\n\t<div class=\"wpb_text_column wpb_content_element\" >\n\t\t<div class=\"wpb_wrapper\">\n\t\t\t<h2>\u00bfQu\u00e9 es un registro?<\/h2>\n<p>Los programas de registro fueron establecidos con un objetivo primordial: monitorear y registrar el tama\u00f1o de los cuernos y astas de especies de animales salvajes grandes para usarlo como puntos de comparaci\u00f3n en el avance de la conservaci\u00f3n y manejo adecuado de estas especies. Para llevar a cabo estos objetivos, los programas mantienen registros de cuernos, astas, cuernos de ant\u00edlopes y cr\u00e1neos que son grandes. Una de las ideas equivocadas sobre este programa es que su objetivo es glorificar a los cazadores que cazan un animal \u201crecord\u201d. Un record no es un premio al cazador, sino simplemente una documentaci\u00f3n del animal. Aunque los cazadores reciben reconocimiento por cazar un animal que es parte del programa de registro, desde el principio los programas de registro fueron dise\u00f1ados para honrar y mantener documentaci\u00f3n sobre el animal, no es cazador.<\/p>\n\n\t\t<\/div>\n\t<\/div>\n\n\t<div class=\"wpb_text_column wpb_content_element\" >\n\t\t<div class=\"wpb_wrapper\">\n\t\t\t<h2>Establecimiento del programa de registro<\/h2>\n<p>A comienzos de los 1900s, la cantidad de especies de animales de caza grandes en Norteam\u00e9rica se desplomaron como consecuencia de pr\u00e1cticas de caza masiva no reguladas. El peligro de extinci\u00f3n de muchos de los grandes y queridos animales de caza se volvi\u00f3 una posibilidad real. Al ver que los animales desaparec\u00edan del paisaje a tasas alarmantes, el Club de Boone y Crockett comenz\u00f3 a documentar el tama\u00f1o de muchas de las especies de caza para preservar su legado. En 1932 un miembro del Club de Boone y Crockett se convirti\u00f3 en el primer autor del libro de registros de animales de caza grandes en Norteam\u00e9rica. Aunque muchas especies de animales de caza grandes se recuperaron del peligro de extinci\u00f3n y ahora abundan en Norteam\u00e9rica, la pr\u00e1ctica de mantener registros del tama\u00f1o de los cuernos y astas de animales grandes se mantuvo.<br \/>\nEn el siglo pasado muchas otras organizaciones adoptaron la pr\u00e1ctica de mantener registros de caracter\u00edsticas de animales grandes, desde el Club de J\u00f3venes de Pope hasta muchas oficinas de los estados. Todos estos programas tienen un objetivo primordial, el que es el mantener registros de las especies de animales de caza grandes en Norteam\u00e9rica.<\/p>\n\n\t\t<\/div>\n\t<\/div>\n\n\t<div class=\"wpb_text_column wpb_content_element\" >\n\t\t<div class=\"wpb_wrapper\">\n\t\t\t<h2>Seguimiento de largo plazo<\/h2>\n<p>El objetivo inicial del programa de registro fue registrar el tama\u00f1o de las especies de animales de caza grandes antes de que desaparecieran de la fauna salvaje. Hoy en d\u00eda, los libros de registros se han convertido en uno de los programas m\u00e1s longevos que obtienen y mantienen datos precisos sobre las especies de animales de caza en Norteam\u00e9rica. Es debido a estos programas que tenemos datos de m\u00faltiples generaciones de animales y, por lo tanto, los cient\u00edficos y administradores de animales de caza grandes tienen la posibilidad de monitorear, por d\u00e9cadas, cambios que ocurren en estas especies.<\/p>\n<p>El tama\u00f1o de los cuernos y astas es un indicador verdadero de la calidad del animal; machos con cuernos y astas m\u00e1s largas son dominantes, tienen m\u00e1s \u00e9xito y, a menudo, son m\u00e1s f\u00e9rtiles que aquellos con cuernos y astas m\u00e1s chicas. El programa de registro le da a los cient\u00edficos y administradores de fauna salvaje una visi\u00f3n m\u00e1s perspicaz de lo que les ocurre a los machos con grandes cuernos y astas y de c\u00f3mo factores como pr\u00e1cticas de caza, clima, y h\u00e1bitat afectan a las especies.<\/p>\n<p>La medici\u00f3n de las especies de animales de caza grandes en los programas de registro es detallada e intrincada. Las medidas fueron desarrolladas para estimar el tama\u00f1o verdadero de la muestra, no solo para estimar el largo y extensi\u00f3n de las astas. Debido al detalle de las mediciones los programas de registro nos pueden dar una visi\u00f3n m\u00e1s perspicaz sobre cosas que van mas all\u00e1 del cambios en tama\u00f1o a trav\u00e9s del tiempo. Aunque los programas de registro no fueron creados para captar lo que le esta ocurriendo a todos los animales o a poblaciones individuales, los libros de registro son valios\u00edsimos como instrumentos para evaluar cambios en el tama\u00f1o y forma de cuernos, astas, astas de ant\u00edlopes y cr\u00e1neos, as\u00ed como la distribuci\u00f3n de los machos que poseen grandes estructuras en sus cabezas a lo largo del tiempo y a trav\u00e9s de sus prados nativos.<\/p>\n\n\t\t<\/div>\n\t<\/div>\n\n\t<div  class=\"wpb_single_image wpb_content_element vc_align_left\">\n\t\t\n\t\t<figure class=\"wpb_wrapper vc_figure\">\n\t\t\t<div class=\"vc_single_image-wrapper   vc_box_border_grey\"><img loading=\"lazy\" decoding=\"async\" width=\"1325\" height=\"700\" src=\"https:\/\/monteithshop.org\/wp-content\/uploads\/2019\/12\/records-project-thumb.jpg\" class=\"vc_single_image-img attachment-full\" alt=\"Illustrations of elk horns, skull, and bighorn sheep skull with measurements\" title=\"\" srcset=\"https:\/\/monteithshop.org\/wp-content\/uploads\/2019\/12\/records-project-thumb.jpg 1325w, https:\/\/monteithshop.org\/wp-content\/uploads\/2019\/12\/records-project-thumb-300x158.jpg 300w, https:\/\/monteithshop.org\/wp-content\/uploads\/2019\/12\/records-project-thumb-1024x541.jpg 1024w, https:\/\/monteithshop.org\/wp-content\/uploads\/2019\/12\/records-project-thumb-768x406.jpg 768w\" sizes=\"auto, 100vw\" \/><\/div><figcaption class=\"vc_figure-caption\">La medici\u00f3n de espec\u00edmenes incluye m\u00faltiples medidas individuales, incluyendo la circunferencia en distintos puntos del esp\u00e9cimen, as\u00ed como el largo de varias barras, esta\u00f1os, cuernos y cr\u00e1neos.<\/figcaption>\n\t\t<\/figure>\n\t<\/div>\n\n\t<div class=\"wpb_text_column wpb_content_element\" >\n\t\t<div class=\"wpb_wrapper\">\n\t\t\t<h2>Importancia del programa de registros<\/h2>\n<p>Com\u00fanmente se cree que los programas de registro son una manera de glorificar a los cazadores que son ricos o privilegiados, pero la realidad es que estos programas son important\u00edsimos en la conservaci\u00f3n de la fauna salvaje m\u00e1s preciada de Norteam\u00e9rica. Estos programas permanecen siendo una de las herramientas m\u00e1s extensivas para monitorear a los animales de caza grandes y son una parte importante del patrimonio de conservaci\u00f3n de la fauna salvaje. Entonces, la pr\u00f3xima vez que vea o escuche si un animal fue registrado, quiz\u00e1s pcede reflexionar sobre los lideres de conservaci\u00f3n animal hist\u00f3ricos quienes comenzaron este trabajo de registro y pueda sentirse agradecido de tener hoy el privilegio de no s\u00f3lo tener a estos animales en el mundo, sino tambi\u00e9n tener tal abundancia que los podemos ver o cazar.<\/p>\n\n\t\t<\/div>\n\t<\/div>\n\n\t<div class=\"wpb_text_column wpb_content_element\" >\n\t\t<div class=\"wpb_wrapper\">\n\t\t\t<h5>Escrito e ilustrado por Tayler LaSharr.<\/h5>\n\n\t\t<\/div>\n\t<\/div>\n<\/div><\/div><\/div><div class=\"wpb_column vc_column_container vc_col-sm-3\"><div class=\"vc_column-inner\"><div class=\"wpb_wrapper\">\n\t<div class=\"wpb_text_column wpb_content_element  vc_custom_1575549111431\" >\n\t\t<div class=\"wpb_wrapper\">\n\t\t\t<p><img loading=\"lazy\" decoding=\"async\" class=\"wp-image-379 aligncenter\" src=\"http:\/\/monteithshop.org\/wp-content\/uploads\/2019\/12\/boone.png\" alt=\"Boone &amp; Crocket Club Medallion\" width=\"122\" height=\"121\" srcset=\"https:\/\/monteithshop.org\/wp-content\/uploads\/2019\/12\/boone.png 172w, https:\/\/monteithshop.org\/wp-content\/uploads\/2019\/12\/boone-150x150.png 150w\" sizes=\"auto, (max-width: 122px) 100vw, 122px\" \/><\/p>\n<h3>EL CLUB DE BOONE Y CROCKETT<\/h3>\n<p>El Club de Boone y Crockett fue fundado en 1887 por Theodore Roosevelt y George Bird Grinnell. Al principio su objetivo primario era promover la conservaci\u00f3n y manejo de la fauna animal en su h\u00e1bitat. El Club de Boone y Crockett fue decisivo en el establecimiento de muchos de los primeros parques nacionales, fue un defensor de legislaci\u00f3n importante para la conservaci\u00f3n y manejo de la fauna salvaje y contin\u00faa promoviendo la cacer\u00eda \u00e9tica y justa de animales de caza en Norteam\u00e9rica.<\/p>\n\n\t\t<\/div>\n\t<\/div>\n<\/div><\/div><\/div><\/div><div class=\"vc_row wpb_row vc_row-fluid\"><div class=\"wpb_column vc_column_container vc_col-sm-12\"><div class=\"vc_column-inner\"><div class=\"wpb_wrapper\"><div class=\"vc_empty_space\"   style=\"height: 60px\"><span class=\"vc_empty_space_inner\"><\/span><\/div><\/div><\/div><\/div><\/div>\n<\/div>","protected":false},"excerpt":{"rendered":"What is a record? Records programs were established with one primary goal\u2014to monitor and record the size of horns and antlers of big game species to be used as a point of comparison to advance conservation and management of those species. To do so, these programs maintain records of horns, antlers, pronghorns, and skulls that &hellip; <p class=\"link-more\"><a href=\"https:\/\/monteithshop.org\/es\/compendiums\/records-program-of-north-america\/\" class=\"more-link\">Read more<span class=\"screen-reader-text\"> \"Records program of North America\"<\/span><\/a><\/p>","protected":false},"author":1,"featured_media":0,"parent":14,"menu_order":51,"comment_status":"closed","ping_status":"closed","template":"template-full-custom.php","meta":{"footnotes":""},"class_list":["post-371","page","type-page","status-publish","hentry"],"_links":{"self":[{"href":"https:\/\/monteithshop.org\/es\/wp-json\/wp\/v2\/pages\/371","targetHints":{"allow":["GET"]}}],"collection":[{"href":"https:\/\/monteithshop.org\/es\/wp-json\/wp\/v2\/pages"}],"about":[{"href":"https:\/\/monteithshop.org\/es\/wp-json\/wp\/v2\/types\/page"}],"author":[{"embeddable":true,"href":"https:\/\/monteithshop.org\/es\/wp-json\/wp\/v2\/users\/1"}],"replies":[{"embeddable":true,"href":"https:\/\/monteithshop.org\/es\/wp-json\/wp\/v2\/comments?post=371"}],"version-history":[{"count":12,"href":"https:\/\/monteithshop.org\/es\/wp-json\/wp\/v2\/pages\/371\/revisions"}],"predecessor-version":[{"id":1142,"href":"https:\/\/monteithshop.org\/es\/wp-json\/wp\/v2\/pages\/371\/revisions\/1142"}],"up":[{"embeddable":true,"href":"https:\/\/monteithshop.org\/es\/wp-json\/wp\/v2\/pages\/14"}],"wp:attachment":[{"href":"https:\/\/monteithshop.org\/es\/wp-json\/wp\/v2\/media?parent=371"}],"curies":[{"name":"wp","href":"https:\/\/api.w.org\/{rel}","templated":true}]}}