{"id":545,"date":"2020-01-07T20:15:51","date_gmt":"2020-01-07T20:15:51","guid":{"rendered":"http:\/\/ungulatecompendium.org\/?page_id=545"},"modified":"2020-01-23T19:55:14","modified_gmt":"2020-01-23T19:55:14","slug":"selectively-harvesting","status":"publish","type":"page","link":"https:\/\/monteithshop.org\/es\/compendiums\/selectively-harvesting\/","title":{"rendered":"Cosecha selectiva"},"content":{"rendered":"<div class=\"wpb-content-wrapper\"><div class=\"vc_row wpb_row vc_row-fluid\"><div class=\"wpb_column vc_column_container vc_col-sm-12\"><div class=\"vc_column-inner\"><div class=\"wpb_wrapper\"><div class=\"vc_empty_space\"   style=\"height: 60px\"><span class=\"vc_empty_space_inner\"><\/span><\/div><\/div><\/div><\/div><\/div><div class=\"vc_row wpb_row vc_row-fluid\"><div class=\"wpb_column vc_column_container vc_col-sm-9\"><div class=\"vc_column-inner\"><div class=\"wpb_wrapper\">\n\t<div class=\"wpb_text_column wpb_content_element\" >\n\t\t<div class=\"wpb_wrapper\">\n\t\t\t<p>En todo el mundo la gente caza y pesca para sobrevivir, ganar utilidades y honrar su  patrimonio cultural. La caza de animales salvajes ocurre de muchas maneras, desde una persona a solas que persigue a un venado de cola blanca para guardar la carne en su congelador hasta el proceso comercial de cacer\u00eda de miles de peces a la vez en el oc\u00e9ano. A\u00fan  as\u00ed, la manera de cazar y pescar, tal como el m\u00e9todo o intensidad de la actividad, tienen el potencial de causar un cambio dram\u00e1tico en la poblaciones afectadas.<\/p>\n<p>En las \u00faltimas d\u00e9cadas ha habido una preocupaci\u00f3n creciente entre los investigadores acad\u00e9micos, ejecutivos y el p\u00fablico acerca de la manera en que se caza y pesca la fauna salvaje y de las consecuencias posibles que las pr\u00e1cticas usadas para cazar y pescar tengan en las poblaciones afectadas. Si con la caza y pesca se elimina fauna con rasgos y caracter\u00edsticas especificas entonces la presencia de esos rasgos en la poblaci\u00f3n que queda se ver\u00e1n afectados. Por ejemplo, la caza de animales se basa a menudo en el tama\u00f1o de los cuernos o astas o en ciertos comportamientos, lo que hace que ciertos animales individuales sean m\u00e1s vulnerables a la cacer\u00eda. A medida que pasa el tiempo, si la caza de animales con rasgos espec\u00edficos es consistentemente alta, esto puede llevar a un cambio evolutivo en la poblaci\u00f3n animal. Los efectos evolutivos de la cacer\u00eda tienen consecuencias importantes para el manejo de la fauna salvaje, especialmente si mediante el proceso selectivo de caza se cambia la poblaci\u00f3n animal de manera que resulte en animales individuales de menor calidad o que posean rasgos no deseables.<\/p>\n\n\t\t<\/div>\n\t<\/div>\n<div class=\"vc_row wpb_row vc_inner vc_row-fluid\"><div class=\"wpb_column vc_column_container vc_col-sm-8\"><div class=\"vc_column-inner\"><div class=\"wpb_wrapper\">\n\t<div  class=\"wpb_single_image wpb_content_element vc_align_left\">\n\t\t\n\t\t<figure class=\"wpb_wrapper vc_figure\">\n\t\t\t<div class=\"vc_single_image-wrapper   vc_box_border_grey\"><img loading=\"lazy\" decoding=\"async\" width=\"1552\" height=\"1346\" src=\"https:\/\/monteithshop.org\/wp-content\/uploads\/2020\/01\/harvesting.jpg\" class=\"vc_single_image-img attachment-full\" alt=\"Selective harvest graphic showing spawning fish and harvested fish\" title=\"Selective harvest graphic showing spawning fish and harvested fish\" srcset=\"https:\/\/monteithshop.org\/wp-content\/uploads\/2020\/01\/harvesting.jpg 1552w, https:\/\/monteithshop.org\/wp-content\/uploads\/2020\/01\/harvesting-300x260.jpg 300w, https:\/\/monteithshop.org\/wp-content\/uploads\/2020\/01\/harvesting-1024x888.jpg 1024w, https:\/\/monteithshop.org\/wp-content\/uploads\/2020\/01\/harvesting-768x666.jpg 768w, https:\/\/monteithshop.org\/wp-content\/uploads\/2020\/01\/harvesting-1536x1332.jpg 1536w\" sizes=\"auto, 100vw\" \/><\/div>\n\t\t<\/figure>\n\t<\/div>\n<\/div><\/div><\/div><div class=\"wpb_column vc_column_container vc_col-sm-4\"><div class=\"vc_column-inner\"><div class=\"wpb_wrapper\">\n\t<div class=\"wpb_text_column wpb_content_element\" >\n\t\t<div class=\"wpb_wrapper\">\n\t\t\t<p>Izquierda: La pesca selectiva puede cambiar el tama\u00f1o del cuerpo de las poblaciones de peces a trav\u00e9s del tiempo. Cuando se pescan peces grandes, los peces que quedan y se reproducen son m\u00e1s peque\u00f1os. A medida que pasa el tiempo, si la pesca de peces grandes y que crecen r\u00e1pido contin\u00faa, esto puede resultar en poblaciones de peces m\u00e1s y m\u00e1s peque\u00f1as.<\/p>\n\n\t\t<\/div>\n\t<\/div>\n<\/div><\/div><\/div><\/div>\n\t<div class=\"wpb_text_column wpb_content_element\" >\n\t\t<div class=\"wpb_wrapper\">\n\t\t\t<h2>\u00bfQu\u00e9 es el cambio evolutivo?<\/h2>\n<p>Para que se d\u00e9 el cambio evolutivo debido a la cacer\u00eda, se necesitan dos cosas: Primero, los rasgos que son el blanco de cazadores y pescadores de ca\u00f1a deben ser heredables; en otras palabras, estos rasgos deben ser pasados de padres a cr\u00edos. Segundo, la caza y pesca de animales con esos rasgos debe ser lo suficientemente grande como para remover de la poblaci\u00f3n a estos animales antes de que tengan la oportunidad de reproducirse y transmitir sus rasgos a la generaci\u00f3n siguiente.<\/p>\n<p>El cambio evolutivo debido a la caza y pesca selectiva ha ocurrido en muchas poblaciones y especies. Algunos de los ejemplos m\u00e1s conocidos ocurren en la pesca comercial. El peso promedio de los peces m\u00e1s codiciados por la pesca comercial ha ca\u00eddo a trav\u00e9s del tiempo. El tama\u00f1o del cuerpo de los peces es una caracter\u00edstica heredable, y dependiendo de la dimensi\u00f3n de las redes usadas por los pescadores los peces que son peque\u00f1os y crecen m\u00e1s lentamente pueden escapar la pesca. Entonces los peces que son m\u00e1s peque\u00f1os y crecen m\u00e1s lento pueden sobrevivir y continuar reproduci\u00e9ndose, mientras que los peces que crecen r\u00e1pido y son m\u00e1s grandes son removidos de la poblaci\u00f3n a trav\u00e9s de la pesca. A lo largo del tiempo los peces m\u00e1s peque\u00f1os y que crecen m\u00e1s lentamente se vuelven m\u00e1s comunes en la poblaci\u00f3n y tienen m\u00e1s oportunidad de reproducirse. Pasadas muchas generaciones, la poblaci\u00f3n se vuelve m\u00e1s peque\u00f1a y crece m\u00e1s lentamente que antes.<\/p>\n<h2>\u00bfC\u00f3mo ocurre esto en los ungulados?<\/h2>\n<p>En las especies de ungulados, los cuernos y astas son hereditarios. Si los machos con<br \/>\ngrandes cuernos y astas son seleccionados en la cacer\u00eda, entonces la poblaci\u00f3n que sobrevive<br \/>\npuede experimentar un cambio en el porte de los cuernos y asta de la misma manera que la<br \/>\npesca comercial afecta el tama\u00f1o de los peces.<\/p>\n<p>La caza que selecciona machos cuyos cuernos y astas son grandes y crecen r\u00e1pido puede eliminar de la poblaci\u00f3n a aquellos animales antes de que tengan ocasi\u00f3n de reproducirse. La edad, el tama\u00f1o y las armas de pelea juegan un papel importante en la probabilidad de \u00e9xito reproductivo: si los machos cuyos cuernos y astas crecen r\u00e1pido y mucho son removidos de la poblaci\u00f3n en forma selectiva y a temprana edad, entonces los machos cuyos cuernos y astas crecen lentamente o son m\u00e1s peque\u00f1os se benefician al tener m\u00e1s ventajas en su probabilidad de reproducci\u00f3n.<\/p>\n<h2>\u00bfOcurre esto?<\/h2>\n<p>El potencial de cambio evolutivo en los ungulados existe, pero hay muchos factores que pueden diluir el efecto de caza selectiva que depende del tama\u00f1o de los cuernos y astas de los machos. Primero, la caza de los ungulados difiere mucho de la pesca comercial. En el caso de la pesca, las redes de pesca son incre\u00edblemente eficientes en pescar todos los peces que son m\u00e1s grandes que los hoyos de la red. En el caso de los ungulados, y a pesar de los esfuerzos de los cazadores, a\u00fan hay machos que se les escapan. Segundo, las hembras contribuyen al material gen\u00e9tico de los cr\u00edos en un 50%, pero las hembras unguladas no son cazadas muy a menudo. En el caso de redes de pesca, los peces hembras y machos son seleccionados por igual en la pesca.<br \/>\nEn cambio, en muchas poblaciones de ungulados no se cazan hembras y cuando s\u00ed, la cacer\u00eda casi nunca se basa en el tama\u00f1o de sus cuernos. Finalmente, los alimentos y enfermedades juegan un papel importante en la condici\u00f3n del animal. La asignaci\u00f3n de recursos a cuernos y astas ocurre despu\u00e9s de la inversi\u00f3n en el crecimiento del cuerpo del animal y los animales que est\u00e1n en condiciones de salud comprometidas pueden no tener crecimiento completo de sus cuernos y astas. Combinando esto con el rol de las hembras, la nutrici\u00f3n y las enfermedades, los cambios evolutivos de las especies de ungulados tienen generalmente m\u00e1s matices y son m\u00e1s complicados que el caso de la pesca comercial. Dados todos estos factores no podemos decir que hay suficiente presi\u00f3n evolutiva en las poblaciones de ungulados.<\/p>\n<h2>\u00bfQu\u00e9 significa esto para la cacer\u00eda?<\/h2>\n<p>La cacer\u00eda es un componente fundamental de la conservaci\u00f3n y manejo de la fauna salvaje y entender las consecuencias de la pr\u00e1cticas de caza sobre la poblaci\u00f3n animal y sus rasgos espec\u00edficos es algo cr\u00edtico para el uso continuo y sostenible de la fauna. El identificar d\u00f3nde la caza produce cambios de poblaci\u00f3n no deseables es importante para modificar el manejo de estas pr\u00e1cticas. En especies de animales grandes de Norteam\u00e9rica, en poblaciones en las cuales la caza es intensa y selectiva, es posible que ocurran cambios gen\u00e9ticos; sin embargo, la mayor\u00eda de las pr\u00e1cticas de caza de animales no parecen haber tenido impactos evolutivos en sus poblaciones.<\/p>\n<h2>Definiciones:<\/h2>\n<p><strong>Caza o pesca selectiva<\/strong> &#8211; the hunting or fishing of animals based on a specific characteristic, behavior, or trait<\/p>\n<p><strong>Cambio evolutivo<\/strong> \u2013 cambios gen\u00e9ticos en una poblaci\u00f3n o especie que resultan en cambios en las caracter\u00edsticas de ciertos rasgos a lo largo del tiempo<\/p>\n\n\t\t<\/div>\n\t<\/div>\n<\/div><\/div><\/div><div class=\"wpb_column vc_column_container vc_col-sm-3\"><div class=\"vc_column-inner\"><div class=\"wpb_wrapper\">\n\t<div class=\"wpb_text_column wpb_content_element  vc_custom_1578428688405\" >\n\t\t<div class=\"wpb_wrapper\">\n\t\t\t<h2>Caso pr\u00e1ctico: borrego cimarr\u00f3n<\/h2>\n<p>Han habido cambios en el tama\u00f1o de algunas poblaciones de animales<br \/>\nque son sujetos a altas tasas de cacer\u00eda, especialmente cuando \u00e9sta es acarreada en forma selectiva (por ejemplo, basada en tama\u00f1o). Algunas agencias p\u00fablicas s\u00f3lo requieren un cierto tama\u00f1o m\u00ednimo para permitir la caza legal de animales, es decir los machos deben tener cuernos de un cierto tama\u00f1o para poder ser cazados legalmente. Este requisito de tama\u00f1o necesario para la cacer\u00eda puede tener un resultado similar a las redes en la pesca de mar; s\u00f3lo los animales y peces m\u00e1s grandes son cazados y pescados, y los machos con cuernos m\u00e1s peque\u00f1os o que crecen m\u00e1s lento son los que quedan y pueden reproducirse. Lo que ocurre es que a menudo los requisitos de tama\u00f1o en la cacer\u00eda tienen por resultado el remover de la poblaci\u00f3n a animales antes de que alcancen la cima de su \u00e9xito reproductivo y los machos no tienen oportunidad de reproducirse antes de ser cazados. En algunas poblaciones de animales donde los requisitos de tama\u00f1o son usados como una herramienta de manejo de la cacer\u00eda y no hay limites de caza, hay evidencia de cambios gen\u00e9ticos en el tama\u00f1o de los cuernos. Sin embargo, en gran parte de Am\u00e9rica del Norte la cacer\u00eda de los borregos cimarrones es menos intensa y menos selectiva, y por lo tanto no hay reducciones evidentes del tama\u00f1o de sus cuernos en Norteam\u00e9rica.<\/p>\n\n\t\t<\/div>\n\t<\/div>\n\n\t<div  class=\"wpb_single_image wpb_content_element vc_align_left\">\n\t\t\n\t\t<figure class=\"wpb_wrapper vc_figure\">\n\t\t\t<div class=\"vc_single_image-wrapper   vc_box_border_grey\"><img loading=\"lazy\" decoding=\"async\" width=\"818\" height=\"871\" src=\"https:\/\/monteithshop.org\/wp-content\/uploads\/2020\/01\/sheep.png\" class=\"vc_single_image-img attachment-full\" alt=\"A bighorn sheep ram looks to the left of the viewer with a rocky environment in the background.\" title=\"\" srcset=\"https:\/\/monteithshop.org\/wp-content\/uploads\/2020\/01\/sheep.png 818w, https:\/\/monteithshop.org\/wp-content\/uploads\/2020\/01\/sheep-282x300.png 282w, https:\/\/monteithshop.org\/wp-content\/uploads\/2020\/01\/sheep-768x818.png 768w\" sizes=\"auto, 100vw\" \/><\/div>\n\t\t<\/figure>\n\t<\/div>\n<\/div><\/div><\/div><\/div><div class=\"vc_row wpb_row vc_row-fluid\"><div class=\"wpb_column vc_column_container vc_col-sm-12\"><div class=\"vc_column-inner\"><div class=\"wpb_wrapper\"><div class=\"vc_empty_space\"   style=\"height: 60px\"><span class=\"vc_empty_space_inner\"><\/span><\/div><\/div><\/div><\/div><\/div>\n<\/div>","protected":false},"excerpt":{"rendered":"Around the world, people harvest fish and wildlife to make a profit, provide sustenance, and honor a cultural heritage. Harvest of wild animals occurs across a gradient of scale, from a single person hunting a white-tailed deer to fill their freezer with meat to the commercial process of harvesting thousands of fish at a time &hellip; <p class=\"link-more\"><a href=\"https:\/\/monteithshop.org\/es\/compendiums\/selectively-harvesting\/\" class=\"more-link\">Read more<span class=\"screen-reader-text\"> \"Selectively Harvesting\"<\/span><\/a><\/p>","protected":false},"author":1,"featured_media":0,"parent":14,"menu_order":44,"comment_status":"closed","ping_status":"closed","template":"template-full-custom.php","meta":{"footnotes":""},"class_list":["post-545","page","type-page","status-publish","hentry"],"_links":{"self":[{"href":"https:\/\/monteithshop.org\/es\/wp-json\/wp\/v2\/pages\/545","targetHints":{"allow":["GET"]}}],"collection":[{"href":"https:\/\/monteithshop.org\/es\/wp-json\/wp\/v2\/pages"}],"about":[{"href":"https:\/\/monteithshop.org\/es\/wp-json\/wp\/v2\/types\/page"}],"author":[{"embeddable":true,"href":"https:\/\/monteithshop.org\/es\/wp-json\/wp\/v2\/users\/1"}],"replies":[{"embeddable":true,"href":"https:\/\/monteithshop.org\/es\/wp-json\/wp\/v2\/comments?post=545"}],"version-history":[{"count":6,"href":"https:\/\/monteithshop.org\/es\/wp-json\/wp\/v2\/pages\/545\/revisions"}],"predecessor-version":[{"id":547,"href":"https:\/\/monteithshop.org\/es\/wp-json\/wp\/v2\/pages\/545\/revisions\/547"}],"up":[{"embeddable":true,"href":"https:\/\/monteithshop.org\/es\/wp-json\/wp\/v2\/pages\/14"}],"wp:attachment":[{"href":"https:\/\/monteithshop.org\/es\/wp-json\/wp\/v2\/media?parent=545"}],"curies":[{"name":"wp","href":"https:\/\/api.w.org\/{rel}","templated":true}]}}