{"id":774,"date":"2020-01-10T22:50:16","date_gmt":"2020-01-10T22:50:16","guid":{"rendered":"http:\/\/ungulatecompendium.org\/?page_id=774"},"modified":"2024-01-09T23:22:33","modified_gmt":"2024-01-09T23:22:33","slug":"deerp","status":"publish","type":"page","link":"https:\/\/monteithshop.org\/es\/finished-projects\/deerp\/","title":{"rendered":"Proyecto de la ecolog\u00eda de los venados y wapit\u00ed"},"content":{"rendered":"<div class=\"wpb-content-wrapper\"><div class=\"vc_row wpb_row vc_row-fluid\"><div class=\"wpb_column vc_column_container vc_col-sm-12\"><div class=\"vc_column-inner\"><div class=\"wpb_wrapper\"><div class=\"vc_empty_space\"   style=\"height: 32px\"><span class=\"vc_empty_space_inner\"><\/span><\/div><\/div><\/div><\/div><\/div><div class=\"vc_row wpb_row vc_row-fluid\"><div class=\"wpb_column vc_column_container vc_col-sm-6\"><div class=\"vc_column-inner\"><div class=\"wpb_wrapper\">\n\t<div  class=\"wpb_single_image wpb_content_element vc_align_left\">\n\t\t\n\t\t<figure class=\"wpb_wrapper vc_figure\">\n\t\t\t<div class=\"vc_single_image-wrapper   vc_box_border_grey\"><img decoding=\"async\" class=\"vc_single_image-img\" src=\"https:\/\/monteithshop.org\/wp-content\/uploads\/2022\/01\/IMG_3706-scaled-750x750.jpg\" width=\"750\" height=\"750\" alt=\"A mule deer fawn is curled into a ball, with its nose tucked into the crook of its back leg. It sits under a bare rose bush and among lush green flowers and grasses.\" title=\"Mule deer fawn curled up.\" loading=\"lazy\" \/><\/div>\n\t\t<\/figure>\n\t<\/div>\n<\/div><\/div><\/div><div class=\"wpb_column vc_column_container vc_col-sm-6\"><div class=\"vc_column-inner\"><div class=\"wpb_wrapper\">\n\t<div class=\"wpb_text_column wpb_content_element\" >\n\t\t<div class=\"wpb_wrapper\">\n\t\t\t<p>Las poblaciones de ciervo mula en gran parte del Occidente han disminuido o permanecieron relativamente estancadas, mientras que, al mismo tiempo, las poblaciones de wapit\u00ed han aumentado. Hay varias ideas para explicar por qu\u00e9 a los ciervo mula les est\u00e1 yendo mal, como la depredaci\u00f3n y la sequ\u00eda, as\u00ed como las enfermedades. Sin embargo, m\u00e1s recientemente, han salido a la superficie preguntas sobre los efectos que los wapit\u00ed pueden tener en los ciervo mula. Con el Proyecto de la ecolog\u00eda de los venados y wapit\u00ed (DEER), nuestro objetivo es identificar las funciones de <a href=\"https:\/\/monteithshop.org\/es\/compendiums\/predators-or-food\/\">depredaci\u00f3n<\/a>, condiciones del h\u00e1bitat y enfermedades en la supervivencia y <a href=\"https:\/\/monteithshop.org\/es\/compendiums\/breeding-strategies\/\">reproducci\u00f3n<\/a> del ciervo mula en Greater Little Mountain Area, un ecosistema des\u00e9rtico alto del suroeste de Wyoming. Adem\u00e1s, nuestro objetivo es comprender si los wapit\u00ed que se encuentran en este mismo sistema compiten con los ciervo mula por los recursos alimentarios y el espacio y, de ser as\u00ed, c\u00f3mo eso afecta la din\u00e1mica poblacional del ciervo mula.<\/p>\n\n\t\t<\/div>\n\t<\/div>\n<\/div><\/div><\/div><\/div><div class=\"vc_row wpb_row vc_row-fluid\"><div class=\"wpb_column vc_column_container vc_col-sm-6\"><div class=\"vc_column-inner\"><div class=\"wpb_wrapper\">\n\t<div class=\"wpb_text_column wpb_content_element\" >\n\t\t<div class=\"wpb_wrapper\">\n\t\t\t<p>Esperamos que la depredaci\u00f3n, la calidad del h\u00e1bitat y las enfermedades desempe\u00f1en un papel en la limitaci\u00f3n del ciervo mula en este sistema. Sin embargo, sospechamos que la presencia de wapit\u00ed en el paisaje afecta la forma en que los ciervos usan el espacio, lo que tambi\u00e9n puede tener implicaciones para la supervivencia y la reproducci\u00f3n. Por ejemplo, si los wapit\u00ed ocupan \u00e1reas que son un h\u00e1bitat de buena calidad y los ciervos evitan estas \u00e1reas debido a la presencia de wapit\u00ed, el ciervo mula puede verse obligado a utilizar un h\u00e1bitat de baja calidad, lo que resulta en una mala condici\u00f3n nutricional que se traduce en una mala supervivencia.<\/p>\n<p>Este proyecto concluy\u00f3 en el 2023 y los hallazgos est\u00e1n en proceso de publicaci\u00f3n.<\/p>\n\n\t\t<\/div>\n\t<\/div>\n<\/div><\/div><\/div><div class=\"wpb_column vc_column_container vc_col-sm-6\"><div class=\"vc_column-inner\"><div class=\"wpb_wrapper\">\n\t<div  class=\"wpb_single_image wpb_content_element vc_align_left   border\">\n\t\t\n\t\t<figure class=\"wpb_wrapper vc_figure\">\n\t\t\t<div class=\"vc_single_image-wrapper   vc_box_border_grey\"><img decoding=\"async\" class=\"vc_single_image-img\" src=\"https:\/\/monteithshop.org\/wp-content\/uploads\/2020\/01\/DEERP_logo.png\" width=\"610\" height=\"606\" alt=\"DEERP-logo\" title=\"DEERP_logo\" loading=\"lazy\" \/><\/div>\n\t\t<\/figure>\n\t<\/div>\n<\/div><\/div><\/div><\/div><div class=\"vc_row wpb_row vc_row-fluid\"><div class=\"wpb_column vc_column_container vc_col-sm-12\"><div class=\"vc_column-inner\"><div class=\"wpb_wrapper\"><div class=\"vc_empty_space\"   style=\"height: 32px\"><span class=\"vc_empty_space_inner\"><\/span><\/div><\/div><\/div><\/div><\/div><div class=\"vc_row wpb_row vc_row-fluid\"><div class=\"wpb_column vc_column_container vc_col-sm-12\"><div class=\"vc_column-inner\"><div class=\"wpb_wrapper\">\n\t<div class=\"wpb_text_column wpb_content_element\" >\n\t\t<div class=\"wpb_wrapper\">\n\t\t\t<h2 style=\"text-align: center;\">Hallazgos principales<\/h2>\n\n\t\t<\/div>\n\t<\/div>\n<div class=\"vc_row wpb_row vc_inner vc_row-fluid\"><div class=\"wpb_column vc_column_container vc_col-sm-4\"><div class=\"vc_column-inner\"><div class=\"wpb_wrapper\">\n\t<div  class=\"wpb_single_image wpb_content_element vc_align_center\">\n\t\t\n\t\t<figure class=\"wpb_wrapper vc_figure\">\n\t\t\t<div class=\"vc_single_image-wrapper   vc_box_border_grey\"><img decoding=\"async\" class=\"vc_single_image-img\" src=\"https:\/\/monteithshop.org\/wp-content\/uploads\/2021\/11\/header-background2-360x300.jpg\" width=\"360\" height=\"300\" alt=\"Seven elk run from the left to the right in a grassy area.\" title=\"header-background2\" loading=\"lazy\" \/><\/div>\n\t\t<\/figure>\n\t<\/div>\n\n\t<div class=\"wpb_text_column wpb_content_element\" >\n\t\t<div class=\"wpb_wrapper\">\n\t\t\t<h4 style=\"text-align: center;\">Los wapit\u00ed y los ciervos mula compiten, lo que afecta la supervivencia del ciervo.<\/h4>\n<p class=\"cvGsUA direction-ltr align-start para-style-body\"><span class=\"OYPEnA text-decoration-none text-strikethrough-none\">Las hembras de ciervo mula, especialmente aquellas con cr\u00edas o menos grasa corporal en la primavera, tuvieron m\u00e1s dificultades para sobrevivir porque compet\u00edan con los wapit\u00ed por comida y espacio. Esta competencia hizo que a los ciervos les resultara m\u00e1s dif\u00edcil almacenar suficiente grasa para sobrevivir el invierno, cuando la comida es m\u00e1s escasa. Adem\u00e1s,<\/span><span class=\"OYPEnA text-decoration-none text-strikethrough-none\">los cervatillos nacidos de madres que estaban en mejor forma en la primavera ten\u00edan m\u00e1s posibilidades de sobrevivir. Pero el wapit\u00ed hizo que a las madres de ciervo mula les resultara m\u00e1s dif\u00edcil almacenar grasa durante el verano, lo que indirectamente provoc\u00f3 m\u00e1s muertes de cervatos, ya que las madres no pod\u00edan almacenar suficiente grasa para cuidar a sus cr\u00edas.<\/span><\/p>\n\n\t\t<\/div>\n\t<\/div>\n<\/div><\/div><\/div><div class=\"wpb_column vc_column_container vc_col-sm-4\"><div class=\"vc_column-inner\"><div class=\"wpb_wrapper\">\n\t<div  class=\"wpb_single_image wpb_content_element vc_align_center\">\n\t\t\n\t\t<figure class=\"wpb_wrapper vc_figure\">\n\t\t\t<div class=\"vc_single_image-wrapper   vc_box_border_grey\"><img decoding=\"async\" class=\"vc_single_image-img\" src=\"https:\/\/monteithshop.org\/wp-content\/uploads\/2023\/06\/IMG_1438_LaSharr-scaled-360x300.jpg\" width=\"360\" height=\"300\" alt=\"A coyote stands in a field of sagebrush.\" title=\"IMG_1438_LaSharr\" loading=\"lazy\" \/><\/div>\n\t\t<\/figure>\n\t<\/div>\n\n\t<div class=\"wpb_text_column wpb_content_element\" >\n\t\t<div class=\"wpb_wrapper\">\n\t\t\t<h4 style=\"text-align: center;\">El comportamiento de ocultaci\u00f3n del cervatillo del venado bura afecta su supervivencia.<\/h4>\n<p><span class=\"OYPEnA text-decoration-none text-strikethrough-none\">Los cervatillos son muy susceptibles a la depredaci\u00f3n durante las primeras semanas de su vida y muchos de ellos se esconden para evitar ser detectados. Que un cervatillo se oculte o no depende de la edad que tenga, la temperatura exterior, la hora del d\u00eda, la cantidad de cubierta vegetal y las interacciones con los depredadores. Los cervatillos que se escond\u00edan ten\u00edan m\u00e1s probabilidades de sobrevivir.<\/span> Comprender los encuentros entre depredador y presa nos ayuda a determinar la<a href=\"https:\/\/monteithshop.org\/es\/compendiums\/predators-or-food\/\"> riesgo real<\/a> que enfrentan las presas cuando comparten h\u00e1bitat con los depredadores.<\/p>\n\n\t\t<\/div>\n\t<\/div>\n<\/div><\/div><\/div><div class=\"wpb_column vc_column_container vc_col-sm-4\"><div class=\"vc_column-inner\"><div class=\"wpb_wrapper\">\n\t<div  class=\"wpb_single_image wpb_content_element vc_align_center\">\n\t\t\n\t\t<figure class=\"wpb_wrapper vc_figure\">\n\t\t\t<div class=\"vc_single_image-wrapper   vc_box_border_grey\"><img decoding=\"async\" class=\"vc_single_image-img\" src=\"https:\/\/monteithshop.org\/wp-content\/uploads\/2022\/01\/doe-360x300.png\" width=\"360\" height=\"300\" alt=\"Female mule deer staring at the viewer.\" title=\"doe\" loading=\"lazy\" \/><\/div>\n\t\t<\/figure>\n\t<\/div>\n\n\t<div class=\"wpb_text_column wpb_content_element\" >\n\t\t<div class=\"wpb_wrapper\">\n\t\t\t<h4 style=\"text-align: center;\">El ciervo mula debe equilibrar m\u00faltiples fuentes de riesgo.<\/h4>\n<p>El ciervo mula vive en \u00e1reas que se superponen con los wapit\u00ed, los pumas y los coyotes. En lugar de cambiar su comportamiento para reducir la interacci\u00f3n con estas otras especies, los ciervos mula en realidad se mueven de maneras que los ponen en mayor riesgo de toparse con wapit\u00ed y pumas, e incluso en mayor riesgo de ser asesinados por pumas.<\/p>\n\n\t\t<\/div>\n\t<\/div>\n<\/div><\/div><\/div><\/div><\/div><\/div><\/div><\/div><div class=\"vc_row wpb_row vc_row-fluid\"><div class=\"wpb_column vc_column_container vc_col-sm-12\"><div class=\"vc_column-inner\"><div class=\"wpb_wrapper\">\n\t<div class=\"wpb_text_column wpb_content_element\" >\n\t\t<div class=\"wpb_wrapper\">\n\t\t\t<h2 style=\"text-align: center;\">Comunicaciones<\/h2>\n\n\t\t<\/div>\n\t<\/div>\n<div class=\"vc_row wpb_row vc_inner vc_row-fluid\"><div class=\"wpb_column vc_column_container vc_col-sm-4\"><div class=\"vc_column-inner\"><div class=\"wpb_wrapper\">\n\t<div  class=\"wpb_single_image wpb_content_element vc_align_center\">\n\t\t\n\t\t<figure class=\"wpb_wrapper vc_figure\">\n\t\t\t<div class=\"vc_single_image-wrapper   vc_box_border_grey\"><img decoding=\"async\" class=\"vc_single_image-img\" src=\"https:\/\/monteithshop.org\/wp-content\/uploads\/2022\/01\/IMG_4816-scaled-360x300.jpg\" width=\"360\" height=\"300\" alt=\"A small GPS collar used for fawns lays on top of a pile of fawn hair and forest debris. No other signs of what was a mule deer fawn are obvious.\" title=\"Fawn collar amongst hair.\" loading=\"lazy\" \/><\/div>\n\t\t<\/figure>\n\t<\/div>\n\n\t<div class=\"wpb_text_column wpb_content_element\" >\n\t\t<div class=\"wpb_wrapper\">\n\t\t\t<h4 style=\"text-align: center;\">Articulos cientificos<\/h4>\n<p>\u201cRisky business: How an herbivore navigates spatiotemporal aspects of risk from competitors and predators\u201d by Katey S. Huggler, Joseph D. Holbrook, Matthew M. Hayes, Patrick W. Burke, Mark Zornes, Daniel J. Thompson, Justin G. Clapp, Patrick Lionberger, Miguel Valdez, Kevin L. Monteith. Publicado 2022 en Ecological Applications.<\/p>\n<p>\u201cCats and dogs: a mesopredator navigating risk and reward provisioned by an apex predator\u201d by Mitchell J. Brunet, Kevin L. Monteith, Katey S. Huggler, Justin G. Clapp, Daniel J. Thompson, Patrick W. Burke, Mark Zornes, Patrick Lionberger, Miguel Valdez, Joseph D. Holbrook. Publicado 2022 en Ecology and Evolution.<\/p>\n<p>Para ver los otros art\u00edculos cient\u00edficos que surgieron de esta investigaci\u00f3n, visite nuestra lista de publicaciones revisadas por pares.<\/p>\n\n\t\t<\/div>\n\t<\/div>\n<\/div><\/div><\/div><div class=\"wpb_column vc_column_container vc_col-sm-4\"><div class=\"vc_column-inner\"><div class=\"wpb_wrapper\">\n\t<div  class=\"wpb_single_image wpb_content_element vc_align_center\">\n\t\t\n\t\t<figure class=\"wpb_wrapper vc_figure\">\n\t\t\t<div class=\"vc_single_image-wrapper   vc_box_border_grey\"><img decoding=\"async\" class=\"vc_single_image-img\" src=\"https:\/\/monteithshop.org\/wp-content\/uploads\/2022\/01\/IMG_4657-2-360x300.jpg\" width=\"360\" height=\"300\" alt=\"A mule deer in her summer coat walks up a hill covered in red soil. There are a few juniper trees and patches of short shrubs, but otherwise the landscape is mostly soil. She is wearing a GPS collar, and appears to be glancing at the camera out of the side of her eye.\" title=\"Mule deer walking.\" loading=\"lazy\" \/><\/div>\n\t\t<\/figure>\n\t<\/div>\n\n\t<div class=\"wpb_text_column wpb_content_element\" >\n\t\t<div class=\"wpb_wrapper\">\n\t\t\t<h4 style=\"text-align: center;\">Prensa<\/h4>\n<p>\u201cThriving elk, struggling deer: Coincidence? New research suggests not,\u201d by Mike Koshmrl for WyoFile, 2023.\u00a0<a href=\"https:\/\/wyofile.com\/thriving-elk-struggling-deer-coincidence-new-research-suggests-not\/?utm_source=WyoFile&amp;utm_campaign=f23cff4c8f-EMAIL_CAMPAIGN_2_25_2022_12_31_COPY_01&amp;utm_medium=email&amp;utm_term=0_611470c970-f23cff4c8f-417379700&amp;mc_cid=f23cff4c8f&amp;mc_eid=487021fb8a\">Enlace<\/a>.<\/p>\n<p>&#8220;Study examines role of coyotes in declining mule deer numbers,&#8221; by Melodie Edwards for Wyoming Public Radio, 2019. <a href=\"https:\/\/www.wyomingpublicmedia.org\/natural-resources-energy\/2019-05-10\/study-examines-role-of-coyotes-in-declining-mule-deer-numbers\">Enlace<\/a>.<\/p>\n\n\t\t<\/div>\n\t<\/div>\n<\/div><\/div><\/div><div class=\"wpb_column vc_column_container vc_col-sm-4\"><div class=\"vc_column-inner\"><div class=\"wpb_wrapper\">\n\t<div  class=\"wpb_single_image wpb_content_element vc_align_center\">\n\t\t\n\t\t<figure class=\"wpb_wrapper vc_figure\">\n\t\t\t<div class=\"vc_single_image-wrapper   vc_box_border_grey\"><img decoding=\"async\" class=\"vc_single_image-img\" src=\"https:\/\/monteithshop.org\/wp-content\/uploads\/2023\/06\/DSC05919-scaled-360x300.jpg\" width=\"360\" height=\"300\" alt=\"Two men face a television, deep in conversation.\" title=\"DSC05919\" loading=\"lazy\" \/><\/div>\n\t\t<\/figure>\n\t<\/div>\n\n\t<div class=\"wpb_text_column wpb_content_element\" >\n\t\t<div class=\"wpb_wrapper\">\n\t\t\t<h4 style=\"text-align: center;\">Comunicaciones<\/h4>\n<p>We frequently attend sportsmen&#8217;s banquets and events, such as Mule Deer Days, to share our findings about mule deer.<\/p>\n\n\t\t<\/div>\n\t<\/div>\n<\/div><\/div><\/div><\/div><\/div><\/div><\/div><\/div><div class=\"vc_row wpb_row vc_row-fluid\"><div class=\"wpb_column vc_column_container vc_col-sm-12\"><div class=\"vc_column-inner\"><div class=\"wpb_wrapper\"><div class=\"vc_empty_space\"   style=\"height: 32px\"><span class=\"vc_empty_space_inner\"><\/span><\/div><\/div><\/div><\/div><\/div><div class=\"vc_row wpb_row vc_row-fluid\"><div class=\"wpb_column vc_column_container vc_col-sm-8\"><div class=\"vc_column-inner\"><div class=\"wpb_wrapper\">\n\t<div class=\"wpb_text_column wpb_content_element\" >\n\t\t<div class=\"wpb_wrapper\">\n\t\t\t<h4 style=\"text-align: center;\">L\u00edderes del proyecto<\/h4>\n\n\t\t<\/div>\n\t<\/div>\n<div class=\"vc_row wpb_row vc_inner vc_row-fluid\"><div class=\"wpb_column vc_column_container vc_col-sm-4\"><div class=\"vc_column-inner\"><div class=\"wpb_wrapper\">\n\t<div class=\"wpb_text_column wpb_content_element\" >\n\t\t<div class=\"wpb_wrapper\">\n\t\t\t<p style=\"text-align: center;\">Heather Abernathy<\/p>\n\n\t\t<\/div>\n\t<\/div>\n\n\t<div  class=\"wpb_single_image wpb_content_element vc_align_center\">\n\t\t\n\t\t<figure class=\"wpb_wrapper vc_figure\">\n\t\t\t<div class=\"vc_single_image-wrapper   vc_box_border_grey\"><img decoding=\"async\" class=\"vc_single_image-img\" src=\"https:\/\/monteithshop.org\/wp-content\/uploads\/2022\/01\/image-2-200x200.png\" width=\"200\" height=\"200\" alt=\"Heather excitedly points at a white-tailed deer.\" title=\"image (2)\" loading=\"lazy\" \/><\/div>\n\t\t<\/figure>\n\t<\/div>\n<\/div><\/div><\/div><div class=\"wpb_column vc_column_container vc_col-sm-4\"><div class=\"vc_column-inner\"><div class=\"wpb_wrapper\">\n\t<div class=\"wpb_text_column wpb_content_element\" >\n\t\t<div class=\"wpb_wrapper\">\n\t\t\t<p style=\"text-align: center;\">Mitch Brunet<\/p>\n\n\t\t<\/div>\n\t<\/div>\n\n\t<div  class=\"wpb_single_image wpb_content_element vc_align_center\">\n\t\t\n\t\t<figure class=\"wpb_wrapper vc_figure\">\n\t\t\t<div class=\"vc_single_image-wrapper   vc_box_border_grey\"><img decoding=\"async\" class=\"vc_single_image-img\" src=\"https:\/\/monteithshop.org\/wp-content\/uploads\/2020\/01\/Brunet-scaled-200x200.jpg\" width=\"200\" height=\"200\" alt=\"Mitch stands in a wetsuit, wearing goggles and a snorkel. Behind him is water and a bird flying by.\" title=\"Brunet\" loading=\"lazy\" \/><\/div>\n\t\t<\/figure>\n\t<\/div>\n<\/div><\/div><\/div><div class=\"wpb_column vc_column_container vc_col-sm-4\"><div class=\"vc_column-inner\"><div class=\"wpb_wrapper\">\n\t<div class=\"wpb_text_column wpb_content_element\" >\n\t\t<div class=\"wpb_wrapper\">\n\t\t\t<p style=\"text-align: center;\">Katey Huggler<\/p>\n\n\t\t<\/div>\n\t<\/div>\n\n\t<div  class=\"wpb_single_image wpb_content_element vc_align_center\">\n\t\t\n\t\t<figure class=\"wpb_wrapper vc_figure\">\n\t\t\t<div class=\"vc_single_image-wrapper   vc_box_border_grey\"><img decoding=\"async\" class=\"vc_single_image-img\" src=\"https:\/\/monteithshop.org\/wp-content\/uploads\/2020\/01\/Huggler-1-200x200.jpg\" width=\"200\" height=\"200\" alt=\"Katey Huggler stands in a sagebrush steppe environment, smiling at the camera. Her small puppy is zipped into her green jacket with her.\" title=\"Huggler\" loading=\"lazy\" \/><\/div>\n\t\t<\/figure>\n\t<\/div>\n<\/div><\/div><\/div><\/div><\/div><\/div><\/div><div class=\"wpb_column vc_column_container vc_col-sm-4\"><div class=\"vc_column-inner\"><div class=\"wpb_wrapper\">\n\t<div class=\"wpb_text_column wpb_content_element\" >\n\t\t<div class=\"wpb_wrapper\">\n\t\t\t<h4 style=\"text-align: center;\">Colaboradores, socios y financiadores<\/h4>\n<p>Este trabajo no ser\u00eda posible en absoluto sin los esfuerzos dedicados de nuestros colaboradores, socios y financiadores. Les agradecemos sinceramente a todos por su apoyo a la conservaci\u00f3n del ciervo mula. Los partidarios incluyen Muley Fanatic Foundation y cap\u00edtulos asociados (cap\u00edtulos Southwest Wyoming, Central Wyoming, Upper Green Wyoming, Wyoming Range Wyoming y Flaming Gorge Wyoming), Wyoming Game and Fish Department, Bureau of Land Management, Rocky Mountain Elk Foundation, Wyoming Wildlife and Natural Resource Trust, Bowhunters of Wyoming, Safari Club International Foundation, Wyoming Governor\u2019s Big Game License Coalition, National Science Foundation, y Wyoming Animal Damage Management Board.<\/p>\n\n\t\t<\/div>\n\t<\/div>\n<\/div><\/div><\/div><\/div>\n<\/div>","protected":false},"excerpt":{"rendered":"Populations of mule deer across much of the West have declined or remained relatively stagnant, while at the same time, populations of elk have increased. Several ideas have been brought to the table to explain why mule deer are doing poorly such as predation and drought, as well as disease. However, more recently, questions regarding &hellip; <p class=\"link-more\"><a href=\"https:\/\/monteithshop.org\/es\/finished-projects\/deerp\/\" class=\"more-link\">Read more<span class=\"screen-reader-text\"> \"Deer-Elk Ecology Research Project\"<\/span><\/a><\/p>","protected":false},"author":1,"featured_media":1004,"parent":1647,"menu_order":43,"comment_status":"closed","ping_status":"closed","template":"","meta":{"footnotes":""},"class_list":["post-774","page","type-page","status-publish","has-post-thumbnail","hentry"],"_links":{"self":[{"href":"https:\/\/monteithshop.org\/es\/wp-json\/wp\/v2\/pages\/774","targetHints":{"allow":["GET"]}}],"collection":[{"href":"https:\/\/monteithshop.org\/es\/wp-json\/wp\/v2\/pages"}],"about":[{"href":"https:\/\/monteithshop.org\/es\/wp-json\/wp\/v2\/types\/page"}],"author":[{"embeddable":true,"href":"https:\/\/monteithshop.org\/es\/wp-json\/wp\/v2\/users\/1"}],"replies":[{"embeddable":true,"href":"https:\/\/monteithshop.org\/es\/wp-json\/wp\/v2\/comments?post=774"}],"version-history":[{"count":23,"href":"https:\/\/monteithshop.org\/es\/wp-json\/wp\/v2\/pages\/774\/revisions"}],"predecessor-version":[{"id":2492,"href":"https:\/\/monteithshop.org\/es\/wp-json\/wp\/v2\/pages\/774\/revisions\/2492"}],"up":[{"embeddable":true,"href":"https:\/\/monteithshop.org\/es\/wp-json\/wp\/v2\/pages\/1647"}],"wp:featuredmedia":[{"embeddable":true,"href":"https:\/\/monteithshop.org\/es\/wp-json\/wp\/v2\/media\/1004"}],"wp:attachment":[{"href":"https:\/\/monteithshop.org\/es\/wp-json\/wp\/v2\/media?parent=774"}],"curies":[{"name":"wp","href":"https:\/\/api.w.org\/{rel}","templated":true}]}}