{"id":794,"date":"2020-01-10T23:44:59","date_gmt":"2020-01-10T23:44:59","guid":{"rendered":"http:\/\/ungulatecompendium.org\/?page_id=794"},"modified":"2023-08-22T21:27:34","modified_gmt":"2023-08-22T21:27:34","slug":"snowy-moose-project","status":"publish","type":"page","link":"https:\/\/monteithshop.org\/es\/finished-projects\/snowy-moose-project\/","title":{"rendered":"Proyecto de alces de la cordillera Snowy"},"content":{"rendered":"<div class=\"wpb-content-wrapper\"><div class=\"vc_row wpb_row vc_row-fluid\"><div class=\"wpb_column vc_column_container vc_col-sm-12\"><div class=\"vc_column-inner\"><div class=\"wpb_wrapper\"><div class=\"vc_empty_space\"   style=\"height: 30px\"><span class=\"vc_empty_space_inner\"><\/span><\/div><\/div><\/div><\/div><\/div><div class=\"vc_row wpb_row vc_row-fluid\"><div class=\"wpb_column vc_column_container vc_col-sm-12\"><div class=\"vc_column-inner\"><div class=\"wpb_wrapper\"><div class=\"vc_row wpb_row vc_inner vc_row-fluid\"><div class=\"no-padding wpb_column vc_column_container vc_col-sm-6\"><div class=\"vc_column-inner\"><div class=\"wpb_wrapper\">\n\t<div class=\"wpb_text_column wpb_content_element\" >\n\t\t<div class=\"wpb_wrapper\">\n\t\t\t<p>Los alces han evolucionado para prosperar en ambientes frios de latitudes del norte, pero a medida que su distribuci\u00f3n se ha expandido hacia el sur en el \u00faltimo siglo, las temperaturas m\u00e1s c\u00e1lidas de estas regiones pueden estar desafiando su capacidad para manejar el estr\u00e9s por calor. Para esta especie adaptada al fr\u00edo que no tiene capacidad de sudar y experimenta estr\u00e9s por calor a temperaturas sorprendentemente bajas, la <a href=\"https:\/\/monteithshop.org\/es\/compendiums\/cool-ungulates-in-a-warming-world\/\">energ\u00eda que se necesita para mantenerse a una temperatura segura<\/a> puede afectar otras partes de la vida, como obtener suficiente alimento para la reproducci\u00f3n y la supervivencia. Los alces de la cordillera Snowy en el sur de Wyoming ocupan algunos de los rangos m\u00e1s meridionales de la especie, lo que brinda la oportunidad de explorar c\u00f3mo los alces afrontan las condiciones ambientales en el extremo de su rango.<\/p>\n<p>Este proyecto intento a comprender c\u00f3mo los alces utilizan su ambiente para lidiar con la temperatura y concluy\u00f3 en 2021.<\/p>\n\n\t\t<\/div>\n\t<\/div>\n<\/div><\/div><\/div><div class=\"wpb_column vc_column_container vc_col-sm-6\"><div class=\"vc_column-inner\"><div class=\"wpb_wrapper\">\n\t<div  class=\"wpb_single_image wpb_content_element vc_align_left   border\">\n\t\t\n\t\t<figure class=\"wpb_wrapper vc_figure\">\n\t\t\t<div class=\"vc_single_image-wrapper   vc_box_border_grey\"><img loading=\"lazy\" decoding=\"async\" width=\"2560\" height=\"1920\" src=\"https:\/\/monteithshop.org\/wp-content\/uploads\/2020\/03\/SnowyMoose-scaled.jpg\" class=\"vc_single_image-img attachment-full\" alt=\"A large female moose stands in the open sagebrush, looking directly at the camera. Her coat is thick and healthy, and the sky behind her is a clear blue.\" title=\"Female moose.\" srcset=\"https:\/\/monteithshop.org\/wp-content\/uploads\/2020\/03\/SnowyMoose-scaled.jpg 2560w, https:\/\/monteithshop.org\/wp-content\/uploads\/2020\/03\/SnowyMoose-300x225.jpg 300w, https:\/\/monteithshop.org\/wp-content\/uploads\/2020\/03\/SnowyMoose-1024x768.jpg 1024w, https:\/\/monteithshop.org\/wp-content\/uploads\/2020\/03\/SnowyMoose-768x576.jpg 768w, https:\/\/monteithshop.org\/wp-content\/uploads\/2020\/03\/SnowyMoose-1536x1152.jpg 1536w, https:\/\/monteithshop.org\/wp-content\/uploads\/2020\/03\/SnowyMoose-2048x1536.jpg 2048w\" sizes=\"auto, 100vw\" \/><\/div><figcaption class=\"vc_figure-caption\">Foto: Alex May<\/figcaption>\n\t\t<\/figure>\n\t<\/div>\n<\/div><\/div><\/div><\/div><div class=\"vc_empty_space\"   style=\"height: 32px\"><span class=\"vc_empty_space_inner\"><\/span><\/div><\/div><\/div><\/div><div class=\"wpb_column vc_column_container vc_col-sm-12\"><div class=\"vc_column-inner\"><div class=\"wpb_wrapper\">\n\t<div class=\"wpb_text_column wpb_content_element\" >\n\t\t<div class=\"wpb_wrapper\">\n\t\t\t<h2 style=\"text-align: center;\">Hallazgos principales<\/h2>\n\n\t\t<\/div>\n\t<\/div>\n<\/div><\/div><\/div><\/div><div class=\"vc_row wpb_row vc_row-fluid\"><div class=\"wpb_column vc_column_container vc_col-sm-6\"><div class=\"vc_column-inner\"><div class=\"wpb_wrapper\">\n\t<div  class=\"wpb_single_image wpb_content_element vc_align_center\">\n\t\t\n\t\t<figure class=\"wpb_wrapper vc_figure\">\n\t\t\t<div class=\"vc_single_image-wrapper   vc_box_border_grey\"><img decoding=\"async\" class=\"vc_single_image-img\" src=\"https:\/\/monteithshop.org\/wp-content\/uploads\/2020\/07\/weatherstation2-283x300.png\" width=\"283\" height=\"300\" alt=\"A yellow weather monitoring device sits in a moose&#039;s bed site, with grass trampled down and bare ground showing. The surroundings are lush and green with vegetation.\" title=\"weatherstation2\" loading=\"lazy\" \/><\/div><figcaption class=\"vc_figure-caption\">Foto: Tana Verzuh<\/figcaption>\n\t\t<\/figure>\n\t<\/div>\n\n\t<div class=\"wpb_text_column wpb_content_element\" >\n\t\t<div class=\"wpb_wrapper\">\n\t\t\t<h4 style=\"text-align: center;\">Los alces dependen de los sitios de acuesto para mantener su temperatura.<\/h4>\n<p>Los alces de la cordillera Snowy se encuentran en la extensi\u00f3n sur de la distribuci\u00f3n de la especie y pueden ser m\u00e1s vulnerables al estr\u00e9s por calor en comparaci\u00f3n con los de las poblaciones m\u00e1s al norte debido a las limitaciones en los h\u00e1bitats que proporcionaban el refugio t\u00e9rmico necesario.<\/p>\n<p>Descubrimos que los alces seleccionaron sitios para dormir con temperaturas m\u00e1s fr\u00edas, con suelo h\u00famedo o mojado o con agua estancada. Los alces evitaron acostarse en \u00e1reas secas, abiertas y con escasa vegetaci\u00f3n, como prados secos, \u00e1reas afectadas por incendios y artemisa. El suelo h\u00famedo fue m\u00e1s eficaz para reducir el estr\u00e9s por calor, incluso en comparaci\u00f3n con la cubierta vegetal. En un d\u00eda de verano, los alces podr\u00edan sobrecalentarse a temperaturas tan bajas como 54\u00b0F (!!) cuando se acostaban en suelo seco y sin sombra. Por el contrario, con suelo h\u00famedo y 100% de sombra, los alces no corr\u00edan riesgo de sobrecalentarse hasta que las temperaturas superaban los 82\u00b0F.<\/p>\n<p>Esta investigaci\u00f3n sugiere que los alces necesitan un h\u00e1bitat con suelo h\u00famedo o agua estancada para mantenerse frescos, lo que puede ayudar a guiar los esfuerzos de manejo y h\u00e1bitat de los alces.<\/p>\n<p>Esta investigaci\u00f3n fue publicada en el art\u00edculo \u201cBehavioral flexibility in a heat-sensitive endotherm: the role of bed sites as thermal refuges\u201d by Tana L. Verzuh, L. Embere Hall, Teal Cufaude, Lee Knox, Corey Class, and Kevin L. Monteith en\u00a0<em>Animal Behavior\u00a0<\/em>en 2021.<\/p>\n\n\t\t<\/div>\n\t<\/div>\n<\/div><\/div><\/div><div class=\"wpb_column vc_column_container vc_col-sm-6\"><div class=\"vc_column-inner\"><div class=\"wpb_wrapper\">\n\t<div  class=\"wpb_single_image wpb_content_element vc_align_center\">\n\t\t\n\t\t<figure class=\"wpb_wrapper vc_figure\">\n\t\t\t<div class=\"vc_single_image-wrapper   vc_box_border_grey\"><img decoding=\"async\" class=\"vc_single_image-img\" src=\"https:\/\/monteithshop.org\/wp-content\/uploads\/2023\/06\/moose_LaSharr-scaled-360x300.jpg\" width=\"360\" height=\"300\" alt=\"A female moose peers through sparse branches.\" title=\"moose_LaSharr\" loading=\"lazy\" \/><\/div><figcaption class=\"vc_figure-caption\">Foto: Tayler LaSharr<\/figcaption>\n\t\t<\/figure>\n\t<\/div>\n\n\t<div class=\"wpb_text_column wpb_content_element\" >\n\t\t<div class=\"wpb_wrapper\">\n\t\t\t<h4 style=\"text-align: center;\">Los alces seleccionan h\u00e1bitat que les ayude a termorregularse<\/h4>\n<div data-pm-slice=\"1 1 &#091;&#093;\" data-en-clipboard=\"true\">\n<p>A los alces les gustan los sauces, y aunque los sauces ofrecen abundantes fuentes de alimento para los alces, podr\u00eda haber otra raz\u00f3n por la que pasan tanto tiempo en los sauces: para mantenerse frescos.<\/p>\n<p>Los alces seleccionaron areas con menor riesgo de sobrecalentamiento y tambi\u00e9n que ten\u00edan mayores cantidades de sauces. Al igual que otras investigaciones, los lechos con suelo h\u00famedo y mojado presentaban el menor riesgo de sobrecalentamiento. Los alces tambi\u00e9n eran m\u00e1s propensos a seleccionar \u00e1reas de distribuci\u00f3n m\u00e1s cercanas a las carreteras si esas \u00e1reas ten\u00edan mayores porcentajes de sauces y un bajo riesgo de sobrecalentamiento.<\/p>\n<p>Esta investigaci\u00f3n proporciona m\u00e1s evidencia de la importancia de las \u00e1reas ribere\u00f1as para los alces, lo que puede ayudar a dar forma a las prioridades de gesti\u00f3n del h\u00e1bitat.<\/p>\n<p>Esta investigaci\u00f3n fue publicada en el art\u00edculo \"Behavioral responses of a large, heat-sensitive mammal to climatic variation at multiple spatial scales\u201d by Tana L. Verzuh, Savannah A. Rogers, Paul D. Mathewson, Alex May, Warren P. Porter, Corey Class, Lee Knox, Teal Cufaude, L. Embere Hall, Ryan A. Long, and Kevin L. Monteith en <em>Journal of Animal Ecology <\/em>en 2022.<\/p>\n<\/div>\n\n\t\t<\/div>\n\t<\/div>\n<\/div><\/div><\/div><\/div><div class=\"vc_row wpb_row vc_row-fluid\"><div class=\"wpb_column vc_column_container vc_col-sm-12\"><div class=\"vc_column-inner\"><div class=\"wpb_wrapper\"><div class=\"vc_empty_space\"   style=\"height: 30px\"><span class=\"vc_empty_space_inner\"><\/span><\/div><\/div><\/div><\/div><\/div><div class=\"vc_row wpb_row vc_row-fluid\"><div class=\"wpb_column vc_column_container vc_col-sm-6\"><div class=\"vc_column-inner\"><div class=\"wpb_wrapper\">\n\t<div class=\"wpb_text_column wpb_content_element\" >\n\t\t<div class=\"wpb_wrapper\">\n\t\t\t<h4 style=\"text-align: center;\">L\u00edderes del proyecto<\/h4>\n\n\t\t<\/div>\n\t<\/div>\n<div class=\"vc_row wpb_row vc_inner vc_row-fluid\"><div class=\"wpb_column vc_column_container vc_col-sm-6\"><div class=\"vc_column-inner\"><div class=\"wpb_wrapper\">\n\t<div class=\"wpb_text_column wpb_content_element\" >\n\t\t<div class=\"wpb_wrapper\">\n\t\t\t<p style=\"text-align: center;\">Tana Verzuh<\/p>\n\n\t\t<\/div>\n\t<\/div>\n\n\t<div  class=\"wpb_single_image wpb_content_element vc_align_center\">\n\t\t\n\t\t<figure class=\"wpb_wrapper vc_figure\">\n\t\t\t<div class=\"vc_single_image-wrapper   vc_box_border_grey\"><img decoding=\"async\" class=\"vc_single_image-img\" src=\"https:\/\/monteithshop.org\/wp-content\/uploads\/2020\/01\/Verzuh-200x200.jpg\" width=\"200\" height=\"200\" alt=\"Tana stands on the rocky banks of a river, holding a very small frog.\" title=\"Verzuh\" loading=\"lazy\" \/><\/div>\n\t\t<\/figure>\n\t<\/div>\n<\/div><\/div><\/div><div class=\"wpb_column vc_column_container vc_col-sm-6\"><div class=\"vc_column-inner\"><div class=\"wpb_wrapper\">\n\t<div class=\"wpb_text_column wpb_content_element\" >\n\t\t<div class=\"wpb_wrapper\">\n\t\t\t<p style=\"text-align: center;\">Alex May<\/p>\n\n\t\t<\/div>\n\t<\/div>\n\n\t<div  class=\"wpb_single_image wpb_content_element vc_align_center\">\n\t\t\n\t\t<figure class=\"wpb_wrapper vc_figure\">\n\t\t\t<div class=\"vc_single_image-wrapper   vc_box_border_grey\"><img decoding=\"async\" class=\"vc_single_image-img\" src=\"https:\/\/monteithshop.org\/wp-content\/uploads\/2020\/01\/May-200x200.jpg\" width=\"200\" height=\"200\" alt=\"Alex May stirs a skillet full of food on a camp stove with tents and red rocks in the background.\" title=\"May\" loading=\"lazy\" \/><\/div>\n\t\t<\/figure>\n\t<\/div>\n<\/div><\/div><\/div><\/div><\/div><\/div><\/div><div class=\"wpb_column vc_column_container vc_col-sm-6\"><div class=\"vc_column-inner\"><div class=\"wpb_wrapper\">\n\t<div class=\"wpb_text_column wpb_content_element\" >\n\t\t<div class=\"wpb_wrapper\">\n\t\t\t<h4 style=\"text-align: center;\">Colaboradores, socios y financiadores<\/h4>\n<p>Este trabajo fue apoyado por el Wyoming Game and Fish Department y the Wyoming Governor\u2019s Big Game License Coalition. Lee Knox, Embere Hall, Teal Cufaude, y Corey Class dieron valiosa asistencia y colaboraci\u00f3n.<\/p>\n\n\t\t<\/div>\n\t<\/div>\n<\/div><\/div><\/div><\/div><div class=\"vc_row wpb_row vc_row-fluid\"><div class=\"wpb_column vc_column_container vc_col-sm-12\"><div class=\"vc_column-inner\"><div class=\"wpb_wrapper\"><div class=\"vc_empty_space\"   style=\"height: 30px\"><span class=\"vc_empty_space_inner\"><\/span><\/div><\/div><\/div><\/div><\/div>\n<\/div>","protected":false},"excerpt":{"rendered":"Moose have evolved to thrive in cold-weather environments of northern latitudes, but as moose distribution has expanded south in the last century, the warmer temperatures of these regions may be challenging their ability to manage heat stress. For this cold-adapted species that lacks the ability to sweat and experiences heat stress at surprisingly low temperatures, &hellip; <p class=\"link-more\"><a href=\"https:\/\/monteithshop.org\/es\/finished-projects\/snowy-moose-project\/\" class=\"more-link\">Read more<span class=\"screen-reader-text\"> \"Snowy Range Moose Project\"<\/span><\/a><\/p>","protected":false},"author":1,"featured_media":2191,"parent":1647,"menu_order":42,"comment_status":"closed","ping_status":"closed","template":"","meta":{"footnotes":""},"class_list":["post-794","page","type-page","status-publish","has-post-thumbnail","hentry"],"_links":{"self":[{"href":"https:\/\/monteithshop.org\/es\/wp-json\/wp\/v2\/pages\/794","targetHints":{"allow":["GET"]}}],"collection":[{"href":"https:\/\/monteithshop.org\/es\/wp-json\/wp\/v2\/pages"}],"about":[{"href":"https:\/\/monteithshop.org\/es\/wp-json\/wp\/v2\/types\/page"}],"author":[{"embeddable":true,"href":"https:\/\/monteithshop.org\/es\/wp-json\/wp\/v2\/users\/1"}],"replies":[{"embeddable":true,"href":"https:\/\/monteithshop.org\/es\/wp-json\/wp\/v2\/comments?post=794"}],"version-history":[{"count":44,"href":"https:\/\/monteithshop.org\/es\/wp-json\/wp\/v2\/pages\/794\/revisions"}],"predecessor-version":[{"id":2439,"href":"https:\/\/monteithshop.org\/es\/wp-json\/wp\/v2\/pages\/794\/revisions\/2439"}],"up":[{"embeddable":true,"href":"https:\/\/monteithshop.org\/es\/wp-json\/wp\/v2\/pages\/1647"}],"wp:featuredmedia":[{"embeddable":true,"href":"https:\/\/monteithshop.org\/es\/wp-json\/wp\/v2\/media\/2191"}],"wp:attachment":[{"href":"https:\/\/monteithshop.org\/es\/wp-json\/wp\/v2\/media?parent=794"}],"curies":[{"name":"wp","href":"https:\/\/api.w.org\/{rel}","templated":true}]}}