{"id":814,"date":"2020-01-13T20:40:42","date_gmt":"2020-01-13T20:40:42","guid":{"rendered":"http:\/\/ungulatecompendium.org\/?page_id=814"},"modified":"2021-11-22T01:27:09","modified_gmt":"2021-11-22T01:27:09","slug":"wildlife-livestock-interface","status":"publish","type":"page","link":"https:\/\/monteithshop.org\/es\/compendiums\/wildlife-livestock-interface\/","title":{"rendered":"Enfermedades y la interrelaci\u00f3n entre la fauna salvaje y el ganado: algunos animales no deber\u00edan tocarse"},"content":{"rendered":"<div class=\"wpb-content-wrapper\"><div class=\"vc_row wpb_row vc_row-fluid\"><div class=\"wpb_column vc_column_container vc_col-sm-12\"><div class=\"vc_column-inner\"><div class=\"wpb_wrapper\"><div class=\"vc_empty_space\"   style=\"height: 60px\"><span class=\"vc_empty_space_inner\"><\/span><\/div><\/div><\/div><\/div><\/div><div class=\"vc_row wpb_row vc_row-fluid\"><div class=\"wpb_column vc_column_container vc_col-sm-9\"><div class=\"vc_column-inner\"><div class=\"wpb_wrapper\">\n\t<div class=\"wpb_text_column wpb_content_element\" >\n\t\t<div class=\"wpb_wrapper\">\n\t\t\t<h2>Nuevas enfermedades en poblaciones ingenuas<\/h2>\n<p>Cuando los europeos empezaron a colonizar Am\u00e9rica del Norte, ellos trajeron muchas enfermedades como la viruela, el sarampi\u00f3n, la varicela y la tos convulsiva, entre otras. Cuando los europeos se movieron de un lado al otro del continente y se encontraban con tribus ind\u00edgenas, ellos introdujeron estos agentes pat\u00f3genos desconocidos en las poblaciones ind\u00edgenas. Los europeos pod\u00edan tolerar estas enfermedades porque hab\u00edan sido expuestos a ellas por cientos de a\u00f1os y se hab\u00edan vuelto inmunes.<br \/>\nLos americanos nativos nunca hab\u00edan sido expuestos a estas enfermedades y, por lo tanto, no ten\u00edan inmunidad, lo cual llev\u00f3 a que los pueblos ind\u00edgenas sufrieran epidemias y muertes masivas. En promedio, entre 25 y 50 % de los miembros de las tribus perdieron sus vidas al llegar las epidemias.<br \/>\nEsta es una parte devastadora de nuestra historia, pero ilustra un concepto importante de la ecolog\u00eda de las enfermedades. La introducci\u00f3n de pestes, especialmente cuando es por una poblaci\u00f3n que es inmune a la enfermedad, puede tener efectos devastadores en una poblaci\u00f3n que nunca ha sido expuesta a tal<br \/>\nenfermedad.<\/p>\n\n\t\t<\/div>\n\t<\/div>\n\n\t<div class=\"wpb_text_column wpb_content_element\" >\n\t\t<div class=\"wpb_wrapper\">\n\t\t\t<h2>Transmisi\u00f3n de enfermedades entre la fauna salvaje y el ganado<\/h2>\n<p>Una de las mayores preocupaciones del contacto entre fauna salvaje y ganado es la introducci\u00f3n de agentes pat\u00f3genos mortales en una manada ingenua. Tanto el ganado como la fauna salvaje pueden actuar como reservas de agentes pat\u00f3genos donde la manada es portadora de par\u00e1sitos pero no es afectada negativamente por ellos.<br \/>\nLa inmunidad acumulada le permite a esta poblaci\u00f3n animal tener buena salud mientras llevan consigo los agentes pat\u00f3genos de la misma manera que los europeas pudieron acarrear viruela y sarampi\u00f3n sin morirse. Pero cuando un animal de una poblaci\u00f3n limpia se encuentra con uno de una poblaci\u00f3n que lleva el agente pat\u00f3geno, el animal limpio se infecta y puede infectar al resto de la<br \/>\nmanada limpia.<br \/>\nLa transmisi\u00f3n de enfermedades entre la fauna salvaje y el ganado es bi-direccional y puede tener consecuencias para los dos grupos. Las enfermedades pueden ser transmitidas entre fauna salvaje y ganado de dos maneras: transmisi\u00f3n de vector y transmisi\u00f3n directa. Las alternativas de manejo de salud animal dependen de la manera en que la enfermedad es transmitida.<\/p>\n\n\t\t<\/div>\n\t<\/div>\n\n\t<div class=\"wpb_text_column wpb_content_element\" >\n\t\t<div class=\"wpb_wrapper\">\n\t\t\t<h2>\u00bfC\u00f3mo se transmiten las enfermedades?<\/h2>\n<p><strong><em>La transmisi\u00f3n directa<\/em> <\/strong>ocurre cunado los animales se acercan unos a otros lo suficiente como para contagiarse a trav\u00e9s de contacto directo.<\/p>\n<p><img decoding=\"async\" class=\"img-frame aligncenter\" src=\"http:\/\/monteithshop.org\/wp-content\/uploads\/2020\/01\/direct_image.jpg\" \/><\/p>\n<p>&nbsp;<\/p>\n<p><em><strong>La transmisi\u00f3n de vector <\/strong><\/em>ocurre cuando un \u201cvector\u201d como una garrapata o un anquilostoma pasa la enfermedad de animal en animal.<\/p>\n<p><img decoding=\"async\" class=\"img-frame aligncenter\" src=\"http:\/\/monteithshop.org\/wp-content\/uploads\/2020\/01\/vector_image.jpg\" \/><\/p>\n\n\t\t<\/div>\n\t<\/div>\n\n\t<div class=\"wpb_text_column wpb_content_element\" >\n\t\t<div class=\"wpb_wrapper\">\n\t\t\t<h2>Ejemplos de enfermedades transmitidas de ganado a fauna salvaje<\/h2>\n<p><img loading=\"lazy\" decoding=\"async\" class=\"img-frame aligncenter\" src=\"http:\/\/monteithshop.org\/wp-content\/uploads\/2020\/01\/WildlifeLivestockDisease.jpg\" width=\"754\" height=\"498\" \/><\/p>\n\n\t\t<\/div>\n\t<\/div>\n\n\t<div class=\"wpb_text_column wpb_content_element\" >\n\t\t<div class=\"wpb_wrapper\">\n\t\t\t<h2>\u00bfQu\u00e9 significa todo esto?<\/h2>\n<figure style=\"width: 248px\" class=\"wp-caption alignright\"><img loading=\"lazy\" decoding=\"async\" class=\"img-frame\" src=\"http:\/\/monteithshop.org\/wp-content\/uploads\/2020\/01\/pneumonia_wagler.jpg\" alt=\"\" width=\"248\" height=\"186\" \/><figcaption class=\"wp-caption-text\">Pulm\u00f3n infectado de un carnero borrego cimarr\u00f3n. La neumon\u00eda se difundi\u00f3 a los borregos cimarrones a trav\u00e9s del ganado de  ovejas dom\u00e9sticas y tuvo consecuencias devastadoras en la poblaci\u00f3n de ovejas salvajes.<\/figcaption><\/figure>\n<p>El resultado final de las enfermedades infecciosas var\u00eda en las especies unguladas. En algunos casos la infecci\u00f3n produce \u00falceras y llagas de las que el animal puede recuperarse, pero en otros casos la infecci\u00f3n puede exterminar completamente a una manada. El brote de infecciones es una preocupaci\u00f3n enorme para quienes se ganan la vida con los animales y para quienes trabajan en su conservaci\u00f3n, particularmente si el contacto entre la fauna salvaje y el ganado es el resultado del desarrollo econ\u00f3mico y la urbanizaci\u00f3n.<\/p>\n<p>Hay muchas maneras de reducir el riesgo de transmisi\u00f3n de infecciones entre fauna salvaje y ganado. La estrategia m\u00e1s efectiva es la eliminaci\u00f3n completa del contacto entre\nla fauna y el ganado, especialmente en el caso de transmisiones directas de enfermedades; pero hacer esto es a menudo imposible. Cuando no es posible, podemos tratar de mitigar el riesgo de transmisi\u00f3n, por ejemplo poniendo cercos donde esta el ganado, testeando y vacunando al ganado (esta opci\u00f3n es menos factible en la fauna animal), implementando cierres de asignaci\u00f3n de pastoreo dependiendo de la estaci\u00f3n del a\u00f1o, y extrayendo de forma mortal a animales salvajes que han estado en contacto con el ganado. Sin embargo, cada una de estas alternativas requiere una gran inversi\u00f3n econ\u00f3mica y mucho trabajo por parte de los ganaderos y administradores de fauna salvaje. La colaboraci\u00f3n continua de bi\u00f3logos, administradores de fauna salvaje, due\u00f1os de ganado, representantes de gobierno y el p\u00fablico en general asegura que podamos reducir la probabilidad de transferencias de enfermedades infecciosas y problem\u00e1ticas.<\/p>\n\n\t\t<\/div>\n\t<\/div>\n\n\t<div class=\"wpb_text_column wpb_content_element\" >\n\t\t<div class=\"wpb_wrapper\">\n\t\t\t<h5>Escrito e ilustrado por Brittany Wagler.<\/h5>\n\n\t\t<\/div>\n\t<\/div>\n<\/div><\/div><\/div><div class=\"wpb_column vc_column_container vc_col-sm-3\"><div class=\"vc_column-inner\"><div class=\"wpb_wrapper\">\n\t<div class=\"wpb_text_column wpb_content_element  vc_custom_1578949820919\" >\n\t\t<div class=\"wpb_wrapper\">\n\t\t\t<h3>GUERRA BIOL\u00d3GICA<\/h3>\n<p>La introducci\u00f3n de agentes pat\u00f3genos for\u00e1neos en poblaciones ingenuas puede ser tan devastador que hist\u00f3ricamente esto se ha usado como un medio de destrucci\u00f3n masiva. Por ejemplo, los mongoles catapultaron los cuerpos de v\u00edctimas de la plaga en las murallas de la ciudad de Caffa (1346) y los soldados Confederados le vend\u00edan ropa de pacientes infectados con viruela a los soldados de la Uni\u00f3n. Durante la Segunda Guerra Mundial los japoneses mataron a cientos de chinos lanz\u00e1ndoles a sus ciudades bombas con plaga. Muchos pa\u00edses han pasado leyes y firmado tratados internacionales para prevenir guerras biol\u00f3gicas; sin embargo, estas guerras a\u00fan ocurren.<\/p>\n<p><img loading=\"lazy\" decoding=\"async\" class=\"img-frame aligncenter\" src=\"http:\/\/monteithshop.org\/wp-content\/uploads\/2020\/01\/biowarfare.png\" width=\"1099\" height=\"846\" \/><\/p>\n\n\t\t<\/div>\n\t<\/div>\n<\/div><\/div><\/div><\/div><div class=\"vc_row wpb_row vc_row-fluid\"><div class=\"wpb_column vc_column_container vc_col-sm-12\"><div class=\"vc_column-inner\"><div class=\"wpb_wrapper\"><div class=\"vc_empty_space\"   style=\"height: 60px\"><span class=\"vc_empty_space_inner\"><\/span><\/div><\/div><\/div><\/div><\/div>\n<\/div>","protected":false},"excerpt":{"rendered":"New diseases in naive populations When Europeans began to colonize North America, they brought many diseases such as smallpox, measles, chickenpox, and whooping cough along with them. As Europeans moved across the continent and encountered indigenous tribes, they introduced these foreign pathogens. Europeans were able to tolerate these diseases because they had been exposed to &hellip; <p class=\"link-more\"><a href=\"https:\/\/monteithshop.org\/es\/compendiums\/wildlife-livestock-interface\/\" class=\"more-link\">Read more<span class=\"screen-reader-text\"> \"Disease and the wildlife-livestock interface: some animals should not touch\"<\/span><\/a><\/p>","protected":false},"author":1,"featured_media":0,"parent":14,"menu_order":40,"comment_status":"closed","ping_status":"closed","template":"template-full-custom.php","meta":{"footnotes":""},"class_list":["post-814","page","type-page","status-publish","hentry"],"_links":{"self":[{"href":"https:\/\/monteithshop.org\/es\/wp-json\/wp\/v2\/pages\/814","targetHints":{"allow":["GET"]}}],"collection":[{"href":"https:\/\/monteithshop.org\/es\/wp-json\/wp\/v2\/pages"}],"about":[{"href":"https:\/\/monteithshop.org\/es\/wp-json\/wp\/v2\/types\/page"}],"author":[{"embeddable":true,"href":"https:\/\/monteithshop.org\/es\/wp-json\/wp\/v2\/users\/1"}],"replies":[{"embeddable":true,"href":"https:\/\/monteithshop.org\/es\/wp-json\/wp\/v2\/comments?post=814"}],"version-history":[{"count":11,"href":"https:\/\/monteithshop.org\/es\/wp-json\/wp\/v2\/pages\/814\/revisions"}],"predecessor-version":[{"id":1140,"href":"https:\/\/monteithshop.org\/es\/wp-json\/wp\/v2\/pages\/814\/revisions\/1140"}],"up":[{"embeddable":true,"href":"https:\/\/monteithshop.org\/es\/wp-json\/wp\/v2\/pages\/14"}],"wp:attachment":[{"href":"https:\/\/monteithshop.org\/es\/wp-json\/wp\/v2\/media?parent=814"}],"curies":[{"name":"wp","href":"https:\/\/api.w.org\/{rel}","templated":true}]}}