{"id":833,"date":"2020-01-14T03:54:22","date_gmt":"2020-01-14T03:54:22","guid":{"rendered":"http:\/\/ungulatecompendium.org\/?page_id=833"},"modified":"2023-08-15T20:14:29","modified_gmt":"2023-08-15T20:14:29","slug":"breeding-strategies","status":"publish","type":"page","link":"https:\/\/monteithshop.org\/es\/compendiums\/breeding-strategies\/","title":{"rendered":"Los ni\u00f1os no son baratos: \u00bfC\u00f3mo financian los ungulados la reproducci\u00f3n?"},"content":{"rendered":"<div class=\"wpb-content-wrapper\"><div class=\"vc_row wpb_row vc_row-fluid\"><div class=\"wpb_column vc_column_container vc_col-sm-12\"><div class=\"vc_column-inner\"><div class=\"wpb_wrapper\"><div class=\"vc_empty_space\"   style=\"height: 32px\"><span class=\"vc_empty_space_inner\"><\/span><\/div><\/div><\/div><\/div><\/div><div class=\"vc_row wpb_row vc_row-fluid\"><div class=\"wpb_column vc_column_container vc_col-sm-12\"><div class=\"vc_column-inner\"><div class=\"wpb_wrapper\">\n\t<div class=\"wpb_text_column wpb_content_element\" >\n\t\t<div class=\"wpb_wrapper\">\n\t\t\t<p>Para los humanos, criar hijos es caro y los padres siguen estrategias distintas para pagar el costo del cuidado infantil, compra de comida, y pagos de universidad. Algunos escogen ahorrar primero y tener hijos solo cuando tienen los ahorros suficientes, otros viven con el sueldo justo, y muchos caen entre estos dos extremos. Los ungulados tambi\u00e9n necesitan una estrategia presupuestaria para criar a sus hijos. Pero, en vez de dinero, el recurso que manejan muchos mam\u00edferos para financiar su reproducci\u00f3n es la acumulaci\u00f3n de energ\u00edas derivadas de lo que comen. Aunque todas las madres unguladas necesitan comer por dos (o a veces tres y cuatro), el momento en que acumulan calor\u00edas var\u00eda dependiendo de la estrategia que siguen. Las estrategias que siguen los animales para financiar su crianza caen en el espectro entre la reproducci\u00f3n de \u2018ingreso\u2019 y de \u2018capital\u2019. Los reproductores de ingreso son aquellos que cuentan con una disponibilidad continua de recursos alimenticios, y \u2018viven d\u00eda a d\u00eda\u2019.<\/p>\n\n\t\t<\/div>\n\t<\/div>\n<div class=\"vc_empty_space\"   style=\"height: 32px\"><span class=\"vc_empty_space_inner\"><\/span><\/div>\n\t<div class=\"wpb_text_column wpb_content_element\" >\n\t\t<div class=\"wpb_wrapper\">\n\t\t\t<h3>Reproducci\u00f3n de capital<\/h3>\n<p>Anticipando los costos de la crianza, algunas madres ahorran, acumulando reservas de grasa antes de que ocurran los eventos de la reproducci\u00f3n. Ellas conf\u00edan en su \u2018cuenta de ahorro\u2019 para proveerse de la energ\u00eda suficiente para producir y criar a sus hijos. Cuando necesitan mas energ\u00eda para criar su descendencia, a menudo cuando hay menos abundancia de recursos, ellas cuentan con sus reservas de grasa para suplementar la energ\u00eda adicional que necesitan.<\/p>\n\n\t\t<\/div>\n\t<\/div>\n<div class=\"vc_empty_space\"   style=\"height: 32px\"><span class=\"vc_empty_space_inner\"><\/span><\/div>\n\t<div class=\"wpb_text_column wpb_content_element\" >\n\t\t<div class=\"wpb_wrapper\">\n\t\t\t<h3>Reproducci\u00f3n de ingreso<\/h3>\n<p>Otras madres consumen mas comida, y por lo tanto energ\u00eda, a la hora de reproducirse para enfrentar el costo adicional de criar sus hijos. El animal cuenta con un flujo de energ\u00eda confiable para sustentar su crianza. Los reproductores de ingreso no acumulan energ\u00eda por adelantado como lo hacen los reproductores de capital, lo cual significa que la sincronizaci\u00f3n del momento de reproducci\u00f3n es muy importante porque los recursos alimenticios deben estar disponibles en el momento necesario para la crianza.<\/p>\n\n\t\t<\/div>\n\t<\/div>\n\n\t<div  class=\"wpb_single_image wpb_content_element vc_align_left\">\n\t\t\n\t\t<figure class=\"wpb_wrapper vc_figure\">\n\t\t\t<div class=\"vc_single_image-wrapper   vc_box_border_grey\"><img loading=\"lazy\" decoding=\"async\" width=\"2325\" height=\"1830\" src=\"https:\/\/monteithshop.org\/wp-content\/uploads\/2020\/01\/BreedingStrategies_all.jpg\" class=\"vc_single_image-img attachment-full\" alt=\"Ecology-Unmasked_breedingstrategies\" title=\"BreedingStrategies_all\" srcset=\"https:\/\/monteithshop.org\/wp-content\/uploads\/2020\/01\/BreedingStrategies_all.jpg 2325w, https:\/\/monteithshop.org\/wp-content\/uploads\/2020\/01\/BreedingStrategies_all-300x236.jpg 300w, https:\/\/monteithshop.org\/wp-content\/uploads\/2020\/01\/BreedingStrategies_all-1024x806.jpg 1024w, https:\/\/monteithshop.org\/wp-content\/uploads\/2020\/01\/BreedingStrategies_all-768x604.jpg 768w, https:\/\/monteithshop.org\/wp-content\/uploads\/2020\/01\/BreedingStrategies_all-1536x1209.jpg 1536w, https:\/\/monteithshop.org\/wp-content\/uploads\/2020\/01\/BreedingStrategies_all-2048x1612.jpg 2048w\" sizes=\"auto, 100vw\" \/><\/div>\n\t\t<\/figure>\n\t<\/div>\n<div class=\"vc_empty_space\"   style=\"height: 32px\"><span class=\"vc_empty_space_inner\"><\/span><\/div>\n\t<div class=\"wpb_text_column wpb_content_element  vc_custom_1692130365666\" >\n\t\t<div class=\"wpb_wrapper\">\n\t\t\t<h3>Viviendo al extremo<\/h3>\n<p>Los ungulados no son los \u00fanicos que ahorran para la reproducci\u00f3n. Los ping\u00fcinos emperador son criadores de capital extremo. Despu\u00e9s de que una madre pone un huevo, deja que el padre lo incube durante dos meses mientras ella se abastece de comida. Debido al fr\u00edo extremo, el padre no puede dejar el huevo, por lo que no come nada durante el per\u00edodo de incubaci\u00f3n de dos meses. Depende completamente de sus reservas de grasa para sobrevivir y mantener el huevo caliente.<\/p>\n<p><img loading=\"lazy\" decoding=\"async\" class=\"img-frame aligncenter\" src=\"http:\/\/monteithshop.org\/wp-content\/uploads\/2020\/01\/penguin.png\" width=\"115\" height=\"196\" \/><\/p>\n\n\t\t<\/div>\n\t<\/div>\n<div class=\"vc_empty_space\"   style=\"height: 32px\"><span class=\"vc_empty_space_inner\"><\/span><\/div>\n\t<div class=\"wpb_text_column wpb_content_element\" >\n\t\t<div class=\"wpb_wrapper\">\n\t\t\t<h3>\u00bfC\u00f3mo aparecieron estas estrategias?<\/h3>\n<p>\u00bfCu\u00e1ndo necesitar\u00eda una persona ahorrar antes de tener hijos en vez de confiar en tener el ingreso necesario? Quiz\u00e1s, si la situaci\u00f3n econ\u00f3mica futura de los padres es incierta, ser\u00eda bueno tener algunos fondos ahorrados. De forma alternativa, si los padres tienen trabajos estables con ingresos predecibles, ahorrar no es tan importante. Los animales se adaptan a estas situaciones de vida y de medioambiente de manera similar. Los animales que no cuentan con recursos nutritivos y fiables el a\u00f1o entero deben acumular reservas de energ\u00edas antes de reproducirse. Al contrario, si el animal tiene recursos alimenticios consistentemente durante el periodo demandante  de reproducci\u00f3n, no necesita ahorrar por antemano.<\/p>\n\n\t\t<\/div>\n\t<\/div>\n\n\t<div class=\"wpb_text_column wpb_content_element\" >\n\t\t<div class=\"wpb_wrapper\">\n\t\t\t<h5>Compendio escrito y illustrado por Rachel Smiley<\/h5>\n\n\t\t<\/div>\n\t<\/div>\n<\/div><\/div><\/div><div class=\"wpb_column vc_column_container vc_col-sm-12\"><div class=\"vc_column-inner\"><div class=\"wpb_wrapper\"><\/div><\/div><\/div><\/div><div class=\"vc_row wpb_row vc_row-fluid\"><div class=\"wpb_column vc_column_container vc_col-sm-12\"><div class=\"vc_column-inner\"><div class=\"wpb_wrapper\"><div class=\"vc_empty_space\"   style=\"height: 60px\"><span class=\"vc_empty_space_inner\"><\/span><\/div><\/div><\/div><\/div><\/div>\n<\/div>","protected":false},"excerpt":{"rendered":"For humans, raising children is expensive, and parents take on different strategies to afford the costs of childcare, buying food, and paying for college. Some choose to save up ahead of time and only raise kids once they have a large enough savings account, others live paycheck to paycheck, and many fall somewhere in between. &hellip; <p class=\"link-more\"><a href=\"https:\/\/monteithshop.org\/es\/compendiums\/breeding-strategies\/\" class=\"more-link\">Read more<span class=\"screen-reader-text\"> \"Kids ain\u2019t cheap: how do ungulates afford to reproduce?\"<\/span><\/a><\/p>","protected":false},"author":1,"featured_media":1150,"parent":14,"menu_order":39,"comment_status":"closed","ping_status":"closed","template":"","meta":{"footnotes":""},"class_list":["post-833","page","type-page","status-publish","has-post-thumbnail","hentry"],"_links":{"self":[{"href":"https:\/\/monteithshop.org\/es\/wp-json\/wp\/v2\/pages\/833","targetHints":{"allow":["GET"]}}],"collection":[{"href":"https:\/\/monteithshop.org\/es\/wp-json\/wp\/v2\/pages"}],"about":[{"href":"https:\/\/monteithshop.org\/es\/wp-json\/wp\/v2\/types\/page"}],"author":[{"embeddable":true,"href":"https:\/\/monteithshop.org\/es\/wp-json\/wp\/v2\/users\/1"}],"replies":[{"embeddable":true,"href":"https:\/\/monteithshop.org\/es\/wp-json\/wp\/v2\/comments?post=833"}],"version-history":[{"count":15,"href":"https:\/\/monteithshop.org\/es\/wp-json\/wp\/v2\/pages\/833\/revisions"}],"predecessor-version":[{"id":2430,"href":"https:\/\/monteithshop.org\/es\/wp-json\/wp\/v2\/pages\/833\/revisions\/2430"}],"up":[{"embeddable":true,"href":"https:\/\/monteithshop.org\/es\/wp-json\/wp\/v2\/pages\/14"}],"wp:featuredmedia":[{"embeddable":true,"href":"https:\/\/monteithshop.org\/es\/wp-json\/wp\/v2\/media\/1150"}],"wp:attachment":[{"href":"https:\/\/monteithshop.org\/es\/wp-json\/wp\/v2\/media?parent=833"}],"curies":[{"name":"wp","href":"https:\/\/api.w.org\/{rel}","templated":true}]}}